{"id":133,"date":"2022-11-16T20:58:30","date_gmt":"2022-11-16T19:58:30","guid":{"rendered":"http:\/\/sklep.bramywjazdowe.com.pl\/?post_type=product&#038;p=133"},"modified":"2023-03-05T19:02:30","modified_gmt":"2023-03-05T18:02:30","slug":"dtm-fotokomorka-obrotowa-bezprzewodowa-slimbat2-nadajnik-i-odbiornik","status":"publish","type":"product","link":"https:\/\/sklep.bramywjazdowe.com.pl\/?product=dtm-fotokomorka-obrotowa-bezprzewodowa-slimbat2-nadajnik-i-odbiornik","title":{"rendered":"DTM &#8211; Fotokom\u00f3rka obrotowa bezprzewodowa SLIMBAT2 (nadajnik i odbiornik)"},"content":{"rendered":"<p>PARAMETRY PODSTAWOWE:<\/p>\n<ul>\n<li>gwarantowany zasi\u0119g dzia\u0142ania: 1-15m<\/li>\n<li>regulacja k\u0105ta widzenia: 200\u00b0 w poziomie<\/li>\n<li>zasilanie odbiornika: 12-24V AC\/DC<\/li>\n<li>pob\u00f3r pr\u0105du odbiornika: max. 25mA<\/li>\n<li>zasilanie nadajnika: bateria 3,6V\/8,5mAh, typu C<\/li>\n<li>Wej\u015bcie wyzwalaj\u0105ce T zmiana stanu 0-12\u202624V AC\/DC<\/li>\n<li>spos\u00f3b monta\u017cu: obudowa natynkowa, bryzgoszczelna, IP54<\/li>\n<li>gabaryty obudowy: 38x38x145mm<\/li>\n<li>temperatura pracy (min.\/max.): -20\u00b0C \/ +55\u00b0C<\/li>\n<\/ul>\n<p>ELEMENTY WYKONAWCZE:<\/p>\n<ul>\n<li>wyj\u015bcia stykowe (typ \/ maksymalne obci\u0105\u017cenie): NO lub NC \/ 1A 24V AC lub DC<\/li>\n<\/ul>\n<p>FUNKCJONALNO\u015a\u0106:<\/p>\n<ul>\n<li>regulowany k\u0105t patrzenia: 200\u00b0 w poziomie w nadajniku i odbiorniku, umo\u017cliwia zamontowanie fotokom\u00f3rki na p\u0142aszczy\u017anie r\u00f3wnoleg\u0142ej do p\u0142aszczyzny bramy<\/li>\n<li>interfejs u\u017cytkownika: diody \u015bwiec\u0105ce, sygnalizuj\u0105ce pod\u0142\u0105czenie zasilania oraz u\u0142atwiaj\u0105ce synchronizacj\u0119 promienia nadajnika z odbiornikiem<\/li>\n<li>dodatkowe zabezpieczenie uk\u0142ad wyj\u015bciowy o zwi\u0119kszonym stopniu bezpiecze\u0144stwa (w przypadku uszkodzenia wyj\u015bcie zawsze przechodzi w stan naruszenia)<\/li>\n<li>tryby pracy fotokom\u00f3rki: 7m, 15m, SLOW, TRIG, FAST \u2013 konfigurowane za pomoc\u0105 zworek<\/li>\n<li>monta\u017c bezprzewodowy: tak, nadajnik fotokom\u00f3rki zasilany bateryjnie (odbiornik wymaga instalacji kablowej)<\/li>\n<\/ul>\n","protected":false},"excerpt":{"rendered":"<p>PARAMETRY PODSTAWOWE: gwarantowany zasi\u0119g dzia\u0142ania: 1-15m regulacja k\u0105ta widzenia: 200\u00b0 w poziomie zasilanie odbiornika: 12-24V AC\/DC pob\u00f3r pr\u0105du odbiornika: max. 25mA zasilanie nadajnika: bateria 3,6V\/8,5mAh, typu C Wej\u015bcie wyzwalaj\u0105ce T zmiana stanu 0-12\u202624V AC\/DC spos\u00f3b monta\u017cu: obudowa natynkowa, bryzgoszczelna, IP54 gabaryty obudowy: 38x38x145mm temperatura pracy (min.\/max.): -20\u00b0C \/ +55\u00b0C ELEMENTY WYKONAWCZE: wyj\u015bcia stykowe (typ \/ [&hellip;]<\/p>\n","protected":false},"featured_media":312,"comment_status":"open","ping_status":"closed","template":"","meta":[],"pwb-brand":[42],"product_brand":[],"product_cat":[45,46],"product_tag":[88,86,125],"class_list":{"0":"post-133","1":"product","2":"type-product","3":"status-publish","4":"has-post-thumbnail","6":"pwb-brand-dtm-system","7":"product_cat-akcesoria-2","8":"product_cat-fotokomorki-2","9":"product_tag-dtm","10":"product_tag-fotokomorki","11":"product_tag-slimbat","13":"first","14":"instock","15":"taxable","16":"shipping-taxable","17":"purchasable","18":"product-type-simple"},"yoast_head":"<!-- This site is optimized with the Yoast SEO plugin v24.7 - https:\/\/yoast.com\/wordpress\/plugins\/seo\/ -->\n<title>DTM - Fotokom\u00f3rka obrotowa bezprzewodowa SLIMBAT2<\/title>\n<meta name=\"description\" content=\"DTM - Fotokom\u00f3rka obrotowa bezprzewodowa SLIMBAT2 (nadajnik i odbiornik) TRYMER. Atrakcyjne ceny, szybki czas realizacji.\" \/>\n<meta name=\"robots\" content=\"index, follow, max-snippet:-1, max-image-preview:large, max-video-preview:-1\" \/>\n<link rel=\"canonical\" href=\"https:\/\/sklep.bramywjazdowe.com.pl\/?product=dtm-fotokomorka-obrotowa-bezprzewodowa-slimbat2-nadajnik-i-odbiornik\" \/>\n<meta property=\"og:locale\" content=\"pl_PL\" \/>\n<meta property=\"og:type\" content=\"article\" \/>\n<meta property=\"og:title\" content=\"DTM - Fotokom\u00f3rka obrotowa bezprzewodowa SLIMBAT2\" \/>\n<meta property=\"og:description\" content=\"DTM - Fotokom\u00f3rka obrotowa bezprzewodowa SLIMBAT2 (nadajnik i odbiornik) TRYMER. Atrakcyjne ceny, szybki czas realizacji.\" \/>\n<meta property=\"og:url\" content=\"https:\/\/sklep.bramywjazdowe.com.pl\/?product=dtm-fotokomorka-obrotowa-bezprzewodowa-slimbat2-nadajnik-i-odbiornik\" \/>\n<meta property=\"article:modified_time\" content=\"2023-03-05T18:02:30+00:00\" \/>\n<meta property=\"og:image\" content=\"https:\/\/sklep.bramywjazdowe.com.pl\/wp-content\/uploads\/2022\/11\/slimbat2_1_www-1024x683-2.jpg\" \/>\n\t<meta property=\"og:image:width\" content=\"1024\" \/>\n\t<meta property=\"og:image:height\" content=\"683\" \/>\n\t<meta property=\"og:image:type\" content=\"image\/jpeg\" \/>\n<meta name=\"twitter:card\" content=\"summary_large_image\" \/>\n<meta name=\"twitter:label1\" content=\"Szacowany czas czytania\" \/>\n\t<meta name=\"twitter:data1\" content=\"1 minuta\" \/>\n<script type=\"application\/ld+json\" class=\"yoast-schema-graph\">{\"@context\":\"https:\/\/schema.org\",\"@graph\":[{\"@type\":\"WebPage\",\"@id\":\"https:\/\/sklep.bramywjazdowe.com.pl\/?product=dtm-fotokomorka-obrotowa-bezprzewodowa-slimbat2-nadajnik-i-odbiornik\",\"url\":\"https:\/\/sklep.bramywjazdowe.com.pl\/?product=dtm-fotokomorka-obrotowa-bezprzewodowa-slimbat2-nadajnik-i-odbiornik\",\"name\":\"DTM - Fotokom\u00f3rka obrotowa bezprzewodowa SLIMBAT2\",\"isPartOf\":{\"@id\":\"http:\/\/sklep.bramywjazdowe.com.pl\/#website\"},\"primaryImageOfPage\":{\"@id\":\"https:\/\/sklep.bramywjazdowe.com.pl\/?product=dtm-fotokomorka-obrotowa-bezprzewodowa-slimbat2-nadajnik-i-odbiornik#primaryimage\"},\"image\":{\"@id\":\"https:\/\/sklep.bramywjazdowe.com.pl\/?product=dtm-fotokomorka-obrotowa-bezprzewodowa-slimbat2-nadajnik-i-odbiornik#primaryimage\"},\"thumbnailUrl\":\"https:\/\/sklep.bramywjazdowe.com.pl\/wp-content\/uploads\/2022\/11\/slimbat2_1_www-1024x683-2.jpg\",\"datePublished\":\"2022-11-16T19:58:30+00:00\",\"dateModified\":\"2023-03-05T18:02:30+00:00\",\"description\":\"DTM - Fotokom\u00f3rka obrotowa bezprzewodowa SLIMBAT2 (nadajnik i odbiornik) TRYMER. Atrakcyjne ceny, szybki czas realizacji.\",\"breadcrumb\":{\"@id\":\"https:\/\/sklep.bramywjazdowe.com.pl\/?product=dtm-fotokomorka-obrotowa-bezprzewodowa-slimbat2-nadajnik-i-odbiornik#breadcrumb\"},\"inLanguage\":\"pl-PL\",\"potentialAction\":[{\"@type\":\"ReadAction\",\"target\":[\"https:\/\/sklep.bramywjazdowe.com.pl\/?product=dtm-fotokomorka-obrotowa-bezprzewodowa-slimbat2-nadajnik-i-odbiornik\"]}]},{\"@type\":\"ImageObject\",\"inLanguage\":\"pl-PL\",\"@id\":\"https:\/\/sklep.bramywjazdowe.com.pl\/?product=dtm-fotokomorka-obrotowa-bezprzewodowa-slimbat2-nadajnik-i-odbiornik#primaryimage\",\"url\":\"https:\/\/sklep.bramywjazdowe.com.pl\/wp-content\/uploads\/2022\/11\/slimbat2_1_www-1024x683-2.jpg\",\"contentUrl\":\"https:\/\/sklep.bramywjazdowe.com.pl\/wp-content\/uploads\/2022\/11\/slimbat2_1_www-1024x683-2.jpg\",\"width\":1024,\"height\":683},{\"@type\":\"BreadcrumbList\",\"@id\":\"https:\/\/sklep.bramywjazdowe.com.pl\/?product=dtm-fotokomorka-obrotowa-bezprzewodowa-slimbat2-nadajnik-i-odbiornik#breadcrumb\",\"itemListElement\":[{\"@type\":\"ListItem\",\"position\":1,\"name\":\"Strona g\u0142\u00f3wna\",\"item\":\"http:\/\/sklep.bramywjazdowe.com.pl\/\"},{\"@type\":\"ListItem\",\"position\":2,\"name\":\"Produkty\",\"item\":\"http:\/\/sklep.bramywjazdowe.com.pl\/\"},{\"@type\":\"ListItem\",\"position\":3,\"name\":\"DTM &#8211; Fotokom\u00f3rka obrotowa bezprzewodowa SLIMBAT2 (nadajnik i odbiornik)\"}]},{\"@type\":\"WebSite\",\"@id\":\"http:\/\/sklep.bramywjazdowe.com.pl\/#website\",\"url\":\"http:\/\/sklep.bramywjazdowe.com.pl\/\",\"name\":\"Sklep Trymer Tomasz Kucharski\",\"description\":\"\",\"publisher\":{\"@id\":\"http:\/\/sklep.bramywjazdowe.com.pl\/#organization\"},\"potentialAction\":[{\"@type\":\"SearchAction\",\"target\":{\"@type\":\"EntryPoint\",\"urlTemplate\":\"http:\/\/sklep.bramywjazdowe.com.pl\/?s={search_term_string}\"},\"query-input\":{\"@type\":\"PropertyValueSpecification\",\"valueRequired\":true,\"valueName\":\"search_term_string\"}}],\"inLanguage\":\"pl-PL\"},{\"@type\":\"Organization\",\"@id\":\"http:\/\/sklep.bramywjazdowe.com.pl\/#organization\",\"name\":\"TRYMER Tomasz Kucharski\",\"url\":\"http:\/\/sklep.bramywjazdowe.com.pl\/\",\"logo\":{\"@type\":\"ImageObject\",\"inLanguage\":\"pl-PL\",\"@id\":\"http:\/\/sklep.bramywjazdowe.com.pl\/#\/schema\/logo\/image\/\",\"url\":\"https:\/\/sklep.bramywjazdowe.com.pl\/wp-content\/uploads\/2022\/11\/logo-sklep-222.png\",\"contentUrl\":\"https:\/\/sklep.bramywjazdowe.com.pl\/wp-content\/uploads\/2022\/11\/logo-sklep-222.png\",\"width\":1200,\"height\":180,\"caption\":\"TRYMER Tomasz Kucharski\"},\"image\":{\"@id\":\"http:\/\/sklep.bramywjazdowe.com.pl\/#\/schema\/logo\/image\/\"}}]}<\/script>\n<!-- \/ Yoast SEO plugin. -->","yoast_head_json":{"title":"DTM - Fotokom\u00f3rka obrotowa bezprzewodowa SLIMBAT2","description":"DTM - Fotokom\u00f3rka obrotowa bezprzewodowa SLIMBAT2 (nadajnik i odbiornik) TRYMER. Atrakcyjne ceny, szybki czas realizacji.","robots":{"index":"index","follow":"follow","max-snippet":"max-snippet:-1","max-image-preview":"max-image-preview:large","max-video-preview":"max-video-preview:-1"},"canonical":"https:\/\/sklep.bramywjazdowe.com.pl\/?product=dtm-fotokomorka-obrotowa-bezprzewodowa-slimbat2-nadajnik-i-odbiornik","og_locale":"pl_PL","og_type":"article","og_title":"DTM - Fotokom\u00f3rka obrotowa bezprzewodowa SLIMBAT2","og_description":"DTM - Fotokom\u00f3rka obrotowa bezprzewodowa SLIMBAT2 (nadajnik i odbiornik) TRYMER. Atrakcyjne ceny, szybki czas realizacji.","og_url":"https:\/\/sklep.bramywjazdowe.com.pl\/?product=dtm-fotokomorka-obrotowa-bezprzewodowa-slimbat2-nadajnik-i-odbiornik","article_modified_time":"2023-03-05T18:02:30+00:00","og_image":[{"width":1024,"height":683,"url":"https:\/\/sklep.bramywjazdowe.com.pl\/wp-content\/uploads\/2022\/11\/slimbat2_1_www-1024x683-2.jpg","type":"image\/jpeg"}],"twitter_card":"summary_large_image","twitter_misc":{"Szacowany czas czytania":"1 minuta"},"schema":{"@context":"https:\/\/schema.org","@graph":[{"@type":"WebPage","@id":"https:\/\/sklep.bramywjazdowe.com.pl\/?product=dtm-fotokomorka-obrotowa-bezprzewodowa-slimbat2-nadajnik-i-odbiornik","url":"https:\/\/sklep.bramywjazdowe.com.pl\/?product=dtm-fotokomorka-obrotowa-bezprzewodowa-slimbat2-nadajnik-i-odbiornik","name":"DTM - Fotokom\u00f3rka obrotowa bezprzewodowa SLIMBAT2","isPartOf":{"@id":"http:\/\/sklep.bramywjazdowe.com.pl\/#website"},"primaryImageOfPage":{"@id":"https:\/\/sklep.bramywjazdowe.com.pl\/?product=dtm-fotokomorka-obrotowa-bezprzewodowa-slimbat2-nadajnik-i-odbiornik#primaryimage"},"image":{"@id":"https:\/\/sklep.bramywjazdowe.com.pl\/?product=dtm-fotokomorka-obrotowa-bezprzewodowa-slimbat2-nadajnik-i-odbiornik#primaryimage"},"thumbnailUrl":"https:\/\/sklep.bramywjazdowe.com.pl\/wp-content\/uploads\/2022\/11\/slimbat2_1_www-1024x683-2.jpg","datePublished":"2022-11-16T19:58:30+00:00","dateModified":"2023-03-05T18:02:30+00:00","description":"DTM - Fotokom\u00f3rka obrotowa bezprzewodowa SLIMBAT2 (nadajnik i odbiornik) TRYMER. Atrakcyjne ceny, szybki czas realizacji.","breadcrumb":{"@id":"https:\/\/sklep.bramywjazdowe.com.pl\/?product=dtm-fotokomorka-obrotowa-bezprzewodowa-slimbat2-nadajnik-i-odbiornik#breadcrumb"},"inLanguage":"pl-PL","potentialAction":[{"@type":"ReadAction","target":["https:\/\/sklep.bramywjazdowe.com.pl\/?product=dtm-fotokomorka-obrotowa-bezprzewodowa-slimbat2-nadajnik-i-odbiornik"]}]},{"@type":"ImageObject","inLanguage":"pl-PL","@id":"https:\/\/sklep.bramywjazdowe.com.pl\/?product=dtm-fotokomorka-obrotowa-bezprzewodowa-slimbat2-nadajnik-i-odbiornik#primaryimage","url":"https:\/\/sklep.bramywjazdowe.com.pl\/wp-content\/uploads\/2022\/11\/slimbat2_1_www-1024x683-2.jpg","contentUrl":"https:\/\/sklep.bramywjazdowe.com.pl\/wp-content\/uploads\/2022\/11\/slimbat2_1_www-1024x683-2.jpg","width":1024,"height":683},{"@type":"BreadcrumbList","@id":"https:\/\/sklep.bramywjazdowe.com.pl\/?product=dtm-fotokomorka-obrotowa-bezprzewodowa-slimbat2-nadajnik-i-odbiornik#breadcrumb","itemListElement":[{"@type":"ListItem","position":1,"name":"Strona g\u0142\u00f3wna","item":"http:\/\/sklep.bramywjazdowe.com.pl\/"},{"@type":"ListItem","position":2,"name":"Produkty","item":"http:\/\/sklep.bramywjazdowe.com.pl\/"},{"@type":"ListItem","position":3,"name":"DTM &#8211; Fotokom\u00f3rka obrotowa bezprzewodowa SLIMBAT2 (nadajnik i odbiornik)"}]},{"@type":"WebSite","@id":"http:\/\/sklep.bramywjazdowe.com.pl\/#website","url":"http:\/\/sklep.bramywjazdowe.com.pl\/","name":"Sklep Trymer Tomasz Kucharski","description":"","publisher":{"@id":"http:\/\/sklep.bramywjazdowe.com.pl\/#organization"},"potentialAction":[{"@type":"SearchAction","target":{"@type":"EntryPoint","urlTemplate":"http:\/\/sklep.bramywjazdowe.com.pl\/?s={search_term_string}"},"query-input":{"@type":"PropertyValueSpecification","valueRequired":true,"valueName":"search_term_string"}}],"inLanguage":"pl-PL"},{"@type":"Organization","@id":"http:\/\/sklep.bramywjazdowe.com.pl\/#organization","name":"TRYMER Tomasz Kucharski","url":"http:\/\/sklep.bramywjazdowe.com.pl\/","logo":{"@type":"ImageObject","inLanguage":"pl-PL","@id":"http:\/\/sklep.bramywjazdowe.com.pl\/#\/schema\/logo\/image\/","url":"https:\/\/sklep.bramywjazdowe.com.pl\/wp-content\/uploads\/2022\/11\/logo-sklep-222.png","contentUrl":"https:\/\/sklep.bramywjazdowe.com.pl\/wp-content\/uploads\/2022\/11\/logo-sklep-222.png","width":1200,"height":180,"caption":"TRYMER Tomasz Kucharski"},"image":{"@id":"http:\/\/sklep.bramywjazdowe.com.pl\/#\/schema\/logo\/image\/"}}]}},"brands":[{"id":42,"name":"DTM System","slug":"dtm-system"}],"_links":{"self":[{"href":"https:\/\/sklep.bramywjazdowe.com.pl\/index.php?rest_route=\/wp\/v2\/product\/133","targetHints":{"allow":["GET"]}}],"collection":[{"href":"https:\/\/sklep.bramywjazdowe.com.pl\/index.php?rest_route=\/wp\/v2\/product"}],"about":[{"href":"https:\/\/sklep.bramywjazdowe.com.pl\/index.php?rest_route=\/wp\/v2\/types\/product"}],"replies":[{"embeddable":true,"href":"https:\/\/sklep.bramywjazdowe.com.pl\/index.php?rest_route=%2Fwp%2Fv2%2Fcomments&post=133"}],"wp:featuredmedia":[{"embeddable":true,"href":"https:\/\/sklep.bramywjazdowe.com.pl\/index.php?rest_route=\/wp\/v2\/media\/312"}],"wp:attachment":[{"href":"https:\/\/sklep.bramywjazdowe.com.pl\/index.php?rest_route=%2Fwp%2Fv2%2Fmedia&parent=133"}],"wp:term":[{"taxonomy":"pwb-brand","embeddable":true,"href":"https:\/\/sklep.bramywjazdowe.com.pl\/index.php?rest_route=%2Fwp%2Fv2%2Fpwb-brand&post=133"},{"taxonomy":"product_brand","embeddable":true,"href":"https:\/\/sklep.bramywjazdowe.com.pl\/index.php?rest_route=%2Fwp%2Fv2%2Fproduct_brand&post=133"},{"taxonomy":"product_cat","embeddable":true,"href":"https:\/\/sklep.bramywjazdowe.com.pl\/index.php?rest_route=%2Fwp%2Fv2%2Fproduct_cat&post=133"},{"taxonomy":"product_tag","embeddable":true,"href":"https:\/\/sklep.bramywjazdowe.com.pl\/index.php?rest_route=%2Fwp%2Fv2%2Fproduct_tag&post=133"}],"curies":[{"name":"wp","href":"https:\/\/api.w.org\/{rel}","templated":true}]}}