{"id":256,"date":"2022-11-22T21:47:33","date_gmt":"2022-11-22T20:47:33","guid":{"rendered":"http:\/\/sklep.bramywjazdowe.com.pl\/?post_type=product&#038;p=256"},"modified":"2022-11-24T19:26:58","modified_gmt":"2022-11-24T18:26:58","slug":"profesjonalny-smar-do-bram-dla-serwisantow-pojemnosc-500-ml","status":"publish","type":"product","link":"https:\/\/sklep.bramywjazdowe.com.pl\/?product=profesjonalny-smar-do-bram-dla-serwisantow-pojemnosc-500-ml","title":{"rendered":"Profesjonalny smar do bram dla serwisant\u00f3w. Pojemno\u015b\u0107: 500 ml."},"content":{"rendered":"<p>Profesjonalny smar do bram dla serwisant\u00f3w.\u00a0Pojemno\u015b\u0107: 500 ml.<\/p>\n<ul>\n<li>do ka\u017cdego typu bram<\/li>\n<li>idealne smarowanie przez d\u0142ugi okres<\/li>\n<li>doskona\u0142e w\u0142a\u015bciwo\u015bci penetracyjne<\/li>\n<li>podwy\u017cszona wydajno\u015b\u0107<\/li>\n<li>odporny na warunki atmosferyczne<\/li>\n<li>nie zawiera silikonu , \u017cywic i kwas\u00f3w<\/li>\n<\/ul>\n<p>Specjalna zr\u00f3wnowa\u017cona i doskonale dopasowana formu\u0142a daje w efekcie uniwersalny preparat smarny przeznaczony do wszelkiego rodzaju bram gara\u017cowych oraz wjazdowych. Produkt jest odporny na wysokie naciski oraz posiada doskona\u0142e w\u0142a\u015bciwo\u015bci penetracyjne. Silne przywiera do powierzchni oraz jest odporny na warunki atmosferyczne. Odporny na dzia\u0142anie strumienia wody oraz wielu kwas\u00f3w i zasad. Nie zawiera silikonu, \u017cywic i kwas\u00f3w. Odporny na dzia\u0142anie temperatury w przedziale od -55\u00b0C do 180 \u00b0C, kr\u00f3tkotrwale do 200 \u00b0C.<\/p>\n<p>Zastosowanie:<\/p>\n<ul>\n<li>do sworzni i zawias\u00f3w<\/li>\n<li>gwint\u00f3w<\/li>\n<li>ci\u0119gien<\/li>\n<li>przegub\u00f3w k\u0105towych i wide\u0142kowych<\/li>\n<li>\u0142a\u0144cuch\u00f3w<\/li>\n<li>ogniw lin stalowych<\/li>\n<li>wa\u0142\u00f3w k\u00f3\u0142 z\u0119batych<\/li>\n<li>gwint\u00f3w roboczych i powierzchni \u015blizgowych<\/li>\n<\/ul>\n","protected":false},"excerpt":{"rendered":"<p>Profesjonalny smar do bram dla serwisant\u00f3w.\u00a0Pojemno\u015b\u0107: 500 ml. do ka\u017cdego typu bram idealne smarowanie przez d\u0142ugi okres doskona\u0142e w\u0142a\u015bciwo\u015bci penetracyjne podwy\u017cszona wydajno\u015b\u0107 odporny na warunki atmosferyczne nie zawiera silikonu , \u017cywic i kwas\u00f3w Specjalna zr\u00f3wnowa\u017cona i doskonale dopasowana formu\u0142a daje w efekcie uniwersalny preparat smarny przeznaczony do wszelkiego rodzaju bram gara\u017cowych oraz wjazdowych. Produkt jest [&hellip;]<\/p>\n","protected":false},"featured_media":259,"comment_status":"open","ping_status":"closed","template":"","meta":[],"pwb-brand":[],"product_brand":[],"product_cat":[61,71],"product_tag":[82,83,84],"class_list":{"0":"post-256","1":"product","2":"type-product","3":"status-publish","4":"has-post-thumbnail","6":"product_cat-czesci-serwisowe-2","7":"product_cat-chemia-serwisowa","8":"product_tag-chemia-serwisowa-2","9":"product_tag-smar","10":"product_tag-zmywacz","12":"first","13":"instock","14":"taxable","15":"shipping-taxable","16":"product-type-simple"},"yoast_head":"<!-- This site is optimized with the Yoast SEO plugin v24.7 - https:\/\/yoast.com\/wordpress\/plugins\/seo\/ -->\n<title>Profesjonalny smar do bram dla serwisant\u00f3w. Pojemno\u015b\u0107: 500 ml. -<\/title>\n<meta name=\"robots\" content=\"index, follow, max-snippet:-1, max-image-preview:large, max-video-preview:-1\" \/>\n<link rel=\"canonical\" href=\"https:\/\/sklep.bramywjazdowe.com.pl\/?product=profesjonalny-smar-do-bram-dla-serwisantow-pojemnosc-500-ml\" \/>\n<meta property=\"og:locale\" content=\"pl_PL\" \/>\n<meta property=\"og:type\" content=\"article\" \/>\n<meta property=\"og:title\" content=\"Profesjonalny smar do bram dla serwisant\u00f3w. Pojemno\u015b\u0107: 500 ml. -\" \/>\n<meta property=\"og:description\" content=\"Profesjonalny smar do bram dla serwisant\u00f3w.\u00a0Pojemno\u015b\u0107: 500 ml. do ka\u017cdego typu bram idealne smarowanie przez d\u0142ugi okres doskona\u0142e w\u0142a\u015bciwo\u015bci penetracyjne podwy\u017cszona wydajno\u015b\u0107 odporny na warunki atmosferyczne nie zawiera silikonu , \u017cywic i kwas\u00f3w Specjalna zr\u00f3wnowa\u017cona i doskonale dopasowana formu\u0142a daje w efekcie uniwersalny preparat smarny przeznaczony do wszelkiego rodzaju bram gara\u017cowych oraz wjazdowych. Produkt jest [&hellip;]\" \/>\n<meta property=\"og:url\" content=\"https:\/\/sklep.bramywjazdowe.com.pl\/?product=profesjonalny-smar-do-bram-dla-serwisantow-pojemnosc-500-ml\" \/>\n<meta property=\"article:modified_time\" content=\"2022-11-24T18:26:58+00:00\" \/>\n<meta property=\"og:image\" content=\"https:\/\/sklep.bramywjazdowe.com.pl\/wp-content\/uploads\/2022\/11\/ECOCHEMICAL_SMAR_BRAMY_500ML.png\" \/>\n\t<meta property=\"og:image:width\" content=\"1500\" \/>\n\t<meta property=\"og:image:height\" content=\"1500\" \/>\n\t<meta property=\"og:image:type\" content=\"image\/png\" \/>\n<meta name=\"twitter:card\" content=\"summary_large_image\" \/>\n<meta name=\"twitter:label1\" content=\"Szacowany czas czytania\" \/>\n\t<meta name=\"twitter:data1\" content=\"1 minuta\" \/>\n<script type=\"application\/ld+json\" class=\"yoast-schema-graph\">{\"@context\":\"https:\/\/schema.org\",\"@graph\":[{\"@type\":\"WebPage\",\"@id\":\"https:\/\/sklep.bramywjazdowe.com.pl\/?product=profesjonalny-smar-do-bram-dla-serwisantow-pojemnosc-500-ml\",\"url\":\"https:\/\/sklep.bramywjazdowe.com.pl\/?product=profesjonalny-smar-do-bram-dla-serwisantow-pojemnosc-500-ml\",\"name\":\"Profesjonalny smar do bram dla serwisant\u00f3w. Pojemno\u015b\u0107: 500 ml. -\",\"isPartOf\":{\"@id\":\"http:\/\/sklep.bramywjazdowe.com.pl\/#website\"},\"primaryImageOfPage\":{\"@id\":\"https:\/\/sklep.bramywjazdowe.com.pl\/?product=profesjonalny-smar-do-bram-dla-serwisantow-pojemnosc-500-ml#primaryimage\"},\"image\":{\"@id\":\"https:\/\/sklep.bramywjazdowe.com.pl\/?product=profesjonalny-smar-do-bram-dla-serwisantow-pojemnosc-500-ml#primaryimage\"},\"thumbnailUrl\":\"https:\/\/sklep.bramywjazdowe.com.pl\/wp-content\/uploads\/2022\/11\/ECOCHEMICAL_SMAR_BRAMY_500ML.png\",\"datePublished\":\"2022-11-22T20:47:33+00:00\",\"dateModified\":\"2022-11-24T18:26:58+00:00\",\"breadcrumb\":{\"@id\":\"https:\/\/sklep.bramywjazdowe.com.pl\/?product=profesjonalny-smar-do-bram-dla-serwisantow-pojemnosc-500-ml#breadcrumb\"},\"inLanguage\":\"pl-PL\",\"potentialAction\":[{\"@type\":\"ReadAction\",\"target\":[\"https:\/\/sklep.bramywjazdowe.com.pl\/?product=profesjonalny-smar-do-bram-dla-serwisantow-pojemnosc-500-ml\"]}]},{\"@type\":\"ImageObject\",\"inLanguage\":\"pl-PL\",\"@id\":\"https:\/\/sklep.bramywjazdowe.com.pl\/?product=profesjonalny-smar-do-bram-dla-serwisantow-pojemnosc-500-ml#primaryimage\",\"url\":\"https:\/\/sklep.bramywjazdowe.com.pl\/wp-content\/uploads\/2022\/11\/ECOCHEMICAL_SMAR_BRAMY_500ML.png\",\"contentUrl\":\"https:\/\/sklep.bramywjazdowe.com.pl\/wp-content\/uploads\/2022\/11\/ECOCHEMICAL_SMAR_BRAMY_500ML.png\",\"width\":1500,\"height\":1500},{\"@type\":\"BreadcrumbList\",\"@id\":\"https:\/\/sklep.bramywjazdowe.com.pl\/?product=profesjonalny-smar-do-bram-dla-serwisantow-pojemnosc-500-ml#breadcrumb\",\"itemListElement\":[{\"@type\":\"ListItem\",\"position\":1,\"name\":\"Strona g\u0142\u00f3wna\",\"item\":\"http:\/\/sklep.bramywjazdowe.com.pl\/\"},{\"@type\":\"ListItem\",\"position\":2,\"name\":\"Produkty\",\"item\":\"http:\/\/sklep.bramywjazdowe.com.pl\/\"},{\"@type\":\"ListItem\",\"position\":3,\"name\":\"Profesjonalny smar do bram dla serwisant\u00f3w. Pojemno\u015b\u0107: 500 ml.\"}]},{\"@type\":\"WebSite\",\"@id\":\"http:\/\/sklep.bramywjazdowe.com.pl\/#website\",\"url\":\"http:\/\/sklep.bramywjazdowe.com.pl\/\",\"name\":\"Sklep Trymer Tomasz Kucharski\",\"description\":\"\",\"publisher\":{\"@id\":\"http:\/\/sklep.bramywjazdowe.com.pl\/#organization\"},\"potentialAction\":[{\"@type\":\"SearchAction\",\"target\":{\"@type\":\"EntryPoint\",\"urlTemplate\":\"http:\/\/sklep.bramywjazdowe.com.pl\/?s={search_term_string}\"},\"query-input\":{\"@type\":\"PropertyValueSpecification\",\"valueRequired\":true,\"valueName\":\"search_term_string\"}}],\"inLanguage\":\"pl-PL\"},{\"@type\":\"Organization\",\"@id\":\"http:\/\/sklep.bramywjazdowe.com.pl\/#organization\",\"name\":\"TRYMER Tomasz Kucharski\",\"url\":\"http:\/\/sklep.bramywjazdowe.com.pl\/\",\"logo\":{\"@type\":\"ImageObject\",\"inLanguage\":\"pl-PL\",\"@id\":\"http:\/\/sklep.bramywjazdowe.com.pl\/#\/schema\/logo\/image\/\",\"url\":\"https:\/\/sklep.bramywjazdowe.com.pl\/wp-content\/uploads\/2022\/11\/logo-sklep-222.png\",\"contentUrl\":\"https:\/\/sklep.bramywjazdowe.com.pl\/wp-content\/uploads\/2022\/11\/logo-sklep-222.png\",\"width\":1200,\"height\":180,\"caption\":\"TRYMER Tomasz Kucharski\"},\"image\":{\"@id\":\"http:\/\/sklep.bramywjazdowe.com.pl\/#\/schema\/logo\/image\/\"}}]}<\/script>\n<!-- \/ Yoast SEO plugin. -->","yoast_head_json":{"title":"Profesjonalny smar do bram dla serwisant\u00f3w. Pojemno\u015b\u0107: 500 ml. -","robots":{"index":"index","follow":"follow","max-snippet":"max-snippet:-1","max-image-preview":"max-image-preview:large","max-video-preview":"max-video-preview:-1"},"canonical":"https:\/\/sklep.bramywjazdowe.com.pl\/?product=profesjonalny-smar-do-bram-dla-serwisantow-pojemnosc-500-ml","og_locale":"pl_PL","og_type":"article","og_title":"Profesjonalny smar do bram dla serwisant\u00f3w. Pojemno\u015b\u0107: 500 ml. -","og_description":"Profesjonalny smar do bram dla serwisant\u00f3w.\u00a0Pojemno\u015b\u0107: 500 ml. do ka\u017cdego typu bram idealne smarowanie przez d\u0142ugi okres doskona\u0142e w\u0142a\u015bciwo\u015bci penetracyjne podwy\u017cszona wydajno\u015b\u0107 odporny na warunki atmosferyczne nie zawiera silikonu , \u017cywic i kwas\u00f3w Specjalna zr\u00f3wnowa\u017cona i doskonale dopasowana formu\u0142a daje w efekcie uniwersalny preparat smarny przeznaczony do wszelkiego rodzaju bram gara\u017cowych oraz wjazdowych. Produkt jest [&hellip;]","og_url":"https:\/\/sklep.bramywjazdowe.com.pl\/?product=profesjonalny-smar-do-bram-dla-serwisantow-pojemnosc-500-ml","article_modified_time":"2022-11-24T18:26:58+00:00","og_image":[{"width":1500,"height":1500,"url":"https:\/\/sklep.bramywjazdowe.com.pl\/wp-content\/uploads\/2022\/11\/ECOCHEMICAL_SMAR_BRAMY_500ML.png","type":"image\/png"}],"twitter_card":"summary_large_image","twitter_misc":{"Szacowany czas czytania":"1 minuta"},"schema":{"@context":"https:\/\/schema.org","@graph":[{"@type":"WebPage","@id":"https:\/\/sklep.bramywjazdowe.com.pl\/?product=profesjonalny-smar-do-bram-dla-serwisantow-pojemnosc-500-ml","url":"https:\/\/sklep.bramywjazdowe.com.pl\/?product=profesjonalny-smar-do-bram-dla-serwisantow-pojemnosc-500-ml","name":"Profesjonalny smar do bram dla serwisant\u00f3w. Pojemno\u015b\u0107: 500 ml. -","isPartOf":{"@id":"http:\/\/sklep.bramywjazdowe.com.pl\/#website"},"primaryImageOfPage":{"@id":"https:\/\/sklep.bramywjazdowe.com.pl\/?product=profesjonalny-smar-do-bram-dla-serwisantow-pojemnosc-500-ml#primaryimage"},"image":{"@id":"https:\/\/sklep.bramywjazdowe.com.pl\/?product=profesjonalny-smar-do-bram-dla-serwisantow-pojemnosc-500-ml#primaryimage"},"thumbnailUrl":"https:\/\/sklep.bramywjazdowe.com.pl\/wp-content\/uploads\/2022\/11\/ECOCHEMICAL_SMAR_BRAMY_500ML.png","datePublished":"2022-11-22T20:47:33+00:00","dateModified":"2022-11-24T18:26:58+00:00","breadcrumb":{"@id":"https:\/\/sklep.bramywjazdowe.com.pl\/?product=profesjonalny-smar-do-bram-dla-serwisantow-pojemnosc-500-ml#breadcrumb"},"inLanguage":"pl-PL","potentialAction":[{"@type":"ReadAction","target":["https:\/\/sklep.bramywjazdowe.com.pl\/?product=profesjonalny-smar-do-bram-dla-serwisantow-pojemnosc-500-ml"]}]},{"@type":"ImageObject","inLanguage":"pl-PL","@id":"https:\/\/sklep.bramywjazdowe.com.pl\/?product=profesjonalny-smar-do-bram-dla-serwisantow-pojemnosc-500-ml#primaryimage","url":"https:\/\/sklep.bramywjazdowe.com.pl\/wp-content\/uploads\/2022\/11\/ECOCHEMICAL_SMAR_BRAMY_500ML.png","contentUrl":"https:\/\/sklep.bramywjazdowe.com.pl\/wp-content\/uploads\/2022\/11\/ECOCHEMICAL_SMAR_BRAMY_500ML.png","width":1500,"height":1500},{"@type":"BreadcrumbList","@id":"https:\/\/sklep.bramywjazdowe.com.pl\/?product=profesjonalny-smar-do-bram-dla-serwisantow-pojemnosc-500-ml#breadcrumb","itemListElement":[{"@type":"ListItem","position":1,"name":"Strona g\u0142\u00f3wna","item":"http:\/\/sklep.bramywjazdowe.com.pl\/"},{"@type":"ListItem","position":2,"name":"Produkty","item":"http:\/\/sklep.bramywjazdowe.com.pl\/"},{"@type":"ListItem","position":3,"name":"Profesjonalny smar do bram dla serwisant\u00f3w. Pojemno\u015b\u0107: 500 ml."}]},{"@type":"WebSite","@id":"http:\/\/sklep.bramywjazdowe.com.pl\/#website","url":"http:\/\/sklep.bramywjazdowe.com.pl\/","name":"Sklep Trymer Tomasz Kucharski","description":"","publisher":{"@id":"http:\/\/sklep.bramywjazdowe.com.pl\/#organization"},"potentialAction":[{"@type":"SearchAction","target":{"@type":"EntryPoint","urlTemplate":"http:\/\/sklep.bramywjazdowe.com.pl\/?s={search_term_string}"},"query-input":{"@type":"PropertyValueSpecification","valueRequired":true,"valueName":"search_term_string"}}],"inLanguage":"pl-PL"},{"@type":"Organization","@id":"http:\/\/sklep.bramywjazdowe.com.pl\/#organization","name":"TRYMER Tomasz Kucharski","url":"http:\/\/sklep.bramywjazdowe.com.pl\/","logo":{"@type":"ImageObject","inLanguage":"pl-PL","@id":"http:\/\/sklep.bramywjazdowe.com.pl\/#\/schema\/logo\/image\/","url":"https:\/\/sklep.bramywjazdowe.com.pl\/wp-content\/uploads\/2022\/11\/logo-sklep-222.png","contentUrl":"https:\/\/sklep.bramywjazdowe.com.pl\/wp-content\/uploads\/2022\/11\/logo-sklep-222.png","width":1200,"height":180,"caption":"TRYMER Tomasz Kucharski"},"image":{"@id":"http:\/\/sklep.bramywjazdowe.com.pl\/#\/schema\/logo\/image\/"}}]}},"brands":[],"_links":{"self":[{"href":"https:\/\/sklep.bramywjazdowe.com.pl\/index.php?rest_route=\/wp\/v2\/product\/256","targetHints":{"allow":["GET"]}}],"collection":[{"href":"https:\/\/sklep.bramywjazdowe.com.pl\/index.php?rest_route=\/wp\/v2\/product"}],"about":[{"href":"https:\/\/sklep.bramywjazdowe.com.pl\/index.php?rest_route=\/wp\/v2\/types\/product"}],"replies":[{"embeddable":true,"href":"https:\/\/sklep.bramywjazdowe.com.pl\/index.php?rest_route=%2Fwp%2Fv2%2Fcomments&post=256"}],"wp:featuredmedia":[{"embeddable":true,"href":"https:\/\/sklep.bramywjazdowe.com.pl\/index.php?rest_route=\/wp\/v2\/media\/259"}],"wp:attachment":[{"href":"https:\/\/sklep.bramywjazdowe.com.pl\/index.php?rest_route=%2Fwp%2Fv2%2Fmedia&parent=256"}],"wp:term":[{"taxonomy":"pwb-brand","embeddable":true,"href":"https:\/\/sklep.bramywjazdowe.com.pl\/index.php?rest_route=%2Fwp%2Fv2%2Fpwb-brand&post=256"},{"taxonomy":"product_brand","embeddable":true,"href":"https:\/\/sklep.bramywjazdowe.com.pl\/index.php?rest_route=%2Fwp%2Fv2%2Fproduct_brand&post=256"},{"taxonomy":"product_cat","embeddable":true,"href":"https:\/\/sklep.bramywjazdowe.com.pl\/index.php?rest_route=%2Fwp%2Fv2%2Fproduct_cat&post=256"},{"taxonomy":"product_tag","embeddable":true,"href":"https:\/\/sklep.bramywjazdowe.com.pl\/index.php?rest_route=%2Fwp%2Fv2%2Fproduct_tag&post=256"}],"curies":[{"name":"wp","href":"https:\/\/api.w.org\/{rel}","templated":true}]}}