{"id":270,"date":"2022-11-22T21:49:35","date_gmt":"2022-11-22T20:49:35","guid":{"rendered":"http:\/\/sklep.bramywjazdowe.com.pl\/?post_type=product&#038;p=270"},"modified":"2022-11-24T19:26:58","modified_gmt":"2022-11-24T18:26:58","slug":"smar-sylikonowy-do-uszczelek-poj-400ml","status":"publish","type":"product","link":"https:\/\/sklep.bramywjazdowe.com.pl\/?product=smar-sylikonowy-do-uszczelek-poj-400ml","title":{"rendered":"Smar sylikonowy do uszczelek poj. 400ml."},"content":{"rendered":"<p>Smar sylikonowy do uszczelek\u00a0poj. 400ml.<\/p>\n<ul>\n<li>konserwuje i zapobiega kruszeniu gumy<\/li>\n<li>anty przyczepny i antystatyczny<\/li>\n<li>tworzy cienk\u0105 pow\u0142ok\u0119 smaruj\u0105c\u0105<\/li>\n<li>posiada wygodny aplikator u\u0142atwiaj\u0105cy stosowanie produktu w trudno dost\u0119pnych miejscach<\/li>\n<li>skuteczny i wydajny<\/li>\n<\/ul>\n<p>Uniwersalny smar silikonowy eliminuj\u0105cy tarcie i opory materia\u0142u.\u00a0\u015arodek znajduje zastosowanie wsz\u0119dzie tam gdzie wyst\u0119puj\u0105\u00a0problemy z przyczepno\u015bci\u0105 lub du\u017cym tarciem. Preparat posiada\u00a0w\u0142a\u015bciwo\u015bci konserwuj\u0105ce oraz piel\u0119gnuj\u0105ce elementy z tworzyw\u00a0sztucznych, gumy oraz metalu. Nadaje po\u0142ysk gotowym wyrobom\u00a0gumowym oraz sprawia, \u017ce materia\u0142 nie kruszeje, nie przykleja si\u0119\u00a0oraz nie przymarza. \u015arodek posiada w\u0142a\u015bciwo\u015bci antystatyczne.<\/p>\n<p>Cechy szczeg\u00f3lne<\/p>\n<ul>\n<li>doskonale nadaje po\u015blizg<\/li>\n<li>bezbarwny &#8211; smaruje nie zostawiaj\u0105c \u015blad\u00f3w<\/li>\n<li>nieagresywny<\/li>\n<li>szeroki zakres temperatury pracy od -50\u00b0C do 200\u00b0C<\/li>\n<li>chroni przed utlenianiem i korozj\u0105<\/li>\n<li>wypiera wod\u0119<\/li>\n<li>posiada w\u0142a\u015bciwo\u015bci antystatyczne oraz zapobiega skrzypieniu<\/li>\n<li>uniwersalne zastosowanie produktu przy ci\u0119ciu, szyciu,\u00a0przesuwaniu itp.<\/li>\n<\/ul>\n<p>Zastosowanie<\/p>\n<ul>\n<li>w przetw\u00f3rstwie tworzyw sztucznych jako \u015brodek adhezyjny<\/li>\n<li>w szwalniach jako \u015brodek po\u015blizgowy<\/li>\n<li>ci\u0119cie pianki<\/li>\n<li>jako smar do bie\u017cni oraz innego sprz\u0119tu sportowego<\/li>\n<li>do konserwacji uszczelek<\/li>\n<li>do nab\u0142yszczania element\u00f3w z gumy i inny tworzyw sztucznych<\/li>\n<li>jako smar do szyberdach\u00f3w, szyn foteli samochodowych<\/li>\n<\/ul>\n","protected":false},"excerpt":{"rendered":"<p>Smar sylikonowy do uszczelek\u00a0poj. 400ml. konserwuje i zapobiega kruszeniu gumy anty przyczepny i antystatyczny tworzy cienk\u0105 pow\u0142ok\u0119 smaruj\u0105c\u0105 posiada wygodny aplikator u\u0142atwiaj\u0105cy stosowanie produktu w trudno dost\u0119pnych miejscach skuteczny i wydajny Uniwersalny smar silikonowy eliminuj\u0105cy tarcie i opory materia\u0142u.\u00a0\u015arodek znajduje zastosowanie wsz\u0119dzie tam gdzie wyst\u0119puj\u0105\u00a0problemy z przyczepno\u015bci\u0105 lub du\u017cym tarciem. Preparat posiada\u00a0w\u0142a\u015bciwo\u015bci konserwuj\u0105ce oraz piel\u0119gnuj\u0105ce [&hellip;]<\/p>\n","protected":false},"featured_media":258,"comment_status":"open","ping_status":"closed","template":"","meta":[],"pwb-brand":[],"product_brand":[],"product_cat":[61,71],"product_tag":[82,83,84],"class_list":{"0":"post-270","1":"product","2":"type-product","3":"status-publish","4":"has-post-thumbnail","6":"product_cat-czesci-serwisowe-2","7":"product_cat-chemia-serwisowa","8":"product_tag-chemia-serwisowa-2","9":"product_tag-smar","10":"product_tag-zmywacz","12":"first","13":"instock","14":"taxable","15":"shipping-taxable","16":"product-type-simple"},"yoast_head":"<!-- This site is optimized with the Yoast SEO plugin v24.7 - https:\/\/yoast.com\/wordpress\/plugins\/seo\/ -->\n<title>Smar sylikonowy do uszczelek poj. 400ml. -<\/title>\n<meta name=\"robots\" content=\"index, follow, max-snippet:-1, max-image-preview:large, max-video-preview:-1\" \/>\n<link rel=\"canonical\" href=\"https:\/\/sklep.bramywjazdowe.com.pl\/?product=smar-sylikonowy-do-uszczelek-poj-400ml\" \/>\n<meta property=\"og:locale\" content=\"pl_PL\" \/>\n<meta property=\"og:type\" content=\"article\" \/>\n<meta property=\"og:title\" content=\"Smar sylikonowy do uszczelek poj. 400ml. -\" \/>\n<meta property=\"og:description\" content=\"Smar sylikonowy do uszczelek\u00a0poj. 400ml. konserwuje i zapobiega kruszeniu gumy anty przyczepny i antystatyczny tworzy cienk\u0105 pow\u0142ok\u0119 smaruj\u0105c\u0105 posiada wygodny aplikator u\u0142atwiaj\u0105cy stosowanie produktu w trudno dost\u0119pnych miejscach skuteczny i wydajny Uniwersalny smar silikonowy eliminuj\u0105cy tarcie i opory materia\u0142u.\u00a0\u015arodek znajduje zastosowanie wsz\u0119dzie tam gdzie wyst\u0119puj\u0105\u00a0problemy z przyczepno\u015bci\u0105 lub du\u017cym tarciem. Preparat posiada\u00a0w\u0142a\u015bciwo\u015bci konserwuj\u0105ce oraz piel\u0119gnuj\u0105ce [&hellip;]\" \/>\n<meta property=\"og:url\" content=\"https:\/\/sklep.bramywjazdowe.com.pl\/?product=smar-sylikonowy-do-uszczelek-poj-400ml\" \/>\n<meta property=\"article:modified_time\" content=\"2022-11-24T18:26:58+00:00\" \/>\n<meta property=\"og:image\" content=\"https:\/\/sklep.bramywjazdowe.com.pl\/wp-content\/uploads\/2022\/11\/ECOCHEMICAL_OS500_400ML.png\" \/>\n\t<meta property=\"og:image:width\" content=\"1500\" \/>\n\t<meta property=\"og:image:height\" content=\"1500\" \/>\n\t<meta property=\"og:image:type\" content=\"image\/png\" \/>\n<meta name=\"twitter:card\" content=\"summary_large_image\" \/>\n<meta name=\"twitter:label1\" content=\"Szacowany czas czytania\" \/>\n\t<meta name=\"twitter:data1\" content=\"1 minuta\" \/>\n<script type=\"application\/ld+json\" class=\"yoast-schema-graph\">{\"@context\":\"https:\/\/schema.org\",\"@graph\":[{\"@type\":\"WebPage\",\"@id\":\"https:\/\/sklep.bramywjazdowe.com.pl\/?product=smar-sylikonowy-do-uszczelek-poj-400ml\",\"url\":\"https:\/\/sklep.bramywjazdowe.com.pl\/?product=smar-sylikonowy-do-uszczelek-poj-400ml\",\"name\":\"Smar sylikonowy do uszczelek poj. 400ml. -\",\"isPartOf\":{\"@id\":\"http:\/\/sklep.bramywjazdowe.com.pl\/#website\"},\"primaryImageOfPage\":{\"@id\":\"https:\/\/sklep.bramywjazdowe.com.pl\/?product=smar-sylikonowy-do-uszczelek-poj-400ml#primaryimage\"},\"image\":{\"@id\":\"https:\/\/sklep.bramywjazdowe.com.pl\/?product=smar-sylikonowy-do-uszczelek-poj-400ml#primaryimage\"},\"thumbnailUrl\":\"https:\/\/sklep.bramywjazdowe.com.pl\/wp-content\/uploads\/2022\/11\/ECOCHEMICAL_OS500_400ML.png\",\"datePublished\":\"2022-11-22T20:49:35+00:00\",\"dateModified\":\"2022-11-24T18:26:58+00:00\",\"breadcrumb\":{\"@id\":\"https:\/\/sklep.bramywjazdowe.com.pl\/?product=smar-sylikonowy-do-uszczelek-poj-400ml#breadcrumb\"},\"inLanguage\":\"pl-PL\",\"potentialAction\":[{\"@type\":\"ReadAction\",\"target\":[\"https:\/\/sklep.bramywjazdowe.com.pl\/?product=smar-sylikonowy-do-uszczelek-poj-400ml\"]}]},{\"@type\":\"ImageObject\",\"inLanguage\":\"pl-PL\",\"@id\":\"https:\/\/sklep.bramywjazdowe.com.pl\/?product=smar-sylikonowy-do-uszczelek-poj-400ml#primaryimage\",\"url\":\"https:\/\/sklep.bramywjazdowe.com.pl\/wp-content\/uploads\/2022\/11\/ECOCHEMICAL_OS500_400ML.png\",\"contentUrl\":\"https:\/\/sklep.bramywjazdowe.com.pl\/wp-content\/uploads\/2022\/11\/ECOCHEMICAL_OS500_400ML.png\",\"width\":1500,\"height\":1500},{\"@type\":\"BreadcrumbList\",\"@id\":\"https:\/\/sklep.bramywjazdowe.com.pl\/?product=smar-sylikonowy-do-uszczelek-poj-400ml#breadcrumb\",\"itemListElement\":[{\"@type\":\"ListItem\",\"position\":1,\"name\":\"Strona g\u0142\u00f3wna\",\"item\":\"http:\/\/sklep.bramywjazdowe.com.pl\/\"},{\"@type\":\"ListItem\",\"position\":2,\"name\":\"Produkty\",\"item\":\"http:\/\/sklep.bramywjazdowe.com.pl\/\"},{\"@type\":\"ListItem\",\"position\":3,\"name\":\"Smar sylikonowy do uszczelek poj. 400ml.\"}]},{\"@type\":\"WebSite\",\"@id\":\"http:\/\/sklep.bramywjazdowe.com.pl\/#website\",\"url\":\"http:\/\/sklep.bramywjazdowe.com.pl\/\",\"name\":\"Sklep Trymer Tomasz Kucharski\",\"description\":\"\",\"publisher\":{\"@id\":\"http:\/\/sklep.bramywjazdowe.com.pl\/#organization\"},\"potentialAction\":[{\"@type\":\"SearchAction\",\"target\":{\"@type\":\"EntryPoint\",\"urlTemplate\":\"http:\/\/sklep.bramywjazdowe.com.pl\/?s={search_term_string}\"},\"query-input\":{\"@type\":\"PropertyValueSpecification\",\"valueRequired\":true,\"valueName\":\"search_term_string\"}}],\"inLanguage\":\"pl-PL\"},{\"@type\":\"Organization\",\"@id\":\"http:\/\/sklep.bramywjazdowe.com.pl\/#organization\",\"name\":\"TRYMER Tomasz Kucharski\",\"url\":\"http:\/\/sklep.bramywjazdowe.com.pl\/\",\"logo\":{\"@type\":\"ImageObject\",\"inLanguage\":\"pl-PL\",\"@id\":\"http:\/\/sklep.bramywjazdowe.com.pl\/#\/schema\/logo\/image\/\",\"url\":\"https:\/\/sklep.bramywjazdowe.com.pl\/wp-content\/uploads\/2022\/11\/logo-sklep-222.png\",\"contentUrl\":\"https:\/\/sklep.bramywjazdowe.com.pl\/wp-content\/uploads\/2022\/11\/logo-sklep-222.png\",\"width\":1200,\"height\":180,\"caption\":\"TRYMER Tomasz Kucharski\"},\"image\":{\"@id\":\"http:\/\/sklep.bramywjazdowe.com.pl\/#\/schema\/logo\/image\/\"}}]}<\/script>\n<!-- \/ Yoast SEO plugin. -->","yoast_head_json":{"title":"Smar sylikonowy do uszczelek poj. 400ml. -","robots":{"index":"index","follow":"follow","max-snippet":"max-snippet:-1","max-image-preview":"max-image-preview:large","max-video-preview":"max-video-preview:-1"},"canonical":"https:\/\/sklep.bramywjazdowe.com.pl\/?product=smar-sylikonowy-do-uszczelek-poj-400ml","og_locale":"pl_PL","og_type":"article","og_title":"Smar sylikonowy do uszczelek poj. 400ml. -","og_description":"Smar sylikonowy do uszczelek\u00a0poj. 400ml. konserwuje i zapobiega kruszeniu gumy anty przyczepny i antystatyczny tworzy cienk\u0105 pow\u0142ok\u0119 smaruj\u0105c\u0105 posiada wygodny aplikator u\u0142atwiaj\u0105cy stosowanie produktu w trudno dost\u0119pnych miejscach skuteczny i wydajny Uniwersalny smar silikonowy eliminuj\u0105cy tarcie i opory materia\u0142u.\u00a0\u015arodek znajduje zastosowanie wsz\u0119dzie tam gdzie wyst\u0119puj\u0105\u00a0problemy z przyczepno\u015bci\u0105 lub du\u017cym tarciem. Preparat posiada\u00a0w\u0142a\u015bciwo\u015bci konserwuj\u0105ce oraz piel\u0119gnuj\u0105ce [&hellip;]","og_url":"https:\/\/sklep.bramywjazdowe.com.pl\/?product=smar-sylikonowy-do-uszczelek-poj-400ml","article_modified_time":"2022-11-24T18:26:58+00:00","og_image":[{"width":1500,"height":1500,"url":"https:\/\/sklep.bramywjazdowe.com.pl\/wp-content\/uploads\/2022\/11\/ECOCHEMICAL_OS500_400ML.png","type":"image\/png"}],"twitter_card":"summary_large_image","twitter_misc":{"Szacowany czas czytania":"1 minuta"},"schema":{"@context":"https:\/\/schema.org","@graph":[{"@type":"WebPage","@id":"https:\/\/sklep.bramywjazdowe.com.pl\/?product=smar-sylikonowy-do-uszczelek-poj-400ml","url":"https:\/\/sklep.bramywjazdowe.com.pl\/?product=smar-sylikonowy-do-uszczelek-poj-400ml","name":"Smar sylikonowy do uszczelek poj. 400ml. -","isPartOf":{"@id":"http:\/\/sklep.bramywjazdowe.com.pl\/#website"},"primaryImageOfPage":{"@id":"https:\/\/sklep.bramywjazdowe.com.pl\/?product=smar-sylikonowy-do-uszczelek-poj-400ml#primaryimage"},"image":{"@id":"https:\/\/sklep.bramywjazdowe.com.pl\/?product=smar-sylikonowy-do-uszczelek-poj-400ml#primaryimage"},"thumbnailUrl":"https:\/\/sklep.bramywjazdowe.com.pl\/wp-content\/uploads\/2022\/11\/ECOCHEMICAL_OS500_400ML.png","datePublished":"2022-11-22T20:49:35+00:00","dateModified":"2022-11-24T18:26:58+00:00","breadcrumb":{"@id":"https:\/\/sklep.bramywjazdowe.com.pl\/?product=smar-sylikonowy-do-uszczelek-poj-400ml#breadcrumb"},"inLanguage":"pl-PL","potentialAction":[{"@type":"ReadAction","target":["https:\/\/sklep.bramywjazdowe.com.pl\/?product=smar-sylikonowy-do-uszczelek-poj-400ml"]}]},{"@type":"ImageObject","inLanguage":"pl-PL","@id":"https:\/\/sklep.bramywjazdowe.com.pl\/?product=smar-sylikonowy-do-uszczelek-poj-400ml#primaryimage","url":"https:\/\/sklep.bramywjazdowe.com.pl\/wp-content\/uploads\/2022\/11\/ECOCHEMICAL_OS500_400ML.png","contentUrl":"https:\/\/sklep.bramywjazdowe.com.pl\/wp-content\/uploads\/2022\/11\/ECOCHEMICAL_OS500_400ML.png","width":1500,"height":1500},{"@type":"BreadcrumbList","@id":"https:\/\/sklep.bramywjazdowe.com.pl\/?product=smar-sylikonowy-do-uszczelek-poj-400ml#breadcrumb","itemListElement":[{"@type":"ListItem","position":1,"name":"Strona g\u0142\u00f3wna","item":"http:\/\/sklep.bramywjazdowe.com.pl\/"},{"@type":"ListItem","position":2,"name":"Produkty","item":"http:\/\/sklep.bramywjazdowe.com.pl\/"},{"@type":"ListItem","position":3,"name":"Smar sylikonowy do uszczelek poj. 400ml."}]},{"@type":"WebSite","@id":"http:\/\/sklep.bramywjazdowe.com.pl\/#website","url":"http:\/\/sklep.bramywjazdowe.com.pl\/","name":"Sklep Trymer Tomasz Kucharski","description":"","publisher":{"@id":"http:\/\/sklep.bramywjazdowe.com.pl\/#organization"},"potentialAction":[{"@type":"SearchAction","target":{"@type":"EntryPoint","urlTemplate":"http:\/\/sklep.bramywjazdowe.com.pl\/?s={search_term_string}"},"query-input":{"@type":"PropertyValueSpecification","valueRequired":true,"valueName":"search_term_string"}}],"inLanguage":"pl-PL"},{"@type":"Organization","@id":"http:\/\/sklep.bramywjazdowe.com.pl\/#organization","name":"TRYMER Tomasz Kucharski","url":"http:\/\/sklep.bramywjazdowe.com.pl\/","logo":{"@type":"ImageObject","inLanguage":"pl-PL","@id":"http:\/\/sklep.bramywjazdowe.com.pl\/#\/schema\/logo\/image\/","url":"https:\/\/sklep.bramywjazdowe.com.pl\/wp-content\/uploads\/2022\/11\/logo-sklep-222.png","contentUrl":"https:\/\/sklep.bramywjazdowe.com.pl\/wp-content\/uploads\/2022\/11\/logo-sklep-222.png","width":1200,"height":180,"caption":"TRYMER Tomasz Kucharski"},"image":{"@id":"http:\/\/sklep.bramywjazdowe.com.pl\/#\/schema\/logo\/image\/"}}]}},"brands":[],"_links":{"self":[{"href":"https:\/\/sklep.bramywjazdowe.com.pl\/index.php?rest_route=\/wp\/v2\/product\/270","targetHints":{"allow":["GET"]}}],"collection":[{"href":"https:\/\/sklep.bramywjazdowe.com.pl\/index.php?rest_route=\/wp\/v2\/product"}],"about":[{"href":"https:\/\/sklep.bramywjazdowe.com.pl\/index.php?rest_route=\/wp\/v2\/types\/product"}],"replies":[{"embeddable":true,"href":"https:\/\/sklep.bramywjazdowe.com.pl\/index.php?rest_route=%2Fwp%2Fv2%2Fcomments&post=270"}],"wp:featuredmedia":[{"embeddable":true,"href":"https:\/\/sklep.bramywjazdowe.com.pl\/index.php?rest_route=\/wp\/v2\/media\/258"}],"wp:attachment":[{"href":"https:\/\/sklep.bramywjazdowe.com.pl\/index.php?rest_route=%2Fwp%2Fv2%2Fmedia&parent=270"}],"wp:term":[{"taxonomy":"pwb-brand","embeddable":true,"href":"https:\/\/sklep.bramywjazdowe.com.pl\/index.php?rest_route=%2Fwp%2Fv2%2Fpwb-brand&post=270"},{"taxonomy":"product_brand","embeddable":true,"href":"https:\/\/sklep.bramywjazdowe.com.pl\/index.php?rest_route=%2Fwp%2Fv2%2Fproduct_brand&post=270"},{"taxonomy":"product_cat","embeddable":true,"href":"https:\/\/sklep.bramywjazdowe.com.pl\/index.php?rest_route=%2Fwp%2Fv2%2Fproduct_cat&post=270"},{"taxonomy":"product_tag","embeddable":true,"href":"https:\/\/sklep.bramywjazdowe.com.pl\/index.php?rest_route=%2Fwp%2Fv2%2Fproduct_tag&post=270"}],"curies":[{"name":"wp","href":"https:\/\/api.w.org\/{rel}","templated":true}]}}