{"id":273,"date":"2022-11-22T22:00:47","date_gmt":"2022-11-22T21:00:47","guid":{"rendered":"http:\/\/sklep.bramywjazdowe.com.pl\/?post_type=product&#038;p=273"},"modified":"2023-02-21T15:13:43","modified_gmt":"2023-02-21T14:13:43","slug":"listwa-zebata-nylonowa-20mm-z-rdzeniem-stalowym","status":"publish","type":"product","link":"https:\/\/sklep.bramywjazdowe.com.pl\/?product=listwa-zebata-nylonowa-20mm-z-rdzeniem-stalowym","title":{"rendered":"Listwa z\u0119bata nylonowa 20mm z rdzeniem stalowym do przykr\u0119cenia (blachowkr\u0119ty i podk\u0142adki w komplecie)"},"content":{"rendered":"<p>Listwa z\u0119bata\u00a0nylonowa 20mm\u00a0z rdzeniem stalowym do przykr\u0119cenia (blachowkr\u0119ty i podk\u0142adki w komplecie)<\/p>\n<ul>\n<li>D\u0142ugo\u015b\u0107 listwy &#8211; 3 x 33\u00a0cm<\/li>\n<li>Grubo\u015b\u0107 listwy &#8211;\u00a020 mm<\/li>\n<li>Wysoko\u015b\u0107 listwy &#8211; 30 mm<\/li>\n<li>Modu\u0142 4<\/li>\n<\/ul>\n<p>Sprzedawana w odcinkach 33cm.<\/p>\n","protected":false},"excerpt":{"rendered":"<p>Listwa z\u0119bata\u00a0nylonowa 20mm\u00a0z rdzeniem stalowym do przykr\u0119cenia (blachowkr\u0119ty i podk\u0142adki w komplecie) D\u0142ugo\u015b\u0107 listwy &#8211; 3 x 33\u00a0cm Grubo\u015b\u0107 listwy &#8211;\u00a020 mm Wysoko\u015b\u0107 listwy &#8211; 30 mm Modu\u0142 4 Sprzedawana w odcinkach 33cm.<\/p>\n","protected":false},"featured_media":274,"comment_status":"open","ping_status":"closed","template":"","meta":[],"pwb-brand":[41,64,194],"product_brand":[],"product_cat":[45,55],"product_tag":[80,77,79,76,78,81],"class_list":{"0":"post-273","1":"product","2":"type-product","3":"status-publish","4":"has-post-thumbnail","6":"pwb-brand-came-2","7":"pwb-brand-nice","8":"pwb-brand-star-motor","9":"product_cat-akcesoria-2","10":"product_cat-do-bram-przesuwnych-4","11":"product_tag-beninca","12":"product_tag-came-4","13":"product_tag-faac","14":"product_tag-listwa-zebata","15":"product_tag-nice-3","16":"product_tag-tousek","18":"first","19":"instock","20":"taxable","21":"shipping-taxable","22":"purchasable","23":"product-type-simple"},"yoast_head":"<!-- This site is optimized with the Yoast SEO plugin v24.7 - https:\/\/yoast.com\/wordpress\/plugins\/seo\/ -->\n<title>Listwa z\u0119bata nylonowa 20mm z rdzeniem stalowym<\/title>\n<meta name=\"description\" content=\"Listwa z\u0119bata nylonowa 20mm z rdzeniem stalowym do przykr\u0119cenia (blachowkr\u0119ty i podk\u0142adki w komplecie) Automatyka do bram sprzeda\u017c, monta\u017c, serwis. TRYMER.\" \/>\n<meta name=\"robots\" content=\"index, follow, max-snippet:-1, max-image-preview:large, max-video-preview:-1\" \/>\n<link rel=\"canonical\" href=\"https:\/\/sklep.bramywjazdowe.com.pl\/?product=listwa-zebata-nylonowa-20mm-z-rdzeniem-stalowym\" \/>\n<meta property=\"og:locale\" content=\"pl_PL\" \/>\n<meta property=\"og:type\" content=\"article\" \/>\n<meta property=\"og:title\" content=\"Listwa z\u0119bata nylonowa 20mm z rdzeniem stalowym\" \/>\n<meta property=\"og:description\" content=\"Listwa z\u0119bata nylonowa 20mm z rdzeniem stalowym do przykr\u0119cenia (blachowkr\u0119ty i podk\u0142adki w komplecie) Automatyka do bram sprzeda\u017c, monta\u017c, serwis. TRYMER.\" \/>\n<meta property=\"og:url\" content=\"https:\/\/sklep.bramywjazdowe.com.pl\/?product=listwa-zebata-nylonowa-20mm-z-rdzeniem-stalowym\" \/>\n<meta property=\"article:modified_time\" content=\"2023-02-21T14:13:43+00:00\" \/>\n<meta property=\"og:image\" content=\"https:\/\/sklep.bramywjazdowe.com.pl\/wp-content\/uploads\/2022\/11\/Listwa-zebata-nylonowa.jpg\" \/>\n\t<meta property=\"og:image:width\" content=\"800\" \/>\n\t<meta property=\"og:image:height\" content=\"350\" \/>\n\t<meta property=\"og:image:type\" content=\"image\/jpeg\" \/>\n<meta name=\"twitter:card\" content=\"summary_large_image\" \/>\n<meta name=\"twitter:label1\" content=\"Szacowany czas czytania\" \/>\n\t<meta name=\"twitter:data1\" content=\"1 minuta\" \/>\n<script type=\"application\/ld+json\" class=\"yoast-schema-graph\">{\"@context\":\"https:\/\/schema.org\",\"@graph\":[{\"@type\":\"WebPage\",\"@id\":\"https:\/\/sklep.bramywjazdowe.com.pl\/?product=listwa-zebata-nylonowa-20mm-z-rdzeniem-stalowym\",\"url\":\"https:\/\/sklep.bramywjazdowe.com.pl\/?product=listwa-zebata-nylonowa-20mm-z-rdzeniem-stalowym\",\"name\":\"Listwa z\u0119bata nylonowa 20mm z rdzeniem stalowym\",\"isPartOf\":{\"@id\":\"http:\/\/sklep.bramywjazdowe.com.pl\/#website\"},\"primaryImageOfPage\":{\"@id\":\"https:\/\/sklep.bramywjazdowe.com.pl\/?product=listwa-zebata-nylonowa-20mm-z-rdzeniem-stalowym#primaryimage\"},\"image\":{\"@id\":\"https:\/\/sklep.bramywjazdowe.com.pl\/?product=listwa-zebata-nylonowa-20mm-z-rdzeniem-stalowym#primaryimage\"},\"thumbnailUrl\":\"https:\/\/sklep.bramywjazdowe.com.pl\/wp-content\/uploads\/2022\/11\/Listwa-zebata-nylonowa.jpg\",\"datePublished\":\"2022-11-22T21:00:47+00:00\",\"dateModified\":\"2023-02-21T14:13:43+00:00\",\"description\":\"Listwa z\u0119bata nylonowa 20mm z rdzeniem stalowym do przykr\u0119cenia (blachowkr\u0119ty i podk\u0142adki w komplecie) Automatyka do bram sprzeda\u017c, monta\u017c, serwis. TRYMER.\",\"breadcrumb\":{\"@id\":\"https:\/\/sklep.bramywjazdowe.com.pl\/?product=listwa-zebata-nylonowa-20mm-z-rdzeniem-stalowym#breadcrumb\"},\"inLanguage\":\"pl-PL\",\"potentialAction\":[{\"@type\":\"ReadAction\",\"target\":[\"https:\/\/sklep.bramywjazdowe.com.pl\/?product=listwa-zebata-nylonowa-20mm-z-rdzeniem-stalowym\"]}]},{\"@type\":\"ImageObject\",\"inLanguage\":\"pl-PL\",\"@id\":\"https:\/\/sklep.bramywjazdowe.com.pl\/?product=listwa-zebata-nylonowa-20mm-z-rdzeniem-stalowym#primaryimage\",\"url\":\"https:\/\/sklep.bramywjazdowe.com.pl\/wp-content\/uploads\/2022\/11\/Listwa-zebata-nylonowa.jpg\",\"contentUrl\":\"https:\/\/sklep.bramywjazdowe.com.pl\/wp-content\/uploads\/2022\/11\/Listwa-zebata-nylonowa.jpg\",\"width\":800,\"height\":350},{\"@type\":\"BreadcrumbList\",\"@id\":\"https:\/\/sklep.bramywjazdowe.com.pl\/?product=listwa-zebata-nylonowa-20mm-z-rdzeniem-stalowym#breadcrumb\",\"itemListElement\":[{\"@type\":\"ListItem\",\"position\":1,\"name\":\"Strona g\u0142\u00f3wna\",\"item\":\"http:\/\/sklep.bramywjazdowe.com.pl\/\"},{\"@type\":\"ListItem\",\"position\":2,\"name\":\"Produkty\",\"item\":\"http:\/\/sklep.bramywjazdowe.com.pl\/\"},{\"@type\":\"ListItem\",\"position\":3,\"name\":\"Listwa z\u0119bata nylonowa 20mm z rdzeniem stalowym do przykr\u0119cenia (blachowkr\u0119ty i podk\u0142adki w komplecie)\"}]},{\"@type\":\"WebSite\",\"@id\":\"http:\/\/sklep.bramywjazdowe.com.pl\/#website\",\"url\":\"http:\/\/sklep.bramywjazdowe.com.pl\/\",\"name\":\"Sklep Trymer Tomasz Kucharski\",\"description\":\"\",\"publisher\":{\"@id\":\"http:\/\/sklep.bramywjazdowe.com.pl\/#organization\"},\"potentialAction\":[{\"@type\":\"SearchAction\",\"target\":{\"@type\":\"EntryPoint\",\"urlTemplate\":\"http:\/\/sklep.bramywjazdowe.com.pl\/?s={search_term_string}\"},\"query-input\":{\"@type\":\"PropertyValueSpecification\",\"valueRequired\":true,\"valueName\":\"search_term_string\"}}],\"inLanguage\":\"pl-PL\"},{\"@type\":\"Organization\",\"@id\":\"http:\/\/sklep.bramywjazdowe.com.pl\/#organization\",\"name\":\"TRYMER Tomasz Kucharski\",\"url\":\"http:\/\/sklep.bramywjazdowe.com.pl\/\",\"logo\":{\"@type\":\"ImageObject\",\"inLanguage\":\"pl-PL\",\"@id\":\"http:\/\/sklep.bramywjazdowe.com.pl\/#\/schema\/logo\/image\/\",\"url\":\"https:\/\/sklep.bramywjazdowe.com.pl\/wp-content\/uploads\/2022\/11\/logo-sklep-222.png\",\"contentUrl\":\"https:\/\/sklep.bramywjazdowe.com.pl\/wp-content\/uploads\/2022\/11\/logo-sklep-222.png\",\"width\":1200,\"height\":180,\"caption\":\"TRYMER Tomasz Kucharski\"},\"image\":{\"@id\":\"http:\/\/sklep.bramywjazdowe.com.pl\/#\/schema\/logo\/image\/\"}}]}<\/script>\n<!-- \/ Yoast SEO plugin. -->","yoast_head_json":{"title":"Listwa z\u0119bata nylonowa 20mm z rdzeniem stalowym","description":"Listwa z\u0119bata nylonowa 20mm z rdzeniem stalowym do przykr\u0119cenia (blachowkr\u0119ty i podk\u0142adki w komplecie) Automatyka do bram sprzeda\u017c, monta\u017c, serwis. TRYMER.","robots":{"index":"index","follow":"follow","max-snippet":"max-snippet:-1","max-image-preview":"max-image-preview:large","max-video-preview":"max-video-preview:-1"},"canonical":"https:\/\/sklep.bramywjazdowe.com.pl\/?product=listwa-zebata-nylonowa-20mm-z-rdzeniem-stalowym","og_locale":"pl_PL","og_type":"article","og_title":"Listwa z\u0119bata nylonowa 20mm z rdzeniem stalowym","og_description":"Listwa z\u0119bata nylonowa 20mm z rdzeniem stalowym do przykr\u0119cenia (blachowkr\u0119ty i podk\u0142adki w komplecie) Automatyka do bram sprzeda\u017c, monta\u017c, serwis. TRYMER.","og_url":"https:\/\/sklep.bramywjazdowe.com.pl\/?product=listwa-zebata-nylonowa-20mm-z-rdzeniem-stalowym","article_modified_time":"2023-02-21T14:13:43+00:00","og_image":[{"width":800,"height":350,"url":"https:\/\/sklep.bramywjazdowe.com.pl\/wp-content\/uploads\/2022\/11\/Listwa-zebata-nylonowa.jpg","type":"image\/jpeg"}],"twitter_card":"summary_large_image","twitter_misc":{"Szacowany czas czytania":"1 minuta"},"schema":{"@context":"https:\/\/schema.org","@graph":[{"@type":"WebPage","@id":"https:\/\/sklep.bramywjazdowe.com.pl\/?product=listwa-zebata-nylonowa-20mm-z-rdzeniem-stalowym","url":"https:\/\/sklep.bramywjazdowe.com.pl\/?product=listwa-zebata-nylonowa-20mm-z-rdzeniem-stalowym","name":"Listwa z\u0119bata nylonowa 20mm z rdzeniem stalowym","isPartOf":{"@id":"http:\/\/sklep.bramywjazdowe.com.pl\/#website"},"primaryImageOfPage":{"@id":"https:\/\/sklep.bramywjazdowe.com.pl\/?product=listwa-zebata-nylonowa-20mm-z-rdzeniem-stalowym#primaryimage"},"image":{"@id":"https:\/\/sklep.bramywjazdowe.com.pl\/?product=listwa-zebata-nylonowa-20mm-z-rdzeniem-stalowym#primaryimage"},"thumbnailUrl":"https:\/\/sklep.bramywjazdowe.com.pl\/wp-content\/uploads\/2022\/11\/Listwa-zebata-nylonowa.jpg","datePublished":"2022-11-22T21:00:47+00:00","dateModified":"2023-02-21T14:13:43+00:00","description":"Listwa z\u0119bata nylonowa 20mm z rdzeniem stalowym do przykr\u0119cenia (blachowkr\u0119ty i podk\u0142adki w komplecie) Automatyka do bram sprzeda\u017c, monta\u017c, serwis. TRYMER.","breadcrumb":{"@id":"https:\/\/sklep.bramywjazdowe.com.pl\/?product=listwa-zebata-nylonowa-20mm-z-rdzeniem-stalowym#breadcrumb"},"inLanguage":"pl-PL","potentialAction":[{"@type":"ReadAction","target":["https:\/\/sklep.bramywjazdowe.com.pl\/?product=listwa-zebata-nylonowa-20mm-z-rdzeniem-stalowym"]}]},{"@type":"ImageObject","inLanguage":"pl-PL","@id":"https:\/\/sklep.bramywjazdowe.com.pl\/?product=listwa-zebata-nylonowa-20mm-z-rdzeniem-stalowym#primaryimage","url":"https:\/\/sklep.bramywjazdowe.com.pl\/wp-content\/uploads\/2022\/11\/Listwa-zebata-nylonowa.jpg","contentUrl":"https:\/\/sklep.bramywjazdowe.com.pl\/wp-content\/uploads\/2022\/11\/Listwa-zebata-nylonowa.jpg","width":800,"height":350},{"@type":"BreadcrumbList","@id":"https:\/\/sklep.bramywjazdowe.com.pl\/?product=listwa-zebata-nylonowa-20mm-z-rdzeniem-stalowym#breadcrumb","itemListElement":[{"@type":"ListItem","position":1,"name":"Strona g\u0142\u00f3wna","item":"http:\/\/sklep.bramywjazdowe.com.pl\/"},{"@type":"ListItem","position":2,"name":"Produkty","item":"http:\/\/sklep.bramywjazdowe.com.pl\/"},{"@type":"ListItem","position":3,"name":"Listwa z\u0119bata nylonowa 20mm z rdzeniem stalowym do przykr\u0119cenia (blachowkr\u0119ty i podk\u0142adki w komplecie)"}]},{"@type":"WebSite","@id":"http:\/\/sklep.bramywjazdowe.com.pl\/#website","url":"http:\/\/sklep.bramywjazdowe.com.pl\/","name":"Sklep Trymer Tomasz Kucharski","description":"","publisher":{"@id":"http:\/\/sklep.bramywjazdowe.com.pl\/#organization"},"potentialAction":[{"@type":"SearchAction","target":{"@type":"EntryPoint","urlTemplate":"http:\/\/sklep.bramywjazdowe.com.pl\/?s={search_term_string}"},"query-input":{"@type":"PropertyValueSpecification","valueRequired":true,"valueName":"search_term_string"}}],"inLanguage":"pl-PL"},{"@type":"Organization","@id":"http:\/\/sklep.bramywjazdowe.com.pl\/#organization","name":"TRYMER Tomasz Kucharski","url":"http:\/\/sklep.bramywjazdowe.com.pl\/","logo":{"@type":"ImageObject","inLanguage":"pl-PL","@id":"http:\/\/sklep.bramywjazdowe.com.pl\/#\/schema\/logo\/image\/","url":"https:\/\/sklep.bramywjazdowe.com.pl\/wp-content\/uploads\/2022\/11\/logo-sklep-222.png","contentUrl":"https:\/\/sklep.bramywjazdowe.com.pl\/wp-content\/uploads\/2022\/11\/logo-sklep-222.png","width":1200,"height":180,"caption":"TRYMER Tomasz Kucharski"},"image":{"@id":"http:\/\/sklep.bramywjazdowe.com.pl\/#\/schema\/logo\/image\/"}}]}},"brands":[{"id":41,"name":"CAME","slug":"came-2"},{"id":64,"name":"NICE","slug":"nice"},{"id":194,"name":"STAR MOTOR","slug":"star-motor"}],"_links":{"self":[{"href":"https:\/\/sklep.bramywjazdowe.com.pl\/index.php?rest_route=\/wp\/v2\/product\/273","targetHints":{"allow":["GET"]}}],"collection":[{"href":"https:\/\/sklep.bramywjazdowe.com.pl\/index.php?rest_route=\/wp\/v2\/product"}],"about":[{"href":"https:\/\/sklep.bramywjazdowe.com.pl\/index.php?rest_route=\/wp\/v2\/types\/product"}],"replies":[{"embeddable":true,"href":"https:\/\/sklep.bramywjazdowe.com.pl\/index.php?rest_route=%2Fwp%2Fv2%2Fcomments&post=273"}],"wp:featuredmedia":[{"embeddable":true,"href":"https:\/\/sklep.bramywjazdowe.com.pl\/index.php?rest_route=\/wp\/v2\/media\/274"}],"wp:attachment":[{"href":"https:\/\/sklep.bramywjazdowe.com.pl\/index.php?rest_route=%2Fwp%2Fv2%2Fmedia&parent=273"}],"wp:term":[{"taxonomy":"pwb-brand","embeddable":true,"href":"https:\/\/sklep.bramywjazdowe.com.pl\/index.php?rest_route=%2Fwp%2Fv2%2Fpwb-brand&post=273"},{"taxonomy":"product_brand","embeddable":true,"href":"https:\/\/sklep.bramywjazdowe.com.pl\/index.php?rest_route=%2Fwp%2Fv2%2Fproduct_brand&post=273"},{"taxonomy":"product_cat","embeddable":true,"href":"https:\/\/sklep.bramywjazdowe.com.pl\/index.php?rest_route=%2Fwp%2Fv2%2Fproduct_cat&post=273"},{"taxonomy":"product_tag","embeddable":true,"href":"https:\/\/sklep.bramywjazdowe.com.pl\/index.php?rest_route=%2Fwp%2Fv2%2Fproduct_tag&post=273"}],"curies":[{"name":"wp","href":"https:\/\/api.w.org\/{rel}","templated":true}]}}