{"id":345,"date":"2022-11-24T19:45:00","date_gmt":"2022-11-24T18:45:00","guid":{"rendered":"http:\/\/sklep.bramywjazdowe.com.pl\/?post_type=product&#038;p=345"},"modified":"2023-03-05T18:49:32","modified_gmt":"2023-03-05T17:49:32","slug":"dtm-fotokomorka-natynkowa-obrotowa-slim2-nadajnik-i-odbiornik","status":"publish","type":"product","link":"https:\/\/sklep.bramywjazdowe.com.pl\/?product=dtm-fotokomorka-natynkowa-obrotowa-slim2-nadajnik-i-odbiornik","title":{"rendered":"DTM &#8211; Fotokom\u00f3rka natynkowa obrotowa SLIM3 ECO (nadajnik i odbiornik)"},"content":{"rendered":"<p>DTM &#8211; Fotokom\u00f3rka natynkowa obrotowa SLIM3 ECO (nadajnik i odbiornik)<\/p>\n<h2><span style=\"font-size: 16px;\">PARAMETRY PODSTAWOWE:<\/span><\/h2>\n<ul>\n<li>zasi\u0119g dzia\u0142ania: 15m<\/li>\n<li>regulacja k\u0105ta patrzenia: 180\u00b0 w poziomie<\/li>\n<li>zasilanie nadajnika i odbiornika: 12-24V AC lub DC<\/li>\n<li>pob\u00f3r pr\u0105du odbiornika: 25mA<\/li>\n<li>pob\u00f3r pr\u0105du nadajnika: 25mA<\/li>\n<li>temperatura pracy (min.\/max.): -20\u00b0C \/ +55\u00b0C<\/li>\n<li>gabaryty zew. obudowy (szer. x g\u0142\u0119b. x wys.): 37x36x120mm<\/li>\n<li>stopie\u0144 ochrony: IP 54<\/li>\n<li>materia\u0142 obudowy: obudowa z ABS z poliw\u0119glanowym kloszem<\/li>\n<\/ul>\n<p>ELEMENTY WYKONAWCZE:<\/p>\n<ul>\n<li>wyj\u015bcia stykowe (typ \/ maksymalne obci\u0105\u017cenie): NO lub NC \/ 1A 24V AC lub DC<\/li>\n<\/ul>\n<p>FUNKCJONALNO\u015a\u0106:<\/p>\n<ul>\n<li>regulowany k\u0105t patrzenia: 180\u00b0 w poziomie w nadajniku i odbiorniku, umo\u017cliwia zamontowanie fotokom\u00f3rki na p\u0142aszczy\u017anie r\u00f3wnoleg\u0142ej do p\u0142aszczyzny bramy<\/li>\n<li>interfejs u\u017cytkownika: sprz\u0119towy interfejs na dw\u00f3ch diodach LED sygnalizuj\u0105cych pod\u0142\u0105czenie zasilania oraz u\u0142atwiaj\u0105ce synchronizacj\u0119 promienia nadajnika z odbiornikiem<\/li>\n<li>dodatkowe zabezpieczenie: uk\u0142ad wyj\u015bciowy o zwi\u0119kszonym stopniu bezpiecze\u0144stwa (w przypadku uszkodzenia, wyj\u015bcie fotokom\u00f3rki przechodzi zawsze w stan naruszenia)<\/li>\n<\/ul>\n","protected":false},"excerpt":{"rendered":"<p>DTM &#8211; Fotokom\u00f3rka natynkowa obrotowa SLIM3 ECO (nadajnik i odbiornik) PARAMETRY PODSTAWOWE: zasi\u0119g dzia\u0142ania: 15m regulacja k\u0105ta patrzenia: 180\u00b0 w poziomie zasilanie nadajnika i odbiornika: 12-24V AC lub DC pob\u00f3r pr\u0105du odbiornika: 25mA pob\u00f3r pr\u0105du nadajnika: 25mA temperatura pracy (min.\/max.): -20\u00b0C \/ +55\u00b0C gabaryty zew. obudowy (szer. x g\u0142\u0119b. x wys.): 37x36x120mm stopie\u0144 ochrony: IP [&hellip;]<\/p>\n","protected":false},"featured_media":765,"comment_status":"open","ping_status":"closed","template":"","meta":[],"pwb-brand":[42],"product_brand":[],"product_cat":[45,46],"product_tag":[88,86,126,127],"class_list":{"0":"post-345","1":"product","2":"type-product","3":"status-publish","4":"has-post-thumbnail","6":"pwb-brand-dtm-system","7":"product_cat-akcesoria-2","8":"product_cat-fotokomorki-2","9":"product_tag-dtm","10":"product_tag-fotokomorki","11":"product_tag-slim2","12":"product_tag-slim3","14":"first","15":"instock","16":"taxable","17":"shipping-taxable","18":"purchasable","19":"product-type-simple"},"yoast_head":"<!-- This site is optimized with the Yoast SEO plugin v24.7 - https:\/\/yoast.com\/wordpress\/plugins\/seo\/ -->\n<title>DTM Fotokom\u00f3rka natynkowa obrotowa SLIM3 ECO<\/title>\n<meta name=\"description\" content=\"DTM Fotokom\u00f3rka natynkowa obrotowa SLIM3 ECO nadajnik i odbiornik Automatyka do bram sprzeda\u017c, monta\u017c, serwis. Atrakcyjne ceny, szybki czas realizacji.\" \/>\n<meta name=\"robots\" content=\"index, follow, max-snippet:-1, max-image-preview:large, max-video-preview:-1\" \/>\n<link rel=\"canonical\" href=\"https:\/\/sklep.bramywjazdowe.com.pl\/?product=dtm-fotokomorka-natynkowa-obrotowa-slim2-nadajnik-i-odbiornik\" \/>\n<meta property=\"og:locale\" content=\"pl_PL\" \/>\n<meta property=\"og:type\" content=\"article\" \/>\n<meta property=\"og:title\" content=\"DTM Fotokom\u00f3rka natynkowa obrotowa SLIM3 ECO\" \/>\n<meta property=\"og:description\" content=\"DTM Fotokom\u00f3rka natynkowa obrotowa SLIM3 ECO nadajnik i odbiornik Automatyka do bram sprzeda\u017c, monta\u017c, serwis. Atrakcyjne ceny, szybki czas realizacji.\" \/>\n<meta property=\"og:url\" content=\"https:\/\/sklep.bramywjazdowe.com.pl\/?product=dtm-fotokomorka-natynkowa-obrotowa-slim2-nadajnik-i-odbiornik\" \/>\n<meta property=\"article:modified_time\" content=\"2023-03-05T17:49:32+00:00\" \/>\n<meta property=\"og:image\" content=\"https:\/\/sklep.bramywjazdowe.com.pl\/wp-content\/uploads\/2022\/11\/DTM-slim3-eco.webp\" \/>\n\t<meta property=\"og:image:width\" content=\"1024\" \/>\n\t<meta property=\"og:image:height\" content=\"683\" \/>\n\t<meta property=\"og:image:type\" content=\"image\/webp\" \/>\n<meta name=\"twitter:card\" content=\"summary_large_image\" \/>\n<meta name=\"twitter:label1\" content=\"Szacowany czas czytania\" \/>\n\t<meta name=\"twitter:data1\" content=\"1 minuta\" \/>\n<script type=\"application\/ld+json\" class=\"yoast-schema-graph\">{\"@context\":\"https:\/\/schema.org\",\"@graph\":[{\"@type\":\"WebPage\",\"@id\":\"https:\/\/sklep.bramywjazdowe.com.pl\/?product=dtm-fotokomorka-natynkowa-obrotowa-slim2-nadajnik-i-odbiornik\",\"url\":\"https:\/\/sklep.bramywjazdowe.com.pl\/?product=dtm-fotokomorka-natynkowa-obrotowa-slim2-nadajnik-i-odbiornik\",\"name\":\"DTM Fotokom\u00f3rka natynkowa obrotowa SLIM3 ECO\",\"isPartOf\":{\"@id\":\"http:\/\/sklep.bramywjazdowe.com.pl\/#website\"},\"primaryImageOfPage\":{\"@id\":\"https:\/\/sklep.bramywjazdowe.com.pl\/?product=dtm-fotokomorka-natynkowa-obrotowa-slim2-nadajnik-i-odbiornik#primaryimage\"},\"image\":{\"@id\":\"https:\/\/sklep.bramywjazdowe.com.pl\/?product=dtm-fotokomorka-natynkowa-obrotowa-slim2-nadajnik-i-odbiornik#primaryimage\"},\"thumbnailUrl\":\"https:\/\/sklep.bramywjazdowe.com.pl\/wp-content\/uploads\/2022\/11\/DTM-slim3-eco.webp\",\"datePublished\":\"2022-11-24T18:45:00+00:00\",\"dateModified\":\"2023-03-05T17:49:32+00:00\",\"description\":\"DTM Fotokom\u00f3rka natynkowa obrotowa SLIM3 ECO nadajnik i odbiornik Automatyka do bram sprzeda\u017c, monta\u017c, serwis. Atrakcyjne ceny, szybki czas realizacji.\",\"breadcrumb\":{\"@id\":\"https:\/\/sklep.bramywjazdowe.com.pl\/?product=dtm-fotokomorka-natynkowa-obrotowa-slim2-nadajnik-i-odbiornik#breadcrumb\"},\"inLanguage\":\"pl-PL\",\"potentialAction\":[{\"@type\":\"ReadAction\",\"target\":[\"https:\/\/sklep.bramywjazdowe.com.pl\/?product=dtm-fotokomorka-natynkowa-obrotowa-slim2-nadajnik-i-odbiornik\"]}]},{\"@type\":\"ImageObject\",\"inLanguage\":\"pl-PL\",\"@id\":\"https:\/\/sklep.bramywjazdowe.com.pl\/?product=dtm-fotokomorka-natynkowa-obrotowa-slim2-nadajnik-i-odbiornik#primaryimage\",\"url\":\"https:\/\/sklep.bramywjazdowe.com.pl\/wp-content\/uploads\/2022\/11\/DTM-slim3-eco.webp\",\"contentUrl\":\"https:\/\/sklep.bramywjazdowe.com.pl\/wp-content\/uploads\/2022\/11\/DTM-slim3-eco.webp\",\"width\":1024,\"height\":683,\"caption\":\"DTM slim3 eco\"},{\"@type\":\"BreadcrumbList\",\"@id\":\"https:\/\/sklep.bramywjazdowe.com.pl\/?product=dtm-fotokomorka-natynkowa-obrotowa-slim2-nadajnik-i-odbiornik#breadcrumb\",\"itemListElement\":[{\"@type\":\"ListItem\",\"position\":1,\"name\":\"Strona g\u0142\u00f3wna\",\"item\":\"http:\/\/sklep.bramywjazdowe.com.pl\/\"},{\"@type\":\"ListItem\",\"position\":2,\"name\":\"Produkty\",\"item\":\"http:\/\/sklep.bramywjazdowe.com.pl\/\"},{\"@type\":\"ListItem\",\"position\":3,\"name\":\"DTM &#8211; Fotokom\u00f3rka natynkowa obrotowa SLIM3 ECO (nadajnik i odbiornik)\"}]},{\"@type\":\"WebSite\",\"@id\":\"http:\/\/sklep.bramywjazdowe.com.pl\/#website\",\"url\":\"http:\/\/sklep.bramywjazdowe.com.pl\/\",\"name\":\"Sklep Trymer Tomasz Kucharski\",\"description\":\"\",\"publisher\":{\"@id\":\"http:\/\/sklep.bramywjazdowe.com.pl\/#organization\"},\"potentialAction\":[{\"@type\":\"SearchAction\",\"target\":{\"@type\":\"EntryPoint\",\"urlTemplate\":\"http:\/\/sklep.bramywjazdowe.com.pl\/?s={search_term_string}\"},\"query-input\":{\"@type\":\"PropertyValueSpecification\",\"valueRequired\":true,\"valueName\":\"search_term_string\"}}],\"inLanguage\":\"pl-PL\"},{\"@type\":\"Organization\",\"@id\":\"http:\/\/sklep.bramywjazdowe.com.pl\/#organization\",\"name\":\"TRYMER Tomasz Kucharski\",\"url\":\"http:\/\/sklep.bramywjazdowe.com.pl\/\",\"logo\":{\"@type\":\"ImageObject\",\"inLanguage\":\"pl-PL\",\"@id\":\"http:\/\/sklep.bramywjazdowe.com.pl\/#\/schema\/logo\/image\/\",\"url\":\"https:\/\/sklep.bramywjazdowe.com.pl\/wp-content\/uploads\/2022\/11\/logo-sklep-222.png\",\"contentUrl\":\"https:\/\/sklep.bramywjazdowe.com.pl\/wp-content\/uploads\/2022\/11\/logo-sklep-222.png\",\"width\":1200,\"height\":180,\"caption\":\"TRYMER Tomasz Kucharski\"},\"image\":{\"@id\":\"http:\/\/sklep.bramywjazdowe.com.pl\/#\/schema\/logo\/image\/\"}}]}<\/script>\n<!-- \/ Yoast SEO plugin. -->","yoast_head_json":{"title":"DTM Fotokom\u00f3rka natynkowa obrotowa SLIM3 ECO","description":"DTM Fotokom\u00f3rka natynkowa obrotowa SLIM3 ECO nadajnik i odbiornik Automatyka do bram sprzeda\u017c, monta\u017c, serwis. Atrakcyjne ceny, szybki czas realizacji.","robots":{"index":"index","follow":"follow","max-snippet":"max-snippet:-1","max-image-preview":"max-image-preview:large","max-video-preview":"max-video-preview:-1"},"canonical":"https:\/\/sklep.bramywjazdowe.com.pl\/?product=dtm-fotokomorka-natynkowa-obrotowa-slim2-nadajnik-i-odbiornik","og_locale":"pl_PL","og_type":"article","og_title":"DTM Fotokom\u00f3rka natynkowa obrotowa SLIM3 ECO","og_description":"DTM Fotokom\u00f3rka natynkowa obrotowa SLIM3 ECO nadajnik i odbiornik Automatyka do bram sprzeda\u017c, monta\u017c, serwis. Atrakcyjne ceny, szybki czas realizacji.","og_url":"https:\/\/sklep.bramywjazdowe.com.pl\/?product=dtm-fotokomorka-natynkowa-obrotowa-slim2-nadajnik-i-odbiornik","article_modified_time":"2023-03-05T17:49:32+00:00","og_image":[{"width":1024,"height":683,"url":"https:\/\/sklep.bramywjazdowe.com.pl\/wp-content\/uploads\/2022\/11\/DTM-slim3-eco.webp","type":"image\/webp"}],"twitter_card":"summary_large_image","twitter_misc":{"Szacowany czas czytania":"1 minuta"},"schema":{"@context":"https:\/\/schema.org","@graph":[{"@type":"WebPage","@id":"https:\/\/sklep.bramywjazdowe.com.pl\/?product=dtm-fotokomorka-natynkowa-obrotowa-slim2-nadajnik-i-odbiornik","url":"https:\/\/sklep.bramywjazdowe.com.pl\/?product=dtm-fotokomorka-natynkowa-obrotowa-slim2-nadajnik-i-odbiornik","name":"DTM Fotokom\u00f3rka natynkowa obrotowa SLIM3 ECO","isPartOf":{"@id":"http:\/\/sklep.bramywjazdowe.com.pl\/#website"},"primaryImageOfPage":{"@id":"https:\/\/sklep.bramywjazdowe.com.pl\/?product=dtm-fotokomorka-natynkowa-obrotowa-slim2-nadajnik-i-odbiornik#primaryimage"},"image":{"@id":"https:\/\/sklep.bramywjazdowe.com.pl\/?product=dtm-fotokomorka-natynkowa-obrotowa-slim2-nadajnik-i-odbiornik#primaryimage"},"thumbnailUrl":"https:\/\/sklep.bramywjazdowe.com.pl\/wp-content\/uploads\/2022\/11\/DTM-slim3-eco.webp","datePublished":"2022-11-24T18:45:00+00:00","dateModified":"2023-03-05T17:49:32+00:00","description":"DTM Fotokom\u00f3rka natynkowa obrotowa SLIM3 ECO nadajnik i odbiornik Automatyka do bram sprzeda\u017c, monta\u017c, serwis. Atrakcyjne ceny, szybki czas realizacji.","breadcrumb":{"@id":"https:\/\/sklep.bramywjazdowe.com.pl\/?product=dtm-fotokomorka-natynkowa-obrotowa-slim2-nadajnik-i-odbiornik#breadcrumb"},"inLanguage":"pl-PL","potentialAction":[{"@type":"ReadAction","target":["https:\/\/sklep.bramywjazdowe.com.pl\/?product=dtm-fotokomorka-natynkowa-obrotowa-slim2-nadajnik-i-odbiornik"]}]},{"@type":"ImageObject","inLanguage":"pl-PL","@id":"https:\/\/sklep.bramywjazdowe.com.pl\/?product=dtm-fotokomorka-natynkowa-obrotowa-slim2-nadajnik-i-odbiornik#primaryimage","url":"https:\/\/sklep.bramywjazdowe.com.pl\/wp-content\/uploads\/2022\/11\/DTM-slim3-eco.webp","contentUrl":"https:\/\/sklep.bramywjazdowe.com.pl\/wp-content\/uploads\/2022\/11\/DTM-slim3-eco.webp","width":1024,"height":683,"caption":"DTM slim3 eco"},{"@type":"BreadcrumbList","@id":"https:\/\/sklep.bramywjazdowe.com.pl\/?product=dtm-fotokomorka-natynkowa-obrotowa-slim2-nadajnik-i-odbiornik#breadcrumb","itemListElement":[{"@type":"ListItem","position":1,"name":"Strona g\u0142\u00f3wna","item":"http:\/\/sklep.bramywjazdowe.com.pl\/"},{"@type":"ListItem","position":2,"name":"Produkty","item":"http:\/\/sklep.bramywjazdowe.com.pl\/"},{"@type":"ListItem","position":3,"name":"DTM &#8211; Fotokom\u00f3rka natynkowa obrotowa SLIM3 ECO (nadajnik i odbiornik)"}]},{"@type":"WebSite","@id":"http:\/\/sklep.bramywjazdowe.com.pl\/#website","url":"http:\/\/sklep.bramywjazdowe.com.pl\/","name":"Sklep Trymer Tomasz Kucharski","description":"","publisher":{"@id":"http:\/\/sklep.bramywjazdowe.com.pl\/#organization"},"potentialAction":[{"@type":"SearchAction","target":{"@type":"EntryPoint","urlTemplate":"http:\/\/sklep.bramywjazdowe.com.pl\/?s={search_term_string}"},"query-input":{"@type":"PropertyValueSpecification","valueRequired":true,"valueName":"search_term_string"}}],"inLanguage":"pl-PL"},{"@type":"Organization","@id":"http:\/\/sklep.bramywjazdowe.com.pl\/#organization","name":"TRYMER Tomasz Kucharski","url":"http:\/\/sklep.bramywjazdowe.com.pl\/","logo":{"@type":"ImageObject","inLanguage":"pl-PL","@id":"http:\/\/sklep.bramywjazdowe.com.pl\/#\/schema\/logo\/image\/","url":"https:\/\/sklep.bramywjazdowe.com.pl\/wp-content\/uploads\/2022\/11\/logo-sklep-222.png","contentUrl":"https:\/\/sklep.bramywjazdowe.com.pl\/wp-content\/uploads\/2022\/11\/logo-sklep-222.png","width":1200,"height":180,"caption":"TRYMER Tomasz Kucharski"},"image":{"@id":"http:\/\/sklep.bramywjazdowe.com.pl\/#\/schema\/logo\/image\/"}}]}},"brands":[{"id":42,"name":"DTM System","slug":"dtm-system"}],"_links":{"self":[{"href":"https:\/\/sklep.bramywjazdowe.com.pl\/index.php?rest_route=\/wp\/v2\/product\/345","targetHints":{"allow":["GET"]}}],"collection":[{"href":"https:\/\/sklep.bramywjazdowe.com.pl\/index.php?rest_route=\/wp\/v2\/product"}],"about":[{"href":"https:\/\/sklep.bramywjazdowe.com.pl\/index.php?rest_route=\/wp\/v2\/types\/product"}],"replies":[{"embeddable":true,"href":"https:\/\/sklep.bramywjazdowe.com.pl\/index.php?rest_route=%2Fwp%2Fv2%2Fcomments&post=345"}],"wp:featuredmedia":[{"embeddable":true,"href":"https:\/\/sklep.bramywjazdowe.com.pl\/index.php?rest_route=\/wp\/v2\/media\/765"}],"wp:attachment":[{"href":"https:\/\/sklep.bramywjazdowe.com.pl\/index.php?rest_route=%2Fwp%2Fv2%2Fmedia&parent=345"}],"wp:term":[{"taxonomy":"pwb-brand","embeddable":true,"href":"https:\/\/sklep.bramywjazdowe.com.pl\/index.php?rest_route=%2Fwp%2Fv2%2Fpwb-brand&post=345"},{"taxonomy":"product_brand","embeddable":true,"href":"https:\/\/sklep.bramywjazdowe.com.pl\/index.php?rest_route=%2Fwp%2Fv2%2Fproduct_brand&post=345"},{"taxonomy":"product_cat","embeddable":true,"href":"https:\/\/sklep.bramywjazdowe.com.pl\/index.php?rest_route=%2Fwp%2Fv2%2Fproduct_cat&post=345"},{"taxonomy":"product_tag","embeddable":true,"href":"https:\/\/sklep.bramywjazdowe.com.pl\/index.php?rest_route=%2Fwp%2Fv2%2Fproduct_tag&post=345"}],"curies":[{"name":"wp","href":"https:\/\/api.w.org\/{rel}","templated":true}]}}