{"id":359,"date":"2022-11-24T23:45:25","date_gmt":"2022-11-24T22:45:25","guid":{"rendered":"http:\/\/sklep.bramywjazdowe.com.pl\/?post_type=product&#038;p=359"},"modified":"2023-01-06T22:27:12","modified_gmt":"2023-01-06T21:27:12","slug":"came-lampa-ostrzegawcza-kiaro-kled","status":"publish","type":"product","link":"https:\/\/sklep.bramywjazdowe.com.pl\/?product=came-lampa-ostrzegawcza-kiaro-kled","title":{"rendered":"CAME &#8211; lampa ostrzegawcza 230V KIARO KLED"},"content":{"rendered":"<p>CAME &#8211; lampa ostrzegawcza 230V KIARO KLED<\/p>\n<p>PARAMETRY:<\/p>\n<ul>\n<li>zasilanie:\u00a0120-230 V<\/li>\n<li>temperatura pracy: -20\u00b0C \/ +55\u00b0C<\/li>\n<li>klosz: pomara\u0144czowy<\/li>\n<li>technologia: LED 2W<\/li>\n<li>przeznaczenie: o\u015bwietlenie sygnalizacyjne<\/li>\n<li>spos\u00f3b monta\u017cu: na p\u0142aszczy\u017anie poziomej lub pionowej po zastosowaniu podstawki KIAROS<\/li>\n<li>stopie\u0144 szczelno\u015bci: IP-54<\/li>\n<li>odporno\u015b\u0107 na wstrz\u0105sy i wibracje: wysoka<\/li>\n<li>wymiary: 130x170x76mm<\/li>\n<li>antena: wbudowana: brak<\/li>\n<\/ul>\n","protected":false},"excerpt":{"rendered":"<p>CAME &#8211; lampa ostrzegawcza 230V KIARO KLED PARAMETRY: zasilanie:\u00a0120-230 V temperatura pracy: -20\u00b0C \/ +55\u00b0C klosz: pomara\u0144czowy technologia: LED 2W przeznaczenie: o\u015bwietlenie sygnalizacyjne spos\u00f3b monta\u017cu: na p\u0142aszczy\u017anie poziomej lub pionowej po zastosowaniu podstawki KIAROS stopie\u0144 szczelno\u015bci: IP-54 odporno\u015b\u0107 na wstrz\u0105sy i wibracje: wysoka wymiary: 130x170x76mm antena: wbudowana: brak<\/p>\n","protected":false},"featured_media":360,"comment_status":"open","ping_status":"closed","template":"","meta":[],"pwb-brand":[41],"product_brand":[],"product_cat":[45,56],"product_tag":[77,152,92],"class_list":{"0":"post-359","1":"product","2":"type-product","3":"status-publish","4":"has-post-thumbnail","6":"pwb-brand-came-2","7":"product_cat-akcesoria-2","8":"product_cat-lampy-ostrzegawcze-2","9":"product_tag-came-4","10":"product_tag-kiaro","11":"product_tag-lampa-ostrzegawcza","13":"first","14":"instock","15":"taxable","16":"shipping-taxable","17":"purchasable","18":"product-type-simple"},"yoast_head":"<!-- This site is optimized with the Yoast SEO plugin v24.7 - https:\/\/yoast.com\/wordpress\/plugins\/seo\/ -->\n<title>CAME - lampa ostrzegawcza 230V KIARO KLED<\/title>\n<meta name=\"description\" content=\"CAME - lampa ostrzegawcza KIARO KLED. Automatyka do bram sprzeda\u017c, monta\u017c serwis. TRYMER. Atrakcyjne ceny, szybki czas realizacji.\" \/>\n<meta name=\"robots\" content=\"index, follow, max-snippet:-1, max-image-preview:large, max-video-preview:-1\" \/>\n<link rel=\"canonical\" href=\"https:\/\/sklep.bramywjazdowe.com.pl\/?product=came-lampa-ostrzegawcza-kiaro-kled\" \/>\n<meta property=\"og:locale\" content=\"pl_PL\" \/>\n<meta property=\"og:type\" content=\"article\" \/>\n<meta property=\"og:title\" content=\"CAME - lampa ostrzegawcza 230V KIARO KLED\" \/>\n<meta property=\"og:description\" content=\"CAME - lampa ostrzegawcza KIARO KLED. Automatyka do bram sprzeda\u017c, monta\u017c serwis. TRYMER. Atrakcyjne ceny, szybki czas realizacji.\" \/>\n<meta property=\"og:url\" content=\"https:\/\/sklep.bramywjazdowe.com.pl\/?product=came-lampa-ostrzegawcza-kiaro-kled\" \/>\n<meta property=\"article:modified_time\" content=\"2023-01-06T21:27:12+00:00\" \/>\n<meta property=\"og:image\" content=\"https:\/\/sklep.bramywjazdowe.com.pl\/wp-content\/uploads\/2022\/11\/lampa_kiaron.jpg\" \/>\n\t<meta property=\"og:image:width\" content=\"480\" \/>\n\t<meta property=\"og:image:height\" content=\"543\" \/>\n\t<meta property=\"og:image:type\" content=\"image\/jpeg\" \/>\n<meta name=\"twitter:card\" content=\"summary_large_image\" \/>\n<meta name=\"twitter:label1\" content=\"Szacowany czas czytania\" \/>\n\t<meta name=\"twitter:data1\" content=\"1 minuta\" \/>\n<script type=\"application\/ld+json\" class=\"yoast-schema-graph\">{\"@context\":\"https:\/\/schema.org\",\"@graph\":[{\"@type\":\"WebPage\",\"@id\":\"https:\/\/sklep.bramywjazdowe.com.pl\/?product=came-lampa-ostrzegawcza-kiaro-kled\",\"url\":\"https:\/\/sklep.bramywjazdowe.com.pl\/?product=came-lampa-ostrzegawcza-kiaro-kled\",\"name\":\"CAME - lampa ostrzegawcza 230V KIARO KLED\",\"isPartOf\":{\"@id\":\"http:\/\/sklep.bramywjazdowe.com.pl\/#website\"},\"primaryImageOfPage\":{\"@id\":\"https:\/\/sklep.bramywjazdowe.com.pl\/?product=came-lampa-ostrzegawcza-kiaro-kled#primaryimage\"},\"image\":{\"@id\":\"https:\/\/sklep.bramywjazdowe.com.pl\/?product=came-lampa-ostrzegawcza-kiaro-kled#primaryimage\"},\"thumbnailUrl\":\"https:\/\/sklep.bramywjazdowe.com.pl\/wp-content\/uploads\/2022\/11\/lampa_kiaron.jpg\",\"datePublished\":\"2022-11-24T22:45:25+00:00\",\"dateModified\":\"2023-01-06T21:27:12+00:00\",\"description\":\"CAME - lampa ostrzegawcza KIARO KLED. Automatyka do bram sprzeda\u017c, monta\u017c serwis. TRYMER. Atrakcyjne ceny, szybki czas realizacji.\",\"breadcrumb\":{\"@id\":\"https:\/\/sklep.bramywjazdowe.com.pl\/?product=came-lampa-ostrzegawcza-kiaro-kled#breadcrumb\"},\"inLanguage\":\"pl-PL\",\"potentialAction\":[{\"@type\":\"ReadAction\",\"target\":[\"https:\/\/sklep.bramywjazdowe.com.pl\/?product=came-lampa-ostrzegawcza-kiaro-kled\"]}]},{\"@type\":\"ImageObject\",\"inLanguage\":\"pl-PL\",\"@id\":\"https:\/\/sklep.bramywjazdowe.com.pl\/?product=came-lampa-ostrzegawcza-kiaro-kled#primaryimage\",\"url\":\"https:\/\/sklep.bramywjazdowe.com.pl\/wp-content\/uploads\/2022\/11\/lampa_kiaron.jpg\",\"contentUrl\":\"https:\/\/sklep.bramywjazdowe.com.pl\/wp-content\/uploads\/2022\/11\/lampa_kiaron.jpg\",\"width\":480,\"height\":543},{\"@type\":\"BreadcrumbList\",\"@id\":\"https:\/\/sklep.bramywjazdowe.com.pl\/?product=came-lampa-ostrzegawcza-kiaro-kled#breadcrumb\",\"itemListElement\":[{\"@type\":\"ListItem\",\"position\":1,\"name\":\"Strona g\u0142\u00f3wna\",\"item\":\"http:\/\/sklep.bramywjazdowe.com.pl\/\"},{\"@type\":\"ListItem\",\"position\":2,\"name\":\"Produkty\",\"item\":\"http:\/\/sklep.bramywjazdowe.com.pl\/\"},{\"@type\":\"ListItem\",\"position\":3,\"name\":\"CAME &#8211; lampa ostrzegawcza 230V KIARO KLED\"}]},{\"@type\":\"WebSite\",\"@id\":\"http:\/\/sklep.bramywjazdowe.com.pl\/#website\",\"url\":\"http:\/\/sklep.bramywjazdowe.com.pl\/\",\"name\":\"Sklep Trymer Tomasz Kucharski\",\"description\":\"\",\"publisher\":{\"@id\":\"http:\/\/sklep.bramywjazdowe.com.pl\/#organization\"},\"potentialAction\":[{\"@type\":\"SearchAction\",\"target\":{\"@type\":\"EntryPoint\",\"urlTemplate\":\"http:\/\/sklep.bramywjazdowe.com.pl\/?s={search_term_string}\"},\"query-input\":{\"@type\":\"PropertyValueSpecification\",\"valueRequired\":true,\"valueName\":\"search_term_string\"}}],\"inLanguage\":\"pl-PL\"},{\"@type\":\"Organization\",\"@id\":\"http:\/\/sklep.bramywjazdowe.com.pl\/#organization\",\"name\":\"TRYMER Tomasz Kucharski\",\"url\":\"http:\/\/sklep.bramywjazdowe.com.pl\/\",\"logo\":{\"@type\":\"ImageObject\",\"inLanguage\":\"pl-PL\",\"@id\":\"http:\/\/sklep.bramywjazdowe.com.pl\/#\/schema\/logo\/image\/\",\"url\":\"https:\/\/sklep.bramywjazdowe.com.pl\/wp-content\/uploads\/2022\/11\/logo-sklep-222.png\",\"contentUrl\":\"https:\/\/sklep.bramywjazdowe.com.pl\/wp-content\/uploads\/2022\/11\/logo-sklep-222.png\",\"width\":1200,\"height\":180,\"caption\":\"TRYMER Tomasz Kucharski\"},\"image\":{\"@id\":\"http:\/\/sklep.bramywjazdowe.com.pl\/#\/schema\/logo\/image\/\"}}]}<\/script>\n<!-- \/ Yoast SEO plugin. -->","yoast_head_json":{"title":"CAME - lampa ostrzegawcza 230V KIARO KLED","description":"CAME - lampa ostrzegawcza KIARO KLED. Automatyka do bram sprzeda\u017c, monta\u017c serwis. TRYMER. Atrakcyjne ceny, szybki czas realizacji.","robots":{"index":"index","follow":"follow","max-snippet":"max-snippet:-1","max-image-preview":"max-image-preview:large","max-video-preview":"max-video-preview:-1"},"canonical":"https:\/\/sklep.bramywjazdowe.com.pl\/?product=came-lampa-ostrzegawcza-kiaro-kled","og_locale":"pl_PL","og_type":"article","og_title":"CAME - lampa ostrzegawcza 230V KIARO KLED","og_description":"CAME - lampa ostrzegawcza KIARO KLED. Automatyka do bram sprzeda\u017c, monta\u017c serwis. TRYMER. Atrakcyjne ceny, szybki czas realizacji.","og_url":"https:\/\/sklep.bramywjazdowe.com.pl\/?product=came-lampa-ostrzegawcza-kiaro-kled","article_modified_time":"2023-01-06T21:27:12+00:00","og_image":[{"width":480,"height":543,"url":"https:\/\/sklep.bramywjazdowe.com.pl\/wp-content\/uploads\/2022\/11\/lampa_kiaron.jpg","type":"image\/jpeg"}],"twitter_card":"summary_large_image","twitter_misc":{"Szacowany czas czytania":"1 minuta"},"schema":{"@context":"https:\/\/schema.org","@graph":[{"@type":"WebPage","@id":"https:\/\/sklep.bramywjazdowe.com.pl\/?product=came-lampa-ostrzegawcza-kiaro-kled","url":"https:\/\/sklep.bramywjazdowe.com.pl\/?product=came-lampa-ostrzegawcza-kiaro-kled","name":"CAME - lampa ostrzegawcza 230V KIARO KLED","isPartOf":{"@id":"http:\/\/sklep.bramywjazdowe.com.pl\/#website"},"primaryImageOfPage":{"@id":"https:\/\/sklep.bramywjazdowe.com.pl\/?product=came-lampa-ostrzegawcza-kiaro-kled#primaryimage"},"image":{"@id":"https:\/\/sklep.bramywjazdowe.com.pl\/?product=came-lampa-ostrzegawcza-kiaro-kled#primaryimage"},"thumbnailUrl":"https:\/\/sklep.bramywjazdowe.com.pl\/wp-content\/uploads\/2022\/11\/lampa_kiaron.jpg","datePublished":"2022-11-24T22:45:25+00:00","dateModified":"2023-01-06T21:27:12+00:00","description":"CAME - lampa ostrzegawcza KIARO KLED. Automatyka do bram sprzeda\u017c, monta\u017c serwis. TRYMER. Atrakcyjne ceny, szybki czas realizacji.","breadcrumb":{"@id":"https:\/\/sklep.bramywjazdowe.com.pl\/?product=came-lampa-ostrzegawcza-kiaro-kled#breadcrumb"},"inLanguage":"pl-PL","potentialAction":[{"@type":"ReadAction","target":["https:\/\/sklep.bramywjazdowe.com.pl\/?product=came-lampa-ostrzegawcza-kiaro-kled"]}]},{"@type":"ImageObject","inLanguage":"pl-PL","@id":"https:\/\/sklep.bramywjazdowe.com.pl\/?product=came-lampa-ostrzegawcza-kiaro-kled#primaryimage","url":"https:\/\/sklep.bramywjazdowe.com.pl\/wp-content\/uploads\/2022\/11\/lampa_kiaron.jpg","contentUrl":"https:\/\/sklep.bramywjazdowe.com.pl\/wp-content\/uploads\/2022\/11\/lampa_kiaron.jpg","width":480,"height":543},{"@type":"BreadcrumbList","@id":"https:\/\/sklep.bramywjazdowe.com.pl\/?product=came-lampa-ostrzegawcza-kiaro-kled#breadcrumb","itemListElement":[{"@type":"ListItem","position":1,"name":"Strona g\u0142\u00f3wna","item":"http:\/\/sklep.bramywjazdowe.com.pl\/"},{"@type":"ListItem","position":2,"name":"Produkty","item":"http:\/\/sklep.bramywjazdowe.com.pl\/"},{"@type":"ListItem","position":3,"name":"CAME &#8211; lampa ostrzegawcza 230V KIARO KLED"}]},{"@type":"WebSite","@id":"http:\/\/sklep.bramywjazdowe.com.pl\/#website","url":"http:\/\/sklep.bramywjazdowe.com.pl\/","name":"Sklep Trymer Tomasz Kucharski","description":"","publisher":{"@id":"http:\/\/sklep.bramywjazdowe.com.pl\/#organization"},"potentialAction":[{"@type":"SearchAction","target":{"@type":"EntryPoint","urlTemplate":"http:\/\/sklep.bramywjazdowe.com.pl\/?s={search_term_string}"},"query-input":{"@type":"PropertyValueSpecification","valueRequired":true,"valueName":"search_term_string"}}],"inLanguage":"pl-PL"},{"@type":"Organization","@id":"http:\/\/sklep.bramywjazdowe.com.pl\/#organization","name":"TRYMER Tomasz Kucharski","url":"http:\/\/sklep.bramywjazdowe.com.pl\/","logo":{"@type":"ImageObject","inLanguage":"pl-PL","@id":"http:\/\/sklep.bramywjazdowe.com.pl\/#\/schema\/logo\/image\/","url":"https:\/\/sklep.bramywjazdowe.com.pl\/wp-content\/uploads\/2022\/11\/logo-sklep-222.png","contentUrl":"https:\/\/sklep.bramywjazdowe.com.pl\/wp-content\/uploads\/2022\/11\/logo-sklep-222.png","width":1200,"height":180,"caption":"TRYMER Tomasz Kucharski"},"image":{"@id":"http:\/\/sklep.bramywjazdowe.com.pl\/#\/schema\/logo\/image\/"}}]}},"brands":[{"id":41,"name":"CAME","slug":"came-2"}],"_links":{"self":[{"href":"https:\/\/sklep.bramywjazdowe.com.pl\/index.php?rest_route=\/wp\/v2\/product\/359","targetHints":{"allow":["GET"]}}],"collection":[{"href":"https:\/\/sklep.bramywjazdowe.com.pl\/index.php?rest_route=\/wp\/v2\/product"}],"about":[{"href":"https:\/\/sklep.bramywjazdowe.com.pl\/index.php?rest_route=\/wp\/v2\/types\/product"}],"replies":[{"embeddable":true,"href":"https:\/\/sklep.bramywjazdowe.com.pl\/index.php?rest_route=%2Fwp%2Fv2%2Fcomments&post=359"}],"wp:featuredmedia":[{"embeddable":true,"href":"https:\/\/sklep.bramywjazdowe.com.pl\/index.php?rest_route=\/wp\/v2\/media\/360"}],"wp:attachment":[{"href":"https:\/\/sklep.bramywjazdowe.com.pl\/index.php?rest_route=%2Fwp%2Fv2%2Fmedia&parent=359"}],"wp:term":[{"taxonomy":"pwb-brand","embeddable":true,"href":"https:\/\/sklep.bramywjazdowe.com.pl\/index.php?rest_route=%2Fwp%2Fv2%2Fpwb-brand&post=359"},{"taxonomy":"product_brand","embeddable":true,"href":"https:\/\/sklep.bramywjazdowe.com.pl\/index.php?rest_route=%2Fwp%2Fv2%2Fproduct_brand&post=359"},{"taxonomy":"product_cat","embeddable":true,"href":"https:\/\/sklep.bramywjazdowe.com.pl\/index.php?rest_route=%2Fwp%2Fv2%2Fproduct_cat&post=359"},{"taxonomy":"product_tag","embeddable":true,"href":"https:\/\/sklep.bramywjazdowe.com.pl\/index.php?rest_route=%2Fwp%2Fv2%2Fproduct_tag&post=359"}],"curies":[{"name":"wp","href":"https:\/\/api.w.org\/{rel}","templated":true}]}}