{"id":366,"date":"2022-11-24T23:50:16","date_gmt":"2022-11-24T22:50:16","guid":{"rendered":"http:\/\/sklep.bramywjazdowe.com.pl\/?post_type=product&#038;p=366"},"modified":"2023-01-04T16:44:58","modified_gmt":"2023-01-04T15:44:58","slug":"came-antena-43392-mhz-top-a433n","status":"publish","type":"product","link":"https:\/\/sklep.bramywjazdowe.com.pl\/?product=came-antena-43392-mhz-top-a433n","title":{"rendered":"CAME &#8211; antena 433,92 MHz TOP-A433N"},"content":{"rendered":"<p>CAME &#8211; antena 433,92 MHz TOP-A433N ze wspornikiem<\/p>\n<p>PARAMETRY PODSTAWOWE:<\/p>\n<ul>\n<li>zwi\u0119ksza zasi\u0119g pilot\u00f3w<\/li>\n<li>solidnie wykonana<\/li>\n<li>antena CAME \u00a0TOP A433N<\/li>\n<li>zasi\u0119g od 100 do 150 metr\u00f3w<\/li>\n<li>cz\u0119stotliwo\u015b\u0107 433,92MHz<\/li>\n<li>zestaw zawiera uchwyt mocuj\u0105cy do boku<\/li>\n<li>Monta\u017c na \u015bcianie lub na lampie z serii\u00a0KIARO.<\/li>\n<\/ul>\n","protected":false},"excerpt":{"rendered":"<p>CAME &#8211; antena 433,92 MHz TOP-A433N ze wspornikiem PARAMETRY PODSTAWOWE: zwi\u0119ksza zasi\u0119g pilot\u00f3w solidnie wykonana antena CAME \u00a0TOP A433N zasi\u0119g od 100 do 150 metr\u00f3w cz\u0119stotliwo\u015b\u0107 433,92MHz zestaw zawiera uchwyt mocuj\u0105cy do boku Monta\u017c na \u015bcianie lub na lampie z serii\u00a0KIARO.<\/p>\n","protected":false},"featured_media":370,"comment_status":"open","ping_status":"closed","template":"","meta":[],"pwb-brand":[41],"product_brand":[],"product_cat":[45,59],"product_tag":[85,77],"class_list":{"0":"post-366","1":"product","2":"type-product","3":"status-publish","4":"has-post-thumbnail","6":"pwb-brand-came-2","7":"product_cat-akcesoria-2","8":"product_cat-pozostale-2","9":"product_tag-antena","10":"product_tag-came-4","12":"first","13":"instock","14":"taxable","15":"shipping-taxable","16":"purchasable","17":"product-type-simple"},"yoast_head":"<!-- This site is optimized with the Yoast SEO plugin v24.7 - https:\/\/yoast.com\/wordpress\/plugins\/seo\/ -->\n<title>CAME - antena 433,92 MHz TOP-A433N<\/title>\n<meta name=\"description\" content=\"CAME - antena 433,92 MHz TOP-A433N ze wspornikiem\" \/>\n<meta name=\"robots\" content=\"index, follow, max-snippet:-1, max-image-preview:large, max-video-preview:-1\" \/>\n<link rel=\"canonical\" href=\"https:\/\/sklep.bramywjazdowe.com.pl\/?product=came-antena-43392-mhz-top-a433n\" \/>\n<meta property=\"og:locale\" content=\"pl_PL\" \/>\n<meta property=\"og:type\" content=\"article\" \/>\n<meta property=\"og:title\" content=\"CAME - antena 433,92 MHz TOP-A433N\" \/>\n<meta property=\"og:description\" content=\"CAME - antena 433,92 MHz TOP-A433N ze wspornikiem\" \/>\n<meta property=\"og:url\" content=\"https:\/\/sklep.bramywjazdowe.com.pl\/?product=came-antena-43392-mhz-top-a433n\" \/>\n<meta property=\"article:modified_time\" content=\"2023-01-04T15:44:58+00:00\" \/>\n<meta property=\"og:image\" content=\"https:\/\/sklep.bramywjazdowe.com.pl\/wp-content\/uploads\/2022\/11\/Antena-Came-TOP-A433N-1.png\" \/>\n\t<meta property=\"og:image:width\" content=\"671\" \/>\n\t<meta property=\"og:image:height\" content=\"686\" \/>\n\t<meta property=\"og:image:type\" content=\"image\/png\" \/>\n<meta name=\"twitter:card\" content=\"summary_large_image\" \/>\n<meta name=\"twitter:label1\" content=\"Szacowany czas czytania\" \/>\n\t<meta name=\"twitter:data1\" content=\"1 minuta\" \/>\n<script type=\"application\/ld+json\" class=\"yoast-schema-graph\">{\"@context\":\"https:\/\/schema.org\",\"@graph\":[{\"@type\":\"WebPage\",\"@id\":\"https:\/\/sklep.bramywjazdowe.com.pl\/?product=came-antena-43392-mhz-top-a433n\",\"url\":\"https:\/\/sklep.bramywjazdowe.com.pl\/?product=came-antena-43392-mhz-top-a433n\",\"name\":\"CAME - antena 433,92 MHz TOP-A433N\",\"isPartOf\":{\"@id\":\"http:\/\/sklep.bramywjazdowe.com.pl\/#website\"},\"primaryImageOfPage\":{\"@id\":\"https:\/\/sklep.bramywjazdowe.com.pl\/?product=came-antena-43392-mhz-top-a433n#primaryimage\"},\"image\":{\"@id\":\"https:\/\/sklep.bramywjazdowe.com.pl\/?product=came-antena-43392-mhz-top-a433n#primaryimage\"},\"thumbnailUrl\":\"https:\/\/sklep.bramywjazdowe.com.pl\/wp-content\/uploads\/2022\/11\/Antena-Came-TOP-A433N-1.png\",\"datePublished\":\"2022-11-24T22:50:16+00:00\",\"dateModified\":\"2023-01-04T15:44:58+00:00\",\"description\":\"CAME - antena 433,92 MHz TOP-A433N ze wspornikiem\",\"breadcrumb\":{\"@id\":\"https:\/\/sklep.bramywjazdowe.com.pl\/?product=came-antena-43392-mhz-top-a433n#breadcrumb\"},\"inLanguage\":\"pl-PL\",\"potentialAction\":[{\"@type\":\"ReadAction\",\"target\":[\"https:\/\/sklep.bramywjazdowe.com.pl\/?product=came-antena-43392-mhz-top-a433n\"]}]},{\"@type\":\"ImageObject\",\"inLanguage\":\"pl-PL\",\"@id\":\"https:\/\/sklep.bramywjazdowe.com.pl\/?product=came-antena-43392-mhz-top-a433n#primaryimage\",\"url\":\"https:\/\/sklep.bramywjazdowe.com.pl\/wp-content\/uploads\/2022\/11\/Antena-Came-TOP-A433N-1.png\",\"contentUrl\":\"https:\/\/sklep.bramywjazdowe.com.pl\/wp-content\/uploads\/2022\/11\/Antena-Came-TOP-A433N-1.png\",\"width\":671,\"height\":686},{\"@type\":\"BreadcrumbList\",\"@id\":\"https:\/\/sklep.bramywjazdowe.com.pl\/?product=came-antena-43392-mhz-top-a433n#breadcrumb\",\"itemListElement\":[{\"@type\":\"ListItem\",\"position\":1,\"name\":\"Strona g\u0142\u00f3wna\",\"item\":\"http:\/\/sklep.bramywjazdowe.com.pl\/\"},{\"@type\":\"ListItem\",\"position\":2,\"name\":\"Produkty\",\"item\":\"http:\/\/sklep.bramywjazdowe.com.pl\/\"},{\"@type\":\"ListItem\",\"position\":3,\"name\":\"CAME &#8211; antena 433,92 MHz TOP-A433N\"}]},{\"@type\":\"WebSite\",\"@id\":\"http:\/\/sklep.bramywjazdowe.com.pl\/#website\",\"url\":\"http:\/\/sklep.bramywjazdowe.com.pl\/\",\"name\":\"Sklep Trymer Tomasz Kucharski\",\"description\":\"\",\"publisher\":{\"@id\":\"http:\/\/sklep.bramywjazdowe.com.pl\/#organization\"},\"potentialAction\":[{\"@type\":\"SearchAction\",\"target\":{\"@type\":\"EntryPoint\",\"urlTemplate\":\"http:\/\/sklep.bramywjazdowe.com.pl\/?s={search_term_string}\"},\"query-input\":{\"@type\":\"PropertyValueSpecification\",\"valueRequired\":true,\"valueName\":\"search_term_string\"}}],\"inLanguage\":\"pl-PL\"},{\"@type\":\"Organization\",\"@id\":\"http:\/\/sklep.bramywjazdowe.com.pl\/#organization\",\"name\":\"TRYMER Tomasz Kucharski\",\"url\":\"http:\/\/sklep.bramywjazdowe.com.pl\/\",\"logo\":{\"@type\":\"ImageObject\",\"inLanguage\":\"pl-PL\",\"@id\":\"http:\/\/sklep.bramywjazdowe.com.pl\/#\/schema\/logo\/image\/\",\"url\":\"https:\/\/sklep.bramywjazdowe.com.pl\/wp-content\/uploads\/2022\/11\/logo-sklep-222.png\",\"contentUrl\":\"https:\/\/sklep.bramywjazdowe.com.pl\/wp-content\/uploads\/2022\/11\/logo-sklep-222.png\",\"width\":1200,\"height\":180,\"caption\":\"TRYMER Tomasz Kucharski\"},\"image\":{\"@id\":\"http:\/\/sklep.bramywjazdowe.com.pl\/#\/schema\/logo\/image\/\"}}]}<\/script>\n<!-- \/ Yoast SEO plugin. -->","yoast_head_json":{"title":"CAME - antena 433,92 MHz TOP-A433N","description":"CAME - antena 433,92 MHz TOP-A433N ze wspornikiem","robots":{"index":"index","follow":"follow","max-snippet":"max-snippet:-1","max-image-preview":"max-image-preview:large","max-video-preview":"max-video-preview:-1"},"canonical":"https:\/\/sklep.bramywjazdowe.com.pl\/?product=came-antena-43392-mhz-top-a433n","og_locale":"pl_PL","og_type":"article","og_title":"CAME - antena 433,92 MHz TOP-A433N","og_description":"CAME - antena 433,92 MHz TOP-A433N ze wspornikiem","og_url":"https:\/\/sklep.bramywjazdowe.com.pl\/?product=came-antena-43392-mhz-top-a433n","article_modified_time":"2023-01-04T15:44:58+00:00","og_image":[{"width":671,"height":686,"url":"https:\/\/sklep.bramywjazdowe.com.pl\/wp-content\/uploads\/2022\/11\/Antena-Came-TOP-A433N-1.png","type":"image\/png"}],"twitter_card":"summary_large_image","twitter_misc":{"Szacowany czas czytania":"1 minuta"},"schema":{"@context":"https:\/\/schema.org","@graph":[{"@type":"WebPage","@id":"https:\/\/sklep.bramywjazdowe.com.pl\/?product=came-antena-43392-mhz-top-a433n","url":"https:\/\/sklep.bramywjazdowe.com.pl\/?product=came-antena-43392-mhz-top-a433n","name":"CAME - antena 433,92 MHz TOP-A433N","isPartOf":{"@id":"http:\/\/sklep.bramywjazdowe.com.pl\/#website"},"primaryImageOfPage":{"@id":"https:\/\/sklep.bramywjazdowe.com.pl\/?product=came-antena-43392-mhz-top-a433n#primaryimage"},"image":{"@id":"https:\/\/sklep.bramywjazdowe.com.pl\/?product=came-antena-43392-mhz-top-a433n#primaryimage"},"thumbnailUrl":"https:\/\/sklep.bramywjazdowe.com.pl\/wp-content\/uploads\/2022\/11\/Antena-Came-TOP-A433N-1.png","datePublished":"2022-11-24T22:50:16+00:00","dateModified":"2023-01-04T15:44:58+00:00","description":"CAME - antena 433,92 MHz TOP-A433N ze wspornikiem","breadcrumb":{"@id":"https:\/\/sklep.bramywjazdowe.com.pl\/?product=came-antena-43392-mhz-top-a433n#breadcrumb"},"inLanguage":"pl-PL","potentialAction":[{"@type":"ReadAction","target":["https:\/\/sklep.bramywjazdowe.com.pl\/?product=came-antena-43392-mhz-top-a433n"]}]},{"@type":"ImageObject","inLanguage":"pl-PL","@id":"https:\/\/sklep.bramywjazdowe.com.pl\/?product=came-antena-43392-mhz-top-a433n#primaryimage","url":"https:\/\/sklep.bramywjazdowe.com.pl\/wp-content\/uploads\/2022\/11\/Antena-Came-TOP-A433N-1.png","contentUrl":"https:\/\/sklep.bramywjazdowe.com.pl\/wp-content\/uploads\/2022\/11\/Antena-Came-TOP-A433N-1.png","width":671,"height":686},{"@type":"BreadcrumbList","@id":"https:\/\/sklep.bramywjazdowe.com.pl\/?product=came-antena-43392-mhz-top-a433n#breadcrumb","itemListElement":[{"@type":"ListItem","position":1,"name":"Strona g\u0142\u00f3wna","item":"http:\/\/sklep.bramywjazdowe.com.pl\/"},{"@type":"ListItem","position":2,"name":"Produkty","item":"http:\/\/sklep.bramywjazdowe.com.pl\/"},{"@type":"ListItem","position":3,"name":"CAME &#8211; antena 433,92 MHz TOP-A433N"}]},{"@type":"WebSite","@id":"http:\/\/sklep.bramywjazdowe.com.pl\/#website","url":"http:\/\/sklep.bramywjazdowe.com.pl\/","name":"Sklep Trymer Tomasz Kucharski","description":"","publisher":{"@id":"http:\/\/sklep.bramywjazdowe.com.pl\/#organization"},"potentialAction":[{"@type":"SearchAction","target":{"@type":"EntryPoint","urlTemplate":"http:\/\/sklep.bramywjazdowe.com.pl\/?s={search_term_string}"},"query-input":{"@type":"PropertyValueSpecification","valueRequired":true,"valueName":"search_term_string"}}],"inLanguage":"pl-PL"},{"@type":"Organization","@id":"http:\/\/sklep.bramywjazdowe.com.pl\/#organization","name":"TRYMER Tomasz Kucharski","url":"http:\/\/sklep.bramywjazdowe.com.pl\/","logo":{"@type":"ImageObject","inLanguage":"pl-PL","@id":"http:\/\/sklep.bramywjazdowe.com.pl\/#\/schema\/logo\/image\/","url":"https:\/\/sklep.bramywjazdowe.com.pl\/wp-content\/uploads\/2022\/11\/logo-sklep-222.png","contentUrl":"https:\/\/sklep.bramywjazdowe.com.pl\/wp-content\/uploads\/2022\/11\/logo-sklep-222.png","width":1200,"height":180,"caption":"TRYMER Tomasz Kucharski"},"image":{"@id":"http:\/\/sklep.bramywjazdowe.com.pl\/#\/schema\/logo\/image\/"}}]}},"brands":[{"id":41,"name":"CAME","slug":"came-2"}],"_links":{"self":[{"href":"https:\/\/sklep.bramywjazdowe.com.pl\/index.php?rest_route=\/wp\/v2\/product\/366","targetHints":{"allow":["GET"]}}],"collection":[{"href":"https:\/\/sklep.bramywjazdowe.com.pl\/index.php?rest_route=\/wp\/v2\/product"}],"about":[{"href":"https:\/\/sklep.bramywjazdowe.com.pl\/index.php?rest_route=\/wp\/v2\/types\/product"}],"replies":[{"embeddable":true,"href":"https:\/\/sklep.bramywjazdowe.com.pl\/index.php?rest_route=%2Fwp%2Fv2%2Fcomments&post=366"}],"wp:featuredmedia":[{"embeddable":true,"href":"https:\/\/sklep.bramywjazdowe.com.pl\/index.php?rest_route=\/wp\/v2\/media\/370"}],"wp:attachment":[{"href":"https:\/\/sklep.bramywjazdowe.com.pl\/index.php?rest_route=%2Fwp%2Fv2%2Fmedia&parent=366"}],"wp:term":[{"taxonomy":"pwb-brand","embeddable":true,"href":"https:\/\/sklep.bramywjazdowe.com.pl\/index.php?rest_route=%2Fwp%2Fv2%2Fpwb-brand&post=366"},{"taxonomy":"product_brand","embeddable":true,"href":"https:\/\/sklep.bramywjazdowe.com.pl\/index.php?rest_route=%2Fwp%2Fv2%2Fproduct_brand&post=366"},{"taxonomy":"product_cat","embeddable":true,"href":"https:\/\/sklep.bramywjazdowe.com.pl\/index.php?rest_route=%2Fwp%2Fv2%2Fproduct_cat&post=366"},{"taxonomy":"product_tag","embeddable":true,"href":"https:\/\/sklep.bramywjazdowe.com.pl\/index.php?rest_route=%2Fwp%2Fv2%2Fproduct_tag&post=366"}],"curies":[{"name":"wp","href":"https:\/\/api.w.org\/{rel}","templated":true}]}}