{"id":379,"date":"2022-11-25T19:13:30","date_gmt":"2022-11-25T18:13:30","guid":{"rendered":"http:\/\/sklep.bramywjazdowe.com.pl\/?post_type=product&#038;p=379"},"modified":"2023-01-18T21:16:52","modified_gmt":"2023-01-18T20:16:52","slug":"came-bxv-10-safe","status":"publish","type":"product","link":"https:\/\/sklep.bramywjazdowe.com.pl\/?product=came-bxv-10-safe","title":{"rendered":"CAME &#8211; BXV 10 SAFE Zestaw automatyki do bramy przesuwnej o wadze do 1000kg"},"content":{"rendered":"<p>CAME &#8211; BXV\u00a010 SAFE Zestaw automatyki do bramy przesuwnej o wadze do 1000kg<\/p>\n<p>ZESTAW ZAWIERA:<\/p>\n<ul>\n<li>Nap\u0119d BXV 1000kg<\/li>\n<li>Fotokom\u00f3rki DIR10 (nadajnik + odbiornik)<\/li>\n<li>Karta cz\u0119stotliwo\u015bci AF43S lub AF43SP\u00a0(do wyboru)<\/li>\n<li>Pilot czterokana\u0142owy TOP TOPD4RBS,\u00a0ATOMO AT04EV lub dwukana\u0142owy SPACE SP2 (do wyboru)<\/li>\n<li>Akcesoria do monta\u017cu<\/li>\n<li>Instrukcja obs\u0142ugi<\/li>\n<li>Karta gwarancyjna<\/li>\n<\/ul>\n<p>Idealne rozwi\u0105zanie dla bram w domach jednorodzinnych i ma\u0142ych osiedlach.<\/p>\n<p>BXV to nowa seria si\u0142ownik\u00f3w CAME. Najnowsze rozwi\u0105zania technologiczne sprawiaj\u0105, \u017ce te 24V si\u0142owniki spe\u0142ni\u0105 oczekiwania nawet najbardziej wymagaj\u0105cych klient\u00f3w. Wersja do 1000kg.<\/p>\n<p>FUNKCJE :<\/p>\n<ul>\n<li>Zasilanie silnika 24V<\/li>\n<li>Wbudowany enkoder na centrali steruj\u0105cej &#8211; gdy brama wykryje przeszkod\u0119 w trakcie ruchu, automatycznie si\u0119 zatrzymuje i cofa<\/li>\n<li>Inteligenta centrala umieszczona osobno wewn\u0105trz si\u0142ownika<\/li>\n<li>Pionowy monta\u017c centrali steruj\u0105cej dla \u0142atwiejszego dost\u0119pu przy programowaniu<\/li>\n<li>Mo\u017cliwo\u015b\u0107 wprowadzania dok\u0142adnych ustawie\u0144 dzi\u0119ki wielofunkcyjnemu wy\u015bwietlaczowi centrali<\/li>\n<li>\u0141atwa rozbudowa o funkcje dodatkowe\u00a0CAME CONNECT (GSM, LAN, WIFI)<\/li>\n<li>Cz\u0119\u015bciowe otwarcie dla ruchu pieszego (funkcja furtki)<\/li>\n<li>Mo\u017cliwo\u015b\u0107 automatycznego zamykania bramy<\/li>\n<li>Zatrzymanie bramy za pomoc\u0105 pilota<\/li>\n<li>Zabezpieczenie nieruchomej bramy, komendy otw\u00f3rz\/zamknij s\u0105 ignorowane je\u017celi w \u015bwietle bramy znajduje si\u0119 przeszkoda<\/li>\n<li>Sygna\u0142 wysy\u0142any z pilota zabezpieczony jest systemem Rolling Code &#8211; kod dynamicznie losowo zmienny.<\/li>\n<\/ul>\n<p>PARAMETRY:<\/p>\n<ul>\n<li>Maksymalna waga bramy: 1000 kg<\/li>\n<li>Maksymalna d\u0142ugo\u015b\u0107 skrzyd\u0142a:\u00a020 m<\/li>\n<li>Zalecana d\u0142ugo\u015b\u0107 \u015bwiat\u0142a bramy: od 4 m do 6 m<\/li>\n<li>Maksymalna moc silnika: 400 W<\/li>\n<li>Pr\u0119dko\u015b\u0107 przesuwu: 11 m\/min<\/li>\n<li>Cykl pracy: praca intensywna<\/li>\n<li>Zasilanie: 230V<\/li>\n<li>Zasilanie silnika: 24V DC<\/li>\n<li>Stopie\u0144 ochrony: IP44<\/li>\n<li>Si\u0142a ci\u0105gu 1000 N<\/li>\n<li>Temperatura pracy: -20\u00b0\u00a0\/ +55\u00b0C<\/li>\n<\/ul>\n","protected":false},"excerpt":{"rendered":"<p>CAME &#8211; BXV\u00a010 SAFE Zestaw automatyki do bramy przesuwnej o wadze do 1000kg ZESTAW ZAWIERA: Nap\u0119d BXV 1000kg Fotokom\u00f3rki DIR10 (nadajnik + odbiornik) Karta cz\u0119stotliwo\u015bci AF43S lub AF43SP\u00a0(do wyboru) Pilot czterokana\u0142owy TOP TOPD4RBS,\u00a0ATOMO AT04EV lub dwukana\u0142owy SPACE SP2 (do wyboru) Akcesoria do monta\u017cu Instrukcja obs\u0142ugi Karta gwarancyjna Idealne rozwi\u0105zanie dla bram w domach jednorodzinnych i [&hellip;]<\/p>\n","protected":false},"featured_media":382,"comment_status":"open","ping_status":"closed","template":"","meta":[],"pwb-brand":[41],"product_brand":[],"product_cat":[43,44],"product_tag":[94,95,77,93],"class_list":{"0":"post-379","1":"product","2":"type-product","3":"status-publish","4":"has-post-thumbnail","6":"pwb-brand-came-2","7":"product_cat-zestawy-2","8":"product_cat-do-bram-przesuwnych-2","9":"product_tag-bx","10":"product_tag-bxv","11":"product_tag-came-4","12":"product_tag-przesuw","14":"first","15":"instock","16":"downloadable","17":"taxable","18":"shipping-taxable","19":"purchasable","20":"product-type-simple"},"yoast_head":"<!-- This site is optimized with the Yoast SEO plugin v24.7 - https:\/\/yoast.com\/wordpress\/plugins\/seo\/ -->\n<title>CAME BXV 10 SAFE Zestaw automatyki do bramy przesuwnej<\/title>\n<meta name=\"description\" content=\"CAME BXV\u00a010 SAFE Zestaw automatyki do bramy przesuwnej do 1000kg. Automatyka do bram sprzeda\u017c, monta\u017c, serwis. Atrakcyjne ceny, szybki czas realizacji.\" \/>\n<meta name=\"robots\" content=\"index, follow, max-snippet:-1, max-image-preview:large, max-video-preview:-1\" \/>\n<link rel=\"canonical\" href=\"https:\/\/sklep.bramywjazdowe.com.pl\/?product=came-bxv-10-safe\" \/>\n<meta property=\"og:locale\" content=\"pl_PL\" \/>\n<meta property=\"og:type\" content=\"article\" \/>\n<meta property=\"og:title\" content=\"CAME BXV 10 SAFE Zestaw automatyki do bramy przesuwnej\" \/>\n<meta property=\"og:description\" content=\"CAME BXV\u00a010 SAFE Zestaw automatyki do bramy przesuwnej do 1000kg. Automatyka do bram sprzeda\u017c, monta\u017c, serwis. Atrakcyjne ceny, szybki czas realizacji.\" \/>\n<meta property=\"og:url\" content=\"https:\/\/sklep.bramywjazdowe.com.pl\/?product=came-bxv-10-safe\" \/>\n<meta property=\"article:modified_time\" content=\"2023-01-18T20:16:52+00:00\" \/>\n<meta property=\"og:image\" content=\"https:\/\/sklep.bramywjazdowe.com.pl\/wp-content\/uploads\/2022\/11\/ZESTAW-CAME-BXV_.png\" \/>\n\t<meta property=\"og:image:width\" content=\"500\" \/>\n\t<meta property=\"og:image:height\" content=\"500\" \/>\n\t<meta property=\"og:image:type\" content=\"image\/png\" \/>\n<meta name=\"twitter:card\" content=\"summary_large_image\" \/>\n<meta name=\"twitter:label1\" content=\"Szacowany czas czytania\" \/>\n\t<meta name=\"twitter:data1\" content=\"2 minuty\" \/>\n<script type=\"application\/ld+json\" class=\"yoast-schema-graph\">{\"@context\":\"https:\/\/schema.org\",\"@graph\":[{\"@type\":\"WebPage\",\"@id\":\"https:\/\/sklep.bramywjazdowe.com.pl\/?product=came-bxv-10-safe\",\"url\":\"https:\/\/sklep.bramywjazdowe.com.pl\/?product=came-bxv-10-safe\",\"name\":\"CAME BXV 10 SAFE Zestaw automatyki do bramy przesuwnej\",\"isPartOf\":{\"@id\":\"http:\/\/sklep.bramywjazdowe.com.pl\/#website\"},\"primaryImageOfPage\":{\"@id\":\"https:\/\/sklep.bramywjazdowe.com.pl\/?product=came-bxv-10-safe#primaryimage\"},\"image\":{\"@id\":\"https:\/\/sklep.bramywjazdowe.com.pl\/?product=came-bxv-10-safe#primaryimage\"},\"thumbnailUrl\":\"https:\/\/sklep.bramywjazdowe.com.pl\/wp-content\/uploads\/2022\/11\/ZESTAW-CAME-BXV_.png\",\"datePublished\":\"2022-11-25T18:13:30+00:00\",\"dateModified\":\"2023-01-18T20:16:52+00:00\",\"description\":\"CAME BXV\u00a010 SAFE Zestaw automatyki do bramy przesuwnej do 1000kg. Automatyka do bram sprzeda\u017c, monta\u017c, serwis. Atrakcyjne ceny, szybki czas realizacji.\",\"breadcrumb\":{\"@id\":\"https:\/\/sklep.bramywjazdowe.com.pl\/?product=came-bxv-10-safe#breadcrumb\"},\"inLanguage\":\"pl-PL\",\"potentialAction\":[{\"@type\":\"ReadAction\",\"target\":[\"https:\/\/sklep.bramywjazdowe.com.pl\/?product=came-bxv-10-safe\"]}]},{\"@type\":\"ImageObject\",\"inLanguage\":\"pl-PL\",\"@id\":\"https:\/\/sklep.bramywjazdowe.com.pl\/?product=came-bxv-10-safe#primaryimage\",\"url\":\"https:\/\/sklep.bramywjazdowe.com.pl\/wp-content\/uploads\/2022\/11\/ZESTAW-CAME-BXV_.png\",\"contentUrl\":\"https:\/\/sklep.bramywjazdowe.com.pl\/wp-content\/uploads\/2022\/11\/ZESTAW-CAME-BXV_.png\",\"width\":500,\"height\":500},{\"@type\":\"BreadcrumbList\",\"@id\":\"https:\/\/sklep.bramywjazdowe.com.pl\/?product=came-bxv-10-safe#breadcrumb\",\"itemListElement\":[{\"@type\":\"ListItem\",\"position\":1,\"name\":\"Strona g\u0142\u00f3wna\",\"item\":\"http:\/\/sklep.bramywjazdowe.com.pl\/\"},{\"@type\":\"ListItem\",\"position\":2,\"name\":\"Produkty\",\"item\":\"http:\/\/sklep.bramywjazdowe.com.pl\/\"},{\"@type\":\"ListItem\",\"position\":3,\"name\":\"CAME &#8211; BXV 10 SAFE Zestaw automatyki do bramy przesuwnej o wadze do 1000kg\"}]},{\"@type\":\"WebSite\",\"@id\":\"http:\/\/sklep.bramywjazdowe.com.pl\/#website\",\"url\":\"http:\/\/sklep.bramywjazdowe.com.pl\/\",\"name\":\"Sklep Trymer Tomasz Kucharski\",\"description\":\"\",\"publisher\":{\"@id\":\"http:\/\/sklep.bramywjazdowe.com.pl\/#organization\"},\"potentialAction\":[{\"@type\":\"SearchAction\",\"target\":{\"@type\":\"EntryPoint\",\"urlTemplate\":\"http:\/\/sklep.bramywjazdowe.com.pl\/?s={search_term_string}\"},\"query-input\":{\"@type\":\"PropertyValueSpecification\",\"valueRequired\":true,\"valueName\":\"search_term_string\"}}],\"inLanguage\":\"pl-PL\"},{\"@type\":\"Organization\",\"@id\":\"http:\/\/sklep.bramywjazdowe.com.pl\/#organization\",\"name\":\"TRYMER Tomasz Kucharski\",\"url\":\"http:\/\/sklep.bramywjazdowe.com.pl\/\",\"logo\":{\"@type\":\"ImageObject\",\"inLanguage\":\"pl-PL\",\"@id\":\"http:\/\/sklep.bramywjazdowe.com.pl\/#\/schema\/logo\/image\/\",\"url\":\"https:\/\/sklep.bramywjazdowe.com.pl\/wp-content\/uploads\/2022\/11\/logo-sklep-222.png\",\"contentUrl\":\"https:\/\/sklep.bramywjazdowe.com.pl\/wp-content\/uploads\/2022\/11\/logo-sklep-222.png\",\"width\":1200,\"height\":180,\"caption\":\"TRYMER Tomasz Kucharski\"},\"image\":{\"@id\":\"http:\/\/sklep.bramywjazdowe.com.pl\/#\/schema\/logo\/image\/\"}}]}<\/script>\n<!-- \/ Yoast SEO plugin. -->","yoast_head_json":{"title":"CAME BXV 10 SAFE Zestaw automatyki do bramy przesuwnej","description":"CAME BXV\u00a010 SAFE Zestaw automatyki do bramy przesuwnej do 1000kg. Automatyka do bram sprzeda\u017c, monta\u017c, serwis. Atrakcyjne ceny, szybki czas realizacji.","robots":{"index":"index","follow":"follow","max-snippet":"max-snippet:-1","max-image-preview":"max-image-preview:large","max-video-preview":"max-video-preview:-1"},"canonical":"https:\/\/sklep.bramywjazdowe.com.pl\/?product=came-bxv-10-safe","og_locale":"pl_PL","og_type":"article","og_title":"CAME BXV 10 SAFE Zestaw automatyki do bramy przesuwnej","og_description":"CAME BXV\u00a010 SAFE Zestaw automatyki do bramy przesuwnej do 1000kg. Automatyka do bram sprzeda\u017c, monta\u017c, serwis. Atrakcyjne ceny, szybki czas realizacji.","og_url":"https:\/\/sklep.bramywjazdowe.com.pl\/?product=came-bxv-10-safe","article_modified_time":"2023-01-18T20:16:52+00:00","og_image":[{"width":500,"height":500,"url":"https:\/\/sklep.bramywjazdowe.com.pl\/wp-content\/uploads\/2022\/11\/ZESTAW-CAME-BXV_.png","type":"image\/png"}],"twitter_card":"summary_large_image","twitter_misc":{"Szacowany czas czytania":"2 minuty"},"schema":{"@context":"https:\/\/schema.org","@graph":[{"@type":"WebPage","@id":"https:\/\/sklep.bramywjazdowe.com.pl\/?product=came-bxv-10-safe","url":"https:\/\/sklep.bramywjazdowe.com.pl\/?product=came-bxv-10-safe","name":"CAME BXV 10 SAFE Zestaw automatyki do bramy przesuwnej","isPartOf":{"@id":"http:\/\/sklep.bramywjazdowe.com.pl\/#website"},"primaryImageOfPage":{"@id":"https:\/\/sklep.bramywjazdowe.com.pl\/?product=came-bxv-10-safe#primaryimage"},"image":{"@id":"https:\/\/sklep.bramywjazdowe.com.pl\/?product=came-bxv-10-safe#primaryimage"},"thumbnailUrl":"https:\/\/sklep.bramywjazdowe.com.pl\/wp-content\/uploads\/2022\/11\/ZESTAW-CAME-BXV_.png","datePublished":"2022-11-25T18:13:30+00:00","dateModified":"2023-01-18T20:16:52+00:00","description":"CAME BXV\u00a010 SAFE Zestaw automatyki do bramy przesuwnej do 1000kg. Automatyka do bram sprzeda\u017c, monta\u017c, serwis. Atrakcyjne ceny, szybki czas realizacji.","breadcrumb":{"@id":"https:\/\/sklep.bramywjazdowe.com.pl\/?product=came-bxv-10-safe#breadcrumb"},"inLanguage":"pl-PL","potentialAction":[{"@type":"ReadAction","target":["https:\/\/sklep.bramywjazdowe.com.pl\/?product=came-bxv-10-safe"]}]},{"@type":"ImageObject","inLanguage":"pl-PL","@id":"https:\/\/sklep.bramywjazdowe.com.pl\/?product=came-bxv-10-safe#primaryimage","url":"https:\/\/sklep.bramywjazdowe.com.pl\/wp-content\/uploads\/2022\/11\/ZESTAW-CAME-BXV_.png","contentUrl":"https:\/\/sklep.bramywjazdowe.com.pl\/wp-content\/uploads\/2022\/11\/ZESTAW-CAME-BXV_.png","width":500,"height":500},{"@type":"BreadcrumbList","@id":"https:\/\/sklep.bramywjazdowe.com.pl\/?product=came-bxv-10-safe#breadcrumb","itemListElement":[{"@type":"ListItem","position":1,"name":"Strona g\u0142\u00f3wna","item":"http:\/\/sklep.bramywjazdowe.com.pl\/"},{"@type":"ListItem","position":2,"name":"Produkty","item":"http:\/\/sklep.bramywjazdowe.com.pl\/"},{"@type":"ListItem","position":3,"name":"CAME &#8211; BXV 10 SAFE Zestaw automatyki do bramy przesuwnej o wadze do 1000kg"}]},{"@type":"WebSite","@id":"http:\/\/sklep.bramywjazdowe.com.pl\/#website","url":"http:\/\/sklep.bramywjazdowe.com.pl\/","name":"Sklep Trymer Tomasz Kucharski","description":"","publisher":{"@id":"http:\/\/sklep.bramywjazdowe.com.pl\/#organization"},"potentialAction":[{"@type":"SearchAction","target":{"@type":"EntryPoint","urlTemplate":"http:\/\/sklep.bramywjazdowe.com.pl\/?s={search_term_string}"},"query-input":{"@type":"PropertyValueSpecification","valueRequired":true,"valueName":"search_term_string"}}],"inLanguage":"pl-PL"},{"@type":"Organization","@id":"http:\/\/sklep.bramywjazdowe.com.pl\/#organization","name":"TRYMER Tomasz Kucharski","url":"http:\/\/sklep.bramywjazdowe.com.pl\/","logo":{"@type":"ImageObject","inLanguage":"pl-PL","@id":"http:\/\/sklep.bramywjazdowe.com.pl\/#\/schema\/logo\/image\/","url":"https:\/\/sklep.bramywjazdowe.com.pl\/wp-content\/uploads\/2022\/11\/logo-sklep-222.png","contentUrl":"https:\/\/sklep.bramywjazdowe.com.pl\/wp-content\/uploads\/2022\/11\/logo-sklep-222.png","width":1200,"height":180,"caption":"TRYMER Tomasz Kucharski"},"image":{"@id":"http:\/\/sklep.bramywjazdowe.com.pl\/#\/schema\/logo\/image\/"}}]}},"brands":[{"id":41,"name":"CAME","slug":"came-2"}],"_links":{"self":[{"href":"https:\/\/sklep.bramywjazdowe.com.pl\/index.php?rest_route=\/wp\/v2\/product\/379","targetHints":{"allow":["GET"]}}],"collection":[{"href":"https:\/\/sklep.bramywjazdowe.com.pl\/index.php?rest_route=\/wp\/v2\/product"}],"about":[{"href":"https:\/\/sklep.bramywjazdowe.com.pl\/index.php?rest_route=\/wp\/v2\/types\/product"}],"replies":[{"embeddable":true,"href":"https:\/\/sklep.bramywjazdowe.com.pl\/index.php?rest_route=%2Fwp%2Fv2%2Fcomments&post=379"}],"wp:featuredmedia":[{"embeddable":true,"href":"https:\/\/sklep.bramywjazdowe.com.pl\/index.php?rest_route=\/wp\/v2\/media\/382"}],"wp:attachment":[{"href":"https:\/\/sklep.bramywjazdowe.com.pl\/index.php?rest_route=%2Fwp%2Fv2%2Fmedia&parent=379"}],"wp:term":[{"taxonomy":"pwb-brand","embeddable":true,"href":"https:\/\/sklep.bramywjazdowe.com.pl\/index.php?rest_route=%2Fwp%2Fv2%2Fpwb-brand&post=379"},{"taxonomy":"product_brand","embeddable":true,"href":"https:\/\/sklep.bramywjazdowe.com.pl\/index.php?rest_route=%2Fwp%2Fv2%2Fproduct_brand&post=379"},{"taxonomy":"product_cat","embeddable":true,"href":"https:\/\/sklep.bramywjazdowe.com.pl\/index.php?rest_route=%2Fwp%2Fv2%2Fproduct_cat&post=379"},{"taxonomy":"product_tag","embeddable":true,"href":"https:\/\/sklep.bramywjazdowe.com.pl\/index.php?rest_route=%2Fwp%2Fv2%2Fproduct_tag&post=379"}],"curies":[{"name":"wp","href":"https:\/\/api.w.org\/{rel}","templated":true}]}}