{"id":395,"date":"2022-11-25T20:00:09","date_gmt":"2022-11-25T19:00:09","guid":{"rendered":"http:\/\/sklep.bramywjazdowe.com.pl\/?post_type=product&#038;p=395"},"modified":"2023-01-04T16:39:18","modified_gmt":"2023-01-04T15:39:18","slug":"nice-robus600-rb600","status":"publish","type":"product","link":"https:\/\/sklep.bramywjazdowe.com.pl\/?product=nice-robus600-rb600","title":{"rendered":"NICE &#8211; ROBUS600 (RB600) zestaw automatyki do bramy przesuwnej o wadze do 600kg"},"content":{"rendered":"<p>NICE &#8211;\u00a0ROBUS600 (RB600) zestaw automatyki do bramy przesuwnej o wadze do 600kg<\/p>\n<p>ZESTAW ZAWIERA:<\/p>\n<ul>\n<li>Nap\u0119d ROBUS600 (RB600)\u00a0600kg<\/li>\n<li>Fotokom\u00f3rki\u00a0EPMB (nadajnik + odbiornik)<\/li>\n<li>Radioodbiornik OXIBD<\/li>\n<li>2 piloty dwukana\u0142owe ON2E<\/li>\n<li>Lampa ostrzegawcza ELDC<\/li>\n<li>Akcesoria do monta\u017cu<\/li>\n<li>Instrukcja obs\u0142ugi<\/li>\n<li>Karta gwarancyjna<\/li>\n<\/ul>\n<p>Idealne rozwi\u0105zanie dla bram w domach jednorodzinnych.<\/p>\n<p>FUNKCJE :<\/p>\n<ul>\n<li>Zasilanie silnika 24V<\/li>\n<li>Wbudowany enkoder na centrali steruj\u0105cej &#8211; gdy brama wykryje przeszkod\u0119 w trakcie ruchu, automatycznie si\u0119 zatrzymuje i cofa<\/li>\n<li>Inteligenta centrala umieszczona osobno wewn\u0105trz si\u0142ownika<\/li>\n<li>Regulowana pr\u0119dko\u015b\u0107 przesuwu<\/li>\n<li>\u0141agodny start i zatrzymanie<\/li>\n<li>Cz\u0119\u015bciowe otwarcie dla ruchu pieszego (funkcja furtki)<\/li>\n<li>Mo\u017cliwo\u015b\u0107 automatycznego zamykania bramy<\/li>\n<li>Zatrzymanie bramy za pomoc\u0105 pilota<\/li>\n<li>Zabezpieczenie nieruchomej bramy, komendy otw\u00f3rz\/zamknij s\u0105 ignorowane je\u017celi w \u015bwietle bramy znajduje si\u0119 przeszkoda<\/li>\n<li>Mo\u017cliwo\u015b\u0107 zastosowania wy\u0142\u0105cznik\u00f3w kra\u0144cowych indukcyjnych<\/li>\n<li>Dzi\u0119ki u\u017cyciu programator O-View bardzo \u0142atwe programowanie ustawie\u0144 i zmiana parametr\u00f3w<\/li>\n<\/ul>\n<p>PARAMETRY:<\/p>\n<ul>\n<li>Zasilanie silnika: 24V DC<\/li>\n<li>Zasilanie: 230V<\/li>\n<li>Moc pobierana: 515W<\/li>\n<li>Stopie\u0144 ochrony: IP44<\/li>\n<li>Nominalny moment obrotowy: 9 Nm<\/li>\n<li>Moment startowy: 18 Nm<\/li>\n<li>Pr\u0119dko\u015b\u0107 przesuwu: 0,15-0,31 m\/s<\/li>\n<li>Maksymalna waga bramy: 600 kg<\/li>\n<li>Intensywno\u015b\u0107 pracy:\u00a0100 cykli\/24h<\/li>\n<li>Temperatura pracy: -20\u00b0\u00a0\/ +50\u00b0C<\/li>\n<\/ul>\n","protected":false},"excerpt":{"rendered":"<p>NICE &#8211;\u00a0ROBUS600 (RB600) zestaw automatyki do bramy przesuwnej o wadze do 600kg ZESTAW ZAWIERA: Nap\u0119d ROBUS600 (RB600)\u00a0600kg Fotokom\u00f3rki\u00a0EPMB (nadajnik + odbiornik) Radioodbiornik OXIBD 2 piloty dwukana\u0142owe ON2E Lampa ostrzegawcza ELDC Akcesoria do monta\u017cu Instrukcja obs\u0142ugi Karta gwarancyjna Idealne rozwi\u0105zanie dla bram w domach jednorodzinnych. FUNKCJE : Zasilanie silnika 24V Wbudowany enkoder na centrali steruj\u0105cej &#8211; [&hellip;]<\/p>\n","protected":false},"featured_media":394,"comment_status":"open","ping_status":"closed","template":"","meta":[],"pwb-brand":[64],"product_brand":[],"product_cat":[43,44],"product_tag":[78,93,96],"class_list":{"0":"post-395","1":"product","2":"type-product","3":"status-publish","4":"has-post-thumbnail","6":"pwb-brand-nice","7":"product_cat-zestawy-2","8":"product_cat-do-bram-przesuwnych-2","9":"product_tag-nice-3","10":"product_tag-przesuw","11":"product_tag-robus","13":"first","14":"instock","15":"taxable","16":"shipping-taxable","17":"purchasable","18":"product-type-simple"},"yoast_head":"<!-- This site is optimized with the Yoast SEO plugin v24.7 - https:\/\/yoast.com\/wordpress\/plugins\/seo\/ -->\n<title>NICE ROBUS600 RB600 zestaw automatyki do bramy przesuwnej<\/title>\n<meta name=\"description\" content=\"NICE - ROBUS600 (RB600) zestaw automatyki do bramy przesuwnej o wadze do 600kg. Automatyka do bram sprzeda\u017c, monta\u017c serwis. TRYMER\" \/>\n<meta name=\"robots\" content=\"index, follow, max-snippet:-1, max-image-preview:large, max-video-preview:-1\" \/>\n<link rel=\"canonical\" href=\"https:\/\/sklep.bramywjazdowe.com.pl\/?product=nice-robus600-rb600\" \/>\n<meta property=\"og:locale\" content=\"pl_PL\" \/>\n<meta property=\"og:type\" content=\"article\" \/>\n<meta property=\"og:title\" content=\"NICE ROBUS600 RB600 zestaw automatyki do bramy przesuwnej\" \/>\n<meta property=\"og:description\" content=\"NICE - ROBUS600 (RB600) zestaw automatyki do bramy przesuwnej o wadze do 600kg. Automatyka do bram sprzeda\u017c, monta\u017c serwis. TRYMER\" \/>\n<meta property=\"og:url\" content=\"https:\/\/sklep.bramywjazdowe.com.pl\/?product=nice-robus600-rb600\" \/>\n<meta property=\"article:modified_time\" content=\"2023-01-04T15:39:18+00:00\" \/>\n<meta property=\"og:image\" content=\"https:\/\/sklep.bramywjazdowe.com.pl\/wp-content\/uploads\/2022\/11\/ZESTAW-ROBUS-lampa-on2e.png\" \/>\n\t<meta property=\"og:image:width\" content=\"500\" \/>\n\t<meta property=\"og:image:height\" content=\"500\" \/>\n\t<meta property=\"og:image:type\" content=\"image\/png\" \/>\n<meta name=\"twitter:card\" content=\"summary_large_image\" \/>\n<meta name=\"twitter:label1\" content=\"Szacowany czas czytania\" \/>\n\t<meta name=\"twitter:data1\" content=\"1 minuta\" \/>\n<script type=\"application\/ld+json\" class=\"yoast-schema-graph\">{\"@context\":\"https:\/\/schema.org\",\"@graph\":[{\"@type\":\"WebPage\",\"@id\":\"https:\/\/sklep.bramywjazdowe.com.pl\/?product=nice-robus600-rb600\",\"url\":\"https:\/\/sklep.bramywjazdowe.com.pl\/?product=nice-robus600-rb600\",\"name\":\"NICE ROBUS600 RB600 zestaw automatyki do bramy przesuwnej\",\"isPartOf\":{\"@id\":\"http:\/\/sklep.bramywjazdowe.com.pl\/#website\"},\"primaryImageOfPage\":{\"@id\":\"https:\/\/sklep.bramywjazdowe.com.pl\/?product=nice-robus600-rb600#primaryimage\"},\"image\":{\"@id\":\"https:\/\/sklep.bramywjazdowe.com.pl\/?product=nice-robus600-rb600#primaryimage\"},\"thumbnailUrl\":\"https:\/\/sklep.bramywjazdowe.com.pl\/wp-content\/uploads\/2022\/11\/ZESTAW-ROBUS-lampa-on2e.png\",\"datePublished\":\"2022-11-25T19:00:09+00:00\",\"dateModified\":\"2023-01-04T15:39:18+00:00\",\"description\":\"NICE - ROBUS600 (RB600) zestaw automatyki do bramy przesuwnej o wadze do 600kg. Automatyka do bram sprzeda\u017c, monta\u017c serwis. TRYMER\",\"breadcrumb\":{\"@id\":\"https:\/\/sklep.bramywjazdowe.com.pl\/?product=nice-robus600-rb600#breadcrumb\"},\"inLanguage\":\"pl-PL\",\"potentialAction\":[{\"@type\":\"ReadAction\",\"target\":[\"https:\/\/sklep.bramywjazdowe.com.pl\/?product=nice-robus600-rb600\"]}]},{\"@type\":\"ImageObject\",\"inLanguage\":\"pl-PL\",\"@id\":\"https:\/\/sklep.bramywjazdowe.com.pl\/?product=nice-robus600-rb600#primaryimage\",\"url\":\"https:\/\/sklep.bramywjazdowe.com.pl\/wp-content\/uploads\/2022\/11\/ZESTAW-ROBUS-lampa-on2e.png\",\"contentUrl\":\"https:\/\/sklep.bramywjazdowe.com.pl\/wp-content\/uploads\/2022\/11\/ZESTAW-ROBUS-lampa-on2e.png\",\"width\":500,\"height\":500},{\"@type\":\"BreadcrumbList\",\"@id\":\"https:\/\/sklep.bramywjazdowe.com.pl\/?product=nice-robus600-rb600#breadcrumb\",\"itemListElement\":[{\"@type\":\"ListItem\",\"position\":1,\"name\":\"Strona g\u0142\u00f3wna\",\"item\":\"http:\/\/sklep.bramywjazdowe.com.pl\/\"},{\"@type\":\"ListItem\",\"position\":2,\"name\":\"Produkty\",\"item\":\"http:\/\/sklep.bramywjazdowe.com.pl\/\"},{\"@type\":\"ListItem\",\"position\":3,\"name\":\"NICE &#8211; ROBUS600 (RB600) zestaw automatyki do bramy przesuwnej o wadze do 600kg\"}]},{\"@type\":\"WebSite\",\"@id\":\"http:\/\/sklep.bramywjazdowe.com.pl\/#website\",\"url\":\"http:\/\/sklep.bramywjazdowe.com.pl\/\",\"name\":\"Sklep Trymer Tomasz Kucharski\",\"description\":\"\",\"publisher\":{\"@id\":\"http:\/\/sklep.bramywjazdowe.com.pl\/#organization\"},\"potentialAction\":[{\"@type\":\"SearchAction\",\"target\":{\"@type\":\"EntryPoint\",\"urlTemplate\":\"http:\/\/sklep.bramywjazdowe.com.pl\/?s={search_term_string}\"},\"query-input\":{\"@type\":\"PropertyValueSpecification\",\"valueRequired\":true,\"valueName\":\"search_term_string\"}}],\"inLanguage\":\"pl-PL\"},{\"@type\":\"Organization\",\"@id\":\"http:\/\/sklep.bramywjazdowe.com.pl\/#organization\",\"name\":\"TRYMER Tomasz Kucharski\",\"url\":\"http:\/\/sklep.bramywjazdowe.com.pl\/\",\"logo\":{\"@type\":\"ImageObject\",\"inLanguage\":\"pl-PL\",\"@id\":\"http:\/\/sklep.bramywjazdowe.com.pl\/#\/schema\/logo\/image\/\",\"url\":\"https:\/\/sklep.bramywjazdowe.com.pl\/wp-content\/uploads\/2022\/11\/logo-sklep-222.png\",\"contentUrl\":\"https:\/\/sklep.bramywjazdowe.com.pl\/wp-content\/uploads\/2022\/11\/logo-sklep-222.png\",\"width\":1200,\"height\":180,\"caption\":\"TRYMER Tomasz Kucharski\"},\"image\":{\"@id\":\"http:\/\/sklep.bramywjazdowe.com.pl\/#\/schema\/logo\/image\/\"}}]}<\/script>\n<!-- \/ Yoast SEO plugin. -->","yoast_head_json":{"title":"NICE ROBUS600 RB600 zestaw automatyki do bramy przesuwnej","description":"NICE - ROBUS600 (RB600) zestaw automatyki do bramy przesuwnej o wadze do 600kg. Automatyka do bram sprzeda\u017c, monta\u017c serwis. TRYMER","robots":{"index":"index","follow":"follow","max-snippet":"max-snippet:-1","max-image-preview":"max-image-preview:large","max-video-preview":"max-video-preview:-1"},"canonical":"https:\/\/sklep.bramywjazdowe.com.pl\/?product=nice-robus600-rb600","og_locale":"pl_PL","og_type":"article","og_title":"NICE ROBUS600 RB600 zestaw automatyki do bramy przesuwnej","og_description":"NICE - ROBUS600 (RB600) zestaw automatyki do bramy przesuwnej o wadze do 600kg. Automatyka do bram sprzeda\u017c, monta\u017c serwis. TRYMER","og_url":"https:\/\/sklep.bramywjazdowe.com.pl\/?product=nice-robus600-rb600","article_modified_time":"2023-01-04T15:39:18+00:00","og_image":[{"width":500,"height":500,"url":"https:\/\/sklep.bramywjazdowe.com.pl\/wp-content\/uploads\/2022\/11\/ZESTAW-ROBUS-lampa-on2e.png","type":"image\/png"}],"twitter_card":"summary_large_image","twitter_misc":{"Szacowany czas czytania":"1 minuta"},"schema":{"@context":"https:\/\/schema.org","@graph":[{"@type":"WebPage","@id":"https:\/\/sklep.bramywjazdowe.com.pl\/?product=nice-robus600-rb600","url":"https:\/\/sklep.bramywjazdowe.com.pl\/?product=nice-robus600-rb600","name":"NICE ROBUS600 RB600 zestaw automatyki do bramy przesuwnej","isPartOf":{"@id":"http:\/\/sklep.bramywjazdowe.com.pl\/#website"},"primaryImageOfPage":{"@id":"https:\/\/sklep.bramywjazdowe.com.pl\/?product=nice-robus600-rb600#primaryimage"},"image":{"@id":"https:\/\/sklep.bramywjazdowe.com.pl\/?product=nice-robus600-rb600#primaryimage"},"thumbnailUrl":"https:\/\/sklep.bramywjazdowe.com.pl\/wp-content\/uploads\/2022\/11\/ZESTAW-ROBUS-lampa-on2e.png","datePublished":"2022-11-25T19:00:09+00:00","dateModified":"2023-01-04T15:39:18+00:00","description":"NICE - ROBUS600 (RB600) zestaw automatyki do bramy przesuwnej o wadze do 600kg. Automatyka do bram sprzeda\u017c, monta\u017c serwis. TRYMER","breadcrumb":{"@id":"https:\/\/sklep.bramywjazdowe.com.pl\/?product=nice-robus600-rb600#breadcrumb"},"inLanguage":"pl-PL","potentialAction":[{"@type":"ReadAction","target":["https:\/\/sklep.bramywjazdowe.com.pl\/?product=nice-robus600-rb600"]}]},{"@type":"ImageObject","inLanguage":"pl-PL","@id":"https:\/\/sklep.bramywjazdowe.com.pl\/?product=nice-robus600-rb600#primaryimage","url":"https:\/\/sklep.bramywjazdowe.com.pl\/wp-content\/uploads\/2022\/11\/ZESTAW-ROBUS-lampa-on2e.png","contentUrl":"https:\/\/sklep.bramywjazdowe.com.pl\/wp-content\/uploads\/2022\/11\/ZESTAW-ROBUS-lampa-on2e.png","width":500,"height":500},{"@type":"BreadcrumbList","@id":"https:\/\/sklep.bramywjazdowe.com.pl\/?product=nice-robus600-rb600#breadcrumb","itemListElement":[{"@type":"ListItem","position":1,"name":"Strona g\u0142\u00f3wna","item":"http:\/\/sklep.bramywjazdowe.com.pl\/"},{"@type":"ListItem","position":2,"name":"Produkty","item":"http:\/\/sklep.bramywjazdowe.com.pl\/"},{"@type":"ListItem","position":3,"name":"NICE &#8211; ROBUS600 (RB600) zestaw automatyki do bramy przesuwnej o wadze do 600kg"}]},{"@type":"WebSite","@id":"http:\/\/sklep.bramywjazdowe.com.pl\/#website","url":"http:\/\/sklep.bramywjazdowe.com.pl\/","name":"Sklep Trymer Tomasz Kucharski","description":"","publisher":{"@id":"http:\/\/sklep.bramywjazdowe.com.pl\/#organization"},"potentialAction":[{"@type":"SearchAction","target":{"@type":"EntryPoint","urlTemplate":"http:\/\/sklep.bramywjazdowe.com.pl\/?s={search_term_string}"},"query-input":{"@type":"PropertyValueSpecification","valueRequired":true,"valueName":"search_term_string"}}],"inLanguage":"pl-PL"},{"@type":"Organization","@id":"http:\/\/sklep.bramywjazdowe.com.pl\/#organization","name":"TRYMER Tomasz Kucharski","url":"http:\/\/sklep.bramywjazdowe.com.pl\/","logo":{"@type":"ImageObject","inLanguage":"pl-PL","@id":"http:\/\/sklep.bramywjazdowe.com.pl\/#\/schema\/logo\/image\/","url":"https:\/\/sklep.bramywjazdowe.com.pl\/wp-content\/uploads\/2022\/11\/logo-sklep-222.png","contentUrl":"https:\/\/sklep.bramywjazdowe.com.pl\/wp-content\/uploads\/2022\/11\/logo-sklep-222.png","width":1200,"height":180,"caption":"TRYMER Tomasz Kucharski"},"image":{"@id":"http:\/\/sklep.bramywjazdowe.com.pl\/#\/schema\/logo\/image\/"}}]}},"brands":[{"id":64,"name":"NICE","slug":"nice"}],"_links":{"self":[{"href":"https:\/\/sklep.bramywjazdowe.com.pl\/index.php?rest_route=\/wp\/v2\/product\/395","targetHints":{"allow":["GET"]}}],"collection":[{"href":"https:\/\/sklep.bramywjazdowe.com.pl\/index.php?rest_route=\/wp\/v2\/product"}],"about":[{"href":"https:\/\/sklep.bramywjazdowe.com.pl\/index.php?rest_route=\/wp\/v2\/types\/product"}],"replies":[{"embeddable":true,"href":"https:\/\/sklep.bramywjazdowe.com.pl\/index.php?rest_route=%2Fwp%2Fv2%2Fcomments&post=395"}],"wp:featuredmedia":[{"embeddable":true,"href":"https:\/\/sklep.bramywjazdowe.com.pl\/index.php?rest_route=\/wp\/v2\/media\/394"}],"wp:attachment":[{"href":"https:\/\/sklep.bramywjazdowe.com.pl\/index.php?rest_route=%2Fwp%2Fv2%2Fmedia&parent=395"}],"wp:term":[{"taxonomy":"pwb-brand","embeddable":true,"href":"https:\/\/sklep.bramywjazdowe.com.pl\/index.php?rest_route=%2Fwp%2Fv2%2Fpwb-brand&post=395"},{"taxonomy":"product_brand","embeddable":true,"href":"https:\/\/sklep.bramywjazdowe.com.pl\/index.php?rest_route=%2Fwp%2Fv2%2Fproduct_brand&post=395"},{"taxonomy":"product_cat","embeddable":true,"href":"https:\/\/sklep.bramywjazdowe.com.pl\/index.php?rest_route=%2Fwp%2Fv2%2Fproduct_cat&post=395"},{"taxonomy":"product_tag","embeddable":true,"href":"https:\/\/sklep.bramywjazdowe.com.pl\/index.php?rest_route=%2Fwp%2Fv2%2Fproduct_tag&post=395"}],"curies":[{"name":"wp","href":"https:\/\/api.w.org\/{rel}","templated":true}]}}