{"id":420,"date":"2023-01-04T17:49:31","date_gmt":"2023-01-04T16:49:31","guid":{"rendered":"http:\/\/sklep.bramywjazdowe.com.pl\/?post_type=product&#038;p=420"},"modified":"2023-01-04T17:51:26","modified_gmt":"2023-01-04T16:51:26","slug":"montaz-automatyki-do-bramy-skrzydlowej-kupionej-w-naszym-sklepie","status":"publish","type":"product","link":"https:\/\/sklep.bramywjazdowe.com.pl\/?product=montaz-automatyki-do-bramy-skrzydlowej-kupionej-w-naszym-sklepie","title":{"rendered":"Monta\u017c automatyki do bramy skrzyd\u0142owej kupionej w naszym sklepie."},"content":{"rendered":"<p>Cena obejmuje:<\/p>\n<ul>\n<li>Monta\u017c nap\u0119du\u00a0do s\u0142upka i skrzyd\u0142a bramy (spawanie lub przykr\u0119canie)<\/li>\n<li>Monta\u017c akcesori\u00f3w do\u0142\u0105czonych do zestawu automatyki<\/li>\n<li>Rozprowadzenie niezb\u0119dnego okablowania w przygotowanych trasach kablowych (np: rura os\u0142onowa)<\/li>\n<li>Uruchomienie automatyki<\/li>\n<\/ul>\n<p>Cena nie obejmuje:<\/p>\n<ul>\n<li>Doprowadzenia zasilania<\/li>\n<li>Tras kablowych pod instalacje<\/li>\n<li>Monta\u017c\u00a0innych\u00a0akcesori\u00f3w nie do\u0142\u0105czonych do zestawu<\/li>\n<li>Przer\u00f3bek bramy<\/li>\n<\/ul>\n","protected":false},"excerpt":{"rendered":"<p>Cena obejmuje: Monta\u017c nap\u0119du\u00a0do s\u0142upka i skrzyd\u0142a bramy (spawanie lub przykr\u0119canie) Monta\u017c akcesori\u00f3w do\u0142\u0105czonych do zestawu automatyki Rozprowadzenie niezb\u0119dnego okablowania w przygotowanych trasach kablowych (np: rura os\u0142onowa) Uruchomienie automatyki Cena nie obejmuje: Doprowadzenia zasilania Tras kablowych pod instalacje Monta\u017c\u00a0innych\u00a0akcesori\u00f3w nie do\u0142\u0105czonych do zestawu Przer\u00f3bek bramy<\/p>\n","protected":false},"featured_media":17,"comment_status":"open","ping_status":"closed","template":"","meta":[],"pwb-brand":[],"product_brand":[],"product_cat":[63],"product_tag":[105,77,78],"class_list":{"0":"post-420","1":"product","2":"type-product","3":"status-publish","4":"has-post-thumbnail","6":"product_cat-uslugi","7":"product_tag-brama-skrzydlowa","8":"product_tag-came-4","9":"product_tag-nice-3","11":"first","12":"instock","13":"taxable","14":"shipping-taxable","15":"purchasable","16":"product-type-simple"},"yoast_head":"<!-- This site is optimized with the Yoast SEO plugin v24.7 - https:\/\/yoast.com\/wordpress\/plugins\/seo\/ -->\n<title>Us\u0142uga - Monta\u017c automatyki do bramy skrzyd\u0142owej<\/title>\n<meta name=\"description\" content=\"Monta\u017c automatyki do bramy skrzyd\u0142owej kupionej w naszym sklepie. TRYMER Tomasz Kucharski sprzeda\u017c monta\u017c serwis. Fachowa obs\u0142uga, szybki czas realizacji\" \/>\n<meta name=\"robots\" content=\"index, follow, max-snippet:-1, max-image-preview:large, max-video-preview:-1\" \/>\n<link rel=\"canonical\" href=\"https:\/\/sklep.bramywjazdowe.com.pl\/?product=montaz-automatyki-do-bramy-skrzydlowej-kupionej-w-naszym-sklepie\" \/>\n<meta property=\"og:locale\" content=\"pl_PL\" \/>\n<meta property=\"og:type\" content=\"article\" \/>\n<meta property=\"og:title\" content=\"Us\u0142uga - Monta\u017c automatyki do bramy skrzyd\u0142owej\" \/>\n<meta property=\"og:description\" content=\"Monta\u017c automatyki do bramy skrzyd\u0142owej kupionej w naszym sklepie. TRYMER Tomasz Kucharski sprzeda\u017c monta\u017c serwis. Fachowa obs\u0142uga, szybki czas realizacji\" \/>\n<meta property=\"og:url\" content=\"https:\/\/sklep.bramywjazdowe.com.pl\/?product=montaz-automatyki-do-bramy-skrzydlowej-kupionej-w-naszym-sklepie\" \/>\n<meta property=\"article:modified_time\" content=\"2023-01-04T16:51:26+00:00\" \/>\n<meta property=\"og:image\" content=\"https:\/\/sklep.bramywjazdowe.com.pl\/wp-content\/uploads\/2022\/11\/Montaz-automatyki-skrzydlo-pilot.png\" \/>\n\t<meta property=\"og:image:width\" content=\"500\" \/>\n\t<meta property=\"og:image:height\" content=\"500\" \/>\n\t<meta property=\"og:image:type\" content=\"image\/png\" \/>\n<meta name=\"twitter:card\" content=\"summary_large_image\" \/>\n<meta name=\"twitter:label1\" content=\"Szacowany czas czytania\" \/>\n\t<meta name=\"twitter:data1\" content=\"1 minuta\" \/>\n<script type=\"application\/ld+json\" class=\"yoast-schema-graph\">{\"@context\":\"https:\/\/schema.org\",\"@graph\":[{\"@type\":\"WebPage\",\"@id\":\"https:\/\/sklep.bramywjazdowe.com.pl\/?product=montaz-automatyki-do-bramy-skrzydlowej-kupionej-w-naszym-sklepie\",\"url\":\"https:\/\/sklep.bramywjazdowe.com.pl\/?product=montaz-automatyki-do-bramy-skrzydlowej-kupionej-w-naszym-sklepie\",\"name\":\"Us\u0142uga - Monta\u017c automatyki do bramy skrzyd\u0142owej\",\"isPartOf\":{\"@id\":\"http:\/\/sklep.bramywjazdowe.com.pl\/#website\"},\"primaryImageOfPage\":{\"@id\":\"https:\/\/sklep.bramywjazdowe.com.pl\/?product=montaz-automatyki-do-bramy-skrzydlowej-kupionej-w-naszym-sklepie#primaryimage\"},\"image\":{\"@id\":\"https:\/\/sklep.bramywjazdowe.com.pl\/?product=montaz-automatyki-do-bramy-skrzydlowej-kupionej-w-naszym-sklepie#primaryimage\"},\"thumbnailUrl\":\"https:\/\/sklep.bramywjazdowe.com.pl\/wp-content\/uploads\/2022\/11\/Montaz-automatyki-skrzydlo-pilot.png\",\"datePublished\":\"2023-01-04T16:49:31+00:00\",\"dateModified\":\"2023-01-04T16:51:26+00:00\",\"description\":\"Monta\u017c automatyki do bramy skrzyd\u0142owej kupionej w naszym sklepie. TRYMER Tomasz Kucharski sprzeda\u017c monta\u017c serwis. Fachowa obs\u0142uga, szybki czas realizacji\",\"breadcrumb\":{\"@id\":\"https:\/\/sklep.bramywjazdowe.com.pl\/?product=montaz-automatyki-do-bramy-skrzydlowej-kupionej-w-naszym-sklepie#breadcrumb\"},\"inLanguage\":\"pl-PL\",\"potentialAction\":[{\"@type\":\"ReadAction\",\"target\":[\"https:\/\/sklep.bramywjazdowe.com.pl\/?product=montaz-automatyki-do-bramy-skrzydlowej-kupionej-w-naszym-sklepie\"]}]},{\"@type\":\"ImageObject\",\"inLanguage\":\"pl-PL\",\"@id\":\"https:\/\/sklep.bramywjazdowe.com.pl\/?product=montaz-automatyki-do-bramy-skrzydlowej-kupionej-w-naszym-sklepie#primaryimage\",\"url\":\"https:\/\/sklep.bramywjazdowe.com.pl\/wp-content\/uploads\/2022\/11\/Montaz-automatyki-skrzydlo-pilot.png\",\"contentUrl\":\"https:\/\/sklep.bramywjazdowe.com.pl\/wp-content\/uploads\/2022\/11\/Montaz-automatyki-skrzydlo-pilot.png\",\"width\":500,\"height\":500},{\"@type\":\"BreadcrumbList\",\"@id\":\"https:\/\/sklep.bramywjazdowe.com.pl\/?product=montaz-automatyki-do-bramy-skrzydlowej-kupionej-w-naszym-sklepie#breadcrumb\",\"itemListElement\":[{\"@type\":\"ListItem\",\"position\":1,\"name\":\"Strona g\u0142\u00f3wna\",\"item\":\"http:\/\/sklep.bramywjazdowe.com.pl\/\"},{\"@type\":\"ListItem\",\"position\":2,\"name\":\"Produkty\",\"item\":\"http:\/\/sklep.bramywjazdowe.com.pl\/\"},{\"@type\":\"ListItem\",\"position\":3,\"name\":\"Monta\u017c automatyki do bramy skrzyd\u0142owej kupionej w naszym sklepie.\"}]},{\"@type\":\"WebSite\",\"@id\":\"http:\/\/sklep.bramywjazdowe.com.pl\/#website\",\"url\":\"http:\/\/sklep.bramywjazdowe.com.pl\/\",\"name\":\"Sklep Trymer Tomasz Kucharski\",\"description\":\"\",\"publisher\":{\"@id\":\"http:\/\/sklep.bramywjazdowe.com.pl\/#organization\"},\"potentialAction\":[{\"@type\":\"SearchAction\",\"target\":{\"@type\":\"EntryPoint\",\"urlTemplate\":\"http:\/\/sklep.bramywjazdowe.com.pl\/?s={search_term_string}\"},\"query-input\":{\"@type\":\"PropertyValueSpecification\",\"valueRequired\":true,\"valueName\":\"search_term_string\"}}],\"inLanguage\":\"pl-PL\"},{\"@type\":\"Organization\",\"@id\":\"http:\/\/sklep.bramywjazdowe.com.pl\/#organization\",\"name\":\"TRYMER Tomasz Kucharski\",\"url\":\"http:\/\/sklep.bramywjazdowe.com.pl\/\",\"logo\":{\"@type\":\"ImageObject\",\"inLanguage\":\"pl-PL\",\"@id\":\"http:\/\/sklep.bramywjazdowe.com.pl\/#\/schema\/logo\/image\/\",\"url\":\"https:\/\/sklep.bramywjazdowe.com.pl\/wp-content\/uploads\/2022\/11\/logo-sklep-222.png\",\"contentUrl\":\"https:\/\/sklep.bramywjazdowe.com.pl\/wp-content\/uploads\/2022\/11\/logo-sklep-222.png\",\"width\":1200,\"height\":180,\"caption\":\"TRYMER Tomasz Kucharski\"},\"image\":{\"@id\":\"http:\/\/sklep.bramywjazdowe.com.pl\/#\/schema\/logo\/image\/\"}}]}<\/script>\n<!-- \/ Yoast SEO plugin. -->","yoast_head_json":{"title":"Us\u0142uga - Monta\u017c automatyki do bramy skrzyd\u0142owej","description":"Monta\u017c automatyki do bramy skrzyd\u0142owej kupionej w naszym sklepie. TRYMER Tomasz Kucharski sprzeda\u017c monta\u017c serwis. Fachowa obs\u0142uga, szybki czas realizacji","robots":{"index":"index","follow":"follow","max-snippet":"max-snippet:-1","max-image-preview":"max-image-preview:large","max-video-preview":"max-video-preview:-1"},"canonical":"https:\/\/sklep.bramywjazdowe.com.pl\/?product=montaz-automatyki-do-bramy-skrzydlowej-kupionej-w-naszym-sklepie","og_locale":"pl_PL","og_type":"article","og_title":"Us\u0142uga - Monta\u017c automatyki do bramy skrzyd\u0142owej","og_description":"Monta\u017c automatyki do bramy skrzyd\u0142owej kupionej w naszym sklepie. TRYMER Tomasz Kucharski sprzeda\u017c monta\u017c serwis. Fachowa obs\u0142uga, szybki czas realizacji","og_url":"https:\/\/sklep.bramywjazdowe.com.pl\/?product=montaz-automatyki-do-bramy-skrzydlowej-kupionej-w-naszym-sklepie","article_modified_time":"2023-01-04T16:51:26+00:00","og_image":[{"width":500,"height":500,"url":"https:\/\/sklep.bramywjazdowe.com.pl\/wp-content\/uploads\/2022\/11\/Montaz-automatyki-skrzydlo-pilot.png","type":"image\/png"}],"twitter_card":"summary_large_image","twitter_misc":{"Szacowany czas czytania":"1 minuta"},"schema":{"@context":"https:\/\/schema.org","@graph":[{"@type":"WebPage","@id":"https:\/\/sklep.bramywjazdowe.com.pl\/?product=montaz-automatyki-do-bramy-skrzydlowej-kupionej-w-naszym-sklepie","url":"https:\/\/sklep.bramywjazdowe.com.pl\/?product=montaz-automatyki-do-bramy-skrzydlowej-kupionej-w-naszym-sklepie","name":"Us\u0142uga - Monta\u017c automatyki do bramy skrzyd\u0142owej","isPartOf":{"@id":"http:\/\/sklep.bramywjazdowe.com.pl\/#website"},"primaryImageOfPage":{"@id":"https:\/\/sklep.bramywjazdowe.com.pl\/?product=montaz-automatyki-do-bramy-skrzydlowej-kupionej-w-naszym-sklepie#primaryimage"},"image":{"@id":"https:\/\/sklep.bramywjazdowe.com.pl\/?product=montaz-automatyki-do-bramy-skrzydlowej-kupionej-w-naszym-sklepie#primaryimage"},"thumbnailUrl":"https:\/\/sklep.bramywjazdowe.com.pl\/wp-content\/uploads\/2022\/11\/Montaz-automatyki-skrzydlo-pilot.png","datePublished":"2023-01-04T16:49:31+00:00","dateModified":"2023-01-04T16:51:26+00:00","description":"Monta\u017c automatyki do bramy skrzyd\u0142owej kupionej w naszym sklepie. TRYMER Tomasz Kucharski sprzeda\u017c monta\u017c serwis. Fachowa obs\u0142uga, szybki czas realizacji","breadcrumb":{"@id":"https:\/\/sklep.bramywjazdowe.com.pl\/?product=montaz-automatyki-do-bramy-skrzydlowej-kupionej-w-naszym-sklepie#breadcrumb"},"inLanguage":"pl-PL","potentialAction":[{"@type":"ReadAction","target":["https:\/\/sklep.bramywjazdowe.com.pl\/?product=montaz-automatyki-do-bramy-skrzydlowej-kupionej-w-naszym-sklepie"]}]},{"@type":"ImageObject","inLanguage":"pl-PL","@id":"https:\/\/sklep.bramywjazdowe.com.pl\/?product=montaz-automatyki-do-bramy-skrzydlowej-kupionej-w-naszym-sklepie#primaryimage","url":"https:\/\/sklep.bramywjazdowe.com.pl\/wp-content\/uploads\/2022\/11\/Montaz-automatyki-skrzydlo-pilot.png","contentUrl":"https:\/\/sklep.bramywjazdowe.com.pl\/wp-content\/uploads\/2022\/11\/Montaz-automatyki-skrzydlo-pilot.png","width":500,"height":500},{"@type":"BreadcrumbList","@id":"https:\/\/sklep.bramywjazdowe.com.pl\/?product=montaz-automatyki-do-bramy-skrzydlowej-kupionej-w-naszym-sklepie#breadcrumb","itemListElement":[{"@type":"ListItem","position":1,"name":"Strona g\u0142\u00f3wna","item":"http:\/\/sklep.bramywjazdowe.com.pl\/"},{"@type":"ListItem","position":2,"name":"Produkty","item":"http:\/\/sklep.bramywjazdowe.com.pl\/"},{"@type":"ListItem","position":3,"name":"Monta\u017c automatyki do bramy skrzyd\u0142owej kupionej w naszym sklepie."}]},{"@type":"WebSite","@id":"http:\/\/sklep.bramywjazdowe.com.pl\/#website","url":"http:\/\/sklep.bramywjazdowe.com.pl\/","name":"Sklep Trymer Tomasz Kucharski","description":"","publisher":{"@id":"http:\/\/sklep.bramywjazdowe.com.pl\/#organization"},"potentialAction":[{"@type":"SearchAction","target":{"@type":"EntryPoint","urlTemplate":"http:\/\/sklep.bramywjazdowe.com.pl\/?s={search_term_string}"},"query-input":{"@type":"PropertyValueSpecification","valueRequired":true,"valueName":"search_term_string"}}],"inLanguage":"pl-PL"},{"@type":"Organization","@id":"http:\/\/sklep.bramywjazdowe.com.pl\/#organization","name":"TRYMER Tomasz Kucharski","url":"http:\/\/sklep.bramywjazdowe.com.pl\/","logo":{"@type":"ImageObject","inLanguage":"pl-PL","@id":"http:\/\/sklep.bramywjazdowe.com.pl\/#\/schema\/logo\/image\/","url":"https:\/\/sklep.bramywjazdowe.com.pl\/wp-content\/uploads\/2022\/11\/logo-sklep-222.png","contentUrl":"https:\/\/sklep.bramywjazdowe.com.pl\/wp-content\/uploads\/2022\/11\/logo-sklep-222.png","width":1200,"height":180,"caption":"TRYMER Tomasz Kucharski"},"image":{"@id":"http:\/\/sklep.bramywjazdowe.com.pl\/#\/schema\/logo\/image\/"}}]}},"brands":[],"_links":{"self":[{"href":"https:\/\/sklep.bramywjazdowe.com.pl\/index.php?rest_route=\/wp\/v2\/product\/420","targetHints":{"allow":["GET"]}}],"collection":[{"href":"https:\/\/sklep.bramywjazdowe.com.pl\/index.php?rest_route=\/wp\/v2\/product"}],"about":[{"href":"https:\/\/sklep.bramywjazdowe.com.pl\/index.php?rest_route=\/wp\/v2\/types\/product"}],"replies":[{"embeddable":true,"href":"https:\/\/sklep.bramywjazdowe.com.pl\/index.php?rest_route=%2Fwp%2Fv2%2Fcomments&post=420"}],"wp:featuredmedia":[{"embeddable":true,"href":"https:\/\/sklep.bramywjazdowe.com.pl\/index.php?rest_route=\/wp\/v2\/media\/17"}],"wp:attachment":[{"href":"https:\/\/sklep.bramywjazdowe.com.pl\/index.php?rest_route=%2Fwp%2Fv2%2Fmedia&parent=420"}],"wp:term":[{"taxonomy":"pwb-brand","embeddable":true,"href":"https:\/\/sklep.bramywjazdowe.com.pl\/index.php?rest_route=%2Fwp%2Fv2%2Fpwb-brand&post=420"},{"taxonomy":"product_brand","embeddable":true,"href":"https:\/\/sklep.bramywjazdowe.com.pl\/index.php?rest_route=%2Fwp%2Fv2%2Fproduct_brand&post=420"},{"taxonomy":"product_cat","embeddable":true,"href":"https:\/\/sklep.bramywjazdowe.com.pl\/index.php?rest_route=%2Fwp%2Fv2%2Fproduct_cat&post=420"},{"taxonomy":"product_tag","embeddable":true,"href":"https:\/\/sklep.bramywjazdowe.com.pl\/index.php?rest_route=%2Fwp%2Fv2%2Fproduct_tag&post=420"}],"curies":[{"name":"wp","href":"https:\/\/api.w.org\/{rel}","templated":true}]}}