{"id":474,"date":"2023-01-06T12:49:10","date_gmt":"2023-01-06T11:49:10","guid":{"rendered":"http:\/\/sklep.bramywjazdowe.com.pl\/?post_type=product&#038;p=474"},"modified":"2023-01-06T12:51:34","modified_gmt":"2023-01-06T11:51:34","slug":"came-karta-czestotliwosci-af43sp-do-pilotow-space","status":"publish","type":"product","link":"https:\/\/sklep.bramywjazdowe.com.pl\/?product=came-karta-czestotliwosci-af43sp-do-pilotow-space","title":{"rendered":"CAME &#8211; Karta cz\u0119stotliwo\u015bci AF43SP do pilot\u00f3w SPACE"},"content":{"rendered":"<p>CAME &#8211; Karta cz\u0119stotliwo\u015bci AF43SP do pilot\u00f3w SPACE<\/p>\n<p>Karta przystosowana do monta\u017cu we wszystkich p\u0142ytach i centralach posiadaj\u0105cych gniazdo AF.<\/p>\n<p>Podstawowe parametry:<\/p>\n<ul>\n<li>Wsp\u00f3\u0142pracuje z pilotami:\u00a0SPACE SP2, SP4<\/li>\n<li>Pami\u0119\u0107: 36 pilot\u00f3w<\/li>\n<li>Liczba kana\u0142\u00f3w: 2<\/li>\n<li>Cz\u0119stotliwo\u015b\u0107: 433,92 MHz<\/li>\n<li>Zasi\u0119g: do 150m<\/li>\n<li>Kodowania: zmiennokodowy system KeeLog<\/li>\n<li>Zasilanie: 5V<\/li>\n<li>Temperatura pracy: -20\/+55<\/li>\n<\/ul>\n","protected":false},"excerpt":{"rendered":"<p>CAME &#8211; Karta cz\u0119stotliwo\u015bci AF43SP do pilot\u00f3w SPACE Karta przystosowana do monta\u017cu we wszystkich p\u0142ytach i centralach posiadaj\u0105cych gniazdo AF. Podstawowe parametry: Wsp\u00f3\u0142pracuje z pilotami:\u00a0SPACE SP2, SP4 Pami\u0119\u0107: 36 pilot\u00f3w Liczba kana\u0142\u00f3w: 2 Cz\u0119stotliwo\u015b\u0107: 433,92 MHz Zasi\u0119g: do 150m Kodowania: zmiennokodowy system KeeLog Zasilanie: 5V Temperatura pracy: -20\/+55<\/p>\n","protected":false},"featured_media":453,"comment_status":"open","ping_status":"closed","template":"","meta":[],"pwb-brand":[41],"product_brand":[],"product_cat":[45,58],"product_tag":[77,116,117,118,119],"class_list":{"0":"post-474","1":"product","2":"type-product","3":"status-publish","4":"has-post-thumbnail","6":"pwb-brand-came-2","7":"product_cat-akcesoria-2","8":"product_cat-radioodbiorniki","9":"product_tag-came-4","10":"product_tag-karta","11":"product_tag-karta-czestotliwosci","12":"product_tag-radioodbiornik","13":"product_tag-space","15":"first","16":"instock","17":"taxable","18":"shipping-taxable","19":"purchasable","20":"product-type-simple"},"yoast_head":"<!-- This site is optimized with the Yoast SEO plugin v24.7 - https:\/\/yoast.com\/wordpress\/plugins\/seo\/ -->\n<title>CAME - Karta cz\u0119stotliwo\u015bci AF43SP do pilot\u00f3w SPACE<\/title>\n<meta name=\"description\" content=\"CAME - Karta cz\u0119stotliwo\u015bci AF43SP do pilot\u00f3w SPACE. Karta przystosowana do monta\u017cu we wszystkich p\u0142ytach i centralach posiadaj\u0105cych gniazdo AF. TRYMER\" \/>\n<meta name=\"robots\" content=\"index, follow, max-snippet:-1, max-image-preview:large, max-video-preview:-1\" \/>\n<link rel=\"canonical\" href=\"https:\/\/sklep.bramywjazdowe.com.pl\/?product=came-karta-czestotliwosci-af43sp-do-pilotow-space\" \/>\n<meta property=\"og:locale\" content=\"pl_PL\" \/>\n<meta property=\"og:type\" content=\"article\" \/>\n<meta property=\"og:title\" content=\"CAME - Karta cz\u0119stotliwo\u015bci AF43SP do pilot\u00f3w SPACE\" \/>\n<meta property=\"og:description\" content=\"CAME - Karta cz\u0119stotliwo\u015bci AF43SP do pilot\u00f3w SPACE. Karta przystosowana do monta\u017cu we wszystkich p\u0142ytach i centralach posiadaj\u0105cych gniazdo AF. TRYMER\" \/>\n<meta property=\"og:url\" content=\"https:\/\/sklep.bramywjazdowe.com.pl\/?product=came-karta-czestotliwosci-af43sp-do-pilotow-space\" \/>\n<meta property=\"article:modified_time\" content=\"2023-01-06T11:51:34+00:00\" \/>\n<meta property=\"og:image\" content=\"https:\/\/sklep.bramywjazdowe.com.pl\/wp-content\/uploads\/2023\/01\/CAME-AF43SP.png\" \/>\n\t<meta property=\"og:image:width\" content=\"429\" \/>\n\t<meta property=\"og:image:height\" content=\"581\" \/>\n\t<meta property=\"og:image:type\" content=\"image\/png\" \/>\n<meta name=\"twitter:card\" content=\"summary_large_image\" \/>\n<meta name=\"twitter:label1\" content=\"Szacowany czas czytania\" \/>\n\t<meta name=\"twitter:data1\" content=\"1 minuta\" \/>\n<script type=\"application\/ld+json\" class=\"yoast-schema-graph\">{\"@context\":\"https:\/\/schema.org\",\"@graph\":[{\"@type\":\"WebPage\",\"@id\":\"https:\/\/sklep.bramywjazdowe.com.pl\/?product=came-karta-czestotliwosci-af43sp-do-pilotow-space\",\"url\":\"https:\/\/sklep.bramywjazdowe.com.pl\/?product=came-karta-czestotliwosci-af43sp-do-pilotow-space\",\"name\":\"CAME - Karta cz\u0119stotliwo\u015bci AF43SP do pilot\u00f3w SPACE\",\"isPartOf\":{\"@id\":\"https:\/\/sklep.bramywjazdowe.com.pl\/#website\"},\"primaryImageOfPage\":{\"@id\":\"https:\/\/sklep.bramywjazdowe.com.pl\/?product=came-karta-czestotliwosci-af43sp-do-pilotow-space#primaryimage\"},\"image\":{\"@id\":\"https:\/\/sklep.bramywjazdowe.com.pl\/?product=came-karta-czestotliwosci-af43sp-do-pilotow-space#primaryimage\"},\"thumbnailUrl\":\"https:\/\/sklep.bramywjazdowe.com.pl\/wp-content\/uploads\/2023\/01\/CAME-AF43SP.png\",\"datePublished\":\"2023-01-06T11:49:10+00:00\",\"dateModified\":\"2023-01-06T11:51:34+00:00\",\"description\":\"CAME - Karta cz\u0119stotliwo\u015bci AF43SP do pilot\u00f3w SPACE. Karta przystosowana do monta\u017cu we wszystkich p\u0142ytach i centralach posiadaj\u0105cych gniazdo AF. TRYMER\",\"breadcrumb\":{\"@id\":\"https:\/\/sklep.bramywjazdowe.com.pl\/?product=came-karta-czestotliwosci-af43sp-do-pilotow-space#breadcrumb\"},\"inLanguage\":\"pl-PL\",\"potentialAction\":[{\"@type\":\"ReadAction\",\"target\":[\"https:\/\/sklep.bramywjazdowe.com.pl\/?product=came-karta-czestotliwosci-af43sp-do-pilotow-space\"]}]},{\"@type\":\"ImageObject\",\"inLanguage\":\"pl-PL\",\"@id\":\"https:\/\/sklep.bramywjazdowe.com.pl\/?product=came-karta-czestotliwosci-af43sp-do-pilotow-space#primaryimage\",\"url\":\"https:\/\/sklep.bramywjazdowe.com.pl\/wp-content\/uploads\/2023\/01\/CAME-AF43SP.png\",\"contentUrl\":\"https:\/\/sklep.bramywjazdowe.com.pl\/wp-content\/uploads\/2023\/01\/CAME-AF43SP.png\",\"width\":429,\"height\":581},{\"@type\":\"BreadcrumbList\",\"@id\":\"https:\/\/sklep.bramywjazdowe.com.pl\/?product=came-karta-czestotliwosci-af43sp-do-pilotow-space#breadcrumb\",\"itemListElement\":[{\"@type\":\"ListItem\",\"position\":1,\"name\":\"Strona g\u0142\u00f3wna\",\"item\":\"https:\/\/sklep.bramywjazdowe.com.pl\/\"},{\"@type\":\"ListItem\",\"position\":2,\"name\":\"Produkty\",\"item\":\"https:\/\/sklep.bramywjazdowe.com.pl\/\"},{\"@type\":\"ListItem\",\"position\":3,\"name\":\"CAME &#8211; Karta cz\u0119stotliwo\u015bci AF43SP do pilot\u00f3w SPACE\"}]},{\"@type\":\"WebSite\",\"@id\":\"https:\/\/sklep.bramywjazdowe.com.pl\/#website\",\"url\":\"https:\/\/sklep.bramywjazdowe.com.pl\/\",\"name\":\"Sklep Trymer Tomasz Kucharski\",\"description\":\"\",\"publisher\":{\"@id\":\"https:\/\/sklep.bramywjazdowe.com.pl\/#organization\"},\"potentialAction\":[{\"@type\":\"SearchAction\",\"target\":{\"@type\":\"EntryPoint\",\"urlTemplate\":\"https:\/\/sklep.bramywjazdowe.com.pl\/?s={search_term_string}\"},\"query-input\":{\"@type\":\"PropertyValueSpecification\",\"valueRequired\":true,\"valueName\":\"search_term_string\"}}],\"inLanguage\":\"pl-PL\"},{\"@type\":\"Organization\",\"@id\":\"https:\/\/sklep.bramywjazdowe.com.pl\/#organization\",\"name\":\"TRYMER Tomasz Kucharski\",\"url\":\"https:\/\/sklep.bramywjazdowe.com.pl\/\",\"logo\":{\"@type\":\"ImageObject\",\"inLanguage\":\"pl-PL\",\"@id\":\"https:\/\/sklep.bramywjazdowe.com.pl\/#\/schema\/logo\/image\/\",\"url\":\"https:\/\/sklep.bramywjazdowe.com.pl\/wp-content\/uploads\/2022\/11\/logo-sklep-222.png\",\"contentUrl\":\"https:\/\/sklep.bramywjazdowe.com.pl\/wp-content\/uploads\/2022\/11\/logo-sklep-222.png\",\"width\":1200,\"height\":180,\"caption\":\"TRYMER Tomasz Kucharski\"},\"image\":{\"@id\":\"https:\/\/sklep.bramywjazdowe.com.pl\/#\/schema\/logo\/image\/\"}}]}<\/script>\n<!-- \/ Yoast SEO plugin. -->","yoast_head_json":{"title":"CAME - Karta cz\u0119stotliwo\u015bci AF43SP do pilot\u00f3w SPACE","description":"CAME - Karta cz\u0119stotliwo\u015bci AF43SP do pilot\u00f3w SPACE. Karta przystosowana do monta\u017cu we wszystkich p\u0142ytach i centralach posiadaj\u0105cych gniazdo AF. TRYMER","robots":{"index":"index","follow":"follow","max-snippet":"max-snippet:-1","max-image-preview":"max-image-preview:large","max-video-preview":"max-video-preview:-1"},"canonical":"https:\/\/sklep.bramywjazdowe.com.pl\/?product=came-karta-czestotliwosci-af43sp-do-pilotow-space","og_locale":"pl_PL","og_type":"article","og_title":"CAME - Karta cz\u0119stotliwo\u015bci AF43SP do pilot\u00f3w SPACE","og_description":"CAME - Karta cz\u0119stotliwo\u015bci AF43SP do pilot\u00f3w SPACE. Karta przystosowana do monta\u017cu we wszystkich p\u0142ytach i centralach posiadaj\u0105cych gniazdo AF. TRYMER","og_url":"https:\/\/sklep.bramywjazdowe.com.pl\/?product=came-karta-czestotliwosci-af43sp-do-pilotow-space","article_modified_time":"2023-01-06T11:51:34+00:00","og_image":[{"width":429,"height":581,"url":"https:\/\/sklep.bramywjazdowe.com.pl\/wp-content\/uploads\/2023\/01\/CAME-AF43SP.png","type":"image\/png"}],"twitter_card":"summary_large_image","twitter_misc":{"Szacowany czas czytania":"1 minuta"},"schema":{"@context":"https:\/\/schema.org","@graph":[{"@type":"WebPage","@id":"https:\/\/sklep.bramywjazdowe.com.pl\/?product=came-karta-czestotliwosci-af43sp-do-pilotow-space","url":"https:\/\/sklep.bramywjazdowe.com.pl\/?product=came-karta-czestotliwosci-af43sp-do-pilotow-space","name":"CAME - Karta cz\u0119stotliwo\u015bci AF43SP do pilot\u00f3w SPACE","isPartOf":{"@id":"https:\/\/sklep.bramywjazdowe.com.pl\/#website"},"primaryImageOfPage":{"@id":"https:\/\/sklep.bramywjazdowe.com.pl\/?product=came-karta-czestotliwosci-af43sp-do-pilotow-space#primaryimage"},"image":{"@id":"https:\/\/sklep.bramywjazdowe.com.pl\/?product=came-karta-czestotliwosci-af43sp-do-pilotow-space#primaryimage"},"thumbnailUrl":"https:\/\/sklep.bramywjazdowe.com.pl\/wp-content\/uploads\/2023\/01\/CAME-AF43SP.png","datePublished":"2023-01-06T11:49:10+00:00","dateModified":"2023-01-06T11:51:34+00:00","description":"CAME - Karta cz\u0119stotliwo\u015bci AF43SP do pilot\u00f3w SPACE. Karta przystosowana do monta\u017cu we wszystkich p\u0142ytach i centralach posiadaj\u0105cych gniazdo AF. TRYMER","breadcrumb":{"@id":"https:\/\/sklep.bramywjazdowe.com.pl\/?product=came-karta-czestotliwosci-af43sp-do-pilotow-space#breadcrumb"},"inLanguage":"pl-PL","potentialAction":[{"@type":"ReadAction","target":["https:\/\/sklep.bramywjazdowe.com.pl\/?product=came-karta-czestotliwosci-af43sp-do-pilotow-space"]}]},{"@type":"ImageObject","inLanguage":"pl-PL","@id":"https:\/\/sklep.bramywjazdowe.com.pl\/?product=came-karta-czestotliwosci-af43sp-do-pilotow-space#primaryimage","url":"https:\/\/sklep.bramywjazdowe.com.pl\/wp-content\/uploads\/2023\/01\/CAME-AF43SP.png","contentUrl":"https:\/\/sklep.bramywjazdowe.com.pl\/wp-content\/uploads\/2023\/01\/CAME-AF43SP.png","width":429,"height":581},{"@type":"BreadcrumbList","@id":"https:\/\/sklep.bramywjazdowe.com.pl\/?product=came-karta-czestotliwosci-af43sp-do-pilotow-space#breadcrumb","itemListElement":[{"@type":"ListItem","position":1,"name":"Strona g\u0142\u00f3wna","item":"https:\/\/sklep.bramywjazdowe.com.pl\/"},{"@type":"ListItem","position":2,"name":"Produkty","item":"https:\/\/sklep.bramywjazdowe.com.pl\/"},{"@type":"ListItem","position":3,"name":"CAME &#8211; Karta cz\u0119stotliwo\u015bci AF43SP do pilot\u00f3w SPACE"}]},{"@type":"WebSite","@id":"https:\/\/sklep.bramywjazdowe.com.pl\/#website","url":"https:\/\/sklep.bramywjazdowe.com.pl\/","name":"Sklep Trymer Tomasz Kucharski","description":"","publisher":{"@id":"https:\/\/sklep.bramywjazdowe.com.pl\/#organization"},"potentialAction":[{"@type":"SearchAction","target":{"@type":"EntryPoint","urlTemplate":"https:\/\/sklep.bramywjazdowe.com.pl\/?s={search_term_string}"},"query-input":{"@type":"PropertyValueSpecification","valueRequired":true,"valueName":"search_term_string"}}],"inLanguage":"pl-PL"},{"@type":"Organization","@id":"https:\/\/sklep.bramywjazdowe.com.pl\/#organization","name":"TRYMER Tomasz Kucharski","url":"https:\/\/sklep.bramywjazdowe.com.pl\/","logo":{"@type":"ImageObject","inLanguage":"pl-PL","@id":"https:\/\/sklep.bramywjazdowe.com.pl\/#\/schema\/logo\/image\/","url":"https:\/\/sklep.bramywjazdowe.com.pl\/wp-content\/uploads\/2022\/11\/logo-sklep-222.png","contentUrl":"https:\/\/sklep.bramywjazdowe.com.pl\/wp-content\/uploads\/2022\/11\/logo-sklep-222.png","width":1200,"height":180,"caption":"TRYMER Tomasz Kucharski"},"image":{"@id":"https:\/\/sklep.bramywjazdowe.com.pl\/#\/schema\/logo\/image\/"}}]}},"brands":[{"id":41,"name":"CAME","slug":"came-2"}],"_links":{"self":[{"href":"https:\/\/sklep.bramywjazdowe.com.pl\/index.php?rest_route=\/wp\/v2\/product\/474","targetHints":{"allow":["GET"]}}],"collection":[{"href":"https:\/\/sklep.bramywjazdowe.com.pl\/index.php?rest_route=\/wp\/v2\/product"}],"about":[{"href":"https:\/\/sklep.bramywjazdowe.com.pl\/index.php?rest_route=\/wp\/v2\/types\/product"}],"replies":[{"embeddable":true,"href":"https:\/\/sklep.bramywjazdowe.com.pl\/index.php?rest_route=%2Fwp%2Fv2%2Fcomments&post=474"}],"wp:featuredmedia":[{"embeddable":true,"href":"https:\/\/sklep.bramywjazdowe.com.pl\/index.php?rest_route=\/wp\/v2\/media\/453"}],"wp:attachment":[{"href":"https:\/\/sklep.bramywjazdowe.com.pl\/index.php?rest_route=%2Fwp%2Fv2%2Fmedia&parent=474"}],"wp:term":[{"taxonomy":"pwb-brand","embeddable":true,"href":"https:\/\/sklep.bramywjazdowe.com.pl\/index.php?rest_route=%2Fwp%2Fv2%2Fpwb-brand&post=474"},{"taxonomy":"product_brand","embeddable":true,"href":"https:\/\/sklep.bramywjazdowe.com.pl\/index.php?rest_route=%2Fwp%2Fv2%2Fproduct_brand&post=474"},{"taxonomy":"product_cat","embeddable":true,"href":"https:\/\/sklep.bramywjazdowe.com.pl\/index.php?rest_route=%2Fwp%2Fv2%2Fproduct_cat&post=474"},{"taxonomy":"product_tag","embeddable":true,"href":"https:\/\/sklep.bramywjazdowe.com.pl\/index.php?rest_route=%2Fwp%2Fv2%2Fproduct_tag&post=474"}],"curies":[{"name":"wp","href":"https:\/\/api.w.org\/{rel}","templated":true}]}}