{"id":476,"date":"2023-01-06T13:04:58","date_gmt":"2023-01-06T12:04:58","guid":{"rendered":"http:\/\/sklep.bramywjazdowe.com.pl\/?post_type=product&#038;p=476"},"modified":"2023-01-06T13:24:54","modified_gmt":"2023-01-06T12:24:54","slug":"dtm-radioodbiornik-max2-multi","status":"publish","type":"product","link":"https:\/\/sklep.bramywjazdowe.com.pl\/?product=dtm-radioodbiornik-max2-multi","title":{"rendered":"DTM &#8211; Radioodbiornik MAX2 MULTI"},"content":{"rendered":"<p>DTM &#8211; Radioodbiornik MAX2 MULTI. Obs\u0142uga pilot\u00f3w z serii DTM433MHz oraz dodatkowo niemal wszystkich modeli zmiennokodowych pracuj\u0105cych w systemie KeeLoq\u00ae<\/p>\n<p>PARAMETRY PODSTAWOWE:<\/p>\n<ul>\n<li>zasilanie:\u00a012\u202624V AC\/DC<\/li>\n<li>maksymalny pob\u00f3r pr\u0105du:\u00a0120mA (przy za\u0142\u0105czonych przeka\u017anikach)<\/li>\n<li>pojemno\u015b\u0107 pami\u0119ci pilot\u00f3w radiowych:\u00a0700 pilot\u00f3w serii DTM433MHz<\/li>\n<li>temperatura pracy (min.\/max.):\u00a0-20\u00b0C \/ +55\u00b0C<\/li>\n<li>gabaryty zewn\u0119trzne obudowy (szer. x g\u0142\u0119b. x wys.):\u00a098(plus 40 uchwyt obudowy)x79x33mm<\/li>\n<li>spos\u00f3b monta\u017cu:\u00a0bryzgoszczelna obudowa plastikowa, IP-53<\/li>\n<li>waga:125g<\/li>\n<\/ul>\n<p>ELEMENTY WYKONAWCZE:<\/p>\n<ul>\n<li>wyj\u015bcia przeka\u017anikowe (typ \/ ilo\u015b\u0107 \/ maksymalne obci\u0105\u017cenie): NO lub NC \/ 4 \/ 1A (24V AC\/DC)<\/li>\n<li>tryb pracy wyj\u015b\u0107: monostabilny, bistabilny lub chwilowy<\/li>\n<li>regulacja czasu podtrzymania wyj\u015bcia w trybie monostabilnym:\u00a00,1s do 6553,5s (ok. 110 min.) z rozdzielczo\u015bci\u0105 0,1s<\/li>\n<\/ul>\n<p>PARAMETRY RADIOWE:<\/p>\n<ul>\n<li>modu\u0142 radiowy:\u00a0nowoczesny, cyfrowy, superheterodynowy z inteligentn\u0105 adaptacj\u0105 do zewn\u0119trznych warunk\u00f3w radiowych, zapewniaj\u0105cy wysok\u0105 niezawodno\u015b\u0107, powtarzalno\u015b\u0107 i optymaln\u0105 czu\u0142o\u015b\u0107<\/li>\n<li>zabezpieczenie transmisji:\u00a064-bit Keeloq\u00ae<\/li>\n<li>rodzaj modulacji \/ cz\u0119stotliwo\u015b\u0107:\u00a0OOK \/ 433,92Mhz<\/li>\n<li>impedancja wej\u015bciowa anteny: 50\u03a9<\/li>\n<li>antena:\u00a0antena pr\u0119towa, zaciski do pod\u0142\u0105czenia anteny zewn\u0119trznej<\/li>\n<\/ul>\n<p>FUNKCJONALNO\u015a\u0106:<\/p>\n<ul>\n<li>interfejs u\u017cytkownika:\u00a0sprz\u0119towy interfejs zrealizowany na dwucyfrowym wy\u015bwietlaczu LED i dw\u00f3ch przyciskach, obs\u0142uguj\u0105cych proste menu o strukturze drzewiastej<\/li>\n<li>komputerowy interfejs u\u017cytkownika:\u00a0przyjazne oprogramowanie \u2013 PROGRAMATOR USB, dzia\u0142aj\u0105ce w \u015brodowisku Windows\u00ae, po\u0142\u0105czenie z komputerem za pomoc\u0105 kabla microUSB, z\u0142\u0105cze odbiornika dost\u0119pne jest przez specjalny otw\u00f3r umieszczony w dolnej cz\u0119\u015bci obudowy<\/li>\n<li>funkcje dost\u0119pne z poziomu komputera PC:\u00a0pe\u0142na funkcjonalno\u015b\u0107 odbiornika z dodatkow\u0105 mo\u017cliwo\u015bci\u0105 tworzenia kopii bezpiecze\u0144stwa i u\u017cywania odbiornika jako rejestratora zdarze\u0144 on-line<\/li>\n<li>kod PIN:\u00a0blokada dost\u0119pu do menu odbiornika<\/li>\n<li>wpisywanie pilota bez konieczno\u015bci dost\u0119pu do przycisk\u00f3w odbiornika:\u00a0funkcja zdalnego dopisywania pilot\u00f3w z mo\u017cliwo\u015bci\u0105 zablokowania lub odblokowania funkcji<\/li>\n<li>weryfikacja pilot\u00f3w w pami\u0119ci odbiornika:\u00a0funkcja pokazywania liczby wpisanych pilot\u00f3w<\/li>\n<li>konfiguracja pilota:\u00a0mo\u017cliwo\u015b\u0107 przypisania dowolnego z czterech kana\u0142\u00f3w odbiornika do dowolnego przycisku<\/li>\n<li>edycja pilota:\u00a0mo\u017cliwo\u015b\u0107 edycji ustawie\u0144 pilota bez jego fizycznej obecno\u015bci<\/li>\n<li>zabezpieczenie przed przypadkowym uruchomieniem:\u00a0funkcja podw\u00f3jnego wci\u015bni\u0119cia przycisku pilota<\/li>\n<li>pami\u0119\u0107 EEPROM na podstawce:\u00a0mo\u017cliwo\u015b\u0107 prze\u0142o\u017cenia pami\u0119ci do innego odbiornika<\/li>\n<li>kopiowanie nastaw pilota: funkcja kopiowania ustawie\u0144 od pilota nr 001<\/li>\n<li>kopiowanie pami\u0119ci:z poziomu komputera lub przy pomocy modu\u0142u B700<\/li>\n<\/ul>\n","protected":false},"excerpt":{"rendered":"<p>DTM &#8211; Radioodbiornik MAX2 MULTI. Obs\u0142uga pilot\u00f3w z serii DTM433MHz oraz dodatkowo niemal wszystkich modeli zmiennokodowych pracuj\u0105cych w systemie KeeLoq\u00ae PARAMETRY PODSTAWOWE: zasilanie:\u00a012\u202624V AC\/DC maksymalny pob\u00f3r pr\u0105du:\u00a0120mA (przy za\u0142\u0105czonych przeka\u017anikach) pojemno\u015b\u0107 pami\u0119ci pilot\u00f3w radiowych:\u00a0700 pilot\u00f3w serii DTM433MHz temperatura pracy (min.\/max.):\u00a0-20\u00b0C \/ +55\u00b0C gabaryty zewn\u0119trzne obudowy (szer. x g\u0142\u0119b. x wys.):\u00a098(plus 40 uchwyt obudowy)x79x33mm spos\u00f3b monta\u017cu:\u00a0bryzgoszczelna [&hellip;]<\/p>\n","protected":false},"featured_media":462,"comment_status":"open","ping_status":"closed","template":"","meta":[],"pwb-brand":[42],"product_brand":[],"product_cat":[45,58],"product_tag":[88,120,118],"class_list":{"0":"post-476","1":"product","2":"type-product","3":"status-publish","4":"has-post-thumbnail","6":"pwb-brand-dtm-system","7":"product_cat-akcesoria-2","8":"product_cat-radioodbiorniki","9":"product_tag-dtm","10":"product_tag-max2-multi","11":"product_tag-radioodbiornik","13":"first","14":"instock","15":"taxable","16":"shipping-taxable","17":"purchasable","18":"product-type-simple"},"yoast_head":"<!-- This site is optimized with the Yoast SEO plugin v24.7 - https:\/\/yoast.com\/wordpress\/plugins\/seo\/ -->\n<title>DTM - Radioodbiornik zmiennokodowy MAX2 MULTI<\/title>\n<meta name=\"description\" content=\"DTM - Radioodbiornik MAX2 MULTI. Obs\u0142uga pilot\u00f3w z serii DTM433MHz oraz dodatkowo niemal wszystkich modeli zmiennokodowych pracuj\u0105cych w systemie KeeLoq\u00ae\" \/>\n<meta name=\"robots\" content=\"index, follow, max-snippet:-1, max-image-preview:large, max-video-preview:-1\" \/>\n<link rel=\"canonical\" href=\"https:\/\/sklep.bramywjazdowe.com.pl\/?product=dtm-radioodbiornik-max2-multi\" \/>\n<meta property=\"og:locale\" content=\"pl_PL\" \/>\n<meta property=\"og:type\" content=\"article\" \/>\n<meta property=\"og:title\" content=\"DTM - Radioodbiornik zmiennokodowy MAX2 MULTI\" \/>\n<meta property=\"og:description\" content=\"DTM - Radioodbiornik MAX2 MULTI. Obs\u0142uga pilot\u00f3w z serii DTM433MHz oraz dodatkowo niemal wszystkich modeli zmiennokodowych pracuj\u0105cych w systemie KeeLoq\u00ae\" \/>\n<meta property=\"og:url\" content=\"https:\/\/sklep.bramywjazdowe.com.pl\/?product=dtm-radioodbiornik-max2-multi\" \/>\n<meta property=\"article:modified_time\" content=\"2023-01-06T12:24:54+00:00\" \/>\n<meta property=\"og:image\" content=\"https:\/\/sklep.bramywjazdowe.com.pl\/wp-content\/uploads\/2023\/01\/DTM_radioo_MAX2.png\" \/>\n\t<meta property=\"og:image:width\" content=\"612\" \/>\n\t<meta property=\"og:image:height\" content=\"408\" \/>\n\t<meta property=\"og:image:type\" content=\"image\/png\" \/>\n<meta name=\"twitter:card\" content=\"summary_large_image\" \/>\n<meta name=\"twitter:label1\" content=\"Szacowany czas czytania\" \/>\n\t<meta name=\"twitter:data1\" content=\"2 minuty\" \/>\n<script type=\"application\/ld+json\" class=\"yoast-schema-graph\">{\"@context\":\"https:\/\/schema.org\",\"@graph\":[{\"@type\":\"WebPage\",\"@id\":\"https:\/\/sklep.bramywjazdowe.com.pl\/?product=dtm-radioodbiornik-max2-multi\",\"url\":\"https:\/\/sklep.bramywjazdowe.com.pl\/?product=dtm-radioodbiornik-max2-multi\",\"name\":\"DTM - Radioodbiornik zmiennokodowy MAX2 MULTI\",\"isPartOf\":{\"@id\":\"http:\/\/sklep.bramywjazdowe.com.pl\/#website\"},\"primaryImageOfPage\":{\"@id\":\"https:\/\/sklep.bramywjazdowe.com.pl\/?product=dtm-radioodbiornik-max2-multi#primaryimage\"},\"image\":{\"@id\":\"https:\/\/sklep.bramywjazdowe.com.pl\/?product=dtm-radioodbiornik-max2-multi#primaryimage\"},\"thumbnailUrl\":\"https:\/\/sklep.bramywjazdowe.com.pl\/wp-content\/uploads\/2023\/01\/DTM_radioo_MAX2.png\",\"datePublished\":\"2023-01-06T12:04:58+00:00\",\"dateModified\":\"2023-01-06T12:24:54+00:00\",\"description\":\"DTM - Radioodbiornik MAX2 MULTI. Obs\u0142uga pilot\u00f3w z serii DTM433MHz oraz dodatkowo niemal wszystkich modeli zmiennokodowych pracuj\u0105cych w systemie KeeLoq\u00ae\",\"breadcrumb\":{\"@id\":\"https:\/\/sklep.bramywjazdowe.com.pl\/?product=dtm-radioodbiornik-max2-multi#breadcrumb\"},\"inLanguage\":\"pl-PL\",\"potentialAction\":[{\"@type\":\"ReadAction\",\"target\":[\"https:\/\/sklep.bramywjazdowe.com.pl\/?product=dtm-radioodbiornik-max2-multi\"]}]},{\"@type\":\"ImageObject\",\"inLanguage\":\"pl-PL\",\"@id\":\"https:\/\/sklep.bramywjazdowe.com.pl\/?product=dtm-radioodbiornik-max2-multi#primaryimage\",\"url\":\"https:\/\/sklep.bramywjazdowe.com.pl\/wp-content\/uploads\/2023\/01\/DTM_radioo_MAX2.png\",\"contentUrl\":\"https:\/\/sklep.bramywjazdowe.com.pl\/wp-content\/uploads\/2023\/01\/DTM_radioo_MAX2.png\",\"width\":612,\"height\":408},{\"@type\":\"BreadcrumbList\",\"@id\":\"https:\/\/sklep.bramywjazdowe.com.pl\/?product=dtm-radioodbiornik-max2-multi#breadcrumb\",\"itemListElement\":[{\"@type\":\"ListItem\",\"position\":1,\"name\":\"Strona g\u0142\u00f3wna\",\"item\":\"http:\/\/sklep.bramywjazdowe.com.pl\/\"},{\"@type\":\"ListItem\",\"position\":2,\"name\":\"Produkty\",\"item\":\"http:\/\/sklep.bramywjazdowe.com.pl\/\"},{\"@type\":\"ListItem\",\"position\":3,\"name\":\"DTM &#8211; Radioodbiornik MAX2 MULTI\"}]},{\"@type\":\"WebSite\",\"@id\":\"http:\/\/sklep.bramywjazdowe.com.pl\/#website\",\"url\":\"http:\/\/sklep.bramywjazdowe.com.pl\/\",\"name\":\"Sklep Trymer Tomasz Kucharski\",\"description\":\"\",\"publisher\":{\"@id\":\"http:\/\/sklep.bramywjazdowe.com.pl\/#organization\"},\"potentialAction\":[{\"@type\":\"SearchAction\",\"target\":{\"@type\":\"EntryPoint\",\"urlTemplate\":\"http:\/\/sklep.bramywjazdowe.com.pl\/?s={search_term_string}\"},\"query-input\":{\"@type\":\"PropertyValueSpecification\",\"valueRequired\":true,\"valueName\":\"search_term_string\"}}],\"inLanguage\":\"pl-PL\"},{\"@type\":\"Organization\",\"@id\":\"http:\/\/sklep.bramywjazdowe.com.pl\/#organization\",\"name\":\"TRYMER Tomasz Kucharski\",\"url\":\"http:\/\/sklep.bramywjazdowe.com.pl\/\",\"logo\":{\"@type\":\"ImageObject\",\"inLanguage\":\"pl-PL\",\"@id\":\"http:\/\/sklep.bramywjazdowe.com.pl\/#\/schema\/logo\/image\/\",\"url\":\"https:\/\/sklep.bramywjazdowe.com.pl\/wp-content\/uploads\/2022\/11\/logo-sklep-222.png\",\"contentUrl\":\"https:\/\/sklep.bramywjazdowe.com.pl\/wp-content\/uploads\/2022\/11\/logo-sklep-222.png\",\"width\":1200,\"height\":180,\"caption\":\"TRYMER Tomasz Kucharski\"},\"image\":{\"@id\":\"http:\/\/sklep.bramywjazdowe.com.pl\/#\/schema\/logo\/image\/\"}}]}<\/script>\n<!-- \/ Yoast SEO plugin. -->","yoast_head_json":{"title":"DTM - Radioodbiornik zmiennokodowy MAX2 MULTI","description":"DTM - Radioodbiornik MAX2 MULTI. Obs\u0142uga pilot\u00f3w z serii DTM433MHz oraz dodatkowo niemal wszystkich modeli zmiennokodowych pracuj\u0105cych w systemie KeeLoq\u00ae","robots":{"index":"index","follow":"follow","max-snippet":"max-snippet:-1","max-image-preview":"max-image-preview:large","max-video-preview":"max-video-preview:-1"},"canonical":"https:\/\/sklep.bramywjazdowe.com.pl\/?product=dtm-radioodbiornik-max2-multi","og_locale":"pl_PL","og_type":"article","og_title":"DTM - Radioodbiornik zmiennokodowy MAX2 MULTI","og_description":"DTM - Radioodbiornik MAX2 MULTI. Obs\u0142uga pilot\u00f3w z serii DTM433MHz oraz dodatkowo niemal wszystkich modeli zmiennokodowych pracuj\u0105cych w systemie KeeLoq\u00ae","og_url":"https:\/\/sklep.bramywjazdowe.com.pl\/?product=dtm-radioodbiornik-max2-multi","article_modified_time":"2023-01-06T12:24:54+00:00","og_image":[{"width":612,"height":408,"url":"https:\/\/sklep.bramywjazdowe.com.pl\/wp-content\/uploads\/2023\/01\/DTM_radioo_MAX2.png","type":"image\/png"}],"twitter_card":"summary_large_image","twitter_misc":{"Szacowany czas czytania":"2 minuty"},"schema":{"@context":"https:\/\/schema.org","@graph":[{"@type":"WebPage","@id":"https:\/\/sklep.bramywjazdowe.com.pl\/?product=dtm-radioodbiornik-max2-multi","url":"https:\/\/sklep.bramywjazdowe.com.pl\/?product=dtm-radioodbiornik-max2-multi","name":"DTM - Radioodbiornik zmiennokodowy MAX2 MULTI","isPartOf":{"@id":"http:\/\/sklep.bramywjazdowe.com.pl\/#website"},"primaryImageOfPage":{"@id":"https:\/\/sklep.bramywjazdowe.com.pl\/?product=dtm-radioodbiornik-max2-multi#primaryimage"},"image":{"@id":"https:\/\/sklep.bramywjazdowe.com.pl\/?product=dtm-radioodbiornik-max2-multi#primaryimage"},"thumbnailUrl":"https:\/\/sklep.bramywjazdowe.com.pl\/wp-content\/uploads\/2023\/01\/DTM_radioo_MAX2.png","datePublished":"2023-01-06T12:04:58+00:00","dateModified":"2023-01-06T12:24:54+00:00","description":"DTM - Radioodbiornik MAX2 MULTI. Obs\u0142uga pilot\u00f3w z serii DTM433MHz oraz dodatkowo niemal wszystkich modeli zmiennokodowych pracuj\u0105cych w systemie KeeLoq\u00ae","breadcrumb":{"@id":"https:\/\/sklep.bramywjazdowe.com.pl\/?product=dtm-radioodbiornik-max2-multi#breadcrumb"},"inLanguage":"pl-PL","potentialAction":[{"@type":"ReadAction","target":["https:\/\/sklep.bramywjazdowe.com.pl\/?product=dtm-radioodbiornik-max2-multi"]}]},{"@type":"ImageObject","inLanguage":"pl-PL","@id":"https:\/\/sklep.bramywjazdowe.com.pl\/?product=dtm-radioodbiornik-max2-multi#primaryimage","url":"https:\/\/sklep.bramywjazdowe.com.pl\/wp-content\/uploads\/2023\/01\/DTM_radioo_MAX2.png","contentUrl":"https:\/\/sklep.bramywjazdowe.com.pl\/wp-content\/uploads\/2023\/01\/DTM_radioo_MAX2.png","width":612,"height":408},{"@type":"BreadcrumbList","@id":"https:\/\/sklep.bramywjazdowe.com.pl\/?product=dtm-radioodbiornik-max2-multi#breadcrumb","itemListElement":[{"@type":"ListItem","position":1,"name":"Strona g\u0142\u00f3wna","item":"http:\/\/sklep.bramywjazdowe.com.pl\/"},{"@type":"ListItem","position":2,"name":"Produkty","item":"http:\/\/sklep.bramywjazdowe.com.pl\/"},{"@type":"ListItem","position":3,"name":"DTM &#8211; Radioodbiornik MAX2 MULTI"}]},{"@type":"WebSite","@id":"http:\/\/sklep.bramywjazdowe.com.pl\/#website","url":"http:\/\/sklep.bramywjazdowe.com.pl\/","name":"Sklep Trymer Tomasz Kucharski","description":"","publisher":{"@id":"http:\/\/sklep.bramywjazdowe.com.pl\/#organization"},"potentialAction":[{"@type":"SearchAction","target":{"@type":"EntryPoint","urlTemplate":"http:\/\/sklep.bramywjazdowe.com.pl\/?s={search_term_string}"},"query-input":{"@type":"PropertyValueSpecification","valueRequired":true,"valueName":"search_term_string"}}],"inLanguage":"pl-PL"},{"@type":"Organization","@id":"http:\/\/sklep.bramywjazdowe.com.pl\/#organization","name":"TRYMER Tomasz Kucharski","url":"http:\/\/sklep.bramywjazdowe.com.pl\/","logo":{"@type":"ImageObject","inLanguage":"pl-PL","@id":"http:\/\/sklep.bramywjazdowe.com.pl\/#\/schema\/logo\/image\/","url":"https:\/\/sklep.bramywjazdowe.com.pl\/wp-content\/uploads\/2022\/11\/logo-sklep-222.png","contentUrl":"https:\/\/sklep.bramywjazdowe.com.pl\/wp-content\/uploads\/2022\/11\/logo-sklep-222.png","width":1200,"height":180,"caption":"TRYMER Tomasz Kucharski"},"image":{"@id":"http:\/\/sklep.bramywjazdowe.com.pl\/#\/schema\/logo\/image\/"}}]}},"brands":[{"id":42,"name":"DTM System","slug":"dtm-system"}],"_links":{"self":[{"href":"https:\/\/sklep.bramywjazdowe.com.pl\/index.php?rest_route=\/wp\/v2\/product\/476","targetHints":{"allow":["GET"]}}],"collection":[{"href":"https:\/\/sklep.bramywjazdowe.com.pl\/index.php?rest_route=\/wp\/v2\/product"}],"about":[{"href":"https:\/\/sklep.bramywjazdowe.com.pl\/index.php?rest_route=\/wp\/v2\/types\/product"}],"replies":[{"embeddable":true,"href":"https:\/\/sklep.bramywjazdowe.com.pl\/index.php?rest_route=%2Fwp%2Fv2%2Fcomments&post=476"}],"wp:featuredmedia":[{"embeddable":true,"href":"https:\/\/sklep.bramywjazdowe.com.pl\/index.php?rest_route=\/wp\/v2\/media\/462"}],"wp:attachment":[{"href":"https:\/\/sklep.bramywjazdowe.com.pl\/index.php?rest_route=%2Fwp%2Fv2%2Fmedia&parent=476"}],"wp:term":[{"taxonomy":"pwb-brand","embeddable":true,"href":"https:\/\/sklep.bramywjazdowe.com.pl\/index.php?rest_route=%2Fwp%2Fv2%2Fpwb-brand&post=476"},{"taxonomy":"product_brand","embeddable":true,"href":"https:\/\/sklep.bramywjazdowe.com.pl\/index.php?rest_route=%2Fwp%2Fv2%2Fproduct_brand&post=476"},{"taxonomy":"product_cat","embeddable":true,"href":"https:\/\/sklep.bramywjazdowe.com.pl\/index.php?rest_route=%2Fwp%2Fv2%2Fproduct_cat&post=476"},{"taxonomy":"product_tag","embeddable":true,"href":"https:\/\/sklep.bramywjazdowe.com.pl\/index.php?rest_route=%2Fwp%2Fv2%2Fproduct_tag&post=476"}],"curies":[{"name":"wp","href":"https:\/\/api.w.org\/{rel}","templated":true}]}}