{"id":478,"date":"2023-01-06T13:05:47","date_gmt":"2023-01-06T12:05:47","guid":{"rendered":"http:\/\/sklep.bramywjazdowe.com.pl\/?post_type=product&#038;p=478"},"modified":"2023-01-06T13:23:13","modified_gmt":"2023-01-06T12:23:13","slug":"dtm-radioodbiornik-nano2-multi","status":"publish","type":"product","link":"https:\/\/sklep.bramywjazdowe.com.pl\/?product=dtm-radioodbiornik-nano2-multi","title":{"rendered":"DTM &#8211; Radioodbiornik NANO2 MULTI"},"content":{"rendered":"<p>DTM &#8211; Radioodbiornik NANO2 MULTI. Obs\u0142uga pilot\u00f3w z serii DTM433MHz oraz dodatkowo niemal wszystkich modeli zmiennokodowych pracuj\u0105cych w systemie KeeLoq\u00ae<\/p>\n<p>PARAMETRY PODSTAWOWE:<\/p>\n<ul>\n<li>zasilanie: 12\u202624V AC\/DC \u00b110%<\/li>\n<li>maksymalny pob\u00f3r pr\u0105du: 30mA (przy za\u0142\u0105czonym przeka\u017aniku)<\/li>\n<li>pojemno\u015b\u0107 pami\u0119ci: 15 pilot\u00f3w serii DTM433MHz\u00a0oraz dodatkowo niemal wszystkich modeli zmiennokodowych pracuj\u0105cych w systemie KeeLoq\u00ae<\/li>\n<li>temperatura pracy (min.\/max): -20\u00b0C \/+55\u00b0C<\/li>\n<li>gabaryty zewn\u0119trzne obudowy: 50 (71 z uchwytami monta\u017cowymi)x42x23mm<\/li>\n<li>spos\u00f3b monta\u017cu: odbiornik przeznaczony do monta\u017cu w sterowniku bramy lub w pomieszczeniu, IP-20<\/li>\n<\/ul>\n<p>ELEMENTY WYKONAWCZE:<\/p>\n<ul>\n<li>wyj\u015bcia przeka\u017anikowe (typ \/ ilo\u015b\u0107 \/ maksymalne obci\u0105\u017cenie): NO \/ 1 \/ 1A (24V AC \/ DC)<\/li>\n<li>tryb pracy: monostabilny, z czasem podtrzymania 1 sekunda<\/li>\n<\/ul>\n<p>PARAMETRY RADIOWE:<\/p>\n<ul>\n<li>modu\u0142 radiowy: zintegrowany, superheterodynowy<\/li>\n<li>zabezpieczenie transmisji: 64-bit KeeLoq\u00ae<\/li>\n<li>rodzaj modulacji \/ cz\u0119stotliwo\u015b\u0107: OOK \/ 433,92MHz<\/li>\n<li>impedancja wej\u015bciowa anteny: 50\u03a9<\/li>\n<li>antena: zaciski do pod\u0142\u0105czenia anteny zewn\u0119trznej<\/li>\n<\/ul>\n<p>FUNKCJONALNO\u015a\u0106:<\/p>\n<ul>\n<li>interfejs u\u017cytkownika: bardzo przejrzysty i prosty interfejs u\u017cytkownika, oparty na jednym przycisku z wbudowan\u0105 diod\u0105 LED<\/li>\n<li>konfiguracja pilota: mo\u017cliwo\u015b\u0107 przypisania dowolnego przycisku pilota do odbiornika<\/li>\n<li>kasowanie pojedynczego pilota: konieczno\u015b\u0107 posiadania usuwanego pilota<\/li>\n<li>mo\u017cliwo\u015b\u0107 wpisania pilota bez konieczno\u015bci dost\u0119pu do przycisku odbiornika: funkcja zdalnego dopisywania pilota<\/li>\n<\/ul>\n<p>&nbsp;<\/p>\n","protected":false},"excerpt":{"rendered":"<p>DTM &#8211; Radioodbiornik NANO2 MULTI. Obs\u0142uga pilot\u00f3w z serii DTM433MHz oraz dodatkowo niemal wszystkich modeli zmiennokodowych pracuj\u0105cych w systemie KeeLoq\u00ae PARAMETRY PODSTAWOWE: zasilanie: 12\u202624V AC\/DC \u00b110% maksymalny pob\u00f3r pr\u0105du: 30mA (przy za\u0142\u0105czonym przeka\u017aniku) pojemno\u015b\u0107 pami\u0119ci: 15 pilot\u00f3w serii DTM433MHz\u00a0oraz dodatkowo niemal wszystkich modeli zmiennokodowych pracuj\u0105cych w systemie KeeLoq\u00ae temperatura pracy (min.\/max): -20\u00b0C \/+55\u00b0C gabaryty zewn\u0119trzne [&hellip;]<\/p>\n","protected":false},"featured_media":459,"comment_status":"open","ping_status":"closed","template":"","meta":[],"pwb-brand":[42],"product_brand":[],"product_cat":[45,58],"product_tag":[88,121,123,118],"class_list":{"0":"post-478","1":"product","2":"type-product","3":"status-publish","4":"has-post-thumbnail","6":"pwb-brand-dtm-system","7":"product_cat-akcesoria-2","8":"product_cat-radioodbiorniki","9":"product_tag-dtm","10":"product_tag-multi","11":"product_tag-nano","12":"product_tag-radioodbiornik","14":"first","15":"instock","16":"taxable","17":"shipping-taxable","18":"purchasable","19":"product-type-simple"},"yoast_head":"<!-- This site is optimized with the Yoast SEO plugin v24.7 - https:\/\/yoast.com\/wordpress\/plugins\/seo\/ -->\n<title>DTM - Radioodbiornik zmiennokodowy NANO2 MULTI<\/title>\n<meta name=\"description\" content=\"DTM - Radioodbiornik NANO2 MULTI. Obs\u0142uga pilot\u00f3w z serii DTM433MHz oraz dodatkowo niemal wszystkich modeli zmiennokodowych pracuj\u0105cych w systemie KeeLoq\u00ae\" \/>\n<meta name=\"robots\" content=\"index, follow, max-snippet:-1, max-image-preview:large, max-video-preview:-1\" \/>\n<link rel=\"canonical\" href=\"https:\/\/sklep.bramywjazdowe.com.pl\/?product=dtm-radioodbiornik-nano2-multi\" \/>\n<meta property=\"og:locale\" content=\"pl_PL\" \/>\n<meta property=\"og:type\" content=\"article\" \/>\n<meta property=\"og:title\" content=\"DTM - Radioodbiornik zmiennokodowy NANO2 MULTI\" \/>\n<meta property=\"og:description\" content=\"DTM - Radioodbiornik NANO2 MULTI. Obs\u0142uga pilot\u00f3w z serii DTM433MHz oraz dodatkowo niemal wszystkich modeli zmiennokodowych pracuj\u0105cych w systemie KeeLoq\u00ae\" \/>\n<meta property=\"og:url\" content=\"https:\/\/sklep.bramywjazdowe.com.pl\/?product=dtm-radioodbiornik-nano2-multi\" \/>\n<meta property=\"article:modified_time\" content=\"2023-01-06T12:23:13+00:00\" \/>\n<meta property=\"og:image\" content=\"https:\/\/sklep.bramywjazdowe.com.pl\/wp-content\/uploads\/2023\/01\/DTM-nano2multi_1.png\" \/>\n\t<meta property=\"og:image:width\" content=\"577\" \/>\n\t<meta property=\"og:image:height\" content=\"433\" \/>\n\t<meta property=\"og:image:type\" content=\"image\/png\" \/>\n<meta name=\"twitter:card\" content=\"summary_large_image\" \/>\n<meta name=\"twitter:label1\" content=\"Szacowany czas czytania\" \/>\n\t<meta name=\"twitter:data1\" content=\"2 minuty\" \/>\n<script type=\"application\/ld+json\" class=\"yoast-schema-graph\">{\"@context\":\"https:\/\/schema.org\",\"@graph\":[{\"@type\":\"WebPage\",\"@id\":\"https:\/\/sklep.bramywjazdowe.com.pl\/?product=dtm-radioodbiornik-nano2-multi\",\"url\":\"https:\/\/sklep.bramywjazdowe.com.pl\/?product=dtm-radioodbiornik-nano2-multi\",\"name\":\"DTM - Radioodbiornik zmiennokodowy NANO2 MULTI\",\"isPartOf\":{\"@id\":\"http:\/\/sklep.bramywjazdowe.com.pl\/#website\"},\"primaryImageOfPage\":{\"@id\":\"https:\/\/sklep.bramywjazdowe.com.pl\/?product=dtm-radioodbiornik-nano2-multi#primaryimage\"},\"image\":{\"@id\":\"https:\/\/sklep.bramywjazdowe.com.pl\/?product=dtm-radioodbiornik-nano2-multi#primaryimage\"},\"thumbnailUrl\":\"https:\/\/sklep.bramywjazdowe.com.pl\/wp-content\/uploads\/2023\/01\/DTM-nano2multi_1.png\",\"datePublished\":\"2023-01-06T12:05:47+00:00\",\"dateModified\":\"2023-01-06T12:23:13+00:00\",\"description\":\"DTM - Radioodbiornik NANO2 MULTI. Obs\u0142uga pilot\u00f3w z serii DTM433MHz oraz dodatkowo niemal wszystkich modeli zmiennokodowych pracuj\u0105cych w systemie KeeLoq\u00ae\",\"breadcrumb\":{\"@id\":\"https:\/\/sklep.bramywjazdowe.com.pl\/?product=dtm-radioodbiornik-nano2-multi#breadcrumb\"},\"inLanguage\":\"pl-PL\",\"potentialAction\":[{\"@type\":\"ReadAction\",\"target\":[\"https:\/\/sklep.bramywjazdowe.com.pl\/?product=dtm-radioodbiornik-nano2-multi\"]}]},{\"@type\":\"ImageObject\",\"inLanguage\":\"pl-PL\",\"@id\":\"https:\/\/sklep.bramywjazdowe.com.pl\/?product=dtm-radioodbiornik-nano2-multi#primaryimage\",\"url\":\"https:\/\/sklep.bramywjazdowe.com.pl\/wp-content\/uploads\/2023\/01\/DTM-nano2multi_1.png\",\"contentUrl\":\"https:\/\/sklep.bramywjazdowe.com.pl\/wp-content\/uploads\/2023\/01\/DTM-nano2multi_1.png\",\"width\":577,\"height\":433},{\"@type\":\"BreadcrumbList\",\"@id\":\"https:\/\/sklep.bramywjazdowe.com.pl\/?product=dtm-radioodbiornik-nano2-multi#breadcrumb\",\"itemListElement\":[{\"@type\":\"ListItem\",\"position\":1,\"name\":\"Strona g\u0142\u00f3wna\",\"item\":\"http:\/\/sklep.bramywjazdowe.com.pl\/\"},{\"@type\":\"ListItem\",\"position\":2,\"name\":\"Produkty\",\"item\":\"http:\/\/sklep.bramywjazdowe.com.pl\/\"},{\"@type\":\"ListItem\",\"position\":3,\"name\":\"DTM &#8211; Radioodbiornik NANO2 MULTI\"}]},{\"@type\":\"WebSite\",\"@id\":\"http:\/\/sklep.bramywjazdowe.com.pl\/#website\",\"url\":\"http:\/\/sklep.bramywjazdowe.com.pl\/\",\"name\":\"Sklep Trymer Tomasz Kucharski\",\"description\":\"\",\"publisher\":{\"@id\":\"http:\/\/sklep.bramywjazdowe.com.pl\/#organization\"},\"potentialAction\":[{\"@type\":\"SearchAction\",\"target\":{\"@type\":\"EntryPoint\",\"urlTemplate\":\"http:\/\/sklep.bramywjazdowe.com.pl\/?s={search_term_string}\"},\"query-input\":{\"@type\":\"PropertyValueSpecification\",\"valueRequired\":true,\"valueName\":\"search_term_string\"}}],\"inLanguage\":\"pl-PL\"},{\"@type\":\"Organization\",\"@id\":\"http:\/\/sklep.bramywjazdowe.com.pl\/#organization\",\"name\":\"TRYMER Tomasz Kucharski\",\"url\":\"http:\/\/sklep.bramywjazdowe.com.pl\/\",\"logo\":{\"@type\":\"ImageObject\",\"inLanguage\":\"pl-PL\",\"@id\":\"http:\/\/sklep.bramywjazdowe.com.pl\/#\/schema\/logo\/image\/\",\"url\":\"https:\/\/sklep.bramywjazdowe.com.pl\/wp-content\/uploads\/2022\/11\/logo-sklep-222.png\",\"contentUrl\":\"https:\/\/sklep.bramywjazdowe.com.pl\/wp-content\/uploads\/2022\/11\/logo-sklep-222.png\",\"width\":1200,\"height\":180,\"caption\":\"TRYMER Tomasz Kucharski\"},\"image\":{\"@id\":\"http:\/\/sklep.bramywjazdowe.com.pl\/#\/schema\/logo\/image\/\"}}]}<\/script>\n<!-- \/ Yoast SEO plugin. -->","yoast_head_json":{"title":"DTM - Radioodbiornik zmiennokodowy NANO2 MULTI","description":"DTM - Radioodbiornik NANO2 MULTI. Obs\u0142uga pilot\u00f3w z serii DTM433MHz oraz dodatkowo niemal wszystkich modeli zmiennokodowych pracuj\u0105cych w systemie KeeLoq\u00ae","robots":{"index":"index","follow":"follow","max-snippet":"max-snippet:-1","max-image-preview":"max-image-preview:large","max-video-preview":"max-video-preview:-1"},"canonical":"https:\/\/sklep.bramywjazdowe.com.pl\/?product=dtm-radioodbiornik-nano2-multi","og_locale":"pl_PL","og_type":"article","og_title":"DTM - Radioodbiornik zmiennokodowy NANO2 MULTI","og_description":"DTM - Radioodbiornik NANO2 MULTI. Obs\u0142uga pilot\u00f3w z serii DTM433MHz oraz dodatkowo niemal wszystkich modeli zmiennokodowych pracuj\u0105cych w systemie KeeLoq\u00ae","og_url":"https:\/\/sklep.bramywjazdowe.com.pl\/?product=dtm-radioodbiornik-nano2-multi","article_modified_time":"2023-01-06T12:23:13+00:00","og_image":[{"width":577,"height":433,"url":"https:\/\/sklep.bramywjazdowe.com.pl\/wp-content\/uploads\/2023\/01\/DTM-nano2multi_1.png","type":"image\/png"}],"twitter_card":"summary_large_image","twitter_misc":{"Szacowany czas czytania":"2 minuty"},"schema":{"@context":"https:\/\/schema.org","@graph":[{"@type":"WebPage","@id":"https:\/\/sklep.bramywjazdowe.com.pl\/?product=dtm-radioodbiornik-nano2-multi","url":"https:\/\/sklep.bramywjazdowe.com.pl\/?product=dtm-radioodbiornik-nano2-multi","name":"DTM - Radioodbiornik zmiennokodowy NANO2 MULTI","isPartOf":{"@id":"http:\/\/sklep.bramywjazdowe.com.pl\/#website"},"primaryImageOfPage":{"@id":"https:\/\/sklep.bramywjazdowe.com.pl\/?product=dtm-radioodbiornik-nano2-multi#primaryimage"},"image":{"@id":"https:\/\/sklep.bramywjazdowe.com.pl\/?product=dtm-radioodbiornik-nano2-multi#primaryimage"},"thumbnailUrl":"https:\/\/sklep.bramywjazdowe.com.pl\/wp-content\/uploads\/2023\/01\/DTM-nano2multi_1.png","datePublished":"2023-01-06T12:05:47+00:00","dateModified":"2023-01-06T12:23:13+00:00","description":"DTM - Radioodbiornik NANO2 MULTI. Obs\u0142uga pilot\u00f3w z serii DTM433MHz oraz dodatkowo niemal wszystkich modeli zmiennokodowych pracuj\u0105cych w systemie KeeLoq\u00ae","breadcrumb":{"@id":"https:\/\/sklep.bramywjazdowe.com.pl\/?product=dtm-radioodbiornik-nano2-multi#breadcrumb"},"inLanguage":"pl-PL","potentialAction":[{"@type":"ReadAction","target":["https:\/\/sklep.bramywjazdowe.com.pl\/?product=dtm-radioodbiornik-nano2-multi"]}]},{"@type":"ImageObject","inLanguage":"pl-PL","@id":"https:\/\/sklep.bramywjazdowe.com.pl\/?product=dtm-radioodbiornik-nano2-multi#primaryimage","url":"https:\/\/sklep.bramywjazdowe.com.pl\/wp-content\/uploads\/2023\/01\/DTM-nano2multi_1.png","contentUrl":"https:\/\/sklep.bramywjazdowe.com.pl\/wp-content\/uploads\/2023\/01\/DTM-nano2multi_1.png","width":577,"height":433},{"@type":"BreadcrumbList","@id":"https:\/\/sklep.bramywjazdowe.com.pl\/?product=dtm-radioodbiornik-nano2-multi#breadcrumb","itemListElement":[{"@type":"ListItem","position":1,"name":"Strona g\u0142\u00f3wna","item":"http:\/\/sklep.bramywjazdowe.com.pl\/"},{"@type":"ListItem","position":2,"name":"Produkty","item":"http:\/\/sklep.bramywjazdowe.com.pl\/"},{"@type":"ListItem","position":3,"name":"DTM &#8211; Radioodbiornik NANO2 MULTI"}]},{"@type":"WebSite","@id":"http:\/\/sklep.bramywjazdowe.com.pl\/#website","url":"http:\/\/sklep.bramywjazdowe.com.pl\/","name":"Sklep Trymer Tomasz Kucharski","description":"","publisher":{"@id":"http:\/\/sklep.bramywjazdowe.com.pl\/#organization"},"potentialAction":[{"@type":"SearchAction","target":{"@type":"EntryPoint","urlTemplate":"http:\/\/sklep.bramywjazdowe.com.pl\/?s={search_term_string}"},"query-input":{"@type":"PropertyValueSpecification","valueRequired":true,"valueName":"search_term_string"}}],"inLanguage":"pl-PL"},{"@type":"Organization","@id":"http:\/\/sklep.bramywjazdowe.com.pl\/#organization","name":"TRYMER Tomasz Kucharski","url":"http:\/\/sklep.bramywjazdowe.com.pl\/","logo":{"@type":"ImageObject","inLanguage":"pl-PL","@id":"http:\/\/sklep.bramywjazdowe.com.pl\/#\/schema\/logo\/image\/","url":"https:\/\/sklep.bramywjazdowe.com.pl\/wp-content\/uploads\/2022\/11\/logo-sklep-222.png","contentUrl":"https:\/\/sklep.bramywjazdowe.com.pl\/wp-content\/uploads\/2022\/11\/logo-sklep-222.png","width":1200,"height":180,"caption":"TRYMER Tomasz Kucharski"},"image":{"@id":"http:\/\/sklep.bramywjazdowe.com.pl\/#\/schema\/logo\/image\/"}}]}},"brands":[{"id":42,"name":"DTM System","slug":"dtm-system"}],"_links":{"self":[{"href":"https:\/\/sklep.bramywjazdowe.com.pl\/index.php?rest_route=\/wp\/v2\/product\/478","targetHints":{"allow":["GET"]}}],"collection":[{"href":"https:\/\/sklep.bramywjazdowe.com.pl\/index.php?rest_route=\/wp\/v2\/product"}],"about":[{"href":"https:\/\/sklep.bramywjazdowe.com.pl\/index.php?rest_route=\/wp\/v2\/types\/product"}],"replies":[{"embeddable":true,"href":"https:\/\/sklep.bramywjazdowe.com.pl\/index.php?rest_route=%2Fwp%2Fv2%2Fcomments&post=478"}],"wp:featuredmedia":[{"embeddable":true,"href":"https:\/\/sklep.bramywjazdowe.com.pl\/index.php?rest_route=\/wp\/v2\/media\/459"}],"wp:attachment":[{"href":"https:\/\/sklep.bramywjazdowe.com.pl\/index.php?rest_route=%2Fwp%2Fv2%2Fmedia&parent=478"}],"wp:term":[{"taxonomy":"pwb-brand","embeddable":true,"href":"https:\/\/sklep.bramywjazdowe.com.pl\/index.php?rest_route=%2Fwp%2Fv2%2Fpwb-brand&post=478"},{"taxonomy":"product_brand","embeddable":true,"href":"https:\/\/sklep.bramywjazdowe.com.pl\/index.php?rest_route=%2Fwp%2Fv2%2Fproduct_brand&post=478"},{"taxonomy":"product_cat","embeddable":true,"href":"https:\/\/sklep.bramywjazdowe.com.pl\/index.php?rest_route=%2Fwp%2Fv2%2Fproduct_cat&post=478"},{"taxonomy":"product_tag","embeddable":true,"href":"https:\/\/sklep.bramywjazdowe.com.pl\/index.php?rest_route=%2Fwp%2Fv2%2Fproduct_tag&post=478"}],"curies":[{"name":"wp","href":"https:\/\/api.w.org\/{rel}","templated":true}]}}