{"id":507,"date":"2023-01-06T15:12:33","date_gmt":"2023-01-06T14:12:33","guid":{"rendered":"http:\/\/sklep.bramywjazdowe.com.pl\/?post_type=product&#038;p=507"},"modified":"2023-01-06T15:21:34","modified_gmt":"2023-01-06T14:21:34","slug":"nice-hopp-bdkce-zestaw-automatyki-do-bramy-skrzydlowej","status":"publish","type":"product","link":"https:\/\/sklep.bramywjazdowe.com.pl\/?product=nice-hopp-bdkce-zestaw-automatyki-do-bramy-skrzydlowej","title":{"rendered":"NICE &#8211; HOPP BDKCE zestaw automatyki do bramy skrzyd\u0142owej"},"content":{"rendered":"<p>NICE &#8211; HOPP BDKCE zestaw automatyki do bramy skrzyd\u0142owej<\/p>\n<p>ZESTAW ZAWIERA:<\/p>\n<ul>\n<li>2 Nap\u0119dy HOPP (si\u0142ownik HO7124 z central\u0105 POA3, si\u0142ownik HO7224)<\/li>\n<li>Fotokom\u00f3rki\u00a0EPMB (nadajnik + odbiornik)<\/li>\n<li>Radioodbiornik OXIBD<\/li>\n<li>2 piloty trzykana\u0142owe ON2E<\/li>\n<li>Lampa ostrzegawcza ELDC<\/li>\n<li>Akcesoria do monta\u017cu<\/li>\n<li>Instrukcja obs\u0142ugi<\/li>\n<li>Karta gwarancyjna<\/li>\n<\/ul>\n<p>Idealne rozwi\u0105zanie dla bram w domach jednorodzinnych.\u00a0Przeznaczone do monta\u017cu na szerokich s\u0142upkach, nawet do 25 cm g\u0142\u0119boko\u015bci odsadzenia zawiasu.<\/p>\n<p>FUNKCJE :<\/p>\n<ul>\n<li>Zasilanie silnika 24V<\/li>\n<li>Inteligenta centrala BLUEBUS umieszczona osobno wewn\u0105trz si\u0142ownika<\/li>\n<li>Regulowana pr\u0119dko\u015b\u0107<\/li>\n<li>\u0141agodny start i zatrzymanie<\/li>\n<li>Cz\u0119\u015bciowe otwarcie dla ruchu pieszego (funkcja furtki)<\/li>\n<li>Mo\u017cliwo\u015b\u0107 automatycznego zamykania bramy<\/li>\n<li>Zatrzymanie bramy za pomoc\u0105 pilota<\/li>\n<li>Zabezpieczenie nieruchomej bramy, komendy otw\u00f3rz\/zamknij s\u0105 ignorowane je\u017celi w \u015bwietle bramy znajduje si\u0119 przeszkoda<\/li>\n<li>Mechaniczny ogranicznik\u00a0kra\u0144cowy<\/li>\n<li>Dzi\u0119ki u\u017cyciu programator O-View bardzo \u0142atwe programowanie ustawie\u0144 i zmiana parametr\u00f3w<\/li>\n<\/ul>\n<p>PARAMETRY:<\/p>\n<ul>\n<li>Zasilanie silnika: 24V DC<\/li>\n<li>Zasilanie: 230V<\/li>\n<li>Moc pobierana: 280<\/li>\n<li>Stopie\u0144 ochrony: IP54<\/li>\n<li>Moment obrotowy:\u00a0250 Nm<\/li>\n<li>Pr\u0119dko\u015b\u0107 obrotowa:\u00a01,68\u00a0obr.\/min.<\/li>\n<li>Maksymalna waga skrzyd\u0142a:\u00a0250 kg<\/li>\n<li>Maksymalna d\u0142ugo\u015b\u0107 skrzyd\u0142a: 2,4 m<\/li>\n<li>Intensywno\u015b\u0107 pracy: 35 cykli\/h<\/li>\n<li>Temperatura pracy: -20\u00b0\u00a0\/ +50\u00b0C<\/li>\n<\/ul>\n","protected":false},"excerpt":{"rendered":"<p>NICE &#8211; HOPP BDKCE zestaw automatyki do bramy skrzyd\u0142owej ZESTAW ZAWIERA: 2 Nap\u0119dy HOPP (si\u0142ownik HO7124 z central\u0105 POA3, si\u0142ownik HO7224) Fotokom\u00f3rki\u00a0EPMB (nadajnik + odbiornik) Radioodbiornik OXIBD 2 piloty trzykana\u0142owe ON2E Lampa ostrzegawcza ELDC Akcesoria do monta\u017cu Instrukcja obs\u0142ugi Karta gwarancyjna Idealne rozwi\u0105zanie dla bram w domach jednorodzinnych.\u00a0Przeznaczone do monta\u017cu na szerokich s\u0142upkach, nawet do [&hellip;]<\/p>\n","protected":false},"featured_media":534,"comment_status":"open","ping_status":"closed","template":"","meta":[],"pwb-brand":[64],"product_brand":[],"product_cat":[43,47],"product_tag":[105,130,78,131],"class_list":{"0":"post-507","1":"product","2":"type-product","3":"status-publish","4":"has-post-thumbnail","6":"pwb-brand-nice","7":"product_cat-zestawy-2","8":"product_cat-do-bram-skrzydlowych-2","9":"product_tag-brama-skrzydlowa","10":"product_tag-hopp","11":"product_tag-nice-3","12":"product_tag-szeroki-slupek","14":"first","15":"instock","16":"taxable","17":"shipping-taxable","18":"purchasable","19":"product-type-simple"},"yoast_head":"<!-- This site is optimized with the Yoast SEO plugin v24.7 - https:\/\/yoast.com\/wordpress\/plugins\/seo\/ -->\n<title>NICE - HOPP BDKCE zestaw automatyki do bramy skrzyd\u0142owej<\/title>\n<meta name=\"description\" content=\"NICE - HOPP BDKCE zestaw automatyki do bramy skrzyd\u0142owej, Przeznaczone do monta\u017cu na szerokich s\u0142upkach, nawet do 25 cm g\u0142\u0119boko\u015bci odsadzenia zawiasu.\" \/>\n<meta name=\"robots\" content=\"index, follow, max-snippet:-1, max-image-preview:large, max-video-preview:-1\" \/>\n<link rel=\"canonical\" href=\"https:\/\/sklep.bramywjazdowe.com.pl\/?product=nice-hopp-bdkce-zestaw-automatyki-do-bramy-skrzydlowej\" \/>\n<meta property=\"og:locale\" content=\"pl_PL\" \/>\n<meta property=\"og:type\" content=\"article\" \/>\n<meta property=\"og:title\" content=\"NICE - HOPP BDKCE zestaw automatyki do bramy skrzyd\u0142owej\" \/>\n<meta property=\"og:description\" content=\"NICE - HOPP BDKCE zestaw automatyki do bramy skrzyd\u0142owej, Przeznaczone do monta\u017cu na szerokich s\u0142upkach, nawet do 25 cm g\u0142\u0119boko\u015bci odsadzenia zawiasu.\" \/>\n<meta property=\"og:url\" content=\"https:\/\/sklep.bramywjazdowe.com.pl\/?product=nice-hopp-bdkce-zestaw-automatyki-do-bramy-skrzydlowej\" \/>\n<meta property=\"article:modified_time\" content=\"2023-01-06T14:21:34+00:00\" \/>\n<meta property=\"og:image\" content=\"https:\/\/sklep.bramywjazdowe.com.pl\/wp-content\/uploads\/2023\/01\/ZESTAW-HOPP-ON2E.png\" \/>\n\t<meta property=\"og:image:width\" content=\"500\" \/>\n\t<meta property=\"og:image:height\" content=\"500\" \/>\n\t<meta property=\"og:image:type\" content=\"image\/png\" \/>\n<meta name=\"twitter:card\" content=\"summary_large_image\" \/>\n<meta name=\"twitter:label1\" content=\"Szacowany czas czytania\" \/>\n\t<meta name=\"twitter:data1\" content=\"1 minuta\" \/>\n<script type=\"application\/ld+json\" class=\"yoast-schema-graph\">{\"@context\":\"https:\/\/schema.org\",\"@graph\":[{\"@type\":\"WebPage\",\"@id\":\"https:\/\/sklep.bramywjazdowe.com.pl\/?product=nice-hopp-bdkce-zestaw-automatyki-do-bramy-skrzydlowej\",\"url\":\"https:\/\/sklep.bramywjazdowe.com.pl\/?product=nice-hopp-bdkce-zestaw-automatyki-do-bramy-skrzydlowej\",\"name\":\"NICE - HOPP BDKCE zestaw automatyki do bramy skrzyd\u0142owej\",\"isPartOf\":{\"@id\":\"http:\/\/sklep.bramywjazdowe.com.pl\/#website\"},\"primaryImageOfPage\":{\"@id\":\"https:\/\/sklep.bramywjazdowe.com.pl\/?product=nice-hopp-bdkce-zestaw-automatyki-do-bramy-skrzydlowej#primaryimage\"},\"image\":{\"@id\":\"https:\/\/sklep.bramywjazdowe.com.pl\/?product=nice-hopp-bdkce-zestaw-automatyki-do-bramy-skrzydlowej#primaryimage\"},\"thumbnailUrl\":\"https:\/\/sklep.bramywjazdowe.com.pl\/wp-content\/uploads\/2023\/01\/ZESTAW-HOPP-ON2E.png\",\"datePublished\":\"2023-01-06T14:12:33+00:00\",\"dateModified\":\"2023-01-06T14:21:34+00:00\",\"description\":\"NICE - HOPP BDKCE zestaw automatyki do bramy skrzyd\u0142owej, Przeznaczone do monta\u017cu na szerokich s\u0142upkach, nawet do 25 cm g\u0142\u0119boko\u015bci odsadzenia zawiasu.\",\"breadcrumb\":{\"@id\":\"https:\/\/sklep.bramywjazdowe.com.pl\/?product=nice-hopp-bdkce-zestaw-automatyki-do-bramy-skrzydlowej#breadcrumb\"},\"inLanguage\":\"pl-PL\",\"potentialAction\":[{\"@type\":\"ReadAction\",\"target\":[\"https:\/\/sklep.bramywjazdowe.com.pl\/?product=nice-hopp-bdkce-zestaw-automatyki-do-bramy-skrzydlowej\"]}]},{\"@type\":\"ImageObject\",\"inLanguage\":\"pl-PL\",\"@id\":\"https:\/\/sklep.bramywjazdowe.com.pl\/?product=nice-hopp-bdkce-zestaw-automatyki-do-bramy-skrzydlowej#primaryimage\",\"url\":\"https:\/\/sklep.bramywjazdowe.com.pl\/wp-content\/uploads\/2023\/01\/ZESTAW-HOPP-ON2E.png\",\"contentUrl\":\"https:\/\/sklep.bramywjazdowe.com.pl\/wp-content\/uploads\/2023\/01\/ZESTAW-HOPP-ON2E.png\",\"width\":500,\"height\":500},{\"@type\":\"BreadcrumbList\",\"@id\":\"https:\/\/sklep.bramywjazdowe.com.pl\/?product=nice-hopp-bdkce-zestaw-automatyki-do-bramy-skrzydlowej#breadcrumb\",\"itemListElement\":[{\"@type\":\"ListItem\",\"position\":1,\"name\":\"Strona g\u0142\u00f3wna\",\"item\":\"http:\/\/sklep.bramywjazdowe.com.pl\/\"},{\"@type\":\"ListItem\",\"position\":2,\"name\":\"Produkty\",\"item\":\"http:\/\/sklep.bramywjazdowe.com.pl\/\"},{\"@type\":\"ListItem\",\"position\":3,\"name\":\"NICE &#8211; HOPP BDKCE zestaw automatyki do bramy skrzyd\u0142owej\"}]},{\"@type\":\"WebSite\",\"@id\":\"http:\/\/sklep.bramywjazdowe.com.pl\/#website\",\"url\":\"http:\/\/sklep.bramywjazdowe.com.pl\/\",\"name\":\"Sklep Trymer Tomasz Kucharski\",\"description\":\"\",\"publisher\":{\"@id\":\"http:\/\/sklep.bramywjazdowe.com.pl\/#organization\"},\"potentialAction\":[{\"@type\":\"SearchAction\",\"target\":{\"@type\":\"EntryPoint\",\"urlTemplate\":\"http:\/\/sklep.bramywjazdowe.com.pl\/?s={search_term_string}\"},\"query-input\":{\"@type\":\"PropertyValueSpecification\",\"valueRequired\":true,\"valueName\":\"search_term_string\"}}],\"inLanguage\":\"pl-PL\"},{\"@type\":\"Organization\",\"@id\":\"http:\/\/sklep.bramywjazdowe.com.pl\/#organization\",\"name\":\"TRYMER Tomasz Kucharski\",\"url\":\"http:\/\/sklep.bramywjazdowe.com.pl\/\",\"logo\":{\"@type\":\"ImageObject\",\"inLanguage\":\"pl-PL\",\"@id\":\"http:\/\/sklep.bramywjazdowe.com.pl\/#\/schema\/logo\/image\/\",\"url\":\"https:\/\/sklep.bramywjazdowe.com.pl\/wp-content\/uploads\/2022\/11\/logo-sklep-222.png\",\"contentUrl\":\"https:\/\/sklep.bramywjazdowe.com.pl\/wp-content\/uploads\/2022\/11\/logo-sklep-222.png\",\"width\":1200,\"height\":180,\"caption\":\"TRYMER Tomasz Kucharski\"},\"image\":{\"@id\":\"http:\/\/sklep.bramywjazdowe.com.pl\/#\/schema\/logo\/image\/\"}}]}<\/script>\n<!-- \/ Yoast SEO plugin. -->","yoast_head_json":{"title":"NICE - HOPP BDKCE zestaw automatyki do bramy skrzyd\u0142owej","description":"NICE - HOPP BDKCE zestaw automatyki do bramy skrzyd\u0142owej, Przeznaczone do monta\u017cu na szerokich s\u0142upkach, nawet do 25 cm g\u0142\u0119boko\u015bci odsadzenia zawiasu.","robots":{"index":"index","follow":"follow","max-snippet":"max-snippet:-1","max-image-preview":"max-image-preview:large","max-video-preview":"max-video-preview:-1"},"canonical":"https:\/\/sklep.bramywjazdowe.com.pl\/?product=nice-hopp-bdkce-zestaw-automatyki-do-bramy-skrzydlowej","og_locale":"pl_PL","og_type":"article","og_title":"NICE - HOPP BDKCE zestaw automatyki do bramy skrzyd\u0142owej","og_description":"NICE - HOPP BDKCE zestaw automatyki do bramy skrzyd\u0142owej, Przeznaczone do monta\u017cu na szerokich s\u0142upkach, nawet do 25 cm g\u0142\u0119boko\u015bci odsadzenia zawiasu.","og_url":"https:\/\/sklep.bramywjazdowe.com.pl\/?product=nice-hopp-bdkce-zestaw-automatyki-do-bramy-skrzydlowej","article_modified_time":"2023-01-06T14:21:34+00:00","og_image":[{"width":500,"height":500,"url":"https:\/\/sklep.bramywjazdowe.com.pl\/wp-content\/uploads\/2023\/01\/ZESTAW-HOPP-ON2E.png","type":"image\/png"}],"twitter_card":"summary_large_image","twitter_misc":{"Szacowany czas czytania":"1 minuta"},"schema":{"@context":"https:\/\/schema.org","@graph":[{"@type":"WebPage","@id":"https:\/\/sklep.bramywjazdowe.com.pl\/?product=nice-hopp-bdkce-zestaw-automatyki-do-bramy-skrzydlowej","url":"https:\/\/sklep.bramywjazdowe.com.pl\/?product=nice-hopp-bdkce-zestaw-automatyki-do-bramy-skrzydlowej","name":"NICE - HOPP BDKCE zestaw automatyki do bramy skrzyd\u0142owej","isPartOf":{"@id":"http:\/\/sklep.bramywjazdowe.com.pl\/#website"},"primaryImageOfPage":{"@id":"https:\/\/sklep.bramywjazdowe.com.pl\/?product=nice-hopp-bdkce-zestaw-automatyki-do-bramy-skrzydlowej#primaryimage"},"image":{"@id":"https:\/\/sklep.bramywjazdowe.com.pl\/?product=nice-hopp-bdkce-zestaw-automatyki-do-bramy-skrzydlowej#primaryimage"},"thumbnailUrl":"https:\/\/sklep.bramywjazdowe.com.pl\/wp-content\/uploads\/2023\/01\/ZESTAW-HOPP-ON2E.png","datePublished":"2023-01-06T14:12:33+00:00","dateModified":"2023-01-06T14:21:34+00:00","description":"NICE - HOPP BDKCE zestaw automatyki do bramy skrzyd\u0142owej, Przeznaczone do monta\u017cu na szerokich s\u0142upkach, nawet do 25 cm g\u0142\u0119boko\u015bci odsadzenia zawiasu.","breadcrumb":{"@id":"https:\/\/sklep.bramywjazdowe.com.pl\/?product=nice-hopp-bdkce-zestaw-automatyki-do-bramy-skrzydlowej#breadcrumb"},"inLanguage":"pl-PL","potentialAction":[{"@type":"ReadAction","target":["https:\/\/sklep.bramywjazdowe.com.pl\/?product=nice-hopp-bdkce-zestaw-automatyki-do-bramy-skrzydlowej"]}]},{"@type":"ImageObject","inLanguage":"pl-PL","@id":"https:\/\/sklep.bramywjazdowe.com.pl\/?product=nice-hopp-bdkce-zestaw-automatyki-do-bramy-skrzydlowej#primaryimage","url":"https:\/\/sklep.bramywjazdowe.com.pl\/wp-content\/uploads\/2023\/01\/ZESTAW-HOPP-ON2E.png","contentUrl":"https:\/\/sklep.bramywjazdowe.com.pl\/wp-content\/uploads\/2023\/01\/ZESTAW-HOPP-ON2E.png","width":500,"height":500},{"@type":"BreadcrumbList","@id":"https:\/\/sklep.bramywjazdowe.com.pl\/?product=nice-hopp-bdkce-zestaw-automatyki-do-bramy-skrzydlowej#breadcrumb","itemListElement":[{"@type":"ListItem","position":1,"name":"Strona g\u0142\u00f3wna","item":"http:\/\/sklep.bramywjazdowe.com.pl\/"},{"@type":"ListItem","position":2,"name":"Produkty","item":"http:\/\/sklep.bramywjazdowe.com.pl\/"},{"@type":"ListItem","position":3,"name":"NICE &#8211; HOPP BDKCE zestaw automatyki do bramy skrzyd\u0142owej"}]},{"@type":"WebSite","@id":"http:\/\/sklep.bramywjazdowe.com.pl\/#website","url":"http:\/\/sklep.bramywjazdowe.com.pl\/","name":"Sklep Trymer Tomasz Kucharski","description":"","publisher":{"@id":"http:\/\/sklep.bramywjazdowe.com.pl\/#organization"},"potentialAction":[{"@type":"SearchAction","target":{"@type":"EntryPoint","urlTemplate":"http:\/\/sklep.bramywjazdowe.com.pl\/?s={search_term_string}"},"query-input":{"@type":"PropertyValueSpecification","valueRequired":true,"valueName":"search_term_string"}}],"inLanguage":"pl-PL"},{"@type":"Organization","@id":"http:\/\/sklep.bramywjazdowe.com.pl\/#organization","name":"TRYMER Tomasz Kucharski","url":"http:\/\/sklep.bramywjazdowe.com.pl\/","logo":{"@type":"ImageObject","inLanguage":"pl-PL","@id":"http:\/\/sklep.bramywjazdowe.com.pl\/#\/schema\/logo\/image\/","url":"https:\/\/sklep.bramywjazdowe.com.pl\/wp-content\/uploads\/2022\/11\/logo-sklep-222.png","contentUrl":"https:\/\/sklep.bramywjazdowe.com.pl\/wp-content\/uploads\/2022\/11\/logo-sklep-222.png","width":1200,"height":180,"caption":"TRYMER Tomasz Kucharski"},"image":{"@id":"http:\/\/sklep.bramywjazdowe.com.pl\/#\/schema\/logo\/image\/"}}]}},"brands":[{"id":64,"name":"NICE","slug":"nice"}],"_links":{"self":[{"href":"https:\/\/sklep.bramywjazdowe.com.pl\/index.php?rest_route=\/wp\/v2\/product\/507","targetHints":{"allow":["GET"]}}],"collection":[{"href":"https:\/\/sklep.bramywjazdowe.com.pl\/index.php?rest_route=\/wp\/v2\/product"}],"about":[{"href":"https:\/\/sklep.bramywjazdowe.com.pl\/index.php?rest_route=\/wp\/v2\/types\/product"}],"replies":[{"embeddable":true,"href":"https:\/\/sklep.bramywjazdowe.com.pl\/index.php?rest_route=%2Fwp%2Fv2%2Fcomments&post=507"}],"wp:featuredmedia":[{"embeddable":true,"href":"https:\/\/sklep.bramywjazdowe.com.pl\/index.php?rest_route=\/wp\/v2\/media\/534"}],"wp:attachment":[{"href":"https:\/\/sklep.bramywjazdowe.com.pl\/index.php?rest_route=%2Fwp%2Fv2%2Fmedia&parent=507"}],"wp:term":[{"taxonomy":"pwb-brand","embeddable":true,"href":"https:\/\/sklep.bramywjazdowe.com.pl\/index.php?rest_route=%2Fwp%2Fv2%2Fpwb-brand&post=507"},{"taxonomy":"product_brand","embeddable":true,"href":"https:\/\/sklep.bramywjazdowe.com.pl\/index.php?rest_route=%2Fwp%2Fv2%2Fproduct_brand&post=507"},{"taxonomy":"product_cat","embeddable":true,"href":"https:\/\/sklep.bramywjazdowe.com.pl\/index.php?rest_route=%2Fwp%2Fv2%2Fproduct_cat&post=507"},{"taxonomy":"product_tag","embeddable":true,"href":"https:\/\/sklep.bramywjazdowe.com.pl\/index.php?rest_route=%2Fwp%2Fv2%2Fproduct_tag&post=507"}],"curies":[{"name":"wp","href":"https:\/\/api.w.org\/{rel}","templated":true}]}}