{"id":540,"date":"2023-01-06T17:27:40","date_gmt":"2023-01-06T16:27:40","guid":{"rendered":"http:\/\/sklep.bramywjazdowe.com.pl\/?post_type=product&#038;p=540"},"modified":"2023-01-06T20:21:41","modified_gmt":"2023-01-06T19:21:41","slug":"nice-too3000-naped-do-bramy-skrzydlowej-do-3m","status":"publish","type":"product","link":"https:\/\/sklep.bramywjazdowe.com.pl\/?product=nice-too3000-naped-do-bramy-skrzydlowej-do-3m","title":{"rendered":"NICE &#8211; TOO3000 nap\u0119d do bramy skrzyd\u0142owej do 3m"},"content":{"rendered":"<p>NICE &#8211; TOO3000 nap\u0119d do bramy skrzyd\u0142owej do 3m<\/p>\n<p>ZESTAW ZAWIERA:<\/p>\n<ul>\n<li>1 Nap\u0119d TOO3000<\/li>\n<li>Akcesoria do monta\u017cu<\/li>\n<li>Instrukcja obs\u0142ugi<\/li>\n<li>Karta gwarancyjna<\/li>\n<\/ul>\n<p>Idealne rozwi\u0105zanie dla bram w domach jednorodzinnych.\u00a0Przeznaczone do monta\u017cu na\u00a0s\u0142upkach stalowych i murowanych\u00a0 (g\u0142\u0119boko\u015bci odsadzenia zawiasu do 16cm).<\/p>\n<p>PARAMETRY:<\/p>\n<ul>\n<li>Zasilanie silnika: 230V<\/li>\n<li>Zasilanie: 230V<\/li>\n<li>Moc pobierana:\u00a0340 W<\/li>\n<li>Stopie\u0144 ochrony: IP54<\/li>\n<li>Si\u0142a uci\u0105gu max:\u00a02000 N<\/li>\n<li>Pr\u0119dko\u015b\u0107 liniowa:\u00a00,016 m\/s<\/li>\n<li>Maksymalna waga skrzyd\u0142a: 300 kg<\/li>\n<li>Maksymalna d\u0142ugo\u015b\u0107 skrzyd\u0142a:\u00a03,0 m<\/li>\n<li>Intensywno\u015b\u0107 pracy:\u00a024\u00a0cykli\/h<\/li>\n<li>Temperatura pracy: -20\u00b0\u00a0\/ +50\u00b0C<\/li>\n<\/ul>\n","protected":false},"excerpt":{"rendered":"<p>NICE &#8211; TOO3000 nap\u0119d do bramy skrzyd\u0142owej do 3m ZESTAW ZAWIERA: 1 Nap\u0119d TOO3000 Akcesoria do monta\u017cu Instrukcja obs\u0142ugi Karta gwarancyjna Idealne rozwi\u0105zanie dla bram w domach jednorodzinnych.\u00a0Przeznaczone do monta\u017cu na\u00a0s\u0142upkach stalowych i murowanych\u00a0 (g\u0142\u0119boko\u015bci odsadzenia zawiasu do 16cm). PARAMETRY: Zasilanie silnika: 230V Zasilanie: 230V Moc pobierana:\u00a0340 W Stopie\u0144 ochrony: IP54 Si\u0142a uci\u0105gu max:\u00a02000 N [&hellip;]<\/p>\n","protected":false},"featured_media":541,"comment_status":"open","ping_status":"closed","template":"","meta":[],"pwb-brand":[64],"product_brand":[],"product_cat":[49,52,22],"product_tag":[105,78,132],"class_list":{"0":"post-540","1":"product","2":"type-product","3":"status-publish","4":"has-post-thumbnail","6":"pwb-brand-nice","7":"product_cat-napedy-2","8":"product_cat-do-bram-skrzydlowych-3","9":"product_cat-bez-kategorii-2","10":"product_tag-brama-skrzydlowa","11":"product_tag-nice-3","12":"product_tag-too","14":"first","15":"instock","16":"taxable","17":"shipping-taxable","18":"purchasable","19":"product-type-simple"},"yoast_head":"<!-- This site is optimized with the Yoast SEO plugin v24.7 - https:\/\/yoast.com\/wordpress\/plugins\/seo\/ -->\n<title>NICE - TOO3000 nap\u0119d do bramy skrzyd\u0142owej do 3m<\/title>\n<meta name=\"description\" content=\"NICE - TOO3000 nap\u0119d do bramy skrzyd\u0142owej do 3m. Przeznaczone do monta\u017cu na\u00a0s\u0142upkach stalowych i murowanych. Idealne w domach jednorodzinnych\" \/>\n<meta name=\"robots\" content=\"index, follow, max-snippet:-1, max-image-preview:large, max-video-preview:-1\" \/>\n<link rel=\"canonical\" href=\"https:\/\/sklep.bramywjazdowe.com.pl\/?product=nice-too3000-naped-do-bramy-skrzydlowej-do-3m\" \/>\n<meta property=\"og:locale\" content=\"pl_PL\" \/>\n<meta property=\"og:type\" content=\"article\" \/>\n<meta property=\"og:title\" content=\"NICE - TOO3000 nap\u0119d do bramy skrzyd\u0142owej do 3m\" \/>\n<meta property=\"og:description\" content=\"NICE - TOO3000 nap\u0119d do bramy skrzyd\u0142owej do 3m. Przeznaczone do monta\u017cu na\u00a0s\u0142upkach stalowych i murowanych. Idealne w domach jednorodzinnych\" \/>\n<meta property=\"og:url\" content=\"https:\/\/sklep.bramywjazdowe.com.pl\/?product=nice-too3000-naped-do-bramy-skrzydlowej-do-3m\" \/>\n<meta property=\"article:modified_time\" content=\"2023-01-06T19:21:41+00:00\" \/>\n<meta property=\"og:image\" content=\"https:\/\/sklep.bramywjazdowe.com.pl\/wp-content\/uploads\/2023\/01\/NAPED-NICE-TOO3000.png\" \/>\n\t<meta property=\"og:image:width\" content=\"500\" \/>\n\t<meta property=\"og:image:height\" content=\"500\" \/>\n\t<meta property=\"og:image:type\" content=\"image\/png\" \/>\n<meta name=\"twitter:card\" content=\"summary_large_image\" \/>\n<meta name=\"twitter:label1\" content=\"Szacowany czas czytania\" \/>\n\t<meta name=\"twitter:data1\" content=\"1 minuta\" \/>\n<script type=\"application\/ld+json\" class=\"yoast-schema-graph\">{\"@context\":\"https:\/\/schema.org\",\"@graph\":[{\"@type\":\"WebPage\",\"@id\":\"https:\/\/sklep.bramywjazdowe.com.pl\/?product=nice-too3000-naped-do-bramy-skrzydlowej-do-3m\",\"url\":\"https:\/\/sklep.bramywjazdowe.com.pl\/?product=nice-too3000-naped-do-bramy-skrzydlowej-do-3m\",\"name\":\"NICE - TOO3000 nap\u0119d do bramy skrzyd\u0142owej do 3m\",\"isPartOf\":{\"@id\":\"https:\/\/sklep.bramywjazdowe.com.pl\/#website\"},\"primaryImageOfPage\":{\"@id\":\"https:\/\/sklep.bramywjazdowe.com.pl\/?product=nice-too3000-naped-do-bramy-skrzydlowej-do-3m#primaryimage\"},\"image\":{\"@id\":\"https:\/\/sklep.bramywjazdowe.com.pl\/?product=nice-too3000-naped-do-bramy-skrzydlowej-do-3m#primaryimage\"},\"thumbnailUrl\":\"https:\/\/sklep.bramywjazdowe.com.pl\/wp-content\/uploads\/2023\/01\/NAPED-NICE-TOO3000.png\",\"datePublished\":\"2023-01-06T16:27:40+00:00\",\"dateModified\":\"2023-01-06T19:21:41+00:00\",\"description\":\"NICE - TOO3000 nap\u0119d do bramy skrzyd\u0142owej do 3m. Przeznaczone do monta\u017cu na\u00a0s\u0142upkach stalowych i murowanych. Idealne w domach jednorodzinnych\",\"breadcrumb\":{\"@id\":\"https:\/\/sklep.bramywjazdowe.com.pl\/?product=nice-too3000-naped-do-bramy-skrzydlowej-do-3m#breadcrumb\"},\"inLanguage\":\"pl-PL\",\"potentialAction\":[{\"@type\":\"ReadAction\",\"target\":[\"https:\/\/sklep.bramywjazdowe.com.pl\/?product=nice-too3000-naped-do-bramy-skrzydlowej-do-3m\"]}]},{\"@type\":\"ImageObject\",\"inLanguage\":\"pl-PL\",\"@id\":\"https:\/\/sklep.bramywjazdowe.com.pl\/?product=nice-too3000-naped-do-bramy-skrzydlowej-do-3m#primaryimage\",\"url\":\"https:\/\/sklep.bramywjazdowe.com.pl\/wp-content\/uploads\/2023\/01\/NAPED-NICE-TOO3000.png\",\"contentUrl\":\"https:\/\/sklep.bramywjazdowe.com.pl\/wp-content\/uploads\/2023\/01\/NAPED-NICE-TOO3000.png\",\"width\":500,\"height\":500},{\"@type\":\"BreadcrumbList\",\"@id\":\"https:\/\/sklep.bramywjazdowe.com.pl\/?product=nice-too3000-naped-do-bramy-skrzydlowej-do-3m#breadcrumb\",\"itemListElement\":[{\"@type\":\"ListItem\",\"position\":1,\"name\":\"Strona g\u0142\u00f3wna\",\"item\":\"https:\/\/sklep.bramywjazdowe.com.pl\/\"},{\"@type\":\"ListItem\",\"position\":2,\"name\":\"Produkty\",\"item\":\"https:\/\/sklep.bramywjazdowe.com.pl\/\"},{\"@type\":\"ListItem\",\"position\":3,\"name\":\"NICE &#8211; TOO3000 nap\u0119d do bramy skrzyd\u0142owej do 3m\"}]},{\"@type\":\"WebSite\",\"@id\":\"https:\/\/sklep.bramywjazdowe.com.pl\/#website\",\"url\":\"https:\/\/sklep.bramywjazdowe.com.pl\/\",\"name\":\"Sklep Trymer Tomasz Kucharski\",\"description\":\"\",\"publisher\":{\"@id\":\"https:\/\/sklep.bramywjazdowe.com.pl\/#organization\"},\"potentialAction\":[{\"@type\":\"SearchAction\",\"target\":{\"@type\":\"EntryPoint\",\"urlTemplate\":\"https:\/\/sklep.bramywjazdowe.com.pl\/?s={search_term_string}\"},\"query-input\":{\"@type\":\"PropertyValueSpecification\",\"valueRequired\":true,\"valueName\":\"search_term_string\"}}],\"inLanguage\":\"pl-PL\"},{\"@type\":\"Organization\",\"@id\":\"https:\/\/sklep.bramywjazdowe.com.pl\/#organization\",\"name\":\"TRYMER Tomasz Kucharski\",\"url\":\"https:\/\/sklep.bramywjazdowe.com.pl\/\",\"logo\":{\"@type\":\"ImageObject\",\"inLanguage\":\"pl-PL\",\"@id\":\"https:\/\/sklep.bramywjazdowe.com.pl\/#\/schema\/logo\/image\/\",\"url\":\"https:\/\/sklep.bramywjazdowe.com.pl\/wp-content\/uploads\/2022\/11\/logo-sklep-222.png\",\"contentUrl\":\"https:\/\/sklep.bramywjazdowe.com.pl\/wp-content\/uploads\/2022\/11\/logo-sklep-222.png\",\"width\":1200,\"height\":180,\"caption\":\"TRYMER Tomasz Kucharski\"},\"image\":{\"@id\":\"https:\/\/sklep.bramywjazdowe.com.pl\/#\/schema\/logo\/image\/\"}}]}<\/script>\n<!-- \/ Yoast SEO plugin. -->","yoast_head_json":{"title":"NICE - TOO3000 nap\u0119d do bramy skrzyd\u0142owej do 3m","description":"NICE - TOO3000 nap\u0119d do bramy skrzyd\u0142owej do 3m. Przeznaczone do monta\u017cu na\u00a0s\u0142upkach stalowych i murowanych. Idealne w domach jednorodzinnych","robots":{"index":"index","follow":"follow","max-snippet":"max-snippet:-1","max-image-preview":"max-image-preview:large","max-video-preview":"max-video-preview:-1"},"canonical":"https:\/\/sklep.bramywjazdowe.com.pl\/?product=nice-too3000-naped-do-bramy-skrzydlowej-do-3m","og_locale":"pl_PL","og_type":"article","og_title":"NICE - TOO3000 nap\u0119d do bramy skrzyd\u0142owej do 3m","og_description":"NICE - TOO3000 nap\u0119d do bramy skrzyd\u0142owej do 3m. Przeznaczone do monta\u017cu na\u00a0s\u0142upkach stalowych i murowanych. Idealne w domach jednorodzinnych","og_url":"https:\/\/sklep.bramywjazdowe.com.pl\/?product=nice-too3000-naped-do-bramy-skrzydlowej-do-3m","article_modified_time":"2023-01-06T19:21:41+00:00","og_image":[{"width":500,"height":500,"url":"https:\/\/sklep.bramywjazdowe.com.pl\/wp-content\/uploads\/2023\/01\/NAPED-NICE-TOO3000.png","type":"image\/png"}],"twitter_card":"summary_large_image","twitter_misc":{"Szacowany czas czytania":"1 minuta"},"schema":{"@context":"https:\/\/schema.org","@graph":[{"@type":"WebPage","@id":"https:\/\/sklep.bramywjazdowe.com.pl\/?product=nice-too3000-naped-do-bramy-skrzydlowej-do-3m","url":"https:\/\/sklep.bramywjazdowe.com.pl\/?product=nice-too3000-naped-do-bramy-skrzydlowej-do-3m","name":"NICE - TOO3000 nap\u0119d do bramy skrzyd\u0142owej do 3m","isPartOf":{"@id":"https:\/\/sklep.bramywjazdowe.com.pl\/#website"},"primaryImageOfPage":{"@id":"https:\/\/sklep.bramywjazdowe.com.pl\/?product=nice-too3000-naped-do-bramy-skrzydlowej-do-3m#primaryimage"},"image":{"@id":"https:\/\/sklep.bramywjazdowe.com.pl\/?product=nice-too3000-naped-do-bramy-skrzydlowej-do-3m#primaryimage"},"thumbnailUrl":"https:\/\/sklep.bramywjazdowe.com.pl\/wp-content\/uploads\/2023\/01\/NAPED-NICE-TOO3000.png","datePublished":"2023-01-06T16:27:40+00:00","dateModified":"2023-01-06T19:21:41+00:00","description":"NICE - TOO3000 nap\u0119d do bramy skrzyd\u0142owej do 3m. Przeznaczone do monta\u017cu na\u00a0s\u0142upkach stalowych i murowanych. Idealne w domach jednorodzinnych","breadcrumb":{"@id":"https:\/\/sklep.bramywjazdowe.com.pl\/?product=nice-too3000-naped-do-bramy-skrzydlowej-do-3m#breadcrumb"},"inLanguage":"pl-PL","potentialAction":[{"@type":"ReadAction","target":["https:\/\/sklep.bramywjazdowe.com.pl\/?product=nice-too3000-naped-do-bramy-skrzydlowej-do-3m"]}]},{"@type":"ImageObject","inLanguage":"pl-PL","@id":"https:\/\/sklep.bramywjazdowe.com.pl\/?product=nice-too3000-naped-do-bramy-skrzydlowej-do-3m#primaryimage","url":"https:\/\/sklep.bramywjazdowe.com.pl\/wp-content\/uploads\/2023\/01\/NAPED-NICE-TOO3000.png","contentUrl":"https:\/\/sklep.bramywjazdowe.com.pl\/wp-content\/uploads\/2023\/01\/NAPED-NICE-TOO3000.png","width":500,"height":500},{"@type":"BreadcrumbList","@id":"https:\/\/sklep.bramywjazdowe.com.pl\/?product=nice-too3000-naped-do-bramy-skrzydlowej-do-3m#breadcrumb","itemListElement":[{"@type":"ListItem","position":1,"name":"Strona g\u0142\u00f3wna","item":"https:\/\/sklep.bramywjazdowe.com.pl\/"},{"@type":"ListItem","position":2,"name":"Produkty","item":"https:\/\/sklep.bramywjazdowe.com.pl\/"},{"@type":"ListItem","position":3,"name":"NICE &#8211; TOO3000 nap\u0119d do bramy skrzyd\u0142owej do 3m"}]},{"@type":"WebSite","@id":"https:\/\/sklep.bramywjazdowe.com.pl\/#website","url":"https:\/\/sklep.bramywjazdowe.com.pl\/","name":"Sklep Trymer Tomasz Kucharski","description":"","publisher":{"@id":"https:\/\/sklep.bramywjazdowe.com.pl\/#organization"},"potentialAction":[{"@type":"SearchAction","target":{"@type":"EntryPoint","urlTemplate":"https:\/\/sklep.bramywjazdowe.com.pl\/?s={search_term_string}"},"query-input":{"@type":"PropertyValueSpecification","valueRequired":true,"valueName":"search_term_string"}}],"inLanguage":"pl-PL"},{"@type":"Organization","@id":"https:\/\/sklep.bramywjazdowe.com.pl\/#organization","name":"TRYMER Tomasz Kucharski","url":"https:\/\/sklep.bramywjazdowe.com.pl\/","logo":{"@type":"ImageObject","inLanguage":"pl-PL","@id":"https:\/\/sklep.bramywjazdowe.com.pl\/#\/schema\/logo\/image\/","url":"https:\/\/sklep.bramywjazdowe.com.pl\/wp-content\/uploads\/2022\/11\/logo-sklep-222.png","contentUrl":"https:\/\/sklep.bramywjazdowe.com.pl\/wp-content\/uploads\/2022\/11\/logo-sklep-222.png","width":1200,"height":180,"caption":"TRYMER Tomasz Kucharski"},"image":{"@id":"https:\/\/sklep.bramywjazdowe.com.pl\/#\/schema\/logo\/image\/"}}]}},"brands":[{"id":64,"name":"NICE","slug":"nice"}],"_links":{"self":[{"href":"https:\/\/sklep.bramywjazdowe.com.pl\/index.php?rest_route=\/wp\/v2\/product\/540","targetHints":{"allow":["GET"]}}],"collection":[{"href":"https:\/\/sklep.bramywjazdowe.com.pl\/index.php?rest_route=\/wp\/v2\/product"}],"about":[{"href":"https:\/\/sklep.bramywjazdowe.com.pl\/index.php?rest_route=\/wp\/v2\/types\/product"}],"replies":[{"embeddable":true,"href":"https:\/\/sklep.bramywjazdowe.com.pl\/index.php?rest_route=%2Fwp%2Fv2%2Fcomments&post=540"}],"wp:featuredmedia":[{"embeddable":true,"href":"https:\/\/sklep.bramywjazdowe.com.pl\/index.php?rest_route=\/wp\/v2\/media\/541"}],"wp:attachment":[{"href":"https:\/\/sklep.bramywjazdowe.com.pl\/index.php?rest_route=%2Fwp%2Fv2%2Fmedia&parent=540"}],"wp:term":[{"taxonomy":"pwb-brand","embeddable":true,"href":"https:\/\/sklep.bramywjazdowe.com.pl\/index.php?rest_route=%2Fwp%2Fv2%2Fpwb-brand&post=540"},{"taxonomy":"product_brand","embeddable":true,"href":"https:\/\/sklep.bramywjazdowe.com.pl\/index.php?rest_route=%2Fwp%2Fv2%2Fproduct_brand&post=540"},{"taxonomy":"product_cat","embeddable":true,"href":"https:\/\/sklep.bramywjazdowe.com.pl\/index.php?rest_route=%2Fwp%2Fv2%2Fproduct_cat&post=540"},{"taxonomy":"product_tag","embeddable":true,"href":"https:\/\/sklep.bramywjazdowe.com.pl\/index.php?rest_route=%2Fwp%2Fv2%2Fproduct_tag&post=540"}],"curies":[{"name":"wp","href":"https:\/\/api.w.org\/{rel}","templated":true}]}}