{"id":548,"date":"2023-01-06T18:03:15","date_gmt":"2023-01-06T17:03:15","guid":{"rendered":"http:\/\/sklep.bramywjazdowe.com.pl\/?post_type=product&#038;p=548"},"modified":"2024-11-06T20:16:26","modified_gmt":"2024-11-06T19:16:26","slug":"came-ats30ags-naped-do-bramy-skrzydlowych-o-dlugosci-do-3m","status":"publish","type":"product","link":"https:\/\/sklep.bramywjazdowe.com.pl\/?product=came-ats30ags-naped-do-bramy-skrzydlowych-o-dlugosci-do-3m","title":{"rendered":"CAME &#8211; ATS30AGS nap\u0119d do bramy skrzyd\u0142owych o d\u0142ugo\u015bci do 3m"},"content":{"rendered":"<p>CAME &#8211; ATS30AGS nap\u0119d do bramy skrzyd\u0142owych o d\u0142ugo\u015bci do 3m<\/p>\n<p>ZESTAW ZAWIERA:<\/p>\n<ul>\n<li>1 Nap\u0119d ATS30AGS<\/li>\n<li>Akcesoria do monta\u017cu<\/li>\n<li>Instrukcja obs\u0142ugi<\/li>\n<li>Karta gwarancyjna<\/li>\n<\/ul>\n<p>ATS to uniwersalny nap\u0119d do bram skrzyd\u0142owych,\u00a0kt\u00f3ry mo\u017cna zainstalowa\u0107 na dowolnym rodzaju bramy.<\/p>\n<p>PARAMETRY:<\/p>\n<ul>\n<li>Maksymalna waga bramy: 800 kg<\/li>\n<li>Maksymalna d\u0142ugo\u015b\u0107 skrzyd\u0142a:\u00a03 m<\/li>\n<li>Maksymalny k\u0105t otwarcia: 120\u00b0<\/li>\n<li>Czas otwarcia do 90\u00b0: 15s<\/li>\n<li>Maksymalna moc silnika: 250 W<\/li>\n<li>Cykl pracy: 20\/h<\/li>\n<li>Zasilanie (V \u2013 50\/60 Hz): 230 AC<\/li>\n<li>Zasilanie silnika: 230 AC<\/li>\n<li>Ochrona termiczna silnika (\u00b0C):\u00a0150<\/li>\n<li>Stopie\u0144 ochrony: IP54<\/li>\n<li>Kondensator (\u03bcF)\u00a0<strong>&#8211;<\/strong>8<\/li>\n<li>Si\u0142a ci\u0105gu: 400 \u00f7 3000 N<\/li>\n<li>Temperatura pracy: -20\u00b0\u00a0\/ +55\u00b0C<\/li>\n<\/ul>\n","protected":false},"excerpt":{"rendered":"<p>CAME &#8211; ATS30AGS nap\u0119d do bramy skrzyd\u0142owych o d\u0142ugo\u015bci do 3m ZESTAW ZAWIERA: 1 Nap\u0119d ATS30AGS Akcesoria do monta\u017cu Instrukcja obs\u0142ugi Karta gwarancyjna ATS to uniwersalny nap\u0119d do bram skrzyd\u0142owych,\u00a0kt\u00f3ry mo\u017cna zainstalowa\u0107 na dowolnym rodzaju bramy. PARAMETRY: Maksymalna waga bramy: 800 kg Maksymalna d\u0142ugo\u015b\u0107 skrzyd\u0142a:\u00a03 m Maksymalny k\u0105t otwarcia: 120\u00b0 Czas otwarcia do 90\u00b0: 15s [&hellip;]<\/p>\n","protected":false},"featured_media":549,"comment_status":"open","ping_status":"closed","template":"","meta":[],"pwb-brand":[41],"product_brand":[],"product_cat":[49,52],"product_tag":[128,105,77,129],"class_list":{"0":"post-548","1":"product","2":"type-product","3":"status-publish","4":"has-post-thumbnail","6":"pwb-brand-came-2","7":"product_cat-napedy-2","8":"product_cat-do-bram-skrzydlowych-3","9":"product_tag-ats","10":"product_tag-brama-skrzydlowa","11":"product_tag-came-4","12":"product_tag-dwuskrzydlowa","14":"first","15":"instock","16":"taxable","17":"shipping-taxable","18":"purchasable","19":"product-type-simple"},"yoast_head":"<!-- This site is optimized with the Yoast SEO plugin v24.7 - https:\/\/yoast.com\/wordpress\/plugins\/seo\/ -->\n<title>CAME ATS30AGS nap\u0119d do bramy skrzyd\u0142owych o d\u0142ugo\u015bci do 3m<\/title>\n<meta name=\"description\" content=\"CAME ATS30AGS nap\u0119d do bramy skrzyd\u0142owych o d\u0142ugo\u015bci\u00a0o\u00a0d\u0142ugo\u015bci\u00a0do\u00a03m. Zasilanie silnika 230V. Automatyka do bram sprzeda\u017c, monta\u017c, serwis\" \/>\n<meta name=\"robots\" content=\"index, follow, max-snippet:-1, max-image-preview:large, max-video-preview:-1\" \/>\n<link rel=\"canonical\" href=\"https:\/\/sklep.bramywjazdowe.com.pl\/?product=came-ats30ags-naped-do-bramy-skrzydlowych-o-dlugosci-do-3m\" \/>\n<meta property=\"og:locale\" content=\"pl_PL\" \/>\n<meta property=\"og:type\" content=\"article\" \/>\n<meta property=\"og:title\" content=\"CAME ATS30AGS nap\u0119d do bramy skrzyd\u0142owych o d\u0142ugo\u015bci do 3m\" \/>\n<meta property=\"og:description\" content=\"CAME ATS30AGS nap\u0119d do bramy skrzyd\u0142owych o d\u0142ugo\u015bci\u00a0o\u00a0d\u0142ugo\u015bci\u00a0do\u00a03m. Zasilanie silnika 230V. Automatyka do bram sprzeda\u017c, monta\u017c, serwis\" \/>\n<meta property=\"og:url\" content=\"https:\/\/sklep.bramywjazdowe.com.pl\/?product=came-ats30ags-naped-do-bramy-skrzydlowych-o-dlugosci-do-3m\" \/>\n<meta property=\"article:modified_time\" content=\"2024-11-06T19:16:26+00:00\" \/>\n<meta property=\"og:image\" content=\"https:\/\/sklep.bramywjazdowe.com.pl\/wp-content\/uploads\/2023\/01\/NAPED-CAME-ATS.png\" \/>\n\t<meta property=\"og:image:width\" content=\"500\" \/>\n\t<meta property=\"og:image:height\" content=\"500\" \/>\n\t<meta property=\"og:image:type\" content=\"image\/png\" \/>\n<meta name=\"twitter:card\" content=\"summary_large_image\" \/>\n<meta name=\"twitter:label1\" content=\"Szacowany czas czytania\" \/>\n\t<meta name=\"twitter:data1\" content=\"1 minuta\" \/>\n<script type=\"application\/ld+json\" class=\"yoast-schema-graph\">{\"@context\":\"https:\/\/schema.org\",\"@graph\":[{\"@type\":\"WebPage\",\"@id\":\"https:\/\/sklep.bramywjazdowe.com.pl\/?product=came-ats30ags-naped-do-bramy-skrzydlowych-o-dlugosci-do-3m\",\"url\":\"https:\/\/sklep.bramywjazdowe.com.pl\/?product=came-ats30ags-naped-do-bramy-skrzydlowych-o-dlugosci-do-3m\",\"name\":\"CAME ATS30AGS nap\u0119d do bramy skrzyd\u0142owych o d\u0142ugo\u015bci do 3m\",\"isPartOf\":{\"@id\":\"http:\/\/sklep.bramywjazdowe.com.pl\/#website\"},\"primaryImageOfPage\":{\"@id\":\"https:\/\/sklep.bramywjazdowe.com.pl\/?product=came-ats30ags-naped-do-bramy-skrzydlowych-o-dlugosci-do-3m#primaryimage\"},\"image\":{\"@id\":\"https:\/\/sklep.bramywjazdowe.com.pl\/?product=came-ats30ags-naped-do-bramy-skrzydlowych-o-dlugosci-do-3m#primaryimage\"},\"thumbnailUrl\":\"https:\/\/sklep.bramywjazdowe.com.pl\/wp-content\/uploads\/2023\/01\/NAPED-CAME-ATS.png\",\"datePublished\":\"2023-01-06T17:03:15+00:00\",\"dateModified\":\"2024-11-06T19:16:26+00:00\",\"description\":\"CAME ATS30AGS nap\u0119d do bramy skrzyd\u0142owych o d\u0142ugo\u015bci\u00a0o\u00a0d\u0142ugo\u015bci\u00a0do\u00a03m. Zasilanie silnika 230V. Automatyka do bram sprzeda\u017c, monta\u017c, serwis\",\"breadcrumb\":{\"@id\":\"https:\/\/sklep.bramywjazdowe.com.pl\/?product=came-ats30ags-naped-do-bramy-skrzydlowych-o-dlugosci-do-3m#breadcrumb\"},\"inLanguage\":\"pl-PL\",\"potentialAction\":[{\"@type\":\"ReadAction\",\"target\":[\"https:\/\/sklep.bramywjazdowe.com.pl\/?product=came-ats30ags-naped-do-bramy-skrzydlowych-o-dlugosci-do-3m\"]}]},{\"@type\":\"ImageObject\",\"inLanguage\":\"pl-PL\",\"@id\":\"https:\/\/sklep.bramywjazdowe.com.pl\/?product=came-ats30ags-naped-do-bramy-skrzydlowych-o-dlugosci-do-3m#primaryimage\",\"url\":\"https:\/\/sklep.bramywjazdowe.com.pl\/wp-content\/uploads\/2023\/01\/NAPED-CAME-ATS.png\",\"contentUrl\":\"https:\/\/sklep.bramywjazdowe.com.pl\/wp-content\/uploads\/2023\/01\/NAPED-CAME-ATS.png\",\"width\":500,\"height\":500},{\"@type\":\"BreadcrumbList\",\"@id\":\"https:\/\/sklep.bramywjazdowe.com.pl\/?product=came-ats30ags-naped-do-bramy-skrzydlowych-o-dlugosci-do-3m#breadcrumb\",\"itemListElement\":[{\"@type\":\"ListItem\",\"position\":1,\"name\":\"Strona g\u0142\u00f3wna\",\"item\":\"http:\/\/sklep.bramywjazdowe.com.pl\/\"},{\"@type\":\"ListItem\",\"position\":2,\"name\":\"Produkty\",\"item\":\"http:\/\/sklep.bramywjazdowe.com.pl\/\"},{\"@type\":\"ListItem\",\"position\":3,\"name\":\"CAME &#8211; ATS30AGS nap\u0119d do bramy skrzyd\u0142owych o d\u0142ugo\u015bci do 3m\"}]},{\"@type\":\"WebSite\",\"@id\":\"http:\/\/sklep.bramywjazdowe.com.pl\/#website\",\"url\":\"http:\/\/sklep.bramywjazdowe.com.pl\/\",\"name\":\"Sklep Trymer Tomasz Kucharski\",\"description\":\"\",\"publisher\":{\"@id\":\"http:\/\/sklep.bramywjazdowe.com.pl\/#organization\"},\"potentialAction\":[{\"@type\":\"SearchAction\",\"target\":{\"@type\":\"EntryPoint\",\"urlTemplate\":\"http:\/\/sklep.bramywjazdowe.com.pl\/?s={search_term_string}\"},\"query-input\":{\"@type\":\"PropertyValueSpecification\",\"valueRequired\":true,\"valueName\":\"search_term_string\"}}],\"inLanguage\":\"pl-PL\"},{\"@type\":\"Organization\",\"@id\":\"http:\/\/sklep.bramywjazdowe.com.pl\/#organization\",\"name\":\"TRYMER Tomasz Kucharski\",\"url\":\"http:\/\/sklep.bramywjazdowe.com.pl\/\",\"logo\":{\"@type\":\"ImageObject\",\"inLanguage\":\"pl-PL\",\"@id\":\"http:\/\/sklep.bramywjazdowe.com.pl\/#\/schema\/logo\/image\/\",\"url\":\"https:\/\/sklep.bramywjazdowe.com.pl\/wp-content\/uploads\/2022\/11\/logo-sklep-222.png\",\"contentUrl\":\"https:\/\/sklep.bramywjazdowe.com.pl\/wp-content\/uploads\/2022\/11\/logo-sklep-222.png\",\"width\":1200,\"height\":180,\"caption\":\"TRYMER Tomasz Kucharski\"},\"image\":{\"@id\":\"http:\/\/sklep.bramywjazdowe.com.pl\/#\/schema\/logo\/image\/\"}}]}<\/script>\n<!-- \/ Yoast SEO plugin. -->","yoast_head_json":{"title":"CAME ATS30AGS nap\u0119d do bramy skrzyd\u0142owych o d\u0142ugo\u015bci do 3m","description":"CAME ATS30AGS nap\u0119d do bramy skrzyd\u0142owych o d\u0142ugo\u015bci\u00a0o\u00a0d\u0142ugo\u015bci\u00a0do\u00a03m. Zasilanie silnika 230V. Automatyka do bram sprzeda\u017c, monta\u017c, serwis","robots":{"index":"index","follow":"follow","max-snippet":"max-snippet:-1","max-image-preview":"max-image-preview:large","max-video-preview":"max-video-preview:-1"},"canonical":"https:\/\/sklep.bramywjazdowe.com.pl\/?product=came-ats30ags-naped-do-bramy-skrzydlowych-o-dlugosci-do-3m","og_locale":"pl_PL","og_type":"article","og_title":"CAME ATS30AGS nap\u0119d do bramy skrzyd\u0142owych o d\u0142ugo\u015bci do 3m","og_description":"CAME ATS30AGS nap\u0119d do bramy skrzyd\u0142owych o d\u0142ugo\u015bci\u00a0o\u00a0d\u0142ugo\u015bci\u00a0do\u00a03m. Zasilanie silnika 230V. Automatyka do bram sprzeda\u017c, monta\u017c, serwis","og_url":"https:\/\/sklep.bramywjazdowe.com.pl\/?product=came-ats30ags-naped-do-bramy-skrzydlowych-o-dlugosci-do-3m","article_modified_time":"2024-11-06T19:16:26+00:00","og_image":[{"width":500,"height":500,"url":"https:\/\/sklep.bramywjazdowe.com.pl\/wp-content\/uploads\/2023\/01\/NAPED-CAME-ATS.png","type":"image\/png"}],"twitter_card":"summary_large_image","twitter_misc":{"Szacowany czas czytania":"1 minuta"},"schema":{"@context":"https:\/\/schema.org","@graph":[{"@type":"WebPage","@id":"https:\/\/sklep.bramywjazdowe.com.pl\/?product=came-ats30ags-naped-do-bramy-skrzydlowych-o-dlugosci-do-3m","url":"https:\/\/sklep.bramywjazdowe.com.pl\/?product=came-ats30ags-naped-do-bramy-skrzydlowych-o-dlugosci-do-3m","name":"CAME ATS30AGS nap\u0119d do bramy skrzyd\u0142owych o d\u0142ugo\u015bci do 3m","isPartOf":{"@id":"http:\/\/sklep.bramywjazdowe.com.pl\/#website"},"primaryImageOfPage":{"@id":"https:\/\/sklep.bramywjazdowe.com.pl\/?product=came-ats30ags-naped-do-bramy-skrzydlowych-o-dlugosci-do-3m#primaryimage"},"image":{"@id":"https:\/\/sklep.bramywjazdowe.com.pl\/?product=came-ats30ags-naped-do-bramy-skrzydlowych-o-dlugosci-do-3m#primaryimage"},"thumbnailUrl":"https:\/\/sklep.bramywjazdowe.com.pl\/wp-content\/uploads\/2023\/01\/NAPED-CAME-ATS.png","datePublished":"2023-01-06T17:03:15+00:00","dateModified":"2024-11-06T19:16:26+00:00","description":"CAME ATS30AGS nap\u0119d do bramy skrzyd\u0142owych o d\u0142ugo\u015bci\u00a0o\u00a0d\u0142ugo\u015bci\u00a0do\u00a03m. Zasilanie silnika 230V. Automatyka do bram sprzeda\u017c, monta\u017c, serwis","breadcrumb":{"@id":"https:\/\/sklep.bramywjazdowe.com.pl\/?product=came-ats30ags-naped-do-bramy-skrzydlowych-o-dlugosci-do-3m#breadcrumb"},"inLanguage":"pl-PL","potentialAction":[{"@type":"ReadAction","target":["https:\/\/sklep.bramywjazdowe.com.pl\/?product=came-ats30ags-naped-do-bramy-skrzydlowych-o-dlugosci-do-3m"]}]},{"@type":"ImageObject","inLanguage":"pl-PL","@id":"https:\/\/sklep.bramywjazdowe.com.pl\/?product=came-ats30ags-naped-do-bramy-skrzydlowych-o-dlugosci-do-3m#primaryimage","url":"https:\/\/sklep.bramywjazdowe.com.pl\/wp-content\/uploads\/2023\/01\/NAPED-CAME-ATS.png","contentUrl":"https:\/\/sklep.bramywjazdowe.com.pl\/wp-content\/uploads\/2023\/01\/NAPED-CAME-ATS.png","width":500,"height":500},{"@type":"BreadcrumbList","@id":"https:\/\/sklep.bramywjazdowe.com.pl\/?product=came-ats30ags-naped-do-bramy-skrzydlowych-o-dlugosci-do-3m#breadcrumb","itemListElement":[{"@type":"ListItem","position":1,"name":"Strona g\u0142\u00f3wna","item":"http:\/\/sklep.bramywjazdowe.com.pl\/"},{"@type":"ListItem","position":2,"name":"Produkty","item":"http:\/\/sklep.bramywjazdowe.com.pl\/"},{"@type":"ListItem","position":3,"name":"CAME &#8211; ATS30AGS nap\u0119d do bramy skrzyd\u0142owych o d\u0142ugo\u015bci do 3m"}]},{"@type":"WebSite","@id":"http:\/\/sklep.bramywjazdowe.com.pl\/#website","url":"http:\/\/sklep.bramywjazdowe.com.pl\/","name":"Sklep Trymer Tomasz Kucharski","description":"","publisher":{"@id":"http:\/\/sklep.bramywjazdowe.com.pl\/#organization"},"potentialAction":[{"@type":"SearchAction","target":{"@type":"EntryPoint","urlTemplate":"http:\/\/sklep.bramywjazdowe.com.pl\/?s={search_term_string}"},"query-input":{"@type":"PropertyValueSpecification","valueRequired":true,"valueName":"search_term_string"}}],"inLanguage":"pl-PL"},{"@type":"Organization","@id":"http:\/\/sklep.bramywjazdowe.com.pl\/#organization","name":"TRYMER Tomasz Kucharski","url":"http:\/\/sklep.bramywjazdowe.com.pl\/","logo":{"@type":"ImageObject","inLanguage":"pl-PL","@id":"http:\/\/sklep.bramywjazdowe.com.pl\/#\/schema\/logo\/image\/","url":"https:\/\/sklep.bramywjazdowe.com.pl\/wp-content\/uploads\/2022\/11\/logo-sklep-222.png","contentUrl":"https:\/\/sklep.bramywjazdowe.com.pl\/wp-content\/uploads\/2022\/11\/logo-sklep-222.png","width":1200,"height":180,"caption":"TRYMER Tomasz Kucharski"},"image":{"@id":"http:\/\/sklep.bramywjazdowe.com.pl\/#\/schema\/logo\/image\/"}}]}},"brands":[{"id":41,"name":"CAME","slug":"came-2"}],"_links":{"self":[{"href":"https:\/\/sklep.bramywjazdowe.com.pl\/index.php?rest_route=\/wp\/v2\/product\/548","targetHints":{"allow":["GET"]}}],"collection":[{"href":"https:\/\/sklep.bramywjazdowe.com.pl\/index.php?rest_route=\/wp\/v2\/product"}],"about":[{"href":"https:\/\/sklep.bramywjazdowe.com.pl\/index.php?rest_route=\/wp\/v2\/types\/product"}],"replies":[{"embeddable":true,"href":"https:\/\/sklep.bramywjazdowe.com.pl\/index.php?rest_route=%2Fwp%2Fv2%2Fcomments&post=548"}],"wp:featuredmedia":[{"embeddable":true,"href":"https:\/\/sklep.bramywjazdowe.com.pl\/index.php?rest_route=\/wp\/v2\/media\/549"}],"wp:attachment":[{"href":"https:\/\/sklep.bramywjazdowe.com.pl\/index.php?rest_route=%2Fwp%2Fv2%2Fmedia&parent=548"}],"wp:term":[{"taxonomy":"pwb-brand","embeddable":true,"href":"https:\/\/sklep.bramywjazdowe.com.pl\/index.php?rest_route=%2Fwp%2Fv2%2Fpwb-brand&post=548"},{"taxonomy":"product_brand","embeddable":true,"href":"https:\/\/sklep.bramywjazdowe.com.pl\/index.php?rest_route=%2Fwp%2Fv2%2Fproduct_brand&post=548"},{"taxonomy":"product_cat","embeddable":true,"href":"https:\/\/sklep.bramywjazdowe.com.pl\/index.php?rest_route=%2Fwp%2Fv2%2Fproduct_cat&post=548"},{"taxonomy":"product_tag","embeddable":true,"href":"https:\/\/sklep.bramywjazdowe.com.pl\/index.php?rest_route=%2Fwp%2Fv2%2Fproduct_tag&post=548"}],"curies":[{"name":"wp","href":"https:\/\/api.w.org\/{rel}","templated":true}]}}