{"id":583,"date":"2023-01-06T21:19:26","date_gmt":"2023-01-06T20:19:26","guid":{"rendered":"http:\/\/sklep.bramywjazdowe.com.pl\/?post_type=product&#038;p=583"},"modified":"2023-01-06T21:22:00","modified_gmt":"2023-01-06T20:22:00","slug":"nice-spin6041-1000n-naped-do-bramy-garazowej","status":"publish","type":"product","link":"https:\/\/sklep.bramywjazdowe.com.pl\/?product=nice-spin6041-1000n-naped-do-bramy-garazowej","title":{"rendered":"NICE \u2013 SPIN6041\u00a01000N nap\u0119d do bramy gara\u017cowej"},"content":{"rendered":"<p>NICE \u2013 SPIN6041\u00a01000N nap\u0119d do bramy gara\u017cowej<\/p>\n<p>ZESTAW ZAWIERA:<\/p>\n<ul>\n<li>Nap\u0119d SPIN6041<\/li>\n<li>Akcesoria do monta\u017cu<\/li>\n<li>Instrukcja obs\u0142ugi<\/li>\n<li>Karta gwarancyjna<\/li>\n<\/ul>\n<p>Idealne rozwi\u0105zanie do \u015brednich bram w domach jednorodzinnych.<\/p>\n<p>FUNKCJE :<\/p>\n<ul>\n<li>Zasilanie silnika 230V<\/li>\n<li>Regulowana pr\u0119dko\u015b\u0107<\/li>\n<li>\u0141agodny start i zatrzymanie<\/li>\n<li>Automatyczne zapami\u0119tywanie po\u0142o\u017ce\u0144 kra\u0144cowych<\/li>\n<li>BLUEBUS<\/li>\n<li>Dzi\u0119ki u\u017cyciu programator O-View bardzo \u0142atwe programowanie ustawie\u0144 i zmiana parametr\u00f3w<\/li>\n<\/ul>\n<p>PARAMETRY:<\/p>\n<ul>\n<li>Zasilanie silnika: 24V<\/li>\n<li>Zasilanie: 230V<\/li>\n<li>Moc pobierana: 370W<\/li>\n<li>Stopie\u0144 ochrony: IP40<\/li>\n<li>Si\u0142a uci\u0105gu max: 1000 N<\/li>\n<li>Pr\u0119dko\u015b\u0107 otwierania: 0,14-0,2 m\/s<\/li>\n<li>Maksymalna powierzchnia bramy: 13m<sup>2<\/sup><\/li>\n<li>Intensywno\u015b\u0107 pracy: 50\/24h<\/li>\n<li>Temperatura pracy: -20\u00b0\u00a0\/ +50\u00b0C<\/li>\n<\/ul>\n","protected":false},"excerpt":{"rendered":"<p>NICE \u2013 SPIN6041\u00a01000N nap\u0119d do bramy gara\u017cowej ZESTAW ZAWIERA: Nap\u0119d SPIN6041 Akcesoria do monta\u017cu Instrukcja obs\u0142ugi Karta gwarancyjna Idealne rozwi\u0105zanie do \u015brednich bram w domach jednorodzinnych. FUNKCJE : Zasilanie silnika 230V Regulowana pr\u0119dko\u015b\u0107 \u0141agodny start i zatrzymanie Automatyczne zapami\u0119tywanie po\u0142o\u017ce\u0144 kra\u0144cowych BLUEBUS Dzi\u0119ki u\u017cyciu programator O-View bardzo \u0142atwe programowanie ustawie\u0144 i zmiana parametr\u00f3w PARAMETRY: Zasilanie [&hellip;]<\/p>\n","protected":false},"featured_media":564,"comment_status":"open","ping_status":"closed","template":"","meta":[],"pwb-brand":[64],"product_brand":[],"product_cat":[49,51],"product_tag":[104,78,145,148],"class_list":{"0":"post-583","1":"product","2":"type-product","3":"status-publish","4":"has-post-thumbnail","6":"pwb-brand-nice","7":"product_cat-napedy-2","8":"product_cat-do-bram-garazowych-3","9":"product_tag-brama-garazowa","10":"product_tag-nice-3","11":"product_tag-spin","12":"product_tag-spin6041","14":"first","15":"instock","16":"taxable","17":"shipping-taxable","18":"purchasable","19":"product-type-simple"},"yoast_head":"<!-- This site is optimized with the Yoast SEO plugin v24.7 - https:\/\/yoast.com\/wordpress\/plugins\/seo\/ -->\n<title>NICE \u2013 SPIN6041\u00a01000N nap\u0119d do bramy gara\u017cowej<\/title>\n<meta name=\"description\" content=\"NICE \u2013 SPIN6041\u00a01000N nap\u0119d do bramy gara\u017cowej 13m2 . Automatyka do bram sprzeda\u017c, monta\u017c, serwis. TRYMER. Atrakcyjne ceny, szybki czas realizacji.\" \/>\n<meta name=\"robots\" content=\"index, follow, max-snippet:-1, max-image-preview:large, max-video-preview:-1\" \/>\n<link rel=\"canonical\" href=\"https:\/\/sklep.bramywjazdowe.com.pl\/?product=nice-spin6041-1000n-naped-do-bramy-garazowej\" \/>\n<meta property=\"og:locale\" content=\"pl_PL\" \/>\n<meta property=\"og:type\" content=\"article\" \/>\n<meta property=\"og:title\" content=\"NICE \u2013 SPIN6041\u00a01000N nap\u0119d do bramy gara\u017cowej\" \/>\n<meta property=\"og:description\" content=\"NICE \u2013 SPIN6041\u00a01000N nap\u0119d do bramy gara\u017cowej 13m2 . Automatyka do bram sprzeda\u017c, monta\u017c, serwis. TRYMER. Atrakcyjne ceny, szybki czas realizacji.\" \/>\n<meta property=\"og:url\" content=\"https:\/\/sklep.bramywjazdowe.com.pl\/?product=nice-spin6041-1000n-naped-do-bramy-garazowej\" \/>\n<meta property=\"article:modified_time\" content=\"2023-01-06T20:22:00+00:00\" \/>\n<meta property=\"og:image\" content=\"https:\/\/sklep.bramywjazdowe.com.pl\/wp-content\/uploads\/2023\/01\/NICE-SPIN23.png\" \/>\n\t<meta property=\"og:image:width\" content=\"576\" \/>\n\t<meta property=\"og:image:height\" content=\"433\" \/>\n\t<meta property=\"og:image:type\" content=\"image\/png\" \/>\n<meta name=\"twitter:card\" content=\"summary_large_image\" \/>\n<meta name=\"twitter:label1\" content=\"Szacowany czas czytania\" \/>\n\t<meta name=\"twitter:data1\" content=\"1 minuta\" \/>\n<script type=\"application\/ld+json\" class=\"yoast-schema-graph\">{\"@context\":\"https:\/\/schema.org\",\"@graph\":[{\"@type\":\"WebPage\",\"@id\":\"https:\/\/sklep.bramywjazdowe.com.pl\/?product=nice-spin6041-1000n-naped-do-bramy-garazowej\",\"url\":\"https:\/\/sklep.bramywjazdowe.com.pl\/?product=nice-spin6041-1000n-naped-do-bramy-garazowej\",\"name\":\"NICE \u2013 SPIN6041\u00a01000N nap\u0119d do bramy gara\u017cowej\",\"isPartOf\":{\"@id\":\"http:\/\/sklep.bramywjazdowe.com.pl\/#website\"},\"primaryImageOfPage\":{\"@id\":\"https:\/\/sklep.bramywjazdowe.com.pl\/?product=nice-spin6041-1000n-naped-do-bramy-garazowej#primaryimage\"},\"image\":{\"@id\":\"https:\/\/sklep.bramywjazdowe.com.pl\/?product=nice-spin6041-1000n-naped-do-bramy-garazowej#primaryimage\"},\"thumbnailUrl\":\"https:\/\/sklep.bramywjazdowe.com.pl\/wp-content\/uploads\/2023\/01\/NICE-SPIN23.png\",\"datePublished\":\"2023-01-06T20:19:26+00:00\",\"dateModified\":\"2023-01-06T20:22:00+00:00\",\"description\":\"NICE \u2013 SPIN6041\u00a01000N nap\u0119d do bramy gara\u017cowej 13m2 . Automatyka do bram sprzeda\u017c, monta\u017c, serwis. TRYMER. Atrakcyjne ceny, szybki czas realizacji.\",\"breadcrumb\":{\"@id\":\"https:\/\/sklep.bramywjazdowe.com.pl\/?product=nice-spin6041-1000n-naped-do-bramy-garazowej#breadcrumb\"},\"inLanguage\":\"pl-PL\",\"potentialAction\":[{\"@type\":\"ReadAction\",\"target\":[\"https:\/\/sklep.bramywjazdowe.com.pl\/?product=nice-spin6041-1000n-naped-do-bramy-garazowej\"]}]},{\"@type\":\"ImageObject\",\"inLanguage\":\"pl-PL\",\"@id\":\"https:\/\/sklep.bramywjazdowe.com.pl\/?product=nice-spin6041-1000n-naped-do-bramy-garazowej#primaryimage\",\"url\":\"https:\/\/sklep.bramywjazdowe.com.pl\/wp-content\/uploads\/2023\/01\/NICE-SPIN23.png\",\"contentUrl\":\"https:\/\/sklep.bramywjazdowe.com.pl\/wp-content\/uploads\/2023\/01\/NICE-SPIN23.png\",\"width\":576,\"height\":433},{\"@type\":\"BreadcrumbList\",\"@id\":\"https:\/\/sklep.bramywjazdowe.com.pl\/?product=nice-spin6041-1000n-naped-do-bramy-garazowej#breadcrumb\",\"itemListElement\":[{\"@type\":\"ListItem\",\"position\":1,\"name\":\"Strona g\u0142\u00f3wna\",\"item\":\"http:\/\/sklep.bramywjazdowe.com.pl\/\"},{\"@type\":\"ListItem\",\"position\":2,\"name\":\"Produkty\",\"item\":\"http:\/\/sklep.bramywjazdowe.com.pl\/\"},{\"@type\":\"ListItem\",\"position\":3,\"name\":\"NICE \u2013 SPIN6041\u00a01000N nap\u0119d do bramy gara\u017cowej\"}]},{\"@type\":\"WebSite\",\"@id\":\"http:\/\/sklep.bramywjazdowe.com.pl\/#website\",\"url\":\"http:\/\/sklep.bramywjazdowe.com.pl\/\",\"name\":\"Sklep Trymer Tomasz Kucharski\",\"description\":\"\",\"publisher\":{\"@id\":\"http:\/\/sklep.bramywjazdowe.com.pl\/#organization\"},\"potentialAction\":[{\"@type\":\"SearchAction\",\"target\":{\"@type\":\"EntryPoint\",\"urlTemplate\":\"http:\/\/sklep.bramywjazdowe.com.pl\/?s={search_term_string}\"},\"query-input\":{\"@type\":\"PropertyValueSpecification\",\"valueRequired\":true,\"valueName\":\"search_term_string\"}}],\"inLanguage\":\"pl-PL\"},{\"@type\":\"Organization\",\"@id\":\"http:\/\/sklep.bramywjazdowe.com.pl\/#organization\",\"name\":\"TRYMER Tomasz Kucharski\",\"url\":\"http:\/\/sklep.bramywjazdowe.com.pl\/\",\"logo\":{\"@type\":\"ImageObject\",\"inLanguage\":\"pl-PL\",\"@id\":\"http:\/\/sklep.bramywjazdowe.com.pl\/#\/schema\/logo\/image\/\",\"url\":\"https:\/\/sklep.bramywjazdowe.com.pl\/wp-content\/uploads\/2022\/11\/logo-sklep-222.png\",\"contentUrl\":\"https:\/\/sklep.bramywjazdowe.com.pl\/wp-content\/uploads\/2022\/11\/logo-sklep-222.png\",\"width\":1200,\"height\":180,\"caption\":\"TRYMER Tomasz Kucharski\"},\"image\":{\"@id\":\"http:\/\/sklep.bramywjazdowe.com.pl\/#\/schema\/logo\/image\/\"}}]}<\/script>\n<!-- \/ Yoast SEO plugin. -->","yoast_head_json":{"title":"NICE \u2013 SPIN6041\u00a01000N nap\u0119d do bramy gara\u017cowej","description":"NICE \u2013 SPIN6041\u00a01000N nap\u0119d do bramy gara\u017cowej 13m2 . Automatyka do bram sprzeda\u017c, monta\u017c, serwis. TRYMER. Atrakcyjne ceny, szybki czas realizacji.","robots":{"index":"index","follow":"follow","max-snippet":"max-snippet:-1","max-image-preview":"max-image-preview:large","max-video-preview":"max-video-preview:-1"},"canonical":"https:\/\/sklep.bramywjazdowe.com.pl\/?product=nice-spin6041-1000n-naped-do-bramy-garazowej","og_locale":"pl_PL","og_type":"article","og_title":"NICE \u2013 SPIN6041\u00a01000N nap\u0119d do bramy gara\u017cowej","og_description":"NICE \u2013 SPIN6041\u00a01000N nap\u0119d do bramy gara\u017cowej 13m2 . Automatyka do bram sprzeda\u017c, monta\u017c, serwis. TRYMER. Atrakcyjne ceny, szybki czas realizacji.","og_url":"https:\/\/sklep.bramywjazdowe.com.pl\/?product=nice-spin6041-1000n-naped-do-bramy-garazowej","article_modified_time":"2023-01-06T20:22:00+00:00","og_image":[{"width":576,"height":433,"url":"https:\/\/sklep.bramywjazdowe.com.pl\/wp-content\/uploads\/2023\/01\/NICE-SPIN23.png","type":"image\/png"}],"twitter_card":"summary_large_image","twitter_misc":{"Szacowany czas czytania":"1 minuta"},"schema":{"@context":"https:\/\/schema.org","@graph":[{"@type":"WebPage","@id":"https:\/\/sklep.bramywjazdowe.com.pl\/?product=nice-spin6041-1000n-naped-do-bramy-garazowej","url":"https:\/\/sklep.bramywjazdowe.com.pl\/?product=nice-spin6041-1000n-naped-do-bramy-garazowej","name":"NICE \u2013 SPIN6041\u00a01000N nap\u0119d do bramy gara\u017cowej","isPartOf":{"@id":"http:\/\/sklep.bramywjazdowe.com.pl\/#website"},"primaryImageOfPage":{"@id":"https:\/\/sklep.bramywjazdowe.com.pl\/?product=nice-spin6041-1000n-naped-do-bramy-garazowej#primaryimage"},"image":{"@id":"https:\/\/sklep.bramywjazdowe.com.pl\/?product=nice-spin6041-1000n-naped-do-bramy-garazowej#primaryimage"},"thumbnailUrl":"https:\/\/sklep.bramywjazdowe.com.pl\/wp-content\/uploads\/2023\/01\/NICE-SPIN23.png","datePublished":"2023-01-06T20:19:26+00:00","dateModified":"2023-01-06T20:22:00+00:00","description":"NICE \u2013 SPIN6041\u00a01000N nap\u0119d do bramy gara\u017cowej 13m2 . Automatyka do bram sprzeda\u017c, monta\u017c, serwis. TRYMER. Atrakcyjne ceny, szybki czas realizacji.","breadcrumb":{"@id":"https:\/\/sklep.bramywjazdowe.com.pl\/?product=nice-spin6041-1000n-naped-do-bramy-garazowej#breadcrumb"},"inLanguage":"pl-PL","potentialAction":[{"@type":"ReadAction","target":["https:\/\/sklep.bramywjazdowe.com.pl\/?product=nice-spin6041-1000n-naped-do-bramy-garazowej"]}]},{"@type":"ImageObject","inLanguage":"pl-PL","@id":"https:\/\/sklep.bramywjazdowe.com.pl\/?product=nice-spin6041-1000n-naped-do-bramy-garazowej#primaryimage","url":"https:\/\/sklep.bramywjazdowe.com.pl\/wp-content\/uploads\/2023\/01\/NICE-SPIN23.png","contentUrl":"https:\/\/sklep.bramywjazdowe.com.pl\/wp-content\/uploads\/2023\/01\/NICE-SPIN23.png","width":576,"height":433},{"@type":"BreadcrumbList","@id":"https:\/\/sklep.bramywjazdowe.com.pl\/?product=nice-spin6041-1000n-naped-do-bramy-garazowej#breadcrumb","itemListElement":[{"@type":"ListItem","position":1,"name":"Strona g\u0142\u00f3wna","item":"http:\/\/sklep.bramywjazdowe.com.pl\/"},{"@type":"ListItem","position":2,"name":"Produkty","item":"http:\/\/sklep.bramywjazdowe.com.pl\/"},{"@type":"ListItem","position":3,"name":"NICE \u2013 SPIN6041\u00a01000N nap\u0119d do bramy gara\u017cowej"}]},{"@type":"WebSite","@id":"http:\/\/sklep.bramywjazdowe.com.pl\/#website","url":"http:\/\/sklep.bramywjazdowe.com.pl\/","name":"Sklep Trymer Tomasz Kucharski","description":"","publisher":{"@id":"http:\/\/sklep.bramywjazdowe.com.pl\/#organization"},"potentialAction":[{"@type":"SearchAction","target":{"@type":"EntryPoint","urlTemplate":"http:\/\/sklep.bramywjazdowe.com.pl\/?s={search_term_string}"},"query-input":{"@type":"PropertyValueSpecification","valueRequired":true,"valueName":"search_term_string"}}],"inLanguage":"pl-PL"},{"@type":"Organization","@id":"http:\/\/sklep.bramywjazdowe.com.pl\/#organization","name":"TRYMER Tomasz Kucharski","url":"http:\/\/sklep.bramywjazdowe.com.pl\/","logo":{"@type":"ImageObject","inLanguage":"pl-PL","@id":"http:\/\/sklep.bramywjazdowe.com.pl\/#\/schema\/logo\/image\/","url":"https:\/\/sklep.bramywjazdowe.com.pl\/wp-content\/uploads\/2022\/11\/logo-sklep-222.png","contentUrl":"https:\/\/sklep.bramywjazdowe.com.pl\/wp-content\/uploads\/2022\/11\/logo-sklep-222.png","width":1200,"height":180,"caption":"TRYMER Tomasz Kucharski"},"image":{"@id":"http:\/\/sklep.bramywjazdowe.com.pl\/#\/schema\/logo\/image\/"}}]}},"brands":[{"id":64,"name":"NICE","slug":"nice"}],"_links":{"self":[{"href":"https:\/\/sklep.bramywjazdowe.com.pl\/index.php?rest_route=\/wp\/v2\/product\/583","targetHints":{"allow":["GET"]}}],"collection":[{"href":"https:\/\/sklep.bramywjazdowe.com.pl\/index.php?rest_route=\/wp\/v2\/product"}],"about":[{"href":"https:\/\/sklep.bramywjazdowe.com.pl\/index.php?rest_route=\/wp\/v2\/types\/product"}],"replies":[{"embeddable":true,"href":"https:\/\/sklep.bramywjazdowe.com.pl\/index.php?rest_route=%2Fwp%2Fv2%2Fcomments&post=583"}],"wp:featuredmedia":[{"embeddable":true,"href":"https:\/\/sklep.bramywjazdowe.com.pl\/index.php?rest_route=\/wp\/v2\/media\/564"}],"wp:attachment":[{"href":"https:\/\/sklep.bramywjazdowe.com.pl\/index.php?rest_route=%2Fwp%2Fv2%2Fmedia&parent=583"}],"wp:term":[{"taxonomy":"pwb-brand","embeddable":true,"href":"https:\/\/sklep.bramywjazdowe.com.pl\/index.php?rest_route=%2Fwp%2Fv2%2Fpwb-brand&post=583"},{"taxonomy":"product_brand","embeddable":true,"href":"https:\/\/sklep.bramywjazdowe.com.pl\/index.php?rest_route=%2Fwp%2Fv2%2Fproduct_brand&post=583"},{"taxonomy":"product_cat","embeddable":true,"href":"https:\/\/sklep.bramywjazdowe.com.pl\/index.php?rest_route=%2Fwp%2Fv2%2Fproduct_cat&post=583"},{"taxonomy":"product_tag","embeddable":true,"href":"https:\/\/sklep.bramywjazdowe.com.pl\/index.php?rest_route=%2Fwp%2Fv2%2Fproduct_tag&post=583"}],"curies":[{"name":"wp","href":"https:\/\/api.w.org\/{rel}","templated":true}]}}