{"id":584,"date":"2023-01-06T22:17:02","date_gmt":"2023-01-06T21:17:02","guid":{"rendered":"http:\/\/sklep.bramywjazdowe.com.pl\/?post_type=product&#038;p=584"},"modified":"2024-11-06T20:16:26","modified_gmt":"2024-11-06T19:16:26","slug":"nice-lampa-ostrzegawcza-era-light-elac-bezbarwna","status":"publish","type":"product","link":"https:\/\/sklep.bramywjazdowe.com.pl\/?product=nice-lampa-ostrzegawcza-era-light-elac-bezbarwna","title":{"rendered":"NICE &#8211; lampa ostrzegawcza ERA LIGHT ELAC 230V (bezbarwna)"},"content":{"rendered":"<p>NICE &#8211; lampa ostrzegawcza ERA LIGHT ELAC 230V (bezbarwna)<\/p>\n<p>PARAMETRY:<\/p>\n<ul>\n<li>zasilanie: 90-230VAC<\/li>\n<li>temperatura pracy: -20\u00b0C \/ +50\u00b0C<\/li>\n<li>klosz: bezbarwny<\/li>\n<li>technologia: LED<\/li>\n<li>przeznaczenie: o\u015bwietlenie sygnalizacyjne<\/li>\n<li>spos\u00f3b monta\u017cu: na p\u0142aszczy\u017anie poziomej lub pionowej<\/li>\n<li>stopie\u0144 szczelno\u015bci: IP-44<\/li>\n<li>odporno\u015b\u0107 na wstrz\u0105sy i wibracje: wysoka<\/li>\n<li>wymiary: 132x155x72mm<\/li>\n<li>antena wbudowana: 433MHz<\/li>\n<\/ul>\n","protected":false},"excerpt":{"rendered":"<p>NICE &#8211; lampa ostrzegawcza ERA LIGHT ELAC 230V (bezbarwna) PARAMETRY: zasilanie: 90-230VAC temperatura pracy: -20\u00b0C \/ +50\u00b0C klosz: bezbarwny technologia: LED przeznaczenie: o\u015bwietlenie sygnalizacyjne spos\u00f3b monta\u017cu: na p\u0142aszczy\u017anie poziomej lub pionowej stopie\u0144 szczelno\u015bci: IP-44 odporno\u015b\u0107 na wstrz\u0105sy i wibracje: wysoka wymiary: 132x155x72mm antena wbudowana: 433MHz<\/p>\n","protected":false},"featured_media":587,"comment_status":"open","ping_status":"closed","template":"","meta":[],"pwb-brand":[64],"product_brand":[],"product_cat":[45,56],"product_tag":[150,92,78],"class_list":{"0":"post-584","1":"product","2":"type-product","3":"status-publish","4":"has-post-thumbnail","6":"pwb-brand-nice","7":"product_cat-akcesoria-2","8":"product_cat-lampy-ostrzegawcze-2","9":"product_tag-elac","10":"product_tag-lampa-ostrzegawcza","11":"product_tag-nice-3","13":"first","14":"instock","15":"taxable","16":"shipping-taxable","17":"purchasable","18":"product-type-simple"},"yoast_head":"<!-- This site is optimized with the Yoast SEO plugin v24.7 - https:\/\/yoast.com\/wordpress\/plugins\/seo\/ -->\n<title>NICE - lampa ostrzegawcza ERA LIGHT ELAC 230V (bezbarwna)<\/title>\n<meta name=\"description\" content=\"NICE - lampa ostrzegawcza ERA LIGHT ELAC 230V (bezbarwna). Automatyka do bram sprzeda\u017c, monta\u017c, serwis. TRYMER. Atrakcyjne ceny, szybki czas realizacji.\" \/>\n<meta name=\"robots\" content=\"index, follow, max-snippet:-1, max-image-preview:large, max-video-preview:-1\" \/>\n<link rel=\"canonical\" href=\"https:\/\/sklep.bramywjazdowe.com.pl\/?product=nice-lampa-ostrzegawcza-era-light-elac-bezbarwna\" \/>\n<meta property=\"og:locale\" content=\"pl_PL\" \/>\n<meta property=\"og:type\" content=\"article\" \/>\n<meta property=\"og:title\" content=\"NICE - lampa ostrzegawcza ERA LIGHT ELAC 230V (bezbarwna)\" \/>\n<meta property=\"og:description\" content=\"NICE - lampa ostrzegawcza ERA LIGHT ELAC 230V (bezbarwna). Automatyka do bram sprzeda\u017c, monta\u017c, serwis. TRYMER. Atrakcyjne ceny, szybki czas realizacji.\" \/>\n<meta property=\"og:url\" content=\"https:\/\/sklep.bramywjazdowe.com.pl\/?product=nice-lampa-ostrzegawcza-era-light-elac-bezbarwna\" \/>\n<meta property=\"article:modified_time\" content=\"2024-11-06T19:16:26+00:00\" \/>\n<meta property=\"og:image\" content=\"https:\/\/sklep.bramywjazdowe.com.pl\/wp-content\/uploads\/2023\/01\/NICE-LAMPA-OSTRZEGAWCZA-ALACALDC.png\" \/>\n\t<meta property=\"og:image:width\" content=\"500\" \/>\n\t<meta property=\"og:image:height\" content=\"500\" \/>\n\t<meta property=\"og:image:type\" content=\"image\/png\" \/>\n<meta name=\"twitter:card\" content=\"summary_large_image\" \/>\n<meta name=\"twitter:label1\" content=\"Szacowany czas czytania\" \/>\n\t<meta name=\"twitter:data1\" content=\"1 minuta\" \/>\n<script type=\"application\/ld+json\" class=\"yoast-schema-graph\">{\"@context\":\"https:\/\/schema.org\",\"@graph\":[{\"@type\":\"WebPage\",\"@id\":\"https:\/\/sklep.bramywjazdowe.com.pl\/?product=nice-lampa-ostrzegawcza-era-light-elac-bezbarwna\",\"url\":\"https:\/\/sklep.bramywjazdowe.com.pl\/?product=nice-lampa-ostrzegawcza-era-light-elac-bezbarwna\",\"name\":\"NICE - lampa ostrzegawcza ERA LIGHT ELAC 230V (bezbarwna)\",\"isPartOf\":{\"@id\":\"http:\/\/sklep.bramywjazdowe.com.pl\/#website\"},\"primaryImageOfPage\":{\"@id\":\"https:\/\/sklep.bramywjazdowe.com.pl\/?product=nice-lampa-ostrzegawcza-era-light-elac-bezbarwna#primaryimage\"},\"image\":{\"@id\":\"https:\/\/sklep.bramywjazdowe.com.pl\/?product=nice-lampa-ostrzegawcza-era-light-elac-bezbarwna#primaryimage\"},\"thumbnailUrl\":\"https:\/\/sklep.bramywjazdowe.com.pl\/wp-content\/uploads\/2023\/01\/NICE-LAMPA-OSTRZEGAWCZA-ALACALDC.png\",\"datePublished\":\"2023-01-06T21:17:02+00:00\",\"dateModified\":\"2024-11-06T19:16:26+00:00\",\"description\":\"NICE - lampa ostrzegawcza ERA LIGHT ELAC 230V (bezbarwna). Automatyka do bram sprzeda\u017c, monta\u017c, serwis. TRYMER. Atrakcyjne ceny, szybki czas realizacji.\",\"breadcrumb\":{\"@id\":\"https:\/\/sklep.bramywjazdowe.com.pl\/?product=nice-lampa-ostrzegawcza-era-light-elac-bezbarwna#breadcrumb\"},\"inLanguage\":\"pl-PL\",\"potentialAction\":[{\"@type\":\"ReadAction\",\"target\":[\"https:\/\/sklep.bramywjazdowe.com.pl\/?product=nice-lampa-ostrzegawcza-era-light-elac-bezbarwna\"]}]},{\"@type\":\"ImageObject\",\"inLanguage\":\"pl-PL\",\"@id\":\"https:\/\/sklep.bramywjazdowe.com.pl\/?product=nice-lampa-ostrzegawcza-era-light-elac-bezbarwna#primaryimage\",\"url\":\"https:\/\/sklep.bramywjazdowe.com.pl\/wp-content\/uploads\/2023\/01\/NICE-LAMPA-OSTRZEGAWCZA-ALACALDC.png\",\"contentUrl\":\"https:\/\/sklep.bramywjazdowe.com.pl\/wp-content\/uploads\/2023\/01\/NICE-LAMPA-OSTRZEGAWCZA-ALACALDC.png\",\"width\":500,\"height\":500},{\"@type\":\"BreadcrumbList\",\"@id\":\"https:\/\/sklep.bramywjazdowe.com.pl\/?product=nice-lampa-ostrzegawcza-era-light-elac-bezbarwna#breadcrumb\",\"itemListElement\":[{\"@type\":\"ListItem\",\"position\":1,\"name\":\"Strona g\u0142\u00f3wna\",\"item\":\"http:\/\/sklep.bramywjazdowe.com.pl\/\"},{\"@type\":\"ListItem\",\"position\":2,\"name\":\"Produkty\",\"item\":\"http:\/\/sklep.bramywjazdowe.com.pl\/\"},{\"@type\":\"ListItem\",\"position\":3,\"name\":\"NICE &#8211; lampa ostrzegawcza ERA LIGHT ELAC 230V (bezbarwna)\"}]},{\"@type\":\"WebSite\",\"@id\":\"http:\/\/sklep.bramywjazdowe.com.pl\/#website\",\"url\":\"http:\/\/sklep.bramywjazdowe.com.pl\/\",\"name\":\"Sklep Trymer Tomasz Kucharski\",\"description\":\"\",\"publisher\":{\"@id\":\"http:\/\/sklep.bramywjazdowe.com.pl\/#organization\"},\"potentialAction\":[{\"@type\":\"SearchAction\",\"target\":{\"@type\":\"EntryPoint\",\"urlTemplate\":\"http:\/\/sklep.bramywjazdowe.com.pl\/?s={search_term_string}\"},\"query-input\":{\"@type\":\"PropertyValueSpecification\",\"valueRequired\":true,\"valueName\":\"search_term_string\"}}],\"inLanguage\":\"pl-PL\"},{\"@type\":\"Organization\",\"@id\":\"http:\/\/sklep.bramywjazdowe.com.pl\/#organization\",\"name\":\"TRYMER Tomasz Kucharski\",\"url\":\"http:\/\/sklep.bramywjazdowe.com.pl\/\",\"logo\":{\"@type\":\"ImageObject\",\"inLanguage\":\"pl-PL\",\"@id\":\"http:\/\/sklep.bramywjazdowe.com.pl\/#\/schema\/logo\/image\/\",\"url\":\"https:\/\/sklep.bramywjazdowe.com.pl\/wp-content\/uploads\/2022\/11\/logo-sklep-222.png\",\"contentUrl\":\"https:\/\/sklep.bramywjazdowe.com.pl\/wp-content\/uploads\/2022\/11\/logo-sklep-222.png\",\"width\":1200,\"height\":180,\"caption\":\"TRYMER Tomasz Kucharski\"},\"image\":{\"@id\":\"http:\/\/sklep.bramywjazdowe.com.pl\/#\/schema\/logo\/image\/\"}}]}<\/script>\n<!-- \/ Yoast SEO plugin. -->","yoast_head_json":{"title":"NICE - lampa ostrzegawcza ERA LIGHT ELAC 230V (bezbarwna)","description":"NICE - lampa ostrzegawcza ERA LIGHT ELAC 230V (bezbarwna). Automatyka do bram sprzeda\u017c, monta\u017c, serwis. TRYMER. Atrakcyjne ceny, szybki czas realizacji.","robots":{"index":"index","follow":"follow","max-snippet":"max-snippet:-1","max-image-preview":"max-image-preview:large","max-video-preview":"max-video-preview:-1"},"canonical":"https:\/\/sklep.bramywjazdowe.com.pl\/?product=nice-lampa-ostrzegawcza-era-light-elac-bezbarwna","og_locale":"pl_PL","og_type":"article","og_title":"NICE - lampa ostrzegawcza ERA LIGHT ELAC 230V (bezbarwna)","og_description":"NICE - lampa ostrzegawcza ERA LIGHT ELAC 230V (bezbarwna). Automatyka do bram sprzeda\u017c, monta\u017c, serwis. TRYMER. Atrakcyjne ceny, szybki czas realizacji.","og_url":"https:\/\/sklep.bramywjazdowe.com.pl\/?product=nice-lampa-ostrzegawcza-era-light-elac-bezbarwna","article_modified_time":"2024-11-06T19:16:26+00:00","og_image":[{"width":500,"height":500,"url":"https:\/\/sklep.bramywjazdowe.com.pl\/wp-content\/uploads\/2023\/01\/NICE-LAMPA-OSTRZEGAWCZA-ALACALDC.png","type":"image\/png"}],"twitter_card":"summary_large_image","twitter_misc":{"Szacowany czas czytania":"1 minuta"},"schema":{"@context":"https:\/\/schema.org","@graph":[{"@type":"WebPage","@id":"https:\/\/sklep.bramywjazdowe.com.pl\/?product=nice-lampa-ostrzegawcza-era-light-elac-bezbarwna","url":"https:\/\/sklep.bramywjazdowe.com.pl\/?product=nice-lampa-ostrzegawcza-era-light-elac-bezbarwna","name":"NICE - lampa ostrzegawcza ERA LIGHT ELAC 230V (bezbarwna)","isPartOf":{"@id":"http:\/\/sklep.bramywjazdowe.com.pl\/#website"},"primaryImageOfPage":{"@id":"https:\/\/sklep.bramywjazdowe.com.pl\/?product=nice-lampa-ostrzegawcza-era-light-elac-bezbarwna#primaryimage"},"image":{"@id":"https:\/\/sklep.bramywjazdowe.com.pl\/?product=nice-lampa-ostrzegawcza-era-light-elac-bezbarwna#primaryimage"},"thumbnailUrl":"https:\/\/sklep.bramywjazdowe.com.pl\/wp-content\/uploads\/2023\/01\/NICE-LAMPA-OSTRZEGAWCZA-ALACALDC.png","datePublished":"2023-01-06T21:17:02+00:00","dateModified":"2024-11-06T19:16:26+00:00","description":"NICE - lampa ostrzegawcza ERA LIGHT ELAC 230V (bezbarwna). Automatyka do bram sprzeda\u017c, monta\u017c, serwis. TRYMER. Atrakcyjne ceny, szybki czas realizacji.","breadcrumb":{"@id":"https:\/\/sklep.bramywjazdowe.com.pl\/?product=nice-lampa-ostrzegawcza-era-light-elac-bezbarwna#breadcrumb"},"inLanguage":"pl-PL","potentialAction":[{"@type":"ReadAction","target":["https:\/\/sklep.bramywjazdowe.com.pl\/?product=nice-lampa-ostrzegawcza-era-light-elac-bezbarwna"]}]},{"@type":"ImageObject","inLanguage":"pl-PL","@id":"https:\/\/sklep.bramywjazdowe.com.pl\/?product=nice-lampa-ostrzegawcza-era-light-elac-bezbarwna#primaryimage","url":"https:\/\/sklep.bramywjazdowe.com.pl\/wp-content\/uploads\/2023\/01\/NICE-LAMPA-OSTRZEGAWCZA-ALACALDC.png","contentUrl":"https:\/\/sklep.bramywjazdowe.com.pl\/wp-content\/uploads\/2023\/01\/NICE-LAMPA-OSTRZEGAWCZA-ALACALDC.png","width":500,"height":500},{"@type":"BreadcrumbList","@id":"https:\/\/sklep.bramywjazdowe.com.pl\/?product=nice-lampa-ostrzegawcza-era-light-elac-bezbarwna#breadcrumb","itemListElement":[{"@type":"ListItem","position":1,"name":"Strona g\u0142\u00f3wna","item":"http:\/\/sklep.bramywjazdowe.com.pl\/"},{"@type":"ListItem","position":2,"name":"Produkty","item":"http:\/\/sklep.bramywjazdowe.com.pl\/"},{"@type":"ListItem","position":3,"name":"NICE &#8211; lampa ostrzegawcza ERA LIGHT ELAC 230V (bezbarwna)"}]},{"@type":"WebSite","@id":"http:\/\/sklep.bramywjazdowe.com.pl\/#website","url":"http:\/\/sklep.bramywjazdowe.com.pl\/","name":"Sklep Trymer Tomasz Kucharski","description":"","publisher":{"@id":"http:\/\/sklep.bramywjazdowe.com.pl\/#organization"},"potentialAction":[{"@type":"SearchAction","target":{"@type":"EntryPoint","urlTemplate":"http:\/\/sklep.bramywjazdowe.com.pl\/?s={search_term_string}"},"query-input":{"@type":"PropertyValueSpecification","valueRequired":true,"valueName":"search_term_string"}}],"inLanguage":"pl-PL"},{"@type":"Organization","@id":"http:\/\/sklep.bramywjazdowe.com.pl\/#organization","name":"TRYMER Tomasz Kucharski","url":"http:\/\/sklep.bramywjazdowe.com.pl\/","logo":{"@type":"ImageObject","inLanguage":"pl-PL","@id":"http:\/\/sklep.bramywjazdowe.com.pl\/#\/schema\/logo\/image\/","url":"https:\/\/sklep.bramywjazdowe.com.pl\/wp-content\/uploads\/2022\/11\/logo-sklep-222.png","contentUrl":"https:\/\/sklep.bramywjazdowe.com.pl\/wp-content\/uploads\/2022\/11\/logo-sklep-222.png","width":1200,"height":180,"caption":"TRYMER Tomasz Kucharski"},"image":{"@id":"http:\/\/sklep.bramywjazdowe.com.pl\/#\/schema\/logo\/image\/"}}]}},"brands":[{"id":64,"name":"NICE","slug":"nice"}],"_links":{"self":[{"href":"https:\/\/sklep.bramywjazdowe.com.pl\/index.php?rest_route=\/wp\/v2\/product\/584","targetHints":{"allow":["GET"]}}],"collection":[{"href":"https:\/\/sklep.bramywjazdowe.com.pl\/index.php?rest_route=\/wp\/v2\/product"}],"about":[{"href":"https:\/\/sklep.bramywjazdowe.com.pl\/index.php?rest_route=\/wp\/v2\/types\/product"}],"replies":[{"embeddable":true,"href":"https:\/\/sklep.bramywjazdowe.com.pl\/index.php?rest_route=%2Fwp%2Fv2%2Fcomments&post=584"}],"wp:featuredmedia":[{"embeddable":true,"href":"https:\/\/sklep.bramywjazdowe.com.pl\/index.php?rest_route=\/wp\/v2\/media\/587"}],"wp:attachment":[{"href":"https:\/\/sklep.bramywjazdowe.com.pl\/index.php?rest_route=%2Fwp%2Fv2%2Fmedia&parent=584"}],"wp:term":[{"taxonomy":"pwb-brand","embeddable":true,"href":"https:\/\/sklep.bramywjazdowe.com.pl\/index.php?rest_route=%2Fwp%2Fv2%2Fpwb-brand&post=584"},{"taxonomy":"product_brand","embeddable":true,"href":"https:\/\/sklep.bramywjazdowe.com.pl\/index.php?rest_route=%2Fwp%2Fv2%2Fproduct_brand&post=584"},{"taxonomy":"product_cat","embeddable":true,"href":"https:\/\/sklep.bramywjazdowe.com.pl\/index.php?rest_route=%2Fwp%2Fv2%2Fproduct_cat&post=584"},{"taxonomy":"product_tag","embeddable":true,"href":"https:\/\/sklep.bramywjazdowe.com.pl\/index.php?rest_route=%2Fwp%2Fv2%2Fproduct_tag&post=584"}],"curies":[{"name":"wp","href":"https:\/\/api.w.org\/{rel}","templated":true}]}}