{"id":599,"date":"2023-01-06T22:42:24","date_gmt":"2023-01-06T21:42:24","guid":{"rendered":"http:\/\/sklep.bramywjazdowe.com.pl\/?post_type=product&#038;p=599"},"modified":"2023-01-06T22:42:49","modified_gmt":"2023-01-06T21:42:49","slug":"came-pilot-top-432ee-2-kanalowy-2-przyciskowy","status":"publish","type":"product","link":"https:\/\/sklep.bramywjazdowe.com.pl\/?product=came-pilot-top-432ee-2-kanalowy-2-przyciskowy","title":{"rendered":"CAME &#8211; Pilot TOP-432EE (2-kana\u0142owy, 2-przyciskowy)"},"content":{"rendered":"<p>CAME &#8211; Pilot TOP-432EE (2-kana\u0142owy, 2-przyciskowy)<\/p>\n<p>Podstawowe parametry:<\/p>\n<ul>\n<li>Liczba przycisk\u00f3w &#8211; 2<\/li>\n<li>Cz\u0119stotliwo\u015b\u0107 &#8211; 433,92 MHz<\/li>\n<li>Zasi\u0119g &#8211; do150m<\/li>\n<li>Kodowania &#8211; system sta\u0142okodowy<\/li>\n<li>Obudowa &#8211; plastikowa ABS<\/li>\n<li>Bateria &#8211; 2 szt CR2016 3V<\/li>\n<li>Waga &#8211; 28g<\/li>\n<li>Gabaryty &#8211; 70x42x19mm<\/li>\n<li>Kolorystyka &#8211; czarny<\/li>\n<\/ul>\n","protected":false},"excerpt":{"rendered":"<p>CAME &#8211; Pilot TOP-432EE (2-kana\u0142owy, 2-przyciskowy) Podstawowe parametry: Liczba przycisk\u00f3w &#8211; 2 Cz\u0119stotliwo\u015b\u0107 &#8211; 433,92 MHz Zasi\u0119g &#8211; do150m Kodowania &#8211; system sta\u0142okodowy Obudowa &#8211; plastikowa ABS Bateria &#8211; 2 szt CR2016 3V Waga &#8211; 28g Gabaryty &#8211; 70x42x19mm Kolorystyka &#8211; czarny<\/p>\n","protected":false},"featured_media":600,"comment_status":"open","ping_status":"closed","template":"","meta":[],"pwb-brand":[41],"product_brand":[],"product_cat":[45,57],"product_tag":[77,153,158],"class_list":{"0":"post-599","1":"product","2":"type-product","3":"status-publish","4":"has-post-thumbnail","6":"pwb-brand-came-2","7":"product_cat-akcesoria-2","8":"product_cat-piloty-2","9":"product_tag-came-4","10":"product_tag-pilot","11":"product_tag-top-432","13":"first","14":"instock","15":"taxable","16":"shipping-taxable","17":"purchasable","18":"product-type-simple"},"yoast_head":"<!-- This site is optimized with the Yoast SEO plugin v24.7 - https:\/\/yoast.com\/wordpress\/plugins\/seo\/ -->\n<title>CAME - Pilot TOP-432EE (2-kana\u0142owy, 2-przyciskowy)<\/title>\n<meta name=\"description\" content=\"CAME - Pilot TOP-432EE (2-kana\u0142owy, 2-przyciskowy) Automatyka do bram sprzeda\u017c, monta\u017c, serwis. TRYMER. Atrakcyjne ceny, szybki czas realizacji.\" \/>\n<meta name=\"robots\" content=\"index, follow, max-snippet:-1, max-image-preview:large, max-video-preview:-1\" \/>\n<link rel=\"canonical\" href=\"https:\/\/sklep.bramywjazdowe.com.pl\/?product=came-pilot-top-432ee-2-kanalowy-2-przyciskowy\" \/>\n<meta property=\"og:locale\" content=\"pl_PL\" \/>\n<meta property=\"og:type\" content=\"article\" \/>\n<meta property=\"og:title\" content=\"CAME - Pilot TOP-432EE (2-kana\u0142owy, 2-przyciskowy)\" \/>\n<meta property=\"og:description\" content=\"CAME - Pilot TOP-432EE (2-kana\u0142owy, 2-przyciskowy) Automatyka do bram sprzeda\u017c, monta\u017c, serwis. TRYMER. Atrakcyjne ceny, szybki czas realizacji.\" \/>\n<meta property=\"og:url\" content=\"https:\/\/sklep.bramywjazdowe.com.pl\/?product=came-pilot-top-432ee-2-kanalowy-2-przyciskowy\" \/>\n<meta property=\"article:modified_time\" content=\"2023-01-06T21:42:49+00:00\" \/>\n<meta property=\"og:image\" content=\"https:\/\/sklep.bramywjazdowe.com.pl\/wp-content\/uploads\/2023\/01\/CAME-Pilot-TOP-432EE.png\" \/>\n\t<meta property=\"og:image:width\" content=\"535\" \/>\n\t<meta property=\"og:image:height\" content=\"467\" \/>\n\t<meta property=\"og:image:type\" content=\"image\/png\" \/>\n<meta name=\"twitter:card\" content=\"summary_large_image\" \/>\n<meta name=\"twitter:label1\" content=\"Szacowany czas czytania\" \/>\n\t<meta name=\"twitter:data1\" content=\"1 minuta\" \/>\n<script type=\"application\/ld+json\" class=\"yoast-schema-graph\">{\"@context\":\"https:\/\/schema.org\",\"@graph\":[{\"@type\":\"WebPage\",\"@id\":\"https:\/\/sklep.bramywjazdowe.com.pl\/?product=came-pilot-top-432ee-2-kanalowy-2-przyciskowy\",\"url\":\"https:\/\/sklep.bramywjazdowe.com.pl\/?product=came-pilot-top-432ee-2-kanalowy-2-przyciskowy\",\"name\":\"CAME - Pilot TOP-432EE (2-kana\u0142owy, 2-przyciskowy)\",\"isPartOf\":{\"@id\":\"http:\/\/sklep.bramywjazdowe.com.pl\/#website\"},\"primaryImageOfPage\":{\"@id\":\"https:\/\/sklep.bramywjazdowe.com.pl\/?product=came-pilot-top-432ee-2-kanalowy-2-przyciskowy#primaryimage\"},\"image\":{\"@id\":\"https:\/\/sklep.bramywjazdowe.com.pl\/?product=came-pilot-top-432ee-2-kanalowy-2-przyciskowy#primaryimage\"},\"thumbnailUrl\":\"https:\/\/sklep.bramywjazdowe.com.pl\/wp-content\/uploads\/2023\/01\/CAME-Pilot-TOP-432EE.png\",\"datePublished\":\"2023-01-06T21:42:24+00:00\",\"dateModified\":\"2023-01-06T21:42:49+00:00\",\"description\":\"CAME - Pilot TOP-432EE (2-kana\u0142owy, 2-przyciskowy) Automatyka do bram sprzeda\u017c, monta\u017c, serwis. TRYMER. Atrakcyjne ceny, szybki czas realizacji.\",\"breadcrumb\":{\"@id\":\"https:\/\/sklep.bramywjazdowe.com.pl\/?product=came-pilot-top-432ee-2-kanalowy-2-przyciskowy#breadcrumb\"},\"inLanguage\":\"pl-PL\",\"potentialAction\":[{\"@type\":\"ReadAction\",\"target\":[\"https:\/\/sklep.bramywjazdowe.com.pl\/?product=came-pilot-top-432ee-2-kanalowy-2-przyciskowy\"]}]},{\"@type\":\"ImageObject\",\"inLanguage\":\"pl-PL\",\"@id\":\"https:\/\/sklep.bramywjazdowe.com.pl\/?product=came-pilot-top-432ee-2-kanalowy-2-przyciskowy#primaryimage\",\"url\":\"https:\/\/sklep.bramywjazdowe.com.pl\/wp-content\/uploads\/2023\/01\/CAME-Pilot-TOP-432EE.png\",\"contentUrl\":\"https:\/\/sklep.bramywjazdowe.com.pl\/wp-content\/uploads\/2023\/01\/CAME-Pilot-TOP-432EE.png\",\"width\":535,\"height\":467},{\"@type\":\"BreadcrumbList\",\"@id\":\"https:\/\/sklep.bramywjazdowe.com.pl\/?product=came-pilot-top-432ee-2-kanalowy-2-przyciskowy#breadcrumb\",\"itemListElement\":[{\"@type\":\"ListItem\",\"position\":1,\"name\":\"Strona g\u0142\u00f3wna\",\"item\":\"http:\/\/sklep.bramywjazdowe.com.pl\/\"},{\"@type\":\"ListItem\",\"position\":2,\"name\":\"Produkty\",\"item\":\"http:\/\/sklep.bramywjazdowe.com.pl\/\"},{\"@type\":\"ListItem\",\"position\":3,\"name\":\"CAME &#8211; Pilot TOP-432EE (2-kana\u0142owy, 2-przyciskowy)\"}]},{\"@type\":\"WebSite\",\"@id\":\"http:\/\/sklep.bramywjazdowe.com.pl\/#website\",\"url\":\"http:\/\/sklep.bramywjazdowe.com.pl\/\",\"name\":\"Sklep Trymer Tomasz Kucharski\",\"description\":\"\",\"publisher\":{\"@id\":\"http:\/\/sklep.bramywjazdowe.com.pl\/#organization\"},\"potentialAction\":[{\"@type\":\"SearchAction\",\"target\":{\"@type\":\"EntryPoint\",\"urlTemplate\":\"http:\/\/sklep.bramywjazdowe.com.pl\/?s={search_term_string}\"},\"query-input\":{\"@type\":\"PropertyValueSpecification\",\"valueRequired\":true,\"valueName\":\"search_term_string\"}}],\"inLanguage\":\"pl-PL\"},{\"@type\":\"Organization\",\"@id\":\"http:\/\/sklep.bramywjazdowe.com.pl\/#organization\",\"name\":\"TRYMER Tomasz Kucharski\",\"url\":\"http:\/\/sklep.bramywjazdowe.com.pl\/\",\"logo\":{\"@type\":\"ImageObject\",\"inLanguage\":\"pl-PL\",\"@id\":\"http:\/\/sklep.bramywjazdowe.com.pl\/#\/schema\/logo\/image\/\",\"url\":\"https:\/\/sklep.bramywjazdowe.com.pl\/wp-content\/uploads\/2022\/11\/logo-sklep-222.png\",\"contentUrl\":\"https:\/\/sklep.bramywjazdowe.com.pl\/wp-content\/uploads\/2022\/11\/logo-sklep-222.png\",\"width\":1200,\"height\":180,\"caption\":\"TRYMER Tomasz Kucharski\"},\"image\":{\"@id\":\"http:\/\/sklep.bramywjazdowe.com.pl\/#\/schema\/logo\/image\/\"}}]}<\/script>\n<!-- \/ Yoast SEO plugin. -->","yoast_head_json":{"title":"CAME - Pilot TOP-432EE (2-kana\u0142owy, 2-przyciskowy)","description":"CAME - Pilot TOP-432EE (2-kana\u0142owy, 2-przyciskowy) Automatyka do bram sprzeda\u017c, monta\u017c, serwis. TRYMER. Atrakcyjne ceny, szybki czas realizacji.","robots":{"index":"index","follow":"follow","max-snippet":"max-snippet:-1","max-image-preview":"max-image-preview:large","max-video-preview":"max-video-preview:-1"},"canonical":"https:\/\/sklep.bramywjazdowe.com.pl\/?product=came-pilot-top-432ee-2-kanalowy-2-przyciskowy","og_locale":"pl_PL","og_type":"article","og_title":"CAME - Pilot TOP-432EE (2-kana\u0142owy, 2-przyciskowy)","og_description":"CAME - Pilot TOP-432EE (2-kana\u0142owy, 2-przyciskowy) Automatyka do bram sprzeda\u017c, monta\u017c, serwis. TRYMER. Atrakcyjne ceny, szybki czas realizacji.","og_url":"https:\/\/sklep.bramywjazdowe.com.pl\/?product=came-pilot-top-432ee-2-kanalowy-2-przyciskowy","article_modified_time":"2023-01-06T21:42:49+00:00","og_image":[{"width":535,"height":467,"url":"https:\/\/sklep.bramywjazdowe.com.pl\/wp-content\/uploads\/2023\/01\/CAME-Pilot-TOP-432EE.png","type":"image\/png"}],"twitter_card":"summary_large_image","twitter_misc":{"Szacowany czas czytania":"1 minuta"},"schema":{"@context":"https:\/\/schema.org","@graph":[{"@type":"WebPage","@id":"https:\/\/sklep.bramywjazdowe.com.pl\/?product=came-pilot-top-432ee-2-kanalowy-2-przyciskowy","url":"https:\/\/sklep.bramywjazdowe.com.pl\/?product=came-pilot-top-432ee-2-kanalowy-2-przyciskowy","name":"CAME - Pilot TOP-432EE (2-kana\u0142owy, 2-przyciskowy)","isPartOf":{"@id":"http:\/\/sklep.bramywjazdowe.com.pl\/#website"},"primaryImageOfPage":{"@id":"https:\/\/sklep.bramywjazdowe.com.pl\/?product=came-pilot-top-432ee-2-kanalowy-2-przyciskowy#primaryimage"},"image":{"@id":"https:\/\/sklep.bramywjazdowe.com.pl\/?product=came-pilot-top-432ee-2-kanalowy-2-przyciskowy#primaryimage"},"thumbnailUrl":"https:\/\/sklep.bramywjazdowe.com.pl\/wp-content\/uploads\/2023\/01\/CAME-Pilot-TOP-432EE.png","datePublished":"2023-01-06T21:42:24+00:00","dateModified":"2023-01-06T21:42:49+00:00","description":"CAME - Pilot TOP-432EE (2-kana\u0142owy, 2-przyciskowy) Automatyka do bram sprzeda\u017c, monta\u017c, serwis. TRYMER. Atrakcyjne ceny, szybki czas realizacji.","breadcrumb":{"@id":"https:\/\/sklep.bramywjazdowe.com.pl\/?product=came-pilot-top-432ee-2-kanalowy-2-przyciskowy#breadcrumb"},"inLanguage":"pl-PL","potentialAction":[{"@type":"ReadAction","target":["https:\/\/sklep.bramywjazdowe.com.pl\/?product=came-pilot-top-432ee-2-kanalowy-2-przyciskowy"]}]},{"@type":"ImageObject","inLanguage":"pl-PL","@id":"https:\/\/sklep.bramywjazdowe.com.pl\/?product=came-pilot-top-432ee-2-kanalowy-2-przyciskowy#primaryimage","url":"https:\/\/sklep.bramywjazdowe.com.pl\/wp-content\/uploads\/2023\/01\/CAME-Pilot-TOP-432EE.png","contentUrl":"https:\/\/sklep.bramywjazdowe.com.pl\/wp-content\/uploads\/2023\/01\/CAME-Pilot-TOP-432EE.png","width":535,"height":467},{"@type":"BreadcrumbList","@id":"https:\/\/sklep.bramywjazdowe.com.pl\/?product=came-pilot-top-432ee-2-kanalowy-2-przyciskowy#breadcrumb","itemListElement":[{"@type":"ListItem","position":1,"name":"Strona g\u0142\u00f3wna","item":"http:\/\/sklep.bramywjazdowe.com.pl\/"},{"@type":"ListItem","position":2,"name":"Produkty","item":"http:\/\/sklep.bramywjazdowe.com.pl\/"},{"@type":"ListItem","position":3,"name":"CAME &#8211; Pilot TOP-432EE (2-kana\u0142owy, 2-przyciskowy)"}]},{"@type":"WebSite","@id":"http:\/\/sklep.bramywjazdowe.com.pl\/#website","url":"http:\/\/sklep.bramywjazdowe.com.pl\/","name":"Sklep Trymer Tomasz Kucharski","description":"","publisher":{"@id":"http:\/\/sklep.bramywjazdowe.com.pl\/#organization"},"potentialAction":[{"@type":"SearchAction","target":{"@type":"EntryPoint","urlTemplate":"http:\/\/sklep.bramywjazdowe.com.pl\/?s={search_term_string}"},"query-input":{"@type":"PropertyValueSpecification","valueRequired":true,"valueName":"search_term_string"}}],"inLanguage":"pl-PL"},{"@type":"Organization","@id":"http:\/\/sklep.bramywjazdowe.com.pl\/#organization","name":"TRYMER Tomasz Kucharski","url":"http:\/\/sklep.bramywjazdowe.com.pl\/","logo":{"@type":"ImageObject","inLanguage":"pl-PL","@id":"http:\/\/sklep.bramywjazdowe.com.pl\/#\/schema\/logo\/image\/","url":"https:\/\/sklep.bramywjazdowe.com.pl\/wp-content\/uploads\/2022\/11\/logo-sklep-222.png","contentUrl":"https:\/\/sklep.bramywjazdowe.com.pl\/wp-content\/uploads\/2022\/11\/logo-sklep-222.png","width":1200,"height":180,"caption":"TRYMER Tomasz Kucharski"},"image":{"@id":"http:\/\/sklep.bramywjazdowe.com.pl\/#\/schema\/logo\/image\/"}}]}},"brands":[{"id":41,"name":"CAME","slug":"came-2"}],"_links":{"self":[{"href":"https:\/\/sklep.bramywjazdowe.com.pl\/index.php?rest_route=\/wp\/v2\/product\/599","targetHints":{"allow":["GET"]}}],"collection":[{"href":"https:\/\/sklep.bramywjazdowe.com.pl\/index.php?rest_route=\/wp\/v2\/product"}],"about":[{"href":"https:\/\/sklep.bramywjazdowe.com.pl\/index.php?rest_route=\/wp\/v2\/types\/product"}],"replies":[{"embeddable":true,"href":"https:\/\/sklep.bramywjazdowe.com.pl\/index.php?rest_route=%2Fwp%2Fv2%2Fcomments&post=599"}],"wp:featuredmedia":[{"embeddable":true,"href":"https:\/\/sklep.bramywjazdowe.com.pl\/index.php?rest_route=\/wp\/v2\/media\/600"}],"wp:attachment":[{"href":"https:\/\/sklep.bramywjazdowe.com.pl\/index.php?rest_route=%2Fwp%2Fv2%2Fmedia&parent=599"}],"wp:term":[{"taxonomy":"pwb-brand","embeddable":true,"href":"https:\/\/sklep.bramywjazdowe.com.pl\/index.php?rest_route=%2Fwp%2Fv2%2Fpwb-brand&post=599"},{"taxonomy":"product_brand","embeddable":true,"href":"https:\/\/sklep.bramywjazdowe.com.pl\/index.php?rest_route=%2Fwp%2Fv2%2Fproduct_brand&post=599"},{"taxonomy":"product_cat","embeddable":true,"href":"https:\/\/sklep.bramywjazdowe.com.pl\/index.php?rest_route=%2Fwp%2Fv2%2Fproduct_cat&post=599"},{"taxonomy":"product_tag","embeddable":true,"href":"https:\/\/sklep.bramywjazdowe.com.pl\/index.php?rest_route=%2Fwp%2Fv2%2Fproduct_tag&post=599"}],"curies":[{"name":"wp","href":"https:\/\/api.w.org\/{rel}","templated":true}]}}