{"id":613,"date":"2023-01-06T23:02:40","date_gmt":"2023-01-06T22:02:40","guid":{"rendered":"http:\/\/sklep.bramywjazdowe.com.pl\/?post_type=product&#038;p=613"},"modified":"2023-01-06T23:03:50","modified_gmt":"2023-01-06T22:03:50","slug":"dtm-lampa-ostrzegawcza-quadro-b-bezbarwna","status":"publish","type":"product","link":"https:\/\/sklep.bramywjazdowe.com.pl\/?product=dtm-lampa-ostrzegawcza-quadro-b-bezbarwna","title":{"rendered":"DTM &#8211; lampa ostrzegawcza QUADRO B (bezbarwna)"},"content":{"rendered":"<p>DTM &#8211; lampa ostrzegawcza QUADRO B (bezbarwna)<\/p>\n<p>PARAMETRY:<\/p>\n<ul>\n<li>zasilanie: od 24V AC\/DC do 230VAC<\/li>\n<li>moc: max 5W<\/li>\n<li>temperatura pracy: -20\u00b0C \/ +55\u00b0C<\/li>\n<li>klosz: bezbarwny z PMMA<\/li>\n<li>technologia: LED<\/li>\n<li>\u017cywotno\u015b\u0107: 50 000h<\/li>\n<li>przeznaczenie: o\u015bwietlenie sygnalizacyjne<\/li>\n<li>spos\u00f3b monta\u017cu: na p\u0142aszczy\u017anie poziomej lub pionowej za pomoc\u0105 uchwytu k\u0105towego<\/li>\n<li>stopie\u0144 szczelno\u015bci: IP-44<\/li>\n<li>tryb pracy: ci\u0105g\u0142y lub impulsowy 0,5s<\/li>\n<li>odporno\u015b\u0107 na wstrz\u0105sy i wibracje: wysoka<\/li>\n<li>wymiary: 100x145x78mm<\/li>\n<li>waga: 210g<\/li>\n<li>antena: wbudowana, dwuzakresowa: 433MHz, 868MHz<\/li>\n<\/ul>\n","protected":false},"excerpt":{"rendered":"<p>DTM &#8211; lampa ostrzegawcza QUADRO B (bezbarwna) PARAMETRY: zasilanie: od 24V AC\/DC do 230VAC moc: max 5W temperatura pracy: -20\u00b0C \/ +55\u00b0C klosz: bezbarwny z PMMA technologia: LED \u017cywotno\u015b\u0107: 50 000h przeznaczenie: o\u015bwietlenie sygnalizacyjne spos\u00f3b monta\u017cu: na p\u0142aszczy\u017anie poziomej lub pionowej za pomoc\u0105 uchwytu k\u0105towego stopie\u0144 szczelno\u015bci: IP-44 tryb pracy: ci\u0105g\u0142y lub impulsowy 0,5s odporno\u015b\u0107 [&hellip;]<\/p>\n","protected":false},"featured_media":610,"comment_status":"open","ping_status":"closed","template":"","meta":[],"pwb-brand":[42],"product_brand":[],"product_cat":[45,56],"product_tag":[88,92,161],"class_list":{"0":"post-613","1":"product","2":"type-product","3":"status-publish","4":"has-post-thumbnail","6":"pwb-brand-dtm-system","7":"product_cat-akcesoria-2","8":"product_cat-lampy-ostrzegawcze-2","9":"product_tag-dtm","10":"product_tag-lampa-ostrzegawcza","11":"product_tag-quadro","13":"first","14":"instock","15":"taxable","16":"shipping-taxable","17":"purchasable","18":"product-type-simple"},"yoast_head":"<!-- This site is optimized with the Yoast SEO plugin v24.7 - https:\/\/yoast.com\/wordpress\/plugins\/seo\/ -->\n<title>DTM - lampa ostrzegawcza QUADRO B (bezbarwna)<\/title>\n<meta name=\"description\" content=\"DTM - lampa ostrzegawcza QUADRO B (bezbarwna) Automatyka do bram sprzeda\u017c, monta\u017c, serwis. TRYMER. Atrakcyjne ceny, szybki czas realizacji.\" \/>\n<meta name=\"robots\" content=\"index, follow, max-snippet:-1, max-image-preview:large, max-video-preview:-1\" \/>\n<link rel=\"canonical\" href=\"http:\/\/sklep.bramywjazdowe.com.pl\/?product=dtm-lampa-ostrzegawcza-quadro-b-bezbarwna\" \/>\n<meta property=\"og:locale\" content=\"pl_PL\" \/>\n<meta property=\"og:type\" content=\"article\" \/>\n<meta property=\"og:title\" content=\"DTM - lampa ostrzegawcza QUADRO B (bezbarwna)\" \/>\n<meta property=\"og:description\" content=\"DTM - lampa ostrzegawcza QUADRO B (bezbarwna) Automatyka do bram sprzeda\u017c, monta\u017c, serwis. TRYMER. Atrakcyjne ceny, szybki czas realizacji.\" \/>\n<meta property=\"og:url\" content=\"http:\/\/sklep.bramywjazdowe.com.pl\/?product=dtm-lampa-ostrzegawcza-quadro-b-bezbarwna\" \/>\n<meta property=\"article:modified_time\" content=\"2023-01-06T22:03:50+00:00\" \/>\n<meta property=\"og:image\" content=\"http:\/\/sklep.bramywjazdowe.com.pl\/wp-content\/uploads\/2023\/01\/DTM-lampa-QUADRO-B.png\" \/>\n\t<meta property=\"og:image:width\" content=\"433\" \/>\n\t<meta property=\"og:image:height\" content=\"577\" \/>\n\t<meta property=\"og:image:type\" content=\"image\/png\" \/>\n<meta name=\"twitter:card\" content=\"summary_large_image\" \/>\n<meta name=\"twitter:label1\" content=\"Szacowany czas czytania\" \/>\n\t<meta name=\"twitter:data1\" content=\"1 minuta\" \/>\n<script type=\"application\/ld+json\" class=\"yoast-schema-graph\">{\"@context\":\"https:\/\/schema.org\",\"@graph\":[{\"@type\":\"WebPage\",\"@id\":\"http:\/\/sklep.bramywjazdowe.com.pl\/?product=dtm-lampa-ostrzegawcza-quadro-b-bezbarwna\",\"url\":\"http:\/\/sklep.bramywjazdowe.com.pl\/?product=dtm-lampa-ostrzegawcza-quadro-b-bezbarwna\",\"name\":\"DTM - lampa ostrzegawcza QUADRO B (bezbarwna)\",\"isPartOf\":{\"@id\":\"http:\/\/sklep.bramywjazdowe.com.pl\/#website\"},\"primaryImageOfPage\":{\"@id\":\"http:\/\/sklep.bramywjazdowe.com.pl\/?product=dtm-lampa-ostrzegawcza-quadro-b-bezbarwna#primaryimage\"},\"image\":{\"@id\":\"http:\/\/sklep.bramywjazdowe.com.pl\/?product=dtm-lampa-ostrzegawcza-quadro-b-bezbarwna#primaryimage\"},\"thumbnailUrl\":\"https:\/\/sklep.bramywjazdowe.com.pl\/wp-content\/uploads\/2023\/01\/DTM-lampa-QUADRO-B.png\",\"datePublished\":\"2023-01-06T22:02:40+00:00\",\"dateModified\":\"2023-01-06T22:03:50+00:00\",\"description\":\"DTM - lampa ostrzegawcza QUADRO B (bezbarwna) Automatyka do bram sprzeda\u017c, monta\u017c, serwis. TRYMER. Atrakcyjne ceny, szybki czas realizacji.\",\"breadcrumb\":{\"@id\":\"http:\/\/sklep.bramywjazdowe.com.pl\/?product=dtm-lampa-ostrzegawcza-quadro-b-bezbarwna#breadcrumb\"},\"inLanguage\":\"pl-PL\",\"potentialAction\":[{\"@type\":\"ReadAction\",\"target\":[\"http:\/\/sklep.bramywjazdowe.com.pl\/?product=dtm-lampa-ostrzegawcza-quadro-b-bezbarwna\"]}]},{\"@type\":\"ImageObject\",\"inLanguage\":\"pl-PL\",\"@id\":\"http:\/\/sklep.bramywjazdowe.com.pl\/?product=dtm-lampa-ostrzegawcza-quadro-b-bezbarwna#primaryimage\",\"url\":\"https:\/\/sklep.bramywjazdowe.com.pl\/wp-content\/uploads\/2023\/01\/DTM-lampa-QUADRO-B.png\",\"contentUrl\":\"https:\/\/sklep.bramywjazdowe.com.pl\/wp-content\/uploads\/2023\/01\/DTM-lampa-QUADRO-B.png\",\"width\":433,\"height\":577},{\"@type\":\"BreadcrumbList\",\"@id\":\"http:\/\/sklep.bramywjazdowe.com.pl\/?product=dtm-lampa-ostrzegawcza-quadro-b-bezbarwna#breadcrumb\",\"itemListElement\":[{\"@type\":\"ListItem\",\"position\":1,\"name\":\"Strona g\u0142\u00f3wna\",\"item\":\"http:\/\/sklep.bramywjazdowe.com.pl\/\"},{\"@type\":\"ListItem\",\"position\":2,\"name\":\"Produkty\",\"item\":\"http:\/\/sklep.bramywjazdowe.com.pl\/\"},{\"@type\":\"ListItem\",\"position\":3,\"name\":\"DTM &#8211; lampa ostrzegawcza QUADRO B (bezbarwna)\"}]},{\"@type\":\"WebSite\",\"@id\":\"http:\/\/sklep.bramywjazdowe.com.pl\/#website\",\"url\":\"http:\/\/sklep.bramywjazdowe.com.pl\/\",\"name\":\"Sklep Trymer Tomasz Kucharski\",\"description\":\"\",\"publisher\":{\"@id\":\"http:\/\/sklep.bramywjazdowe.com.pl\/#organization\"},\"potentialAction\":[{\"@type\":\"SearchAction\",\"target\":{\"@type\":\"EntryPoint\",\"urlTemplate\":\"http:\/\/sklep.bramywjazdowe.com.pl\/?s={search_term_string}\"},\"query-input\":{\"@type\":\"PropertyValueSpecification\",\"valueRequired\":true,\"valueName\":\"search_term_string\"}}],\"inLanguage\":\"pl-PL\"},{\"@type\":\"Organization\",\"@id\":\"http:\/\/sklep.bramywjazdowe.com.pl\/#organization\",\"name\":\"TRYMER Tomasz Kucharski\",\"url\":\"http:\/\/sklep.bramywjazdowe.com.pl\/\",\"logo\":{\"@type\":\"ImageObject\",\"inLanguage\":\"pl-PL\",\"@id\":\"http:\/\/sklep.bramywjazdowe.com.pl\/#\/schema\/logo\/image\/\",\"url\":\"https:\/\/sklep.bramywjazdowe.com.pl\/wp-content\/uploads\/2022\/11\/logo-sklep-222.png\",\"contentUrl\":\"https:\/\/sklep.bramywjazdowe.com.pl\/wp-content\/uploads\/2022\/11\/logo-sklep-222.png\",\"width\":1200,\"height\":180,\"caption\":\"TRYMER Tomasz Kucharski\"},\"image\":{\"@id\":\"http:\/\/sklep.bramywjazdowe.com.pl\/#\/schema\/logo\/image\/\"}}]}<\/script>\n<!-- \/ Yoast SEO plugin. -->","yoast_head_json":{"title":"DTM - lampa ostrzegawcza QUADRO B (bezbarwna)","description":"DTM - lampa ostrzegawcza QUADRO B (bezbarwna) Automatyka do bram sprzeda\u017c, monta\u017c, serwis. TRYMER. Atrakcyjne ceny, szybki czas realizacji.","robots":{"index":"index","follow":"follow","max-snippet":"max-snippet:-1","max-image-preview":"max-image-preview:large","max-video-preview":"max-video-preview:-1"},"canonical":"http:\/\/sklep.bramywjazdowe.com.pl\/?product=dtm-lampa-ostrzegawcza-quadro-b-bezbarwna","og_locale":"pl_PL","og_type":"article","og_title":"DTM - lampa ostrzegawcza QUADRO B (bezbarwna)","og_description":"DTM - lampa ostrzegawcza QUADRO B (bezbarwna) Automatyka do bram sprzeda\u017c, monta\u017c, serwis. TRYMER. Atrakcyjne ceny, szybki czas realizacji.","og_url":"http:\/\/sklep.bramywjazdowe.com.pl\/?product=dtm-lampa-ostrzegawcza-quadro-b-bezbarwna","article_modified_time":"2023-01-06T22:03:50+00:00","og_image":[{"width":433,"height":577,"url":"http:\/\/sklep.bramywjazdowe.com.pl\/wp-content\/uploads\/2023\/01\/DTM-lampa-QUADRO-B.png","type":"image\/png"}],"twitter_card":"summary_large_image","twitter_misc":{"Szacowany czas czytania":"1 minuta"},"schema":{"@context":"https:\/\/schema.org","@graph":[{"@type":"WebPage","@id":"http:\/\/sklep.bramywjazdowe.com.pl\/?product=dtm-lampa-ostrzegawcza-quadro-b-bezbarwna","url":"http:\/\/sklep.bramywjazdowe.com.pl\/?product=dtm-lampa-ostrzegawcza-quadro-b-bezbarwna","name":"DTM - lampa ostrzegawcza QUADRO B (bezbarwna)","isPartOf":{"@id":"http:\/\/sklep.bramywjazdowe.com.pl\/#website"},"primaryImageOfPage":{"@id":"http:\/\/sklep.bramywjazdowe.com.pl\/?product=dtm-lampa-ostrzegawcza-quadro-b-bezbarwna#primaryimage"},"image":{"@id":"http:\/\/sklep.bramywjazdowe.com.pl\/?product=dtm-lampa-ostrzegawcza-quadro-b-bezbarwna#primaryimage"},"thumbnailUrl":"https:\/\/sklep.bramywjazdowe.com.pl\/wp-content\/uploads\/2023\/01\/DTM-lampa-QUADRO-B.png","datePublished":"2023-01-06T22:02:40+00:00","dateModified":"2023-01-06T22:03:50+00:00","description":"DTM - lampa ostrzegawcza QUADRO B (bezbarwna) Automatyka do bram sprzeda\u017c, monta\u017c, serwis. TRYMER. Atrakcyjne ceny, szybki czas realizacji.","breadcrumb":{"@id":"http:\/\/sklep.bramywjazdowe.com.pl\/?product=dtm-lampa-ostrzegawcza-quadro-b-bezbarwna#breadcrumb"},"inLanguage":"pl-PL","potentialAction":[{"@type":"ReadAction","target":["http:\/\/sklep.bramywjazdowe.com.pl\/?product=dtm-lampa-ostrzegawcza-quadro-b-bezbarwna"]}]},{"@type":"ImageObject","inLanguage":"pl-PL","@id":"http:\/\/sklep.bramywjazdowe.com.pl\/?product=dtm-lampa-ostrzegawcza-quadro-b-bezbarwna#primaryimage","url":"https:\/\/sklep.bramywjazdowe.com.pl\/wp-content\/uploads\/2023\/01\/DTM-lampa-QUADRO-B.png","contentUrl":"https:\/\/sklep.bramywjazdowe.com.pl\/wp-content\/uploads\/2023\/01\/DTM-lampa-QUADRO-B.png","width":433,"height":577},{"@type":"BreadcrumbList","@id":"http:\/\/sklep.bramywjazdowe.com.pl\/?product=dtm-lampa-ostrzegawcza-quadro-b-bezbarwna#breadcrumb","itemListElement":[{"@type":"ListItem","position":1,"name":"Strona g\u0142\u00f3wna","item":"http:\/\/sklep.bramywjazdowe.com.pl\/"},{"@type":"ListItem","position":2,"name":"Produkty","item":"http:\/\/sklep.bramywjazdowe.com.pl\/"},{"@type":"ListItem","position":3,"name":"DTM &#8211; lampa ostrzegawcza QUADRO B (bezbarwna)"}]},{"@type":"WebSite","@id":"http:\/\/sklep.bramywjazdowe.com.pl\/#website","url":"http:\/\/sklep.bramywjazdowe.com.pl\/","name":"Sklep Trymer Tomasz Kucharski","description":"","publisher":{"@id":"http:\/\/sklep.bramywjazdowe.com.pl\/#organization"},"potentialAction":[{"@type":"SearchAction","target":{"@type":"EntryPoint","urlTemplate":"http:\/\/sklep.bramywjazdowe.com.pl\/?s={search_term_string}"},"query-input":{"@type":"PropertyValueSpecification","valueRequired":true,"valueName":"search_term_string"}}],"inLanguage":"pl-PL"},{"@type":"Organization","@id":"http:\/\/sklep.bramywjazdowe.com.pl\/#organization","name":"TRYMER Tomasz Kucharski","url":"http:\/\/sklep.bramywjazdowe.com.pl\/","logo":{"@type":"ImageObject","inLanguage":"pl-PL","@id":"http:\/\/sklep.bramywjazdowe.com.pl\/#\/schema\/logo\/image\/","url":"https:\/\/sklep.bramywjazdowe.com.pl\/wp-content\/uploads\/2022\/11\/logo-sklep-222.png","contentUrl":"https:\/\/sklep.bramywjazdowe.com.pl\/wp-content\/uploads\/2022\/11\/logo-sklep-222.png","width":1200,"height":180,"caption":"TRYMER Tomasz Kucharski"},"image":{"@id":"http:\/\/sklep.bramywjazdowe.com.pl\/#\/schema\/logo\/image\/"}}]}},"brands":[{"id":42,"name":"DTM System","slug":"dtm-system"}],"_links":{"self":[{"href":"https:\/\/sklep.bramywjazdowe.com.pl\/index.php?rest_route=\/wp\/v2\/product\/613","targetHints":{"allow":["GET"]}}],"collection":[{"href":"https:\/\/sklep.bramywjazdowe.com.pl\/index.php?rest_route=\/wp\/v2\/product"}],"about":[{"href":"https:\/\/sklep.bramywjazdowe.com.pl\/index.php?rest_route=\/wp\/v2\/types\/product"}],"replies":[{"embeddable":true,"href":"https:\/\/sklep.bramywjazdowe.com.pl\/index.php?rest_route=%2Fwp%2Fv2%2Fcomments&post=613"}],"wp:featuredmedia":[{"embeddable":true,"href":"https:\/\/sklep.bramywjazdowe.com.pl\/index.php?rest_route=\/wp\/v2\/media\/610"}],"wp:attachment":[{"href":"https:\/\/sklep.bramywjazdowe.com.pl\/index.php?rest_route=%2Fwp%2Fv2%2Fmedia&parent=613"}],"wp:term":[{"taxonomy":"pwb-brand","embeddable":true,"href":"https:\/\/sklep.bramywjazdowe.com.pl\/index.php?rest_route=%2Fwp%2Fv2%2Fpwb-brand&post=613"},{"taxonomy":"product_brand","embeddable":true,"href":"https:\/\/sklep.bramywjazdowe.com.pl\/index.php?rest_route=%2Fwp%2Fv2%2Fproduct_brand&post=613"},{"taxonomy":"product_cat","embeddable":true,"href":"https:\/\/sklep.bramywjazdowe.com.pl\/index.php?rest_route=%2Fwp%2Fv2%2Fproduct_cat&post=613"},{"taxonomy":"product_tag","embeddable":true,"href":"https:\/\/sklep.bramywjazdowe.com.pl\/index.php?rest_route=%2Fwp%2Fv2%2Fproduct_tag&post=613"}],"curies":[{"name":"wp","href":"https:\/\/api.w.org\/{rel}","templated":true}]}}