{"id":617,"date":"2023-01-06T23:12:16","date_gmt":"2023-01-06T22:12:16","guid":{"rendered":"http:\/\/sklep.bramywjazdowe.com.pl\/?post_type=product&#038;p=617"},"modified":"2023-01-06T23:15:05","modified_gmt":"2023-01-06T22:15:05","slug":"dtm-perfect-sos-odbiornik-sygnalow-pojazdow-uprzywilejowanych","status":"publish","type":"product","link":"https:\/\/sklep.bramywjazdowe.com.pl\/?product=dtm-perfect-sos-odbiornik-sygnalow-pojazdow-uprzywilejowanych","title":{"rendered":"DTM &#8211; PERFECT SOS &#8211; odbiornik sygna\u0142\u00f3w pojazd\u00f3w uprzywilejowanych"},"content":{"rendered":"<p>DTM &#8211; PERFECT SOS &#8211; odbiornik sygna\u0142\u00f3w pojazd\u00f3w uprzywilejowanych<\/p>\n<p>PARAMETRY PODSTAWOWE:<\/p>\n<ul>\n<li>zasilanie: 12-24V AC\/DC<\/li>\n<li>pob\u00f3r pr\u0105du: 60mA<\/li>\n<li>mikrofon: wewn\u0119trzny \u2013 wbudowany, zewn\u0119trzny \u2013 opcja<\/li>\n<li>temperatura pracy (min.\/max): -20\u00b0C \/ +55\u00b0C<\/li>\n<li>wymiary zewn\u0119trzne obudowy (szer. x g\u0142\u0119b. x wys.): 55 x 27,5 x 118 mm<\/li>\n<li>obudowa: bryzgoszczelna, IP-53<\/li>\n<li>waga: 80g<\/li>\n<\/ul>\n<p>PARAMETRY WEJ\u015a\u0106 I WYJ\u015a\u0106:<\/p>\n<ul>\n<li>obs\u0142ugiwane sygna\u0142y: WAIL , YELP , HI-LO , sygna\u0142 ci\u0105g\u0142y HORN<\/li>\n<li>wyj\u015bcia przeka\u017anikowe (typ\/ilo\u015b\u0107\/max obci\u0105\u017cenie): NO \/ 1 \/ 1A 24V AC\/DC<\/li>\n<li>tryb pracy wyj\u015bcia: monostabilny 1s lub do skasowania (typu zatrzask)<\/li>\n<li>wej\u015bcie na przycisk zewn\u0119trzny: typu NO<\/li>\n<li>wej\u015bcie na mikrofon zewn\u0119trzny: automatycznie prze\u0142\u0105czane<\/li>\n<\/ul>\n<p>FUNKCJONALNO\u015a\u0106:<\/p>\n<ul>\n<li>mo\u017cliwo\u015b\u0107 reakcji na sygna\u0142 ci\u0105g\u0142y typu HORN: opcjonalnie, po ustawieniu zworki<\/li>\n<\/ul>\n","protected":false},"excerpt":{"rendered":"<p>DTM &#8211; PERFECT SOS &#8211; odbiornik sygna\u0142\u00f3w pojazd\u00f3w uprzywilejowanych PARAMETRY PODSTAWOWE: zasilanie: 12-24V AC\/DC pob\u00f3r pr\u0105du: 60mA mikrofon: wewn\u0119trzny \u2013 wbudowany, zewn\u0119trzny \u2013 opcja temperatura pracy (min.\/max): -20\u00b0C \/ +55\u00b0C wymiary zewn\u0119trzne obudowy (szer. x g\u0142\u0119b. x wys.): 55 x 27,5 x 118 mm obudowa: bryzgoszczelna, IP-53 waga: 80g PARAMETRY WEJ\u015a\u0106 I WYJ\u015a\u0106: obs\u0142ugiwane sygna\u0142y: [&hellip;]<\/p>\n","protected":false},"featured_media":618,"comment_status":"open","ping_status":"closed","template":"","meta":[],"pwb-brand":[42],"product_brand":[],"product_cat":[45,59],"product_tag":[88,163,162],"class_list":{"0":"post-617","1":"product","2":"type-product","3":"status-publish","4":"has-post-thumbnail","6":"pwb-brand-dtm-system","7":"product_cat-akcesoria-2","8":"product_cat-pozostale-2","9":"product_tag-dtm","10":"product_tag-perfect-sos","11":"product_tag-sos","13":"first","14":"instock","15":"taxable","16":"shipping-taxable","17":"purchasable","18":"product-type-simple"},"yoast_head":"<!-- This site is optimized with the Yoast SEO plugin v24.7 - https:\/\/yoast.com\/wordpress\/plugins\/seo\/ -->\n<title>DTM PERFECT SOS odbiornik sygna\u0142\u00f3w pojazd\u00f3w uprzywilejowanych<\/title>\n<meta name=\"description\" content=\"DTM - PERFECT SOS - odbiornik sygna\u0142\u00f3w pojazd\u00f3w uprzywilejowanych Automatyka do bram sprzeda\u017c, monta\u017c, serwis. TRYMER Atrakcyjne ceny\" \/>\n<meta name=\"robots\" content=\"index, follow, max-snippet:-1, max-image-preview:large, max-video-preview:-1\" \/>\n<link rel=\"canonical\" href=\"https:\/\/sklep.bramywjazdowe.com.pl\/?product=dtm-perfect-sos-odbiornik-sygnalow-pojazdow-uprzywilejowanych\" \/>\n<meta property=\"og:locale\" content=\"pl_PL\" \/>\n<meta property=\"og:type\" content=\"article\" \/>\n<meta property=\"og:title\" content=\"DTM PERFECT SOS odbiornik sygna\u0142\u00f3w pojazd\u00f3w uprzywilejowanych\" \/>\n<meta property=\"og:description\" content=\"DTM - PERFECT SOS - odbiornik sygna\u0142\u00f3w pojazd\u00f3w uprzywilejowanych Automatyka do bram sprzeda\u017c, monta\u017c, serwis. TRYMER Atrakcyjne ceny\" \/>\n<meta property=\"og:url\" content=\"https:\/\/sklep.bramywjazdowe.com.pl\/?product=dtm-perfect-sos-odbiornik-sygnalow-pojazdow-uprzywilejowanych\" \/>\n<meta property=\"article:modified_time\" content=\"2023-01-06T22:15:05+00:00\" \/>\n<meta property=\"og:image\" content=\"https:\/\/sklep.bramywjazdowe.com.pl\/wp-content\/uploads\/2023\/01\/DTM-perfect-sos.png\" \/>\n\t<meta property=\"og:image:width\" content=\"432\" \/>\n\t<meta property=\"og:image:height\" content=\"577\" \/>\n\t<meta property=\"og:image:type\" content=\"image\/png\" \/>\n<meta name=\"twitter:card\" content=\"summary_large_image\" \/>\n<meta name=\"twitter:label1\" content=\"Szacowany czas czytania\" \/>\n\t<meta name=\"twitter:data1\" content=\"1 minuta\" \/>\n<script type=\"application\/ld+json\" class=\"yoast-schema-graph\">{\"@context\":\"https:\/\/schema.org\",\"@graph\":[{\"@type\":\"WebPage\",\"@id\":\"https:\/\/sklep.bramywjazdowe.com.pl\/?product=dtm-perfect-sos-odbiornik-sygnalow-pojazdow-uprzywilejowanych\",\"url\":\"https:\/\/sklep.bramywjazdowe.com.pl\/?product=dtm-perfect-sos-odbiornik-sygnalow-pojazdow-uprzywilejowanych\",\"name\":\"DTM PERFECT SOS odbiornik sygna\u0142\u00f3w pojazd\u00f3w uprzywilejowanych\",\"isPartOf\":{\"@id\":\"http:\/\/sklep.bramywjazdowe.com.pl\/#website\"},\"primaryImageOfPage\":{\"@id\":\"https:\/\/sklep.bramywjazdowe.com.pl\/?product=dtm-perfect-sos-odbiornik-sygnalow-pojazdow-uprzywilejowanych#primaryimage\"},\"image\":{\"@id\":\"https:\/\/sklep.bramywjazdowe.com.pl\/?product=dtm-perfect-sos-odbiornik-sygnalow-pojazdow-uprzywilejowanych#primaryimage\"},\"thumbnailUrl\":\"https:\/\/sklep.bramywjazdowe.com.pl\/wp-content\/uploads\/2023\/01\/DTM-perfect-sos.png\",\"datePublished\":\"2023-01-06T22:12:16+00:00\",\"dateModified\":\"2023-01-06T22:15:05+00:00\",\"description\":\"DTM - PERFECT SOS - odbiornik sygna\u0142\u00f3w pojazd\u00f3w uprzywilejowanych Automatyka do bram sprzeda\u017c, monta\u017c, serwis. TRYMER Atrakcyjne ceny\",\"breadcrumb\":{\"@id\":\"https:\/\/sklep.bramywjazdowe.com.pl\/?product=dtm-perfect-sos-odbiornik-sygnalow-pojazdow-uprzywilejowanych#breadcrumb\"},\"inLanguage\":\"pl-PL\",\"potentialAction\":[{\"@type\":\"ReadAction\",\"target\":[\"https:\/\/sklep.bramywjazdowe.com.pl\/?product=dtm-perfect-sos-odbiornik-sygnalow-pojazdow-uprzywilejowanych\"]}]},{\"@type\":\"ImageObject\",\"inLanguage\":\"pl-PL\",\"@id\":\"https:\/\/sklep.bramywjazdowe.com.pl\/?product=dtm-perfect-sos-odbiornik-sygnalow-pojazdow-uprzywilejowanych#primaryimage\",\"url\":\"https:\/\/sklep.bramywjazdowe.com.pl\/wp-content\/uploads\/2023\/01\/DTM-perfect-sos.png\",\"contentUrl\":\"https:\/\/sklep.bramywjazdowe.com.pl\/wp-content\/uploads\/2023\/01\/DTM-perfect-sos.png\",\"width\":432,\"height\":577},{\"@type\":\"BreadcrumbList\",\"@id\":\"https:\/\/sklep.bramywjazdowe.com.pl\/?product=dtm-perfect-sos-odbiornik-sygnalow-pojazdow-uprzywilejowanych#breadcrumb\",\"itemListElement\":[{\"@type\":\"ListItem\",\"position\":1,\"name\":\"Strona g\u0142\u00f3wna\",\"item\":\"http:\/\/sklep.bramywjazdowe.com.pl\/\"},{\"@type\":\"ListItem\",\"position\":2,\"name\":\"Produkty\",\"item\":\"http:\/\/sklep.bramywjazdowe.com.pl\/\"},{\"@type\":\"ListItem\",\"position\":3,\"name\":\"DTM &#8211; PERFECT SOS &#8211; odbiornik sygna\u0142\u00f3w pojazd\u00f3w uprzywilejowanych\"}]},{\"@type\":\"WebSite\",\"@id\":\"http:\/\/sklep.bramywjazdowe.com.pl\/#website\",\"url\":\"http:\/\/sklep.bramywjazdowe.com.pl\/\",\"name\":\"Sklep Trymer Tomasz Kucharski\",\"description\":\"\",\"publisher\":{\"@id\":\"http:\/\/sklep.bramywjazdowe.com.pl\/#organization\"},\"potentialAction\":[{\"@type\":\"SearchAction\",\"target\":{\"@type\":\"EntryPoint\",\"urlTemplate\":\"http:\/\/sklep.bramywjazdowe.com.pl\/?s={search_term_string}\"},\"query-input\":{\"@type\":\"PropertyValueSpecification\",\"valueRequired\":true,\"valueName\":\"search_term_string\"}}],\"inLanguage\":\"pl-PL\"},{\"@type\":\"Organization\",\"@id\":\"http:\/\/sklep.bramywjazdowe.com.pl\/#organization\",\"name\":\"TRYMER Tomasz Kucharski\",\"url\":\"http:\/\/sklep.bramywjazdowe.com.pl\/\",\"logo\":{\"@type\":\"ImageObject\",\"inLanguage\":\"pl-PL\",\"@id\":\"http:\/\/sklep.bramywjazdowe.com.pl\/#\/schema\/logo\/image\/\",\"url\":\"https:\/\/sklep.bramywjazdowe.com.pl\/wp-content\/uploads\/2022\/11\/logo-sklep-222.png\",\"contentUrl\":\"https:\/\/sklep.bramywjazdowe.com.pl\/wp-content\/uploads\/2022\/11\/logo-sklep-222.png\",\"width\":1200,\"height\":180,\"caption\":\"TRYMER Tomasz Kucharski\"},\"image\":{\"@id\":\"http:\/\/sklep.bramywjazdowe.com.pl\/#\/schema\/logo\/image\/\"}}]}<\/script>\n<!-- \/ Yoast SEO plugin. -->","yoast_head_json":{"title":"DTM PERFECT SOS odbiornik sygna\u0142\u00f3w pojazd\u00f3w uprzywilejowanych","description":"DTM - PERFECT SOS - odbiornik sygna\u0142\u00f3w pojazd\u00f3w uprzywilejowanych Automatyka do bram sprzeda\u017c, monta\u017c, serwis. TRYMER Atrakcyjne ceny","robots":{"index":"index","follow":"follow","max-snippet":"max-snippet:-1","max-image-preview":"max-image-preview:large","max-video-preview":"max-video-preview:-1"},"canonical":"https:\/\/sklep.bramywjazdowe.com.pl\/?product=dtm-perfect-sos-odbiornik-sygnalow-pojazdow-uprzywilejowanych","og_locale":"pl_PL","og_type":"article","og_title":"DTM PERFECT SOS odbiornik sygna\u0142\u00f3w pojazd\u00f3w uprzywilejowanych","og_description":"DTM - PERFECT SOS - odbiornik sygna\u0142\u00f3w pojazd\u00f3w uprzywilejowanych Automatyka do bram sprzeda\u017c, monta\u017c, serwis. TRYMER Atrakcyjne ceny","og_url":"https:\/\/sklep.bramywjazdowe.com.pl\/?product=dtm-perfect-sos-odbiornik-sygnalow-pojazdow-uprzywilejowanych","article_modified_time":"2023-01-06T22:15:05+00:00","og_image":[{"width":432,"height":577,"url":"https:\/\/sklep.bramywjazdowe.com.pl\/wp-content\/uploads\/2023\/01\/DTM-perfect-sos.png","type":"image\/png"}],"twitter_card":"summary_large_image","twitter_misc":{"Szacowany czas czytania":"1 minuta"},"schema":{"@context":"https:\/\/schema.org","@graph":[{"@type":"WebPage","@id":"https:\/\/sklep.bramywjazdowe.com.pl\/?product=dtm-perfect-sos-odbiornik-sygnalow-pojazdow-uprzywilejowanych","url":"https:\/\/sklep.bramywjazdowe.com.pl\/?product=dtm-perfect-sos-odbiornik-sygnalow-pojazdow-uprzywilejowanych","name":"DTM PERFECT SOS odbiornik sygna\u0142\u00f3w pojazd\u00f3w uprzywilejowanych","isPartOf":{"@id":"http:\/\/sklep.bramywjazdowe.com.pl\/#website"},"primaryImageOfPage":{"@id":"https:\/\/sklep.bramywjazdowe.com.pl\/?product=dtm-perfect-sos-odbiornik-sygnalow-pojazdow-uprzywilejowanych#primaryimage"},"image":{"@id":"https:\/\/sklep.bramywjazdowe.com.pl\/?product=dtm-perfect-sos-odbiornik-sygnalow-pojazdow-uprzywilejowanych#primaryimage"},"thumbnailUrl":"https:\/\/sklep.bramywjazdowe.com.pl\/wp-content\/uploads\/2023\/01\/DTM-perfect-sos.png","datePublished":"2023-01-06T22:12:16+00:00","dateModified":"2023-01-06T22:15:05+00:00","description":"DTM - PERFECT SOS - odbiornik sygna\u0142\u00f3w pojazd\u00f3w uprzywilejowanych Automatyka do bram sprzeda\u017c, monta\u017c, serwis. TRYMER Atrakcyjne ceny","breadcrumb":{"@id":"https:\/\/sklep.bramywjazdowe.com.pl\/?product=dtm-perfect-sos-odbiornik-sygnalow-pojazdow-uprzywilejowanych#breadcrumb"},"inLanguage":"pl-PL","potentialAction":[{"@type":"ReadAction","target":["https:\/\/sklep.bramywjazdowe.com.pl\/?product=dtm-perfect-sos-odbiornik-sygnalow-pojazdow-uprzywilejowanych"]}]},{"@type":"ImageObject","inLanguage":"pl-PL","@id":"https:\/\/sklep.bramywjazdowe.com.pl\/?product=dtm-perfect-sos-odbiornik-sygnalow-pojazdow-uprzywilejowanych#primaryimage","url":"https:\/\/sklep.bramywjazdowe.com.pl\/wp-content\/uploads\/2023\/01\/DTM-perfect-sos.png","contentUrl":"https:\/\/sklep.bramywjazdowe.com.pl\/wp-content\/uploads\/2023\/01\/DTM-perfect-sos.png","width":432,"height":577},{"@type":"BreadcrumbList","@id":"https:\/\/sklep.bramywjazdowe.com.pl\/?product=dtm-perfect-sos-odbiornik-sygnalow-pojazdow-uprzywilejowanych#breadcrumb","itemListElement":[{"@type":"ListItem","position":1,"name":"Strona g\u0142\u00f3wna","item":"http:\/\/sklep.bramywjazdowe.com.pl\/"},{"@type":"ListItem","position":2,"name":"Produkty","item":"http:\/\/sklep.bramywjazdowe.com.pl\/"},{"@type":"ListItem","position":3,"name":"DTM &#8211; PERFECT SOS &#8211; odbiornik sygna\u0142\u00f3w pojazd\u00f3w uprzywilejowanych"}]},{"@type":"WebSite","@id":"http:\/\/sklep.bramywjazdowe.com.pl\/#website","url":"http:\/\/sklep.bramywjazdowe.com.pl\/","name":"Sklep Trymer Tomasz Kucharski","description":"","publisher":{"@id":"http:\/\/sklep.bramywjazdowe.com.pl\/#organization"},"potentialAction":[{"@type":"SearchAction","target":{"@type":"EntryPoint","urlTemplate":"http:\/\/sklep.bramywjazdowe.com.pl\/?s={search_term_string}"},"query-input":{"@type":"PropertyValueSpecification","valueRequired":true,"valueName":"search_term_string"}}],"inLanguage":"pl-PL"},{"@type":"Organization","@id":"http:\/\/sklep.bramywjazdowe.com.pl\/#organization","name":"TRYMER Tomasz Kucharski","url":"http:\/\/sklep.bramywjazdowe.com.pl\/","logo":{"@type":"ImageObject","inLanguage":"pl-PL","@id":"http:\/\/sklep.bramywjazdowe.com.pl\/#\/schema\/logo\/image\/","url":"https:\/\/sklep.bramywjazdowe.com.pl\/wp-content\/uploads\/2022\/11\/logo-sklep-222.png","contentUrl":"https:\/\/sklep.bramywjazdowe.com.pl\/wp-content\/uploads\/2022\/11\/logo-sklep-222.png","width":1200,"height":180,"caption":"TRYMER Tomasz Kucharski"},"image":{"@id":"http:\/\/sklep.bramywjazdowe.com.pl\/#\/schema\/logo\/image\/"}}]}},"brands":[{"id":42,"name":"DTM System","slug":"dtm-system"}],"_links":{"self":[{"href":"https:\/\/sklep.bramywjazdowe.com.pl\/index.php?rest_route=\/wp\/v2\/product\/617","targetHints":{"allow":["GET"]}}],"collection":[{"href":"https:\/\/sklep.bramywjazdowe.com.pl\/index.php?rest_route=\/wp\/v2\/product"}],"about":[{"href":"https:\/\/sklep.bramywjazdowe.com.pl\/index.php?rest_route=\/wp\/v2\/types\/product"}],"replies":[{"embeddable":true,"href":"https:\/\/sklep.bramywjazdowe.com.pl\/index.php?rest_route=%2Fwp%2Fv2%2Fcomments&post=617"}],"wp:featuredmedia":[{"embeddable":true,"href":"https:\/\/sklep.bramywjazdowe.com.pl\/index.php?rest_route=\/wp\/v2\/media\/618"}],"wp:attachment":[{"href":"https:\/\/sklep.bramywjazdowe.com.pl\/index.php?rest_route=%2Fwp%2Fv2%2Fmedia&parent=617"}],"wp:term":[{"taxonomy":"pwb-brand","embeddable":true,"href":"https:\/\/sklep.bramywjazdowe.com.pl\/index.php?rest_route=%2Fwp%2Fv2%2Fpwb-brand&post=617"},{"taxonomy":"product_brand","embeddable":true,"href":"https:\/\/sklep.bramywjazdowe.com.pl\/index.php?rest_route=%2Fwp%2Fv2%2Fproduct_brand&post=617"},{"taxonomy":"product_cat","embeddable":true,"href":"https:\/\/sklep.bramywjazdowe.com.pl\/index.php?rest_route=%2Fwp%2Fv2%2Fproduct_cat&post=617"},{"taxonomy":"product_tag","embeddable":true,"href":"https:\/\/sklep.bramywjazdowe.com.pl\/index.php?rest_route=%2Fwp%2Fv2%2Fproduct_tag&post=617"}],"curies":[{"name":"wp","href":"https:\/\/api.w.org\/{rel}","templated":true}]}}