{"id":651,"date":"2023-01-08T15:49:03","date_gmt":"2023-01-08T14:49:03","guid":{"rendered":"http:\/\/sklep.bramywjazdowe.com.pl\/?post_type=product&#038;p=651"},"modified":"2023-01-08T15:54:33","modified_gmt":"2023-01-08T14:54:33","slug":"nice-pilot-2-kanalowy-sm2-smilo-2-kanalowy-2-przyciskowy","status":"publish","type":"product","link":"https:\/\/sklep.bramywjazdowe.com.pl\/?product=nice-pilot-2-kanalowy-sm2-smilo-2-kanalowy-2-przyciskowy","title":{"rendered":"NICE &#8211; Pilot 4-kana\u0142owy SM4 SMILO (4-kana\u0142owy, 4-przyciskowy)"},"content":{"rendered":"<p>NICE &#8211; Pilot 4-kana\u0142owy SM4 SMILO (4-kana\u0142owy, 4-przyciskowy)<\/p>\n<p>Podstawowe parametry:<\/p>\n<ul>\n<li>Pilot radiowy, dwukana\u0142owy SM4 z kodem dynamicznie zmiennym o cz\u0119stotliwo\u015bci 433.92MHz.<\/li>\n<li>18 trylion\u00f3w kombinacji<\/li>\n<li>Zasi\u0119g od 100 do 200 m z anten\u0105 ABFKIT\/ABF w terenie otwartym.<\/li>\n<li>Pilot 4-przyciskowy, 4-kana\u0142owy<\/li>\n<li>Pilot z bateri\u0105 w \u015brodku.<\/li>\n<\/ul>\n","protected":false},"excerpt":{"rendered":"<p>NICE &#8211; Pilot 4-kana\u0142owy SM4 SMILO (4-kana\u0142owy, 4-przyciskowy) Podstawowe parametry: Pilot radiowy, dwukana\u0142owy SM4 z kodem dynamicznie zmiennym o cz\u0119stotliwo\u015bci 433.92MHz. 18 trylion\u00f3w kombinacji Zasi\u0119g od 100 do 200 m z anten\u0105 ABFKIT\/ABF w terenie otwartym. Pilot 4-przyciskowy, 4-kana\u0142owy Pilot z bateri\u0105 w \u015brodku.<\/p>\n","protected":false},"featured_media":631,"comment_status":"open","ping_status":"closed","template":"","meta":[],"pwb-brand":[64],"product_brand":[],"product_cat":[45,57],"product_tag":[78,153,172,171],"class_list":{"0":"post-651","1":"product","2":"type-product","3":"status-publish","4":"has-post-thumbnail","6":"pwb-brand-nice","7":"product_cat-akcesoria-2","8":"product_cat-piloty-2","9":"product_tag-nice-3","10":"product_tag-pilot","11":"product_tag-sm4","12":"product_tag-smilo","14":"first","15":"instock","16":"taxable","17":"shipping-taxable","18":"purchasable","19":"product-type-simple"},"yoast_head":"<!-- This site is optimized with the Yoast SEO plugin v24.7 - https:\/\/yoast.com\/wordpress\/plugins\/seo\/ -->\n<title>NICE - Pilot 4-kana\u0142owy SM4 SMILO<\/title>\n<meta name=\"description\" content=\"NICE - Pilot 4-kana\u0142owy SM4 SMILO (4-kana\u0142owy, 4-przyciskowy) Automatyka do bram sprzeda\u017c, monta\u017c, serwis. TRYMER Tomasz Kucharski\" \/>\n<meta name=\"robots\" content=\"index, follow, max-snippet:-1, max-image-preview:large, max-video-preview:-1\" \/>\n<link rel=\"canonical\" href=\"https:\/\/sklep.bramywjazdowe.com.pl\/?product=nice-pilot-2-kanalowy-sm2-smilo-2-kanalowy-2-przyciskowy\" \/>\n<meta property=\"og:locale\" content=\"pl_PL\" \/>\n<meta property=\"og:type\" content=\"article\" \/>\n<meta property=\"og:title\" content=\"NICE - Pilot 4-kana\u0142owy SM4 SMILO\" \/>\n<meta property=\"og:description\" content=\"NICE - Pilot 4-kana\u0142owy SM4 SMILO (4-kana\u0142owy, 4-przyciskowy) Automatyka do bram sprzeda\u017c, monta\u017c, serwis. TRYMER Tomasz Kucharski\" \/>\n<meta property=\"og:url\" content=\"https:\/\/sklep.bramywjazdowe.com.pl\/?product=nice-pilot-2-kanalowy-sm2-smilo-2-kanalowy-2-przyciskowy\" \/>\n<meta property=\"article:modified_time\" content=\"2023-01-08T14:54:33+00:00\" \/>\n<meta property=\"og:image\" content=\"https:\/\/sklep.bramywjazdowe.com.pl\/wp-content\/uploads\/2023\/01\/NICE-SM4-SMILO.png\" \/>\n\t<meta property=\"og:image:width\" content=\"432\" \/>\n\t<meta property=\"og:image:height\" content=\"577\" \/>\n\t<meta property=\"og:image:type\" content=\"image\/png\" \/>\n<meta name=\"twitter:card\" content=\"summary_large_image\" \/>\n<meta name=\"twitter:label1\" content=\"Szacowany czas czytania\" \/>\n\t<meta name=\"twitter:data1\" content=\"1 minuta\" \/>\n<script type=\"application\/ld+json\" class=\"yoast-schema-graph\">{\"@context\":\"https:\/\/schema.org\",\"@graph\":[{\"@type\":\"WebPage\",\"@id\":\"https:\/\/sklep.bramywjazdowe.com.pl\/?product=nice-pilot-2-kanalowy-sm2-smilo-2-kanalowy-2-przyciskowy\",\"url\":\"https:\/\/sklep.bramywjazdowe.com.pl\/?product=nice-pilot-2-kanalowy-sm2-smilo-2-kanalowy-2-przyciskowy\",\"name\":\"NICE - Pilot 4-kana\u0142owy SM4 SMILO\",\"isPartOf\":{\"@id\":\"https:\/\/sklep.bramywjazdowe.com.pl\/#website\"},\"primaryImageOfPage\":{\"@id\":\"https:\/\/sklep.bramywjazdowe.com.pl\/?product=nice-pilot-2-kanalowy-sm2-smilo-2-kanalowy-2-przyciskowy#primaryimage\"},\"image\":{\"@id\":\"https:\/\/sklep.bramywjazdowe.com.pl\/?product=nice-pilot-2-kanalowy-sm2-smilo-2-kanalowy-2-przyciskowy#primaryimage\"},\"thumbnailUrl\":\"https:\/\/sklep.bramywjazdowe.com.pl\/wp-content\/uploads\/2023\/01\/NICE-SM4-SMILO.png\",\"datePublished\":\"2023-01-08T14:49:03+00:00\",\"dateModified\":\"2023-01-08T14:54:33+00:00\",\"description\":\"NICE - Pilot 4-kana\u0142owy SM4 SMILO (4-kana\u0142owy, 4-przyciskowy) Automatyka do bram sprzeda\u017c, monta\u017c, serwis. TRYMER Tomasz Kucharski\",\"breadcrumb\":{\"@id\":\"https:\/\/sklep.bramywjazdowe.com.pl\/?product=nice-pilot-2-kanalowy-sm2-smilo-2-kanalowy-2-przyciskowy#breadcrumb\"},\"inLanguage\":\"pl-PL\",\"potentialAction\":[{\"@type\":\"ReadAction\",\"target\":[\"https:\/\/sklep.bramywjazdowe.com.pl\/?product=nice-pilot-2-kanalowy-sm2-smilo-2-kanalowy-2-przyciskowy\"]}]},{\"@type\":\"ImageObject\",\"inLanguage\":\"pl-PL\",\"@id\":\"https:\/\/sklep.bramywjazdowe.com.pl\/?product=nice-pilot-2-kanalowy-sm2-smilo-2-kanalowy-2-przyciskowy#primaryimage\",\"url\":\"https:\/\/sklep.bramywjazdowe.com.pl\/wp-content\/uploads\/2023\/01\/NICE-SM4-SMILO.png\",\"contentUrl\":\"https:\/\/sklep.bramywjazdowe.com.pl\/wp-content\/uploads\/2023\/01\/NICE-SM4-SMILO.png\",\"width\":432,\"height\":577},{\"@type\":\"BreadcrumbList\",\"@id\":\"https:\/\/sklep.bramywjazdowe.com.pl\/?product=nice-pilot-2-kanalowy-sm2-smilo-2-kanalowy-2-przyciskowy#breadcrumb\",\"itemListElement\":[{\"@type\":\"ListItem\",\"position\":1,\"name\":\"Strona g\u0142\u00f3wna\",\"item\":\"https:\/\/sklep.bramywjazdowe.com.pl\/\"},{\"@type\":\"ListItem\",\"position\":2,\"name\":\"Produkty\",\"item\":\"https:\/\/sklep.bramywjazdowe.com.pl\/\"},{\"@type\":\"ListItem\",\"position\":3,\"name\":\"NICE &#8211; Pilot 4-kana\u0142owy SM4 SMILO (4-kana\u0142owy, 4-przyciskowy)\"}]},{\"@type\":\"WebSite\",\"@id\":\"https:\/\/sklep.bramywjazdowe.com.pl\/#website\",\"url\":\"https:\/\/sklep.bramywjazdowe.com.pl\/\",\"name\":\"Sklep Trymer Tomasz Kucharski\",\"description\":\"\",\"publisher\":{\"@id\":\"https:\/\/sklep.bramywjazdowe.com.pl\/#organization\"},\"potentialAction\":[{\"@type\":\"SearchAction\",\"target\":{\"@type\":\"EntryPoint\",\"urlTemplate\":\"https:\/\/sklep.bramywjazdowe.com.pl\/?s={search_term_string}\"},\"query-input\":{\"@type\":\"PropertyValueSpecification\",\"valueRequired\":true,\"valueName\":\"search_term_string\"}}],\"inLanguage\":\"pl-PL\"},{\"@type\":\"Organization\",\"@id\":\"https:\/\/sklep.bramywjazdowe.com.pl\/#organization\",\"name\":\"TRYMER Tomasz Kucharski\",\"url\":\"https:\/\/sklep.bramywjazdowe.com.pl\/\",\"logo\":{\"@type\":\"ImageObject\",\"inLanguage\":\"pl-PL\",\"@id\":\"https:\/\/sklep.bramywjazdowe.com.pl\/#\/schema\/logo\/image\/\",\"url\":\"https:\/\/sklep.bramywjazdowe.com.pl\/wp-content\/uploads\/2022\/11\/logo-sklep-222.png\",\"contentUrl\":\"https:\/\/sklep.bramywjazdowe.com.pl\/wp-content\/uploads\/2022\/11\/logo-sklep-222.png\",\"width\":1200,\"height\":180,\"caption\":\"TRYMER Tomasz Kucharski\"},\"image\":{\"@id\":\"https:\/\/sklep.bramywjazdowe.com.pl\/#\/schema\/logo\/image\/\"}}]}<\/script>\n<!-- \/ Yoast SEO plugin. -->","yoast_head_json":{"title":"NICE - Pilot 4-kana\u0142owy SM4 SMILO","description":"NICE - Pilot 4-kana\u0142owy SM4 SMILO (4-kana\u0142owy, 4-przyciskowy) Automatyka do bram sprzeda\u017c, monta\u017c, serwis. TRYMER Tomasz Kucharski","robots":{"index":"index","follow":"follow","max-snippet":"max-snippet:-1","max-image-preview":"max-image-preview:large","max-video-preview":"max-video-preview:-1"},"canonical":"https:\/\/sklep.bramywjazdowe.com.pl\/?product=nice-pilot-2-kanalowy-sm2-smilo-2-kanalowy-2-przyciskowy","og_locale":"pl_PL","og_type":"article","og_title":"NICE - Pilot 4-kana\u0142owy SM4 SMILO","og_description":"NICE - Pilot 4-kana\u0142owy SM4 SMILO (4-kana\u0142owy, 4-przyciskowy) Automatyka do bram sprzeda\u017c, monta\u017c, serwis. TRYMER Tomasz Kucharski","og_url":"https:\/\/sklep.bramywjazdowe.com.pl\/?product=nice-pilot-2-kanalowy-sm2-smilo-2-kanalowy-2-przyciskowy","article_modified_time":"2023-01-08T14:54:33+00:00","og_image":[{"width":432,"height":577,"url":"https:\/\/sklep.bramywjazdowe.com.pl\/wp-content\/uploads\/2023\/01\/NICE-SM4-SMILO.png","type":"image\/png"}],"twitter_card":"summary_large_image","twitter_misc":{"Szacowany czas czytania":"1 minuta"},"schema":{"@context":"https:\/\/schema.org","@graph":[{"@type":"WebPage","@id":"https:\/\/sklep.bramywjazdowe.com.pl\/?product=nice-pilot-2-kanalowy-sm2-smilo-2-kanalowy-2-przyciskowy","url":"https:\/\/sklep.bramywjazdowe.com.pl\/?product=nice-pilot-2-kanalowy-sm2-smilo-2-kanalowy-2-przyciskowy","name":"NICE - Pilot 4-kana\u0142owy SM4 SMILO","isPartOf":{"@id":"https:\/\/sklep.bramywjazdowe.com.pl\/#website"},"primaryImageOfPage":{"@id":"https:\/\/sklep.bramywjazdowe.com.pl\/?product=nice-pilot-2-kanalowy-sm2-smilo-2-kanalowy-2-przyciskowy#primaryimage"},"image":{"@id":"https:\/\/sklep.bramywjazdowe.com.pl\/?product=nice-pilot-2-kanalowy-sm2-smilo-2-kanalowy-2-przyciskowy#primaryimage"},"thumbnailUrl":"https:\/\/sklep.bramywjazdowe.com.pl\/wp-content\/uploads\/2023\/01\/NICE-SM4-SMILO.png","datePublished":"2023-01-08T14:49:03+00:00","dateModified":"2023-01-08T14:54:33+00:00","description":"NICE - Pilot 4-kana\u0142owy SM4 SMILO (4-kana\u0142owy, 4-przyciskowy) Automatyka do bram sprzeda\u017c, monta\u017c, serwis. TRYMER Tomasz Kucharski","breadcrumb":{"@id":"https:\/\/sklep.bramywjazdowe.com.pl\/?product=nice-pilot-2-kanalowy-sm2-smilo-2-kanalowy-2-przyciskowy#breadcrumb"},"inLanguage":"pl-PL","potentialAction":[{"@type":"ReadAction","target":["https:\/\/sklep.bramywjazdowe.com.pl\/?product=nice-pilot-2-kanalowy-sm2-smilo-2-kanalowy-2-przyciskowy"]}]},{"@type":"ImageObject","inLanguage":"pl-PL","@id":"https:\/\/sklep.bramywjazdowe.com.pl\/?product=nice-pilot-2-kanalowy-sm2-smilo-2-kanalowy-2-przyciskowy#primaryimage","url":"https:\/\/sklep.bramywjazdowe.com.pl\/wp-content\/uploads\/2023\/01\/NICE-SM4-SMILO.png","contentUrl":"https:\/\/sklep.bramywjazdowe.com.pl\/wp-content\/uploads\/2023\/01\/NICE-SM4-SMILO.png","width":432,"height":577},{"@type":"BreadcrumbList","@id":"https:\/\/sklep.bramywjazdowe.com.pl\/?product=nice-pilot-2-kanalowy-sm2-smilo-2-kanalowy-2-przyciskowy#breadcrumb","itemListElement":[{"@type":"ListItem","position":1,"name":"Strona g\u0142\u00f3wna","item":"https:\/\/sklep.bramywjazdowe.com.pl\/"},{"@type":"ListItem","position":2,"name":"Produkty","item":"https:\/\/sklep.bramywjazdowe.com.pl\/"},{"@type":"ListItem","position":3,"name":"NICE &#8211; Pilot 4-kana\u0142owy SM4 SMILO (4-kana\u0142owy, 4-przyciskowy)"}]},{"@type":"WebSite","@id":"https:\/\/sklep.bramywjazdowe.com.pl\/#website","url":"https:\/\/sklep.bramywjazdowe.com.pl\/","name":"Sklep Trymer Tomasz Kucharski","description":"","publisher":{"@id":"https:\/\/sklep.bramywjazdowe.com.pl\/#organization"},"potentialAction":[{"@type":"SearchAction","target":{"@type":"EntryPoint","urlTemplate":"https:\/\/sklep.bramywjazdowe.com.pl\/?s={search_term_string}"},"query-input":{"@type":"PropertyValueSpecification","valueRequired":true,"valueName":"search_term_string"}}],"inLanguage":"pl-PL"},{"@type":"Organization","@id":"https:\/\/sklep.bramywjazdowe.com.pl\/#organization","name":"TRYMER Tomasz Kucharski","url":"https:\/\/sklep.bramywjazdowe.com.pl\/","logo":{"@type":"ImageObject","inLanguage":"pl-PL","@id":"https:\/\/sklep.bramywjazdowe.com.pl\/#\/schema\/logo\/image\/","url":"https:\/\/sklep.bramywjazdowe.com.pl\/wp-content\/uploads\/2022\/11\/logo-sklep-222.png","contentUrl":"https:\/\/sklep.bramywjazdowe.com.pl\/wp-content\/uploads\/2022\/11\/logo-sklep-222.png","width":1200,"height":180,"caption":"TRYMER Tomasz Kucharski"},"image":{"@id":"https:\/\/sklep.bramywjazdowe.com.pl\/#\/schema\/logo\/image\/"}}]}},"brands":[{"id":64,"name":"NICE","slug":"nice"}],"_links":{"self":[{"href":"https:\/\/sklep.bramywjazdowe.com.pl\/index.php?rest_route=\/wp\/v2\/product\/651","targetHints":{"allow":["GET"]}}],"collection":[{"href":"https:\/\/sklep.bramywjazdowe.com.pl\/index.php?rest_route=\/wp\/v2\/product"}],"about":[{"href":"https:\/\/sklep.bramywjazdowe.com.pl\/index.php?rest_route=\/wp\/v2\/types\/product"}],"replies":[{"embeddable":true,"href":"https:\/\/sklep.bramywjazdowe.com.pl\/index.php?rest_route=%2Fwp%2Fv2%2Fcomments&post=651"}],"wp:featuredmedia":[{"embeddable":true,"href":"https:\/\/sklep.bramywjazdowe.com.pl\/index.php?rest_route=\/wp\/v2\/media\/631"}],"wp:attachment":[{"href":"https:\/\/sklep.bramywjazdowe.com.pl\/index.php?rest_route=%2Fwp%2Fv2%2Fmedia&parent=651"}],"wp:term":[{"taxonomy":"pwb-brand","embeddable":true,"href":"https:\/\/sklep.bramywjazdowe.com.pl\/index.php?rest_route=%2Fwp%2Fv2%2Fpwb-brand&post=651"},{"taxonomy":"product_brand","embeddable":true,"href":"https:\/\/sklep.bramywjazdowe.com.pl\/index.php?rest_route=%2Fwp%2Fv2%2Fproduct_brand&post=651"},{"taxonomy":"product_cat","embeddable":true,"href":"https:\/\/sklep.bramywjazdowe.com.pl\/index.php?rest_route=%2Fwp%2Fv2%2Fproduct_cat&post=651"},{"taxonomy":"product_tag","embeddable":true,"href":"https:\/\/sklep.bramywjazdowe.com.pl\/index.php?rest_route=%2Fwp%2Fv2%2Fproduct_tag&post=651"}],"curies":[{"name":"wp","href":"https:\/\/api.w.org\/{rel}","templated":true}]}}