{"id":678,"date":"2023-01-18T20:25:11","date_gmt":"2023-01-18T19:25:11","guid":{"rendered":"http:\/\/sklep.bramywjazdowe.com.pl\/?post_type=product&#038;p=678"},"modified":"2023-03-20T20:22:11","modified_gmt":"2023-03-20T19:22:11","slug":"came-axi25-automatyka-do-bramy-skrzydlowej-dlugosci-do-25-m","status":"publish","type":"product","link":"https:\/\/sklep.bramywjazdowe.com.pl\/?product=came-axi25-automatyka-do-bramy-skrzydlowej-dlugosci-do-25-m","title":{"rendered":"CAME \u2013 AXI25\u00a0Zestaw automatyki do bramy\u00a0skrzyd\u0142owych\u00a0o\u00a0d\u0142ugo\u015bci\u00a0do\u00a02,5m"},"content":{"rendered":"<p>CAME \u2013 AXI25 Zestaw automatyki do bramy skrzyd\u0142owych o d\u0142ugo\u015bci do 2m<\/p>\n<p>ZESTAW ZAWIERA:<\/p>\n<ul>\n<li>2 Nap\u0119dy AXI25 DGS<\/li>\n<li>Centrala Came ZL65 z obudow\u0105<\/li>\n<li>Fotokom\u00f3rki DIR10 (nadajnik + odbiornik)<\/li>\n<li>Karta cz\u0119stotliwo\u015bci AF43S lub AF43SP\u00a0(do wyboru)<\/li>\n<li>Pilot czterokana\u0142owy AT04EV lub dwukana\u0142owy SPACE SP2 (do wyboru)<\/li>\n<li>Akcesoria do monta\u017cu<\/li>\n<li>Instrukcja obs\u0142ugi<\/li>\n<li>Karta gwarancyjna<\/li>\n<\/ul>\n<p>AXI to uniwersalny nap\u0119d do lekkich bram skrzyd\u0142owych.<\/p>\n<p>FUNKCJE :<\/p>\n<ul>\n<li>Uniwersalne rozwi\u0105zanie\u00a0do monta\u017cu na\u00a0s\u0142upach stalowych i murowanych.<\/li>\n<li>Maksymalna g\u0142\u0119boko\u015b\u0107 osadzenia skrzyd\u0142a\u00a0bramy C=60 mm<\/li>\n<li>Motoreduktor z przek\u0142adni\u0105 k\u0105tow\u0105 dla wi\u0119kszej p\u0142ynno\u015bci ruchu.<\/li>\n<li>Zintegrowane i regulowane ograniczniki mechaniczne.<\/li>\n<li>Uproszczone wykonanie po\u0142\u0105cze\u0144 elektrycznych dzi\u0119ki obecno\u015bci tylko jednego, trzy\u017cy\u0142owego przewodu.<\/li>\n<li>Centrala steruj\u0105ca do bram jedno lub dwuskrzyd\u0142owych z wy\u015bwietlaczem graficznym umo\u017cliwiaj\u0105cym programowanie, wbudowany dekoder radiowy i funkcja autodiagnozy urz\u0105dze\u0144 zabezpieczaj\u0105cych.<\/li>\n<li>Autodiagnostyka urz\u0105dze\u0144 zabezpieczaj\u0105cych.<\/li>\n<li>Zapewnienie dzia\u0142ania w przypadku przerwy w zasilaniu.<\/li>\n<li>Opracowany z technologi\u0105 CONNECT do zdalnego cyfrowego zarz\u0105dzania za po\u015brednictwem bramy sieciowej lub lokalnie za pomoc\u0105 CAME KEY.<\/li>\n<li>Uniwersalny model do monta\u017cu prawo i\u00a0lewostronnego<\/li>\n<\/ul>\n<p>PARAMETRY:<\/p>\n<ul>\n<li>Maksymalna waga bramy: 300 kg<\/li>\n<li>Maksymalna d\u0142ugo\u015b\u0107 skrzyd\u0142a: 2,5 m<\/li>\n<li>Maksymalny k\u0105t otwarcia: 115\u00b0<\/li>\n<li>Czas otwarcia do 90\u00b0: 15 s<\/li>\n<li>Maksymalna moc silnika: 120 W<\/li>\n<li>Cykl pracy: 50%<\/li>\n<li>Zasilanie silnika: 24V DC<\/li>\n<li>Si\u0142a ci\u0105gu: 400 \u00f7 3000 N<\/li>\n<li>Temperatura pracy: -20\u00b0\u00a0\/ +55\u00b0C<\/li>\n<\/ul>\n","protected":false},"excerpt":{"rendered":"<p>CAME \u2013 AXI25 Zestaw automatyki do bramy skrzyd\u0142owych o d\u0142ugo\u015bci do 2m ZESTAW ZAWIERA: 2 Nap\u0119dy AXI25 DGS Centrala Came ZL65 z obudow\u0105 Fotokom\u00f3rki DIR10 (nadajnik + odbiornik) Karta cz\u0119stotliwo\u015bci AF43S lub AF43SP\u00a0(do wyboru) Pilot czterokana\u0142owy AT04EV lub dwukana\u0142owy SPACE SP2 (do wyboru) Akcesoria do monta\u017cu Instrukcja obs\u0142ugi Karta gwarancyjna AXI to uniwersalny nap\u0119d do [&hellip;]<\/p>\n","protected":false},"featured_media":671,"comment_status":"open","ping_status":"closed","template":"","meta":[],"pwb-brand":[41],"product_brand":[],"product_cat":[43,47],"product_tag":[178,105,77,129],"class_list":{"0":"post-678","1":"product","2":"type-product","3":"status-publish","4":"has-post-thumbnail","6":"pwb-brand-came-2","7":"product_cat-zestawy-2","8":"product_cat-do-bram-skrzydlowych-2","9":"product_tag-axi","10":"product_tag-brama-skrzydlowa","11":"product_tag-came-4","12":"product_tag-dwuskrzydlowa","14":"first","15":"instock","16":"taxable","17":"shipping-taxable","18":"purchasable","19":"product-type-simple"},"yoast_head":"<!-- This site is optimized with the Yoast SEO plugin v24.7 - https:\/\/yoast.com\/wordpress\/plugins\/seo\/ -->\n<title>CAME AXI25 automatyka do bramy\u00a0skrzyd\u0142owej\u00a0d\u0142ugo\u015bci\u00a0do\u00a02,5 m<\/title>\n<meta name=\"description\" content=\"CAME \u2013 AXI20\u00a0Zestaw automatyki do lekkich bram skrzyd\u0142owych\u00a0o\u00a0d\u0142ugo\u015bci\u00a0do\u00a02,5 m Automatyka do bram sprzeda\u017c, monta\u017c, serwis. TRYMER.\" \/>\n<meta name=\"robots\" content=\"index, follow, max-snippet:-1, max-image-preview:large, max-video-preview:-1\" \/>\n<link rel=\"canonical\" href=\"https:\/\/sklep.bramywjazdowe.com.pl\/?product=came-axi25-automatyka-do-bramy-skrzydlowej-dlugosci-do-25-m\" \/>\n<meta property=\"og:locale\" content=\"pl_PL\" \/>\n<meta property=\"og:type\" content=\"article\" \/>\n<meta property=\"og:title\" content=\"CAME AXI25 automatyka do bramy\u00a0skrzyd\u0142owej\u00a0d\u0142ugo\u015bci\u00a0do\u00a02,5 m\" \/>\n<meta property=\"og:description\" content=\"CAME \u2013 AXI20\u00a0Zestaw automatyki do lekkich bram skrzyd\u0142owych\u00a0o\u00a0d\u0142ugo\u015bci\u00a0do\u00a02,5 m Automatyka do bram sprzeda\u017c, monta\u017c, serwis. TRYMER.\" \/>\n<meta property=\"og:url\" content=\"https:\/\/sklep.bramywjazdowe.com.pl\/?product=came-axi25-automatyka-do-bramy-skrzydlowej-dlugosci-do-25-m\" \/>\n<meta property=\"article:modified_time\" content=\"2023-03-20T19:22:11+00:00\" \/>\n<meta property=\"og:image\" content=\"https:\/\/sklep.bramywjazdowe.com.pl\/wp-content\/uploads\/2023\/01\/ZESTAW-CAME-AXI.png\" \/>\n\t<meta property=\"og:image:width\" content=\"500\" \/>\n\t<meta property=\"og:image:height\" content=\"500\" \/>\n\t<meta property=\"og:image:type\" content=\"image\/png\" \/>\n<meta name=\"twitter:card\" content=\"summary_large_image\" \/>\n<meta name=\"twitter:label1\" content=\"Szacowany czas czytania\" \/>\n\t<meta name=\"twitter:data1\" content=\"2 minuty\" \/>\n<script type=\"application\/ld+json\" class=\"yoast-schema-graph\">{\"@context\":\"https:\/\/schema.org\",\"@graph\":[{\"@type\":\"WebPage\",\"@id\":\"https:\/\/sklep.bramywjazdowe.com.pl\/?product=came-axi25-automatyka-do-bramy-skrzydlowej-dlugosci-do-25-m\",\"url\":\"https:\/\/sklep.bramywjazdowe.com.pl\/?product=came-axi25-automatyka-do-bramy-skrzydlowej-dlugosci-do-25-m\",\"name\":\"CAME AXI25 automatyka do bramy\u00a0skrzyd\u0142owej\u00a0d\u0142ugo\u015bci\u00a0do\u00a02,5 m\",\"isPartOf\":{\"@id\":\"http:\/\/sklep.bramywjazdowe.com.pl\/#website\"},\"primaryImageOfPage\":{\"@id\":\"https:\/\/sklep.bramywjazdowe.com.pl\/?product=came-axi25-automatyka-do-bramy-skrzydlowej-dlugosci-do-25-m#primaryimage\"},\"image\":{\"@id\":\"https:\/\/sklep.bramywjazdowe.com.pl\/?product=came-axi25-automatyka-do-bramy-skrzydlowej-dlugosci-do-25-m#primaryimage\"},\"thumbnailUrl\":\"https:\/\/sklep.bramywjazdowe.com.pl\/wp-content\/uploads\/2023\/01\/ZESTAW-CAME-AXI.png\",\"datePublished\":\"2023-01-18T19:25:11+00:00\",\"dateModified\":\"2023-03-20T19:22:11+00:00\",\"description\":\"CAME \u2013 AXI20\u00a0Zestaw automatyki do lekkich bram skrzyd\u0142owych\u00a0o\u00a0d\u0142ugo\u015bci\u00a0do\u00a02,5 m Automatyka do bram sprzeda\u017c, monta\u017c, serwis. TRYMER.\",\"breadcrumb\":{\"@id\":\"https:\/\/sklep.bramywjazdowe.com.pl\/?product=came-axi25-automatyka-do-bramy-skrzydlowej-dlugosci-do-25-m#breadcrumb\"},\"inLanguage\":\"pl-PL\",\"potentialAction\":[{\"@type\":\"ReadAction\",\"target\":[\"https:\/\/sklep.bramywjazdowe.com.pl\/?product=came-axi25-automatyka-do-bramy-skrzydlowej-dlugosci-do-25-m\"]}]},{\"@type\":\"ImageObject\",\"inLanguage\":\"pl-PL\",\"@id\":\"https:\/\/sklep.bramywjazdowe.com.pl\/?product=came-axi25-automatyka-do-bramy-skrzydlowej-dlugosci-do-25-m#primaryimage\",\"url\":\"https:\/\/sklep.bramywjazdowe.com.pl\/wp-content\/uploads\/2023\/01\/ZESTAW-CAME-AXI.png\",\"contentUrl\":\"https:\/\/sklep.bramywjazdowe.com.pl\/wp-content\/uploads\/2023\/01\/ZESTAW-CAME-AXI.png\",\"width\":500,\"height\":500,\"caption\":\"ZESTAW CAME AXI\"},{\"@type\":\"BreadcrumbList\",\"@id\":\"https:\/\/sklep.bramywjazdowe.com.pl\/?product=came-axi25-automatyka-do-bramy-skrzydlowej-dlugosci-do-25-m#breadcrumb\",\"itemListElement\":[{\"@type\":\"ListItem\",\"position\":1,\"name\":\"Strona g\u0142\u00f3wna\",\"item\":\"http:\/\/sklep.bramywjazdowe.com.pl\/\"},{\"@type\":\"ListItem\",\"position\":2,\"name\":\"Produkty\",\"item\":\"http:\/\/sklep.bramywjazdowe.com.pl\/\"},{\"@type\":\"ListItem\",\"position\":3,\"name\":\"CAME \u2013 AXI25\u00a0Zestaw automatyki do bramy\u00a0skrzyd\u0142owych\u00a0o\u00a0d\u0142ugo\u015bci\u00a0do\u00a02,5m\"}]},{\"@type\":\"WebSite\",\"@id\":\"http:\/\/sklep.bramywjazdowe.com.pl\/#website\",\"url\":\"http:\/\/sklep.bramywjazdowe.com.pl\/\",\"name\":\"Sklep Trymer Tomasz Kucharski\",\"description\":\"\",\"publisher\":{\"@id\":\"http:\/\/sklep.bramywjazdowe.com.pl\/#organization\"},\"potentialAction\":[{\"@type\":\"SearchAction\",\"target\":{\"@type\":\"EntryPoint\",\"urlTemplate\":\"http:\/\/sklep.bramywjazdowe.com.pl\/?s={search_term_string}\"},\"query-input\":{\"@type\":\"PropertyValueSpecification\",\"valueRequired\":true,\"valueName\":\"search_term_string\"}}],\"inLanguage\":\"pl-PL\"},{\"@type\":\"Organization\",\"@id\":\"http:\/\/sklep.bramywjazdowe.com.pl\/#organization\",\"name\":\"TRYMER Tomasz Kucharski\",\"url\":\"http:\/\/sklep.bramywjazdowe.com.pl\/\",\"logo\":{\"@type\":\"ImageObject\",\"inLanguage\":\"pl-PL\",\"@id\":\"http:\/\/sklep.bramywjazdowe.com.pl\/#\/schema\/logo\/image\/\",\"url\":\"https:\/\/sklep.bramywjazdowe.com.pl\/wp-content\/uploads\/2022\/11\/logo-sklep-222.png\",\"contentUrl\":\"https:\/\/sklep.bramywjazdowe.com.pl\/wp-content\/uploads\/2022\/11\/logo-sklep-222.png\",\"width\":1200,\"height\":180,\"caption\":\"TRYMER Tomasz Kucharski\"},\"image\":{\"@id\":\"http:\/\/sklep.bramywjazdowe.com.pl\/#\/schema\/logo\/image\/\"}}]}<\/script>\n<!-- \/ Yoast SEO plugin. -->","yoast_head_json":{"title":"CAME AXI25 automatyka do bramy\u00a0skrzyd\u0142owej\u00a0d\u0142ugo\u015bci\u00a0do\u00a02,5 m","description":"CAME \u2013 AXI20\u00a0Zestaw automatyki do lekkich bram skrzyd\u0142owych\u00a0o\u00a0d\u0142ugo\u015bci\u00a0do\u00a02,5 m Automatyka do bram sprzeda\u017c, monta\u017c, serwis. TRYMER.","robots":{"index":"index","follow":"follow","max-snippet":"max-snippet:-1","max-image-preview":"max-image-preview:large","max-video-preview":"max-video-preview:-1"},"canonical":"https:\/\/sklep.bramywjazdowe.com.pl\/?product=came-axi25-automatyka-do-bramy-skrzydlowej-dlugosci-do-25-m","og_locale":"pl_PL","og_type":"article","og_title":"CAME AXI25 automatyka do bramy\u00a0skrzyd\u0142owej\u00a0d\u0142ugo\u015bci\u00a0do\u00a02,5 m","og_description":"CAME \u2013 AXI20\u00a0Zestaw automatyki do lekkich bram skrzyd\u0142owych\u00a0o\u00a0d\u0142ugo\u015bci\u00a0do\u00a02,5 m Automatyka do bram sprzeda\u017c, monta\u017c, serwis. TRYMER.","og_url":"https:\/\/sklep.bramywjazdowe.com.pl\/?product=came-axi25-automatyka-do-bramy-skrzydlowej-dlugosci-do-25-m","article_modified_time":"2023-03-20T19:22:11+00:00","og_image":[{"width":500,"height":500,"url":"https:\/\/sklep.bramywjazdowe.com.pl\/wp-content\/uploads\/2023\/01\/ZESTAW-CAME-AXI.png","type":"image\/png"}],"twitter_card":"summary_large_image","twitter_misc":{"Szacowany czas czytania":"2 minuty"},"schema":{"@context":"https:\/\/schema.org","@graph":[{"@type":"WebPage","@id":"https:\/\/sklep.bramywjazdowe.com.pl\/?product=came-axi25-automatyka-do-bramy-skrzydlowej-dlugosci-do-25-m","url":"https:\/\/sklep.bramywjazdowe.com.pl\/?product=came-axi25-automatyka-do-bramy-skrzydlowej-dlugosci-do-25-m","name":"CAME AXI25 automatyka do bramy\u00a0skrzyd\u0142owej\u00a0d\u0142ugo\u015bci\u00a0do\u00a02,5 m","isPartOf":{"@id":"http:\/\/sklep.bramywjazdowe.com.pl\/#website"},"primaryImageOfPage":{"@id":"https:\/\/sklep.bramywjazdowe.com.pl\/?product=came-axi25-automatyka-do-bramy-skrzydlowej-dlugosci-do-25-m#primaryimage"},"image":{"@id":"https:\/\/sklep.bramywjazdowe.com.pl\/?product=came-axi25-automatyka-do-bramy-skrzydlowej-dlugosci-do-25-m#primaryimage"},"thumbnailUrl":"https:\/\/sklep.bramywjazdowe.com.pl\/wp-content\/uploads\/2023\/01\/ZESTAW-CAME-AXI.png","datePublished":"2023-01-18T19:25:11+00:00","dateModified":"2023-03-20T19:22:11+00:00","description":"CAME \u2013 AXI20\u00a0Zestaw automatyki do lekkich bram skrzyd\u0142owych\u00a0o\u00a0d\u0142ugo\u015bci\u00a0do\u00a02,5 m Automatyka do bram sprzeda\u017c, monta\u017c, serwis. TRYMER.","breadcrumb":{"@id":"https:\/\/sklep.bramywjazdowe.com.pl\/?product=came-axi25-automatyka-do-bramy-skrzydlowej-dlugosci-do-25-m#breadcrumb"},"inLanguage":"pl-PL","potentialAction":[{"@type":"ReadAction","target":["https:\/\/sklep.bramywjazdowe.com.pl\/?product=came-axi25-automatyka-do-bramy-skrzydlowej-dlugosci-do-25-m"]}]},{"@type":"ImageObject","inLanguage":"pl-PL","@id":"https:\/\/sklep.bramywjazdowe.com.pl\/?product=came-axi25-automatyka-do-bramy-skrzydlowej-dlugosci-do-25-m#primaryimage","url":"https:\/\/sklep.bramywjazdowe.com.pl\/wp-content\/uploads\/2023\/01\/ZESTAW-CAME-AXI.png","contentUrl":"https:\/\/sklep.bramywjazdowe.com.pl\/wp-content\/uploads\/2023\/01\/ZESTAW-CAME-AXI.png","width":500,"height":500,"caption":"ZESTAW CAME AXI"},{"@type":"BreadcrumbList","@id":"https:\/\/sklep.bramywjazdowe.com.pl\/?product=came-axi25-automatyka-do-bramy-skrzydlowej-dlugosci-do-25-m#breadcrumb","itemListElement":[{"@type":"ListItem","position":1,"name":"Strona g\u0142\u00f3wna","item":"http:\/\/sklep.bramywjazdowe.com.pl\/"},{"@type":"ListItem","position":2,"name":"Produkty","item":"http:\/\/sklep.bramywjazdowe.com.pl\/"},{"@type":"ListItem","position":3,"name":"CAME \u2013 AXI25\u00a0Zestaw automatyki do bramy\u00a0skrzyd\u0142owych\u00a0o\u00a0d\u0142ugo\u015bci\u00a0do\u00a02,5m"}]},{"@type":"WebSite","@id":"http:\/\/sklep.bramywjazdowe.com.pl\/#website","url":"http:\/\/sklep.bramywjazdowe.com.pl\/","name":"Sklep Trymer Tomasz Kucharski","description":"","publisher":{"@id":"http:\/\/sklep.bramywjazdowe.com.pl\/#organization"},"potentialAction":[{"@type":"SearchAction","target":{"@type":"EntryPoint","urlTemplate":"http:\/\/sklep.bramywjazdowe.com.pl\/?s={search_term_string}"},"query-input":{"@type":"PropertyValueSpecification","valueRequired":true,"valueName":"search_term_string"}}],"inLanguage":"pl-PL"},{"@type":"Organization","@id":"http:\/\/sklep.bramywjazdowe.com.pl\/#organization","name":"TRYMER Tomasz Kucharski","url":"http:\/\/sklep.bramywjazdowe.com.pl\/","logo":{"@type":"ImageObject","inLanguage":"pl-PL","@id":"http:\/\/sklep.bramywjazdowe.com.pl\/#\/schema\/logo\/image\/","url":"https:\/\/sklep.bramywjazdowe.com.pl\/wp-content\/uploads\/2022\/11\/logo-sklep-222.png","contentUrl":"https:\/\/sklep.bramywjazdowe.com.pl\/wp-content\/uploads\/2022\/11\/logo-sklep-222.png","width":1200,"height":180,"caption":"TRYMER Tomasz Kucharski"},"image":{"@id":"http:\/\/sklep.bramywjazdowe.com.pl\/#\/schema\/logo\/image\/"}}]}},"brands":[{"id":41,"name":"CAME","slug":"came-2"}],"_links":{"self":[{"href":"https:\/\/sklep.bramywjazdowe.com.pl\/index.php?rest_route=\/wp\/v2\/product\/678","targetHints":{"allow":["GET"]}}],"collection":[{"href":"https:\/\/sklep.bramywjazdowe.com.pl\/index.php?rest_route=\/wp\/v2\/product"}],"about":[{"href":"https:\/\/sklep.bramywjazdowe.com.pl\/index.php?rest_route=\/wp\/v2\/types\/product"}],"replies":[{"embeddable":true,"href":"https:\/\/sklep.bramywjazdowe.com.pl\/index.php?rest_route=%2Fwp%2Fv2%2Fcomments&post=678"}],"wp:featuredmedia":[{"embeddable":true,"href":"https:\/\/sklep.bramywjazdowe.com.pl\/index.php?rest_route=\/wp\/v2\/media\/671"}],"wp:attachment":[{"href":"https:\/\/sklep.bramywjazdowe.com.pl\/index.php?rest_route=%2Fwp%2Fv2%2Fmedia&parent=678"}],"wp:term":[{"taxonomy":"pwb-brand","embeddable":true,"href":"https:\/\/sklep.bramywjazdowe.com.pl\/index.php?rest_route=%2Fwp%2Fv2%2Fpwb-brand&post=678"},{"taxonomy":"product_brand","embeddable":true,"href":"https:\/\/sklep.bramywjazdowe.com.pl\/index.php?rest_route=%2Fwp%2Fv2%2Fproduct_brand&post=678"},{"taxonomy":"product_cat","embeddable":true,"href":"https:\/\/sklep.bramywjazdowe.com.pl\/index.php?rest_route=%2Fwp%2Fv2%2Fproduct_cat&post=678"},{"taxonomy":"product_tag","embeddable":true,"href":"https:\/\/sklep.bramywjazdowe.com.pl\/index.php?rest_route=%2Fwp%2Fv2%2Fproduct_tag&post=678"}],"curies":[{"name":"wp","href":"https:\/\/api.w.org\/{rel}","templated":true}]}}