{"id":735,"date":"2023-02-21T16:10:04","date_gmt":"2023-02-21T15:10:04","guid":{"rendered":"http:\/\/sklep.bramywjazdowe.com.pl\/?post_type=product&#038;p=735"},"modified":"2023-02-21T16:19:14","modified_gmt":"2023-02-21T15:19:14","slug":"nice-zestaw-wideodomofonowy-z-dotykowym-ekranem-dla-domu-jednorodzinnego","status":"publish","type":"product","link":"https:\/\/sklep.bramywjazdowe.com.pl\/?product=nice-zestaw-wideodomofonowy-z-dotykowym-ekranem-dla-domu-jednorodzinnego","title":{"rendered":"NICE &#8211; zestaw wideodomofonowy z dotykowym ekranem dla domu jednorodzinnego"},"content":{"rendered":"<p>NICE\u00a0 &#8211; zestaw wideodomofonowy z dotykowym ekranem dla domu jednorodzinnego. Instalacja 2-\u017cy\u0142owa.<\/p>\n<ul>\n<li>Nowoczesny:\u00a0Zestaw posiada monitor z dotykowym ekranem, dzi\u0119ki czemu obs\u0142uga wideodomofonu jest bardzo wygodna i \u0142atwa.<\/li>\n<li>Cyfrowy:\u00a0System dzia\u0142a na magistrali dwu\u017cy\u0142owej, bez polaryzacji i bez dodatkowych przewod\u00f3w zasilaj\u0105cych, co sprawia mo\u017cliwo\u015b\u0107 monta\u017cu w ka\u017cdych warunkach.<\/li>\n<li>Funkcja FOTO\u00a0umo\u017cliwia zrobienie zdj\u0119cia w momencie wywo\u0142ywania z panelu rozm\u00f3wnego. Zdj\u0119cie zostaje zapisane w pami\u0119ci urz\u0105dzenia wraz z dat\u0105 i godzin\u0105 wykonania.<\/li>\n<li>Wi-Fi Monitor PRO TWO\u00a0mo\u017ce zosta\u0107 pod\u0142\u0105czony do domowej sieci bezprzewodowej, dzi\u0119ki czemu u\u017cytkownicy mog\u0105 mie\u0107 dost\u0119p do obs\u0142ugi wideodomofonu przez aplikacj\u0119 na telefonie.<\/li>\n<li>Wygodny:\u00a0Zastosowanie panelu rozm\u00f3wnego z wbudowanym czytnikiem kart, u\u0142atwia otwieranie furtki \/ drzwi.<\/li>\n<li>Wytrzyma\u0142y:\u00a0Panele rozm\u00f3wne wykonane zosta\u0142y ze szczotkowanego aluminium, co zapewnia \u0142adny wygl\u0105d i w po\u0142\u0105czeniu z wysok\u0105 klas\u0105 ochronno\u015bci (IP66) r\u00f3wnie\u017c wandaloodporno\u015b\u0107.<\/li>\n<li>\u0141atwy monta\u017c:\u00a0Monitor montowany jest na specjalnym uchwycie. Panel rozm\u00f3wny z k\u0105townikiem umo\u017cliwia monta\u017c w trudno dost\u0119pnych miejscach.<\/li>\n<li>Multimedialny:\u00a0Wideo monitor posiada funkcj\u0119 odtwarzania zdj\u0119\u0107, wideo oraz muzyki. Dodatkowo jako wygaszacz ekranu mo\u017cna ustawi\u0107 zegar.<\/li>\n<li>Pe\u0142ne wyposa\u017cenie:\u00a0Ka\u017cdy zestaw posiada niezb\u0119dne wyposa\u017cenie do zamontowania oraz pod\u0142\u0105czenia urz\u0105dze\u0144, wraz z instrukcj\u0105 obs\u0142ugi i monta\u017cu.<\/li>\n<li>Rejestrator DVR:\u00a0System umo\u017cliwia automatyczne nagrywanie obrazu z wybranej kamery lub panelu rozm\u00f3wnego. Nagrywanie mo\u017ce by\u0107 aktywowane poprzez wykrycie ruchu.<\/li>\n<\/ul>\n<p>ZESTAW ZAWIERA:<\/p>\n<ul>\n<li class=\"col-xs-9 col-sm-5 col-md-5 col-lg-5\">Monitor Pro Two<\/li>\n<li>Panel rozm\u00f3wny EYE PLUS TWO<\/li>\n<li>Zasilacz sieciowy lub na szyn\u0119 DIN<\/li>\n<li>3 breloki<\/li>\n<li>Instrukcja obs\u0142ugi<\/li>\n<li>Karta gwarancyjna<\/li>\n<\/ul>\n","protected":false},"excerpt":{"rendered":"<p>NICE\u00a0 &#8211; zestaw wideodomofonowy z dotykowym ekranem dla domu jednorodzinnego. Instalacja 2-\u017cy\u0142owa. Nowoczesny:\u00a0Zestaw posiada monitor z dotykowym ekranem, dzi\u0119ki czemu obs\u0142uga wideodomofonu jest bardzo wygodna i \u0142atwa. Cyfrowy:\u00a0System dzia\u0142a na magistrali dwu\u017cy\u0142owej, bez polaryzacji i bez dodatkowych przewod\u00f3w zasilaj\u0105cych, co sprawia mo\u017cliwo\u015b\u0107 monta\u017cu w ka\u017cdych warunkach. Funkcja FOTO\u00a0umo\u017cliwia zrobienie zdj\u0119cia w momencie wywo\u0142ywania z panelu [&hellip;]<\/p>\n","protected":false},"featured_media":736,"comment_status":"open","ping_status":"closed","template":"","meta":[],"pwb-brand":[64],"product_brand":[],"product_cat":[62],"product_tag":[78,195],"class_list":{"0":"post-735","1":"product","2":"type-product","3":"status-publish","4":"has-post-thumbnail","6":"pwb-brand-nice","7":"product_cat-wideodomofony-2","8":"product_tag-nice-3","9":"product_tag-wideodomofon","11":"first","12":"instock","13":"taxable","14":"shipping-taxable","15":"purchasable","16":"product-type-simple"},"yoast_head":"<!-- This site is optimized with the Yoast SEO plugin v24.7 - https:\/\/yoast.com\/wordpress\/plugins\/seo\/ -->\n<title>NICE zestaw wideodomofonowy z dotykowym ekranem<\/title>\n<meta name=\"description\" content=\"NICE zestaw wideodomofonowy z dotykowym ekranem dla domu jednorodzinnego. Instalacja 2-\u017cy\u0142owa. Wifi. Dost\u0119p przez aplikacje na telefon.\" \/>\n<meta name=\"robots\" content=\"index, follow, max-snippet:-1, max-image-preview:large, max-video-preview:-1\" \/>\n<link rel=\"canonical\" href=\"https:\/\/sklep.bramywjazdowe.com.pl\/?product=nice-zestaw-wideodomofonowy-z-dotykowym-ekranem-dla-domu-jednorodzinnego\" \/>\n<meta property=\"og:locale\" content=\"pl_PL\" \/>\n<meta property=\"og:type\" content=\"article\" \/>\n<meta property=\"og:title\" content=\"NICE zestaw wideodomofonowy z dotykowym ekranem\" \/>\n<meta property=\"og:description\" content=\"NICE zestaw wideodomofonowy z dotykowym ekranem dla domu jednorodzinnego. Instalacja 2-\u017cy\u0142owa. Wifi. Dost\u0119p przez aplikacje na telefon.\" \/>\n<meta property=\"og:url\" content=\"https:\/\/sklep.bramywjazdowe.com.pl\/?product=nice-zestaw-wideodomofonowy-z-dotykowym-ekranem-dla-domu-jednorodzinnego\" \/>\n<meta property=\"article:modified_time\" content=\"2023-02-21T15:19:14+00:00\" \/>\n<meta property=\"og:image\" content=\"https:\/\/sklep.bramywjazdowe.com.pl\/wp-content\/uploads\/2023\/02\/NICE-PRO-TWO-KIT.jpg\" \/>\n\t<meta property=\"og:image:width\" content=\"600\" \/>\n\t<meta property=\"og:image:height\" content=\"600\" \/>\n\t<meta property=\"og:image:type\" content=\"image\/jpeg\" \/>\n<meta name=\"twitter:card\" content=\"summary_large_image\" \/>\n<meta name=\"twitter:label1\" content=\"Szacowany czas czytania\" \/>\n\t<meta name=\"twitter:data1\" content=\"2 minuty\" \/>\n<script type=\"application\/ld+json\" class=\"yoast-schema-graph\">{\"@context\":\"https:\/\/schema.org\",\"@graph\":[{\"@type\":\"WebPage\",\"@id\":\"https:\/\/sklep.bramywjazdowe.com.pl\/?product=nice-zestaw-wideodomofonowy-z-dotykowym-ekranem-dla-domu-jednorodzinnego\",\"url\":\"https:\/\/sklep.bramywjazdowe.com.pl\/?product=nice-zestaw-wideodomofonowy-z-dotykowym-ekranem-dla-domu-jednorodzinnego\",\"name\":\"NICE zestaw wideodomofonowy z dotykowym ekranem\",\"isPartOf\":{\"@id\":\"http:\/\/sklep.bramywjazdowe.com.pl\/#website\"},\"primaryImageOfPage\":{\"@id\":\"https:\/\/sklep.bramywjazdowe.com.pl\/?product=nice-zestaw-wideodomofonowy-z-dotykowym-ekranem-dla-domu-jednorodzinnego#primaryimage\"},\"image\":{\"@id\":\"https:\/\/sklep.bramywjazdowe.com.pl\/?product=nice-zestaw-wideodomofonowy-z-dotykowym-ekranem-dla-domu-jednorodzinnego#primaryimage\"},\"thumbnailUrl\":\"https:\/\/sklep.bramywjazdowe.com.pl\/wp-content\/uploads\/2023\/02\/NICE-PRO-TWO-KIT.jpg\",\"datePublished\":\"2023-02-21T15:10:04+00:00\",\"dateModified\":\"2023-02-21T15:19:14+00:00\",\"description\":\"NICE zestaw wideodomofonowy z dotykowym ekranem dla domu jednorodzinnego. Instalacja 2-\u017cy\u0142owa. Wifi. Dost\u0119p przez aplikacje na telefon.\",\"breadcrumb\":{\"@id\":\"https:\/\/sklep.bramywjazdowe.com.pl\/?product=nice-zestaw-wideodomofonowy-z-dotykowym-ekranem-dla-domu-jednorodzinnego#breadcrumb\"},\"inLanguage\":\"pl-PL\",\"potentialAction\":[{\"@type\":\"ReadAction\",\"target\":[\"https:\/\/sklep.bramywjazdowe.com.pl\/?product=nice-zestaw-wideodomofonowy-z-dotykowym-ekranem-dla-domu-jednorodzinnego\"]}]},{\"@type\":\"ImageObject\",\"inLanguage\":\"pl-PL\",\"@id\":\"https:\/\/sklep.bramywjazdowe.com.pl\/?product=nice-zestaw-wideodomofonowy-z-dotykowym-ekranem-dla-domu-jednorodzinnego#primaryimage\",\"url\":\"https:\/\/sklep.bramywjazdowe.com.pl\/wp-content\/uploads\/2023\/02\/NICE-PRO-TWO-KIT.jpg\",\"contentUrl\":\"https:\/\/sklep.bramywjazdowe.com.pl\/wp-content\/uploads\/2023\/02\/NICE-PRO-TWO-KIT.jpg\",\"width\":600,\"height\":600,\"caption\":\"NICE PRO TWO KIT wideodomofon\"},{\"@type\":\"BreadcrumbList\",\"@id\":\"https:\/\/sklep.bramywjazdowe.com.pl\/?product=nice-zestaw-wideodomofonowy-z-dotykowym-ekranem-dla-domu-jednorodzinnego#breadcrumb\",\"itemListElement\":[{\"@type\":\"ListItem\",\"position\":1,\"name\":\"Strona g\u0142\u00f3wna\",\"item\":\"http:\/\/sklep.bramywjazdowe.com.pl\/\"},{\"@type\":\"ListItem\",\"position\":2,\"name\":\"Produkty\",\"item\":\"http:\/\/sklep.bramywjazdowe.com.pl\/\"},{\"@type\":\"ListItem\",\"position\":3,\"name\":\"NICE &#8211; zestaw wideodomofonowy z dotykowym ekranem dla domu jednorodzinnego\"}]},{\"@type\":\"WebSite\",\"@id\":\"http:\/\/sklep.bramywjazdowe.com.pl\/#website\",\"url\":\"http:\/\/sklep.bramywjazdowe.com.pl\/\",\"name\":\"Sklep Trymer Tomasz Kucharski\",\"description\":\"\",\"publisher\":{\"@id\":\"http:\/\/sklep.bramywjazdowe.com.pl\/#organization\"},\"potentialAction\":[{\"@type\":\"SearchAction\",\"target\":{\"@type\":\"EntryPoint\",\"urlTemplate\":\"http:\/\/sklep.bramywjazdowe.com.pl\/?s={search_term_string}\"},\"query-input\":{\"@type\":\"PropertyValueSpecification\",\"valueRequired\":true,\"valueName\":\"search_term_string\"}}],\"inLanguage\":\"pl-PL\"},{\"@type\":\"Organization\",\"@id\":\"http:\/\/sklep.bramywjazdowe.com.pl\/#organization\",\"name\":\"TRYMER Tomasz Kucharski\",\"url\":\"http:\/\/sklep.bramywjazdowe.com.pl\/\",\"logo\":{\"@type\":\"ImageObject\",\"inLanguage\":\"pl-PL\",\"@id\":\"http:\/\/sklep.bramywjazdowe.com.pl\/#\/schema\/logo\/image\/\",\"url\":\"https:\/\/sklep.bramywjazdowe.com.pl\/wp-content\/uploads\/2022\/11\/logo-sklep-222.png\",\"contentUrl\":\"https:\/\/sklep.bramywjazdowe.com.pl\/wp-content\/uploads\/2022\/11\/logo-sklep-222.png\",\"width\":1200,\"height\":180,\"caption\":\"TRYMER Tomasz Kucharski\"},\"image\":{\"@id\":\"http:\/\/sklep.bramywjazdowe.com.pl\/#\/schema\/logo\/image\/\"}}]}<\/script>\n<!-- \/ Yoast SEO plugin. -->","yoast_head_json":{"title":"NICE zestaw wideodomofonowy z dotykowym ekranem","description":"NICE zestaw wideodomofonowy z dotykowym ekranem dla domu jednorodzinnego. Instalacja 2-\u017cy\u0142owa. Wifi. Dost\u0119p przez aplikacje na telefon.","robots":{"index":"index","follow":"follow","max-snippet":"max-snippet:-1","max-image-preview":"max-image-preview:large","max-video-preview":"max-video-preview:-1"},"canonical":"https:\/\/sklep.bramywjazdowe.com.pl\/?product=nice-zestaw-wideodomofonowy-z-dotykowym-ekranem-dla-domu-jednorodzinnego","og_locale":"pl_PL","og_type":"article","og_title":"NICE zestaw wideodomofonowy z dotykowym ekranem","og_description":"NICE zestaw wideodomofonowy z dotykowym ekranem dla domu jednorodzinnego. Instalacja 2-\u017cy\u0142owa. Wifi. Dost\u0119p przez aplikacje na telefon.","og_url":"https:\/\/sklep.bramywjazdowe.com.pl\/?product=nice-zestaw-wideodomofonowy-z-dotykowym-ekranem-dla-domu-jednorodzinnego","article_modified_time":"2023-02-21T15:19:14+00:00","og_image":[{"width":600,"height":600,"url":"https:\/\/sklep.bramywjazdowe.com.pl\/wp-content\/uploads\/2023\/02\/NICE-PRO-TWO-KIT.jpg","type":"image\/jpeg"}],"twitter_card":"summary_large_image","twitter_misc":{"Szacowany czas czytania":"2 minuty"},"schema":{"@context":"https:\/\/schema.org","@graph":[{"@type":"WebPage","@id":"https:\/\/sklep.bramywjazdowe.com.pl\/?product=nice-zestaw-wideodomofonowy-z-dotykowym-ekranem-dla-domu-jednorodzinnego","url":"https:\/\/sklep.bramywjazdowe.com.pl\/?product=nice-zestaw-wideodomofonowy-z-dotykowym-ekranem-dla-domu-jednorodzinnego","name":"NICE zestaw wideodomofonowy z dotykowym ekranem","isPartOf":{"@id":"http:\/\/sklep.bramywjazdowe.com.pl\/#website"},"primaryImageOfPage":{"@id":"https:\/\/sklep.bramywjazdowe.com.pl\/?product=nice-zestaw-wideodomofonowy-z-dotykowym-ekranem-dla-domu-jednorodzinnego#primaryimage"},"image":{"@id":"https:\/\/sklep.bramywjazdowe.com.pl\/?product=nice-zestaw-wideodomofonowy-z-dotykowym-ekranem-dla-domu-jednorodzinnego#primaryimage"},"thumbnailUrl":"https:\/\/sklep.bramywjazdowe.com.pl\/wp-content\/uploads\/2023\/02\/NICE-PRO-TWO-KIT.jpg","datePublished":"2023-02-21T15:10:04+00:00","dateModified":"2023-02-21T15:19:14+00:00","description":"NICE zestaw wideodomofonowy z dotykowym ekranem dla domu jednorodzinnego. Instalacja 2-\u017cy\u0142owa. Wifi. Dost\u0119p przez aplikacje na telefon.","breadcrumb":{"@id":"https:\/\/sklep.bramywjazdowe.com.pl\/?product=nice-zestaw-wideodomofonowy-z-dotykowym-ekranem-dla-domu-jednorodzinnego#breadcrumb"},"inLanguage":"pl-PL","potentialAction":[{"@type":"ReadAction","target":["https:\/\/sklep.bramywjazdowe.com.pl\/?product=nice-zestaw-wideodomofonowy-z-dotykowym-ekranem-dla-domu-jednorodzinnego"]}]},{"@type":"ImageObject","inLanguage":"pl-PL","@id":"https:\/\/sklep.bramywjazdowe.com.pl\/?product=nice-zestaw-wideodomofonowy-z-dotykowym-ekranem-dla-domu-jednorodzinnego#primaryimage","url":"https:\/\/sklep.bramywjazdowe.com.pl\/wp-content\/uploads\/2023\/02\/NICE-PRO-TWO-KIT.jpg","contentUrl":"https:\/\/sklep.bramywjazdowe.com.pl\/wp-content\/uploads\/2023\/02\/NICE-PRO-TWO-KIT.jpg","width":600,"height":600,"caption":"NICE PRO TWO KIT wideodomofon"},{"@type":"BreadcrumbList","@id":"https:\/\/sklep.bramywjazdowe.com.pl\/?product=nice-zestaw-wideodomofonowy-z-dotykowym-ekranem-dla-domu-jednorodzinnego#breadcrumb","itemListElement":[{"@type":"ListItem","position":1,"name":"Strona g\u0142\u00f3wna","item":"http:\/\/sklep.bramywjazdowe.com.pl\/"},{"@type":"ListItem","position":2,"name":"Produkty","item":"http:\/\/sklep.bramywjazdowe.com.pl\/"},{"@type":"ListItem","position":3,"name":"NICE &#8211; zestaw wideodomofonowy z dotykowym ekranem dla domu jednorodzinnego"}]},{"@type":"WebSite","@id":"http:\/\/sklep.bramywjazdowe.com.pl\/#website","url":"http:\/\/sklep.bramywjazdowe.com.pl\/","name":"Sklep Trymer Tomasz Kucharski","description":"","publisher":{"@id":"http:\/\/sklep.bramywjazdowe.com.pl\/#organization"},"potentialAction":[{"@type":"SearchAction","target":{"@type":"EntryPoint","urlTemplate":"http:\/\/sklep.bramywjazdowe.com.pl\/?s={search_term_string}"},"query-input":{"@type":"PropertyValueSpecification","valueRequired":true,"valueName":"search_term_string"}}],"inLanguage":"pl-PL"},{"@type":"Organization","@id":"http:\/\/sklep.bramywjazdowe.com.pl\/#organization","name":"TRYMER Tomasz Kucharski","url":"http:\/\/sklep.bramywjazdowe.com.pl\/","logo":{"@type":"ImageObject","inLanguage":"pl-PL","@id":"http:\/\/sklep.bramywjazdowe.com.pl\/#\/schema\/logo\/image\/","url":"https:\/\/sklep.bramywjazdowe.com.pl\/wp-content\/uploads\/2022\/11\/logo-sklep-222.png","contentUrl":"https:\/\/sklep.bramywjazdowe.com.pl\/wp-content\/uploads\/2022\/11\/logo-sklep-222.png","width":1200,"height":180,"caption":"TRYMER Tomasz Kucharski"},"image":{"@id":"http:\/\/sklep.bramywjazdowe.com.pl\/#\/schema\/logo\/image\/"}}]}},"brands":[{"id":64,"name":"NICE","slug":"nice"}],"_links":{"self":[{"href":"https:\/\/sklep.bramywjazdowe.com.pl\/index.php?rest_route=\/wp\/v2\/product\/735","targetHints":{"allow":["GET"]}}],"collection":[{"href":"https:\/\/sklep.bramywjazdowe.com.pl\/index.php?rest_route=\/wp\/v2\/product"}],"about":[{"href":"https:\/\/sklep.bramywjazdowe.com.pl\/index.php?rest_route=\/wp\/v2\/types\/product"}],"replies":[{"embeddable":true,"href":"https:\/\/sklep.bramywjazdowe.com.pl\/index.php?rest_route=%2Fwp%2Fv2%2Fcomments&post=735"}],"wp:featuredmedia":[{"embeddable":true,"href":"https:\/\/sklep.bramywjazdowe.com.pl\/index.php?rest_route=\/wp\/v2\/media\/736"}],"wp:attachment":[{"href":"https:\/\/sklep.bramywjazdowe.com.pl\/index.php?rest_route=%2Fwp%2Fv2%2Fmedia&parent=735"}],"wp:term":[{"taxonomy":"pwb-brand","embeddable":true,"href":"https:\/\/sklep.bramywjazdowe.com.pl\/index.php?rest_route=%2Fwp%2Fv2%2Fpwb-brand&post=735"},{"taxonomy":"product_brand","embeddable":true,"href":"https:\/\/sklep.bramywjazdowe.com.pl\/index.php?rest_route=%2Fwp%2Fv2%2Fproduct_brand&post=735"},{"taxonomy":"product_cat","embeddable":true,"href":"https:\/\/sklep.bramywjazdowe.com.pl\/index.php?rest_route=%2Fwp%2Fv2%2Fproduct_cat&post=735"},{"taxonomy":"product_tag","embeddable":true,"href":"https:\/\/sklep.bramywjazdowe.com.pl\/index.php?rest_route=%2Fwp%2Fv2%2Fproduct_tag&post=735"}],"curies":[{"name":"wp","href":"https:\/\/api.w.org\/{rel}","templated":true}]}}