{"id":759,"date":"2023-03-05T18:02:14","date_gmt":"2023-03-05T17:02:14","guid":{"rendered":"http:\/\/sklep.bramywjazdowe.com.pl\/?post_type=product&#038;p=759"},"modified":"2023-03-05T18:18:51","modified_gmt":"2023-03-05T17:18:51","slug":"proxima-fotokomorki-pfa-obrotowe-z-lampa-ostrzegawcza-biala","status":"publish","type":"product","link":"https:\/\/sklep.bramywjazdowe.com.pl\/?product=proxima-fotokomorki-pfa-obrotowe-z-lampa-ostrzegawcza-biala","title":{"rendered":"PROXIMA &#8211; Fotokom\u00f3rki PFA obrotowe, z lamp\u0105 ostrzegawcz\u0105 bia\u0142\u0105"},"content":{"rendered":"<p>PROXIMA &#8211; Fotokom\u00f3rki PFA obrotowe, z lamp\u0105 ostrzegawcz\u0105 bia\u0142\u0105<\/p>\n<p>PARAMETRY PODSTAWOWE:<\/p>\n<ul>\n<li>Zasilanie: 12 &#8211; 24V AC\/DC<\/li>\n<li>Maksymalny pob\u00f3r pr\u0105du nadajnika: 12V- 22mA, 24V- 12mA<\/li>\n<li>Maksymalny pob\u00f3r pr\u0105du odbiornika: 12V- 12mA, 24V- 7mA<\/li>\n<li>Sygna\u0142 wyj\u015bcia: 30V DC, 0,5 A<\/li>\n<li>D\u0142ugo\u015b\u0107 fali: 950 nm<\/li>\n<li>K\u0105t nadawania i odbioru: +\/- 5\u00b0, obr\u00f3t 190\u00b0<\/li>\n<li>Maksymalny zasi\u0119g dzia\u0142ania: 15 m<\/li>\n<li>Klasa szczelno\u015bci:\u00a0IP54<\/li>\n<li>Liczba kana\u0142\u00f3w antykolizyjnych:\u00a04<\/li>\n<li>Kolor \u015bwiat\u0142a LED: pomara\u0144czowy<\/li>\n<li>Kolor tworzywa na obudowie: bia\u0142y lub pomara\u0144czowy<\/li>\n<li>Wymiary: 50 x 127 x 28 mm<\/li>\n<li>Waga:\u00a0150 g<\/li>\n<\/ul>\n<p>FUNKCJONALNO\u015a\u0106:<\/p>\n<ul>\n<li>Obrotowa\u00a0(190\u00b0) konstrukcja fotokom\u00f3rki umo\u017cliwia jej monta\u017c w \u015bwietle oraz poza \u015bwiat\u0142em bramy.<\/li>\n<li>\u015awiat\u0142o LED\u00a0pomagaj\u0105ce oceni\u0107 \u015bwiat\u0142o bramy i wyra\u017anie sygnalizuj\u0105ce jej ruch.<\/li>\n<li>Cztery moce nadawania\u00a0fotokom\u00f3rki umo\u017cliwiaj\u0105 jej stosowanie dla bram o r\u00f3\u017cnej szeroko\u015bci i pomagaj\u0105 unika\u0107 potencjalnych problem\u00f3w z odbiciami.<\/li>\n<li>Antykolizyjno\u015b\u0107,\u00a0cztery kana\u0142y pracy\u00a0&#8211; odbiornik fotokom\u00f3rki analizuje promieniowanie podczerwone pochodz\u0105ce tylko z nadajnika pracuj\u0105cego na tym samym kanale co odbiornik mimo, \u017ce mog\u0105 dociera\u0107 do niego nawet trzy dodatkowe sygna\u0142y zak\u0142\u00f3caj\u0105ce pochodz\u0105ce z pozosta\u0142ych nadajnik\u00f3w pracuj\u0105cych na innych kana\u0142ach.<\/li>\n<li>Dioda LED odbiornika pomaga b\u0142yskami ustali\u0107 granic\u0119 zasi\u0119gu, umo\u017cliwia wsp\u00f3\u0142osiowo umie\u015bci\u0107 nadajnik i odbiornik.<\/li>\n<li>Posiada uk\u0142ad ustawiaj\u0105cy wyj\u015bcie odbiornika w stan naruszony\u00a0po awarii mikroprocesora\u00a0odbiornika.<\/li>\n<\/ul>\n","protected":false},"excerpt":{"rendered":"<p>PROXIMA &#8211; Fotokom\u00f3rki PFA obrotowe, z lamp\u0105 ostrzegawcz\u0105 bia\u0142\u0105 PARAMETRY PODSTAWOWE: Zasilanie: 12 &#8211; 24V AC\/DC Maksymalny pob\u00f3r pr\u0105du nadajnika: 12V- 22mA, 24V- 12mA Maksymalny pob\u00f3r pr\u0105du odbiornika: 12V- 12mA, 24V- 7mA Sygna\u0142 wyj\u015bcia: 30V DC, 0,5 A D\u0142ugo\u015b\u0107 fali: 950 nm K\u0105t nadawania i odbioru: +\/- 5\u00b0, obr\u00f3t 190\u00b0 Maksymalny zasi\u0119g dzia\u0142ania: 15 m [&hellip;]<\/p>\n","protected":false},"featured_media":753,"comment_status":"open","ping_status":"closed","template":"","meta":[],"pwb-brand":[90],"product_brand":[],"product_cat":[45,46],"product_tag":[86,92,196,91],"class_list":{"0":"post-759","1":"product","2":"type-product","3":"status-publish","4":"has-post-thumbnail","6":"pwb-brand-proxima","7":"product_cat-akcesoria-2","8":"product_cat-fotokomorki-2","9":"product_tag-fotokomorki","10":"product_tag-lampa-ostrzegawcza","11":"product_tag-pfa","12":"product_tag-proxima-2","14":"first","15":"instock","16":"taxable","17":"shipping-taxable","18":"purchasable","19":"product-type-simple"},"yoast_head":"<!-- This site is optimized with the Yoast SEO plugin v24.7 - https:\/\/yoast.com\/wordpress\/plugins\/seo\/ -->\n<title>PROXIMA - Fotokom\u00f3rki PFA obrotowe, z lamp\u0105 ostrzegawcz\u0105<\/title>\n<meta name=\"description\" content=\"PROXIMA - Fotokom\u00f3rki PFA obrotowe, z lamp\u0105 ostrzegawcz\u0105 bia\u0142\u0105. Antykolizyjna. Automatyka do bram sprzeda\u017c, monta\u017c, serwis.\" \/>\n<meta name=\"robots\" content=\"index, follow, max-snippet:-1, max-image-preview:large, max-video-preview:-1\" \/>\n<link rel=\"canonical\" href=\"https:\/\/sklep.bramywjazdowe.com.pl\/?product=proxima-fotokomorki-pfa-obrotowe-z-lampa-ostrzegawcza-biala\" \/>\n<meta property=\"og:locale\" content=\"pl_PL\" \/>\n<meta property=\"og:type\" content=\"article\" \/>\n<meta property=\"og:title\" content=\"PROXIMA - Fotokom\u00f3rki PFA obrotowe, z lamp\u0105 ostrzegawcz\u0105\" \/>\n<meta property=\"og:description\" content=\"PROXIMA - Fotokom\u00f3rki PFA obrotowe, z lamp\u0105 ostrzegawcz\u0105 bia\u0142\u0105. Antykolizyjna. Automatyka do bram sprzeda\u017c, monta\u017c, serwis.\" \/>\n<meta property=\"og:url\" content=\"https:\/\/sklep.bramywjazdowe.com.pl\/?product=proxima-fotokomorki-pfa-obrotowe-z-lampa-ostrzegawcza-biala\" \/>\n<meta property=\"article:modified_time\" content=\"2023-03-05T17:18:51+00:00\" \/>\n<meta property=\"og:image\" content=\"https:\/\/sklep.bramywjazdowe.com.pl\/wp-content\/uploads\/2023\/03\/PROXIMA-fotokomorka-PFA-biala.jpg\" \/>\n\t<meta property=\"og:image:width\" content=\"600\" \/>\n\t<meta property=\"og:image:height\" content=\"600\" \/>\n\t<meta property=\"og:image:type\" content=\"image\/jpeg\" \/>\n<meta name=\"twitter:card\" content=\"summary_large_image\" \/>\n<meta name=\"twitter:label1\" content=\"Szacowany czas czytania\" \/>\n\t<meta name=\"twitter:data1\" content=\"2 minuty\" \/>\n<script type=\"application\/ld+json\" class=\"yoast-schema-graph\">{\"@context\":\"https:\/\/schema.org\",\"@graph\":[{\"@type\":\"WebPage\",\"@id\":\"https:\/\/sklep.bramywjazdowe.com.pl\/?product=proxima-fotokomorki-pfa-obrotowe-z-lampa-ostrzegawcza-biala\",\"url\":\"https:\/\/sklep.bramywjazdowe.com.pl\/?product=proxima-fotokomorki-pfa-obrotowe-z-lampa-ostrzegawcza-biala\",\"name\":\"PROXIMA - Fotokom\u00f3rki PFA obrotowe, z lamp\u0105 ostrzegawcz\u0105\",\"isPartOf\":{\"@id\":\"http:\/\/sklep.bramywjazdowe.com.pl\/#website\"},\"primaryImageOfPage\":{\"@id\":\"https:\/\/sklep.bramywjazdowe.com.pl\/?product=proxima-fotokomorki-pfa-obrotowe-z-lampa-ostrzegawcza-biala#primaryimage\"},\"image\":{\"@id\":\"https:\/\/sklep.bramywjazdowe.com.pl\/?product=proxima-fotokomorki-pfa-obrotowe-z-lampa-ostrzegawcza-biala#primaryimage\"},\"thumbnailUrl\":\"https:\/\/sklep.bramywjazdowe.com.pl\/wp-content\/uploads\/2023\/03\/PROXIMA-fotokomorka-PFA-biala.jpg\",\"datePublished\":\"2023-03-05T17:02:14+00:00\",\"dateModified\":\"2023-03-05T17:18:51+00:00\",\"description\":\"PROXIMA - Fotokom\u00f3rki PFA obrotowe, z lamp\u0105 ostrzegawcz\u0105 bia\u0142\u0105. Antykolizyjna. Automatyka do bram sprzeda\u017c, monta\u017c, serwis.\",\"breadcrumb\":{\"@id\":\"https:\/\/sklep.bramywjazdowe.com.pl\/?product=proxima-fotokomorki-pfa-obrotowe-z-lampa-ostrzegawcza-biala#breadcrumb\"},\"inLanguage\":\"pl-PL\",\"potentialAction\":[{\"@type\":\"ReadAction\",\"target\":[\"https:\/\/sklep.bramywjazdowe.com.pl\/?product=proxima-fotokomorki-pfa-obrotowe-z-lampa-ostrzegawcza-biala\"]}]},{\"@type\":\"ImageObject\",\"inLanguage\":\"pl-PL\",\"@id\":\"https:\/\/sklep.bramywjazdowe.com.pl\/?product=proxima-fotokomorki-pfa-obrotowe-z-lampa-ostrzegawcza-biala#primaryimage\",\"url\":\"https:\/\/sklep.bramywjazdowe.com.pl\/wp-content\/uploads\/2023\/03\/PROXIMA-fotokomorka-PFA-biala.jpg\",\"contentUrl\":\"https:\/\/sklep.bramywjazdowe.com.pl\/wp-content\/uploads\/2023\/03\/PROXIMA-fotokomorka-PFA-biala.jpg\",\"width\":600,\"height\":600,\"caption\":\"PROXIMA fotokom\u00f3rka PFA bia\u0142a\"},{\"@type\":\"BreadcrumbList\",\"@id\":\"https:\/\/sklep.bramywjazdowe.com.pl\/?product=proxima-fotokomorki-pfa-obrotowe-z-lampa-ostrzegawcza-biala#breadcrumb\",\"itemListElement\":[{\"@type\":\"ListItem\",\"position\":1,\"name\":\"Strona g\u0142\u00f3wna\",\"item\":\"http:\/\/sklep.bramywjazdowe.com.pl\/\"},{\"@type\":\"ListItem\",\"position\":2,\"name\":\"Produkty\",\"item\":\"http:\/\/sklep.bramywjazdowe.com.pl\/\"},{\"@type\":\"ListItem\",\"position\":3,\"name\":\"PROXIMA &#8211; Fotokom\u00f3rki PFA obrotowe, z lamp\u0105 ostrzegawcz\u0105 bia\u0142\u0105\"}]},{\"@type\":\"WebSite\",\"@id\":\"http:\/\/sklep.bramywjazdowe.com.pl\/#website\",\"url\":\"http:\/\/sklep.bramywjazdowe.com.pl\/\",\"name\":\"Sklep Trymer Tomasz Kucharski\",\"description\":\"\",\"publisher\":{\"@id\":\"http:\/\/sklep.bramywjazdowe.com.pl\/#organization\"},\"potentialAction\":[{\"@type\":\"SearchAction\",\"target\":{\"@type\":\"EntryPoint\",\"urlTemplate\":\"http:\/\/sklep.bramywjazdowe.com.pl\/?s={search_term_string}\"},\"query-input\":{\"@type\":\"PropertyValueSpecification\",\"valueRequired\":true,\"valueName\":\"search_term_string\"}}],\"inLanguage\":\"pl-PL\"},{\"@type\":\"Organization\",\"@id\":\"http:\/\/sklep.bramywjazdowe.com.pl\/#organization\",\"name\":\"TRYMER Tomasz Kucharski\",\"url\":\"http:\/\/sklep.bramywjazdowe.com.pl\/\",\"logo\":{\"@type\":\"ImageObject\",\"inLanguage\":\"pl-PL\",\"@id\":\"http:\/\/sklep.bramywjazdowe.com.pl\/#\/schema\/logo\/image\/\",\"url\":\"https:\/\/sklep.bramywjazdowe.com.pl\/wp-content\/uploads\/2022\/11\/logo-sklep-222.png\",\"contentUrl\":\"https:\/\/sklep.bramywjazdowe.com.pl\/wp-content\/uploads\/2022\/11\/logo-sklep-222.png\",\"width\":1200,\"height\":180,\"caption\":\"TRYMER Tomasz Kucharski\"},\"image\":{\"@id\":\"http:\/\/sklep.bramywjazdowe.com.pl\/#\/schema\/logo\/image\/\"}}]}<\/script>\n<!-- \/ Yoast SEO plugin. -->","yoast_head_json":{"title":"PROXIMA - Fotokom\u00f3rki PFA obrotowe, z lamp\u0105 ostrzegawcz\u0105","description":"PROXIMA - Fotokom\u00f3rki PFA obrotowe, z lamp\u0105 ostrzegawcz\u0105 bia\u0142\u0105. Antykolizyjna. Automatyka do bram sprzeda\u017c, monta\u017c, serwis.","robots":{"index":"index","follow":"follow","max-snippet":"max-snippet:-1","max-image-preview":"max-image-preview:large","max-video-preview":"max-video-preview:-1"},"canonical":"https:\/\/sklep.bramywjazdowe.com.pl\/?product=proxima-fotokomorki-pfa-obrotowe-z-lampa-ostrzegawcza-biala","og_locale":"pl_PL","og_type":"article","og_title":"PROXIMA - Fotokom\u00f3rki PFA obrotowe, z lamp\u0105 ostrzegawcz\u0105","og_description":"PROXIMA - Fotokom\u00f3rki PFA obrotowe, z lamp\u0105 ostrzegawcz\u0105 bia\u0142\u0105. Antykolizyjna. Automatyka do bram sprzeda\u017c, monta\u017c, serwis.","og_url":"https:\/\/sklep.bramywjazdowe.com.pl\/?product=proxima-fotokomorki-pfa-obrotowe-z-lampa-ostrzegawcza-biala","article_modified_time":"2023-03-05T17:18:51+00:00","og_image":[{"width":600,"height":600,"url":"https:\/\/sklep.bramywjazdowe.com.pl\/wp-content\/uploads\/2023\/03\/PROXIMA-fotokomorka-PFA-biala.jpg","type":"image\/jpeg"}],"twitter_card":"summary_large_image","twitter_misc":{"Szacowany czas czytania":"2 minuty"},"schema":{"@context":"https:\/\/schema.org","@graph":[{"@type":"WebPage","@id":"https:\/\/sklep.bramywjazdowe.com.pl\/?product=proxima-fotokomorki-pfa-obrotowe-z-lampa-ostrzegawcza-biala","url":"https:\/\/sklep.bramywjazdowe.com.pl\/?product=proxima-fotokomorki-pfa-obrotowe-z-lampa-ostrzegawcza-biala","name":"PROXIMA - Fotokom\u00f3rki PFA obrotowe, z lamp\u0105 ostrzegawcz\u0105","isPartOf":{"@id":"http:\/\/sklep.bramywjazdowe.com.pl\/#website"},"primaryImageOfPage":{"@id":"https:\/\/sklep.bramywjazdowe.com.pl\/?product=proxima-fotokomorki-pfa-obrotowe-z-lampa-ostrzegawcza-biala#primaryimage"},"image":{"@id":"https:\/\/sklep.bramywjazdowe.com.pl\/?product=proxima-fotokomorki-pfa-obrotowe-z-lampa-ostrzegawcza-biala#primaryimage"},"thumbnailUrl":"https:\/\/sklep.bramywjazdowe.com.pl\/wp-content\/uploads\/2023\/03\/PROXIMA-fotokomorka-PFA-biala.jpg","datePublished":"2023-03-05T17:02:14+00:00","dateModified":"2023-03-05T17:18:51+00:00","description":"PROXIMA - Fotokom\u00f3rki PFA obrotowe, z lamp\u0105 ostrzegawcz\u0105 bia\u0142\u0105. Antykolizyjna. Automatyka do bram sprzeda\u017c, monta\u017c, serwis.","breadcrumb":{"@id":"https:\/\/sklep.bramywjazdowe.com.pl\/?product=proxima-fotokomorki-pfa-obrotowe-z-lampa-ostrzegawcza-biala#breadcrumb"},"inLanguage":"pl-PL","potentialAction":[{"@type":"ReadAction","target":["https:\/\/sklep.bramywjazdowe.com.pl\/?product=proxima-fotokomorki-pfa-obrotowe-z-lampa-ostrzegawcza-biala"]}]},{"@type":"ImageObject","inLanguage":"pl-PL","@id":"https:\/\/sklep.bramywjazdowe.com.pl\/?product=proxima-fotokomorki-pfa-obrotowe-z-lampa-ostrzegawcza-biala#primaryimage","url":"https:\/\/sklep.bramywjazdowe.com.pl\/wp-content\/uploads\/2023\/03\/PROXIMA-fotokomorka-PFA-biala.jpg","contentUrl":"https:\/\/sklep.bramywjazdowe.com.pl\/wp-content\/uploads\/2023\/03\/PROXIMA-fotokomorka-PFA-biala.jpg","width":600,"height":600,"caption":"PROXIMA fotokom\u00f3rka PFA bia\u0142a"},{"@type":"BreadcrumbList","@id":"https:\/\/sklep.bramywjazdowe.com.pl\/?product=proxima-fotokomorki-pfa-obrotowe-z-lampa-ostrzegawcza-biala#breadcrumb","itemListElement":[{"@type":"ListItem","position":1,"name":"Strona g\u0142\u00f3wna","item":"http:\/\/sklep.bramywjazdowe.com.pl\/"},{"@type":"ListItem","position":2,"name":"Produkty","item":"http:\/\/sklep.bramywjazdowe.com.pl\/"},{"@type":"ListItem","position":3,"name":"PROXIMA &#8211; Fotokom\u00f3rki PFA obrotowe, z lamp\u0105 ostrzegawcz\u0105 bia\u0142\u0105"}]},{"@type":"WebSite","@id":"http:\/\/sklep.bramywjazdowe.com.pl\/#website","url":"http:\/\/sklep.bramywjazdowe.com.pl\/","name":"Sklep Trymer Tomasz Kucharski","description":"","publisher":{"@id":"http:\/\/sklep.bramywjazdowe.com.pl\/#organization"},"potentialAction":[{"@type":"SearchAction","target":{"@type":"EntryPoint","urlTemplate":"http:\/\/sklep.bramywjazdowe.com.pl\/?s={search_term_string}"},"query-input":{"@type":"PropertyValueSpecification","valueRequired":true,"valueName":"search_term_string"}}],"inLanguage":"pl-PL"},{"@type":"Organization","@id":"http:\/\/sklep.bramywjazdowe.com.pl\/#organization","name":"TRYMER Tomasz Kucharski","url":"http:\/\/sklep.bramywjazdowe.com.pl\/","logo":{"@type":"ImageObject","inLanguage":"pl-PL","@id":"http:\/\/sklep.bramywjazdowe.com.pl\/#\/schema\/logo\/image\/","url":"https:\/\/sklep.bramywjazdowe.com.pl\/wp-content\/uploads\/2022\/11\/logo-sklep-222.png","contentUrl":"https:\/\/sklep.bramywjazdowe.com.pl\/wp-content\/uploads\/2022\/11\/logo-sklep-222.png","width":1200,"height":180,"caption":"TRYMER Tomasz Kucharski"},"image":{"@id":"http:\/\/sklep.bramywjazdowe.com.pl\/#\/schema\/logo\/image\/"}}]}},"brands":[{"id":90,"name":"PROXIMA","slug":"proxima"}],"_links":{"self":[{"href":"https:\/\/sklep.bramywjazdowe.com.pl\/index.php?rest_route=\/wp\/v2\/product\/759","targetHints":{"allow":["GET"]}}],"collection":[{"href":"https:\/\/sklep.bramywjazdowe.com.pl\/index.php?rest_route=\/wp\/v2\/product"}],"about":[{"href":"https:\/\/sklep.bramywjazdowe.com.pl\/index.php?rest_route=\/wp\/v2\/types\/product"}],"replies":[{"embeddable":true,"href":"https:\/\/sklep.bramywjazdowe.com.pl\/index.php?rest_route=%2Fwp%2Fv2%2Fcomments&post=759"}],"wp:featuredmedia":[{"embeddable":true,"href":"https:\/\/sklep.bramywjazdowe.com.pl\/index.php?rest_route=\/wp\/v2\/media\/753"}],"wp:attachment":[{"href":"https:\/\/sklep.bramywjazdowe.com.pl\/index.php?rest_route=%2Fwp%2Fv2%2Fmedia&parent=759"}],"wp:term":[{"taxonomy":"pwb-brand","embeddable":true,"href":"https:\/\/sklep.bramywjazdowe.com.pl\/index.php?rest_route=%2Fwp%2Fv2%2Fpwb-brand&post=759"},{"taxonomy":"product_brand","embeddable":true,"href":"https:\/\/sklep.bramywjazdowe.com.pl\/index.php?rest_route=%2Fwp%2Fv2%2Fproduct_brand&post=759"},{"taxonomy":"product_cat","embeddable":true,"href":"https:\/\/sklep.bramywjazdowe.com.pl\/index.php?rest_route=%2Fwp%2Fv2%2Fproduct_cat&post=759"},{"taxonomy":"product_tag","embeddable":true,"href":"https:\/\/sklep.bramywjazdowe.com.pl\/index.php?rest_route=%2Fwp%2Fv2%2Fproduct_tag&post=759"}],"curies":[{"name":"wp","href":"https:\/\/api.w.org\/{rel}","templated":true}]}}