{"id":760,"date":"2023-03-05T18:03:15","date_gmt":"2023-03-05T17:03:15","guid":{"rendered":"http:\/\/sklep.bramywjazdowe.com.pl\/?post_type=product&#038;p=760"},"modified":"2023-03-05T18:19:17","modified_gmt":"2023-03-05T17:19:17","slug":"proxima-fotokomorki-psa-obrotowe","status":"publish","type":"product","link":"https:\/\/sklep.bramywjazdowe.com.pl\/?product=proxima-fotokomorki-psa-obrotowe","title":{"rendered":"PROXIMA &#8211; Fotokom\u00f3rki PSA obrotowe"},"content":{"rendered":"<p>PROXIMA &#8211; Fotokom\u00f3rki PSA obrotowe<\/p>\n<p>PARAMETRY PODSTAWOWE:<\/p>\n<ul>\n<li>Zasilanie: 12 &#8211; 24V AC\/DC<\/li>\n<li>Maksymalny pob\u00f3r pr\u0105du nadajnika: 12V- 22mA, 24V- 12mA<\/li>\n<li>Maksymalny pob\u00f3r pr\u0105du odbiornika: 12V- 12mA, 24V- 7mA<\/li>\n<li>Sygna\u0142 wyj\u015bcia: 30V DC, 0,5 A<\/li>\n<li>D\u0142ugo\u015b\u0107 fali: 950 nm<\/li>\n<li>K\u0105t nadawania i odbioru: +\/- 5\u00b0, obr\u00f3t 190\u00b0<\/li>\n<li>Maksymalny zasi\u0119g dzia\u0142ania: 15 m<\/li>\n<li>Klasa szczelno\u015bci:\u00a0IP54<\/li>\n<li>Liczba kana\u0142\u00f3w antykolizyjnych:\u00a04<\/li>\n<li>Wymiary: 50 x 127 x 28 mm<\/li>\n<li>Waga: 133 g<\/li>\n<\/ul>\n<p>FUNKCJONALNO\u015a\u0106:<\/p>\n<ul>\n<li>Obrotowa\u00a0(190\u00b0) konstrukcja fotokom\u00f3rki umo\u017cliwia jej monta\u017c w \u015bwietle oraz poza \u015bwiat\u0142em bramy.<\/li>\n<li>Cztery moce nadawania\u00a0fotokom\u00f3rki umo\u017cliwiaj\u0105 jej stosowanie dla bram o r\u00f3\u017cnej szeroko\u015bci i pomagaj\u0105 unika\u0107 potencjalnych problem\u00f3w z odbiciami.<\/li>\n<li>Antykolizyjno\u015b\u0107,\u00a0cztery kana\u0142y pracy\u00a0&#8211; odbiornik fotokom\u00f3rki analizuje promieniowanie podczerwone pochodz\u0105ce tylko z nadajnika pracuj\u0105cego na tym samym kanale co odbiornik mimo, \u017ce mog\u0105 dociera\u0107 do niego nawet trzy dodatkowe sygna\u0142y zak\u0142\u00f3caj\u0105ce pochodz\u0105ce z pozosta\u0142ych nadajnik\u00f3w pracuj\u0105cych na innych kana\u0142ach.<\/li>\n<li>Dioda LED odbiornika pomaga b\u0142yskami ustali\u0107 granic\u0119 zasi\u0119gu, umo\u017cliwia wsp\u00f3\u0142osiowo umie\u015bci\u0107 nadajnik i odbiornik.<\/li>\n<li>Posiada uk\u0142ad ustawiaj\u0105cy wyj\u015bcie odbiornika w stan naruszony\u00a0po awarii mikroprocesora\u00a0odbiornika.<\/li>\n<\/ul>\n","protected":false},"excerpt":{"rendered":"<p>PROXIMA &#8211; Fotokom\u00f3rki PSA obrotowe PARAMETRY PODSTAWOWE: Zasilanie: 12 &#8211; 24V AC\/DC Maksymalny pob\u00f3r pr\u0105du nadajnika: 12V- 22mA, 24V- 12mA Maksymalny pob\u00f3r pr\u0105du odbiornika: 12V- 12mA, 24V- 7mA Sygna\u0142 wyj\u015bcia: 30V DC, 0,5 A D\u0142ugo\u015b\u0107 fali: 950 nm K\u0105t nadawania i odbioru: +\/- 5\u00b0, obr\u00f3t 190\u00b0 Maksymalny zasi\u0119g dzia\u0142ania: 15 m Klasa szczelno\u015bci:\u00a0IP54 Liczba kana\u0142\u00f3w [&hellip;]<\/p>\n","protected":false},"featured_media":755,"comment_status":"open","ping_status":"closed","template":"","meta":[],"pwb-brand":[90],"product_brand":[],"product_cat":[45,46],"product_tag":[86,92,91,197],"class_list":{"0":"post-760","1":"product","2":"type-product","3":"status-publish","4":"has-post-thumbnail","6":"pwb-brand-proxima","7":"product_cat-akcesoria-2","8":"product_cat-fotokomorki-2","9":"product_tag-fotokomorki","10":"product_tag-lampa-ostrzegawcza","11":"product_tag-proxima-2","12":"product_tag-psa","14":"first","15":"instock","16":"taxable","17":"shipping-taxable","18":"purchasable","19":"product-type-simple"},"yoast_head":"<!-- This site is optimized with the Yoast SEO plugin v24.7 - https:\/\/yoast.com\/wordpress\/plugins\/seo\/ -->\n<title>PROXIMA Fotokom\u00f3rki PSA obrotowe<\/title>\n<meta name=\"description\" content=\"PROXIMA Fotokom\u00f3rki PSA obrotowe. Antykolizyjna. Automatyka do bram sprzeda\u017c, monta\u017c, serwis.\" \/>\n<meta name=\"robots\" content=\"index, follow, max-snippet:-1, max-image-preview:large, max-video-preview:-1\" \/>\n<link rel=\"canonical\" href=\"http:\/\/sklep.bramywjazdowe.com.pl\/?product=proxima-fotokomorki-psa-obrotowe\" \/>\n<meta property=\"og:locale\" content=\"pl_PL\" \/>\n<meta property=\"og:type\" content=\"article\" \/>\n<meta property=\"og:title\" content=\"PROXIMA Fotokom\u00f3rki PSA obrotowe\" \/>\n<meta property=\"og:description\" content=\"PROXIMA Fotokom\u00f3rki PSA obrotowe. Antykolizyjna. Automatyka do bram sprzeda\u017c, monta\u017c, serwis.\" \/>\n<meta property=\"og:url\" content=\"http:\/\/sklep.bramywjazdowe.com.pl\/?product=proxima-fotokomorki-psa-obrotowe\" \/>\n<meta property=\"article:modified_time\" content=\"2023-03-05T17:19:17+00:00\" \/>\n<meta property=\"og:image\" content=\"http:\/\/sklep.bramywjazdowe.com.pl\/wp-content\/uploads\/2023\/03\/PROXIMA-fotokomorka-PSA.jpg\" \/>\n\t<meta property=\"og:image:width\" content=\"768\" \/>\n\t<meta property=\"og:image:height\" content=\"768\" \/>\n\t<meta property=\"og:image:type\" content=\"image\/jpeg\" \/>\n<meta name=\"twitter:card\" content=\"summary_large_image\" \/>\n<meta name=\"twitter:label1\" content=\"Szacowany czas czytania\" \/>\n\t<meta name=\"twitter:data1\" content=\"1 minuta\" \/>\n<script type=\"application\/ld+json\" class=\"yoast-schema-graph\">{\"@context\":\"https:\/\/schema.org\",\"@graph\":[{\"@type\":\"WebPage\",\"@id\":\"http:\/\/sklep.bramywjazdowe.com.pl\/?product=proxima-fotokomorki-psa-obrotowe\",\"url\":\"http:\/\/sklep.bramywjazdowe.com.pl\/?product=proxima-fotokomorki-psa-obrotowe\",\"name\":\"PROXIMA Fotokom\u00f3rki PSA obrotowe\",\"isPartOf\":{\"@id\":\"http:\/\/sklep.bramywjazdowe.com.pl\/#website\"},\"primaryImageOfPage\":{\"@id\":\"http:\/\/sklep.bramywjazdowe.com.pl\/?product=proxima-fotokomorki-psa-obrotowe#primaryimage\"},\"image\":{\"@id\":\"http:\/\/sklep.bramywjazdowe.com.pl\/?product=proxima-fotokomorki-psa-obrotowe#primaryimage\"},\"thumbnailUrl\":\"https:\/\/sklep.bramywjazdowe.com.pl\/wp-content\/uploads\/2023\/03\/PROXIMA-fotokomorka-PSA.jpg\",\"datePublished\":\"2023-03-05T17:03:15+00:00\",\"dateModified\":\"2023-03-05T17:19:17+00:00\",\"description\":\"PROXIMA Fotokom\u00f3rki PSA obrotowe. Antykolizyjna. Automatyka do bram sprzeda\u017c, monta\u017c, serwis.\",\"breadcrumb\":{\"@id\":\"http:\/\/sklep.bramywjazdowe.com.pl\/?product=proxima-fotokomorki-psa-obrotowe#breadcrumb\"},\"inLanguage\":\"pl-PL\",\"potentialAction\":[{\"@type\":\"ReadAction\",\"target\":[\"http:\/\/sklep.bramywjazdowe.com.pl\/?product=proxima-fotokomorki-psa-obrotowe\"]}]},{\"@type\":\"ImageObject\",\"inLanguage\":\"pl-PL\",\"@id\":\"http:\/\/sklep.bramywjazdowe.com.pl\/?product=proxima-fotokomorki-psa-obrotowe#primaryimage\",\"url\":\"https:\/\/sklep.bramywjazdowe.com.pl\/wp-content\/uploads\/2023\/03\/PROXIMA-fotokomorka-PSA.jpg\",\"contentUrl\":\"https:\/\/sklep.bramywjazdowe.com.pl\/wp-content\/uploads\/2023\/03\/PROXIMA-fotokomorka-PSA.jpg\",\"width\":768,\"height\":768,\"caption\":\"PROXIMA fotokom\u00f3rka PSA\"},{\"@type\":\"BreadcrumbList\",\"@id\":\"http:\/\/sklep.bramywjazdowe.com.pl\/?product=proxima-fotokomorki-psa-obrotowe#breadcrumb\",\"itemListElement\":[{\"@type\":\"ListItem\",\"position\":1,\"name\":\"Strona g\u0142\u00f3wna\",\"item\":\"http:\/\/sklep.bramywjazdowe.com.pl\/\"},{\"@type\":\"ListItem\",\"position\":2,\"name\":\"Produkty\",\"item\":\"http:\/\/sklep.bramywjazdowe.com.pl\/\"},{\"@type\":\"ListItem\",\"position\":3,\"name\":\"PROXIMA &#8211; Fotokom\u00f3rki PSA obrotowe\"}]},{\"@type\":\"WebSite\",\"@id\":\"http:\/\/sklep.bramywjazdowe.com.pl\/#website\",\"url\":\"http:\/\/sklep.bramywjazdowe.com.pl\/\",\"name\":\"Sklep Trymer Tomasz Kucharski\",\"description\":\"\",\"publisher\":{\"@id\":\"http:\/\/sklep.bramywjazdowe.com.pl\/#organization\"},\"potentialAction\":[{\"@type\":\"SearchAction\",\"target\":{\"@type\":\"EntryPoint\",\"urlTemplate\":\"http:\/\/sklep.bramywjazdowe.com.pl\/?s={search_term_string}\"},\"query-input\":{\"@type\":\"PropertyValueSpecification\",\"valueRequired\":true,\"valueName\":\"search_term_string\"}}],\"inLanguage\":\"pl-PL\"},{\"@type\":\"Organization\",\"@id\":\"http:\/\/sklep.bramywjazdowe.com.pl\/#organization\",\"name\":\"TRYMER Tomasz Kucharski\",\"url\":\"http:\/\/sklep.bramywjazdowe.com.pl\/\",\"logo\":{\"@type\":\"ImageObject\",\"inLanguage\":\"pl-PL\",\"@id\":\"http:\/\/sklep.bramywjazdowe.com.pl\/#\/schema\/logo\/image\/\",\"url\":\"https:\/\/sklep.bramywjazdowe.com.pl\/wp-content\/uploads\/2022\/11\/logo-sklep-222.png\",\"contentUrl\":\"https:\/\/sklep.bramywjazdowe.com.pl\/wp-content\/uploads\/2022\/11\/logo-sklep-222.png\",\"width\":1200,\"height\":180,\"caption\":\"TRYMER Tomasz Kucharski\"},\"image\":{\"@id\":\"http:\/\/sklep.bramywjazdowe.com.pl\/#\/schema\/logo\/image\/\"}}]}<\/script>\n<!-- \/ Yoast SEO plugin. -->","yoast_head_json":{"title":"PROXIMA Fotokom\u00f3rki PSA obrotowe","description":"PROXIMA Fotokom\u00f3rki PSA obrotowe. Antykolizyjna. Automatyka do bram sprzeda\u017c, monta\u017c, serwis.","robots":{"index":"index","follow":"follow","max-snippet":"max-snippet:-1","max-image-preview":"max-image-preview:large","max-video-preview":"max-video-preview:-1"},"canonical":"http:\/\/sklep.bramywjazdowe.com.pl\/?product=proxima-fotokomorki-psa-obrotowe","og_locale":"pl_PL","og_type":"article","og_title":"PROXIMA Fotokom\u00f3rki PSA obrotowe","og_description":"PROXIMA Fotokom\u00f3rki PSA obrotowe. Antykolizyjna. Automatyka do bram sprzeda\u017c, monta\u017c, serwis.","og_url":"http:\/\/sklep.bramywjazdowe.com.pl\/?product=proxima-fotokomorki-psa-obrotowe","article_modified_time":"2023-03-05T17:19:17+00:00","og_image":[{"width":768,"height":768,"url":"http:\/\/sklep.bramywjazdowe.com.pl\/wp-content\/uploads\/2023\/03\/PROXIMA-fotokomorka-PSA.jpg","type":"image\/jpeg"}],"twitter_card":"summary_large_image","twitter_misc":{"Szacowany czas czytania":"1 minuta"},"schema":{"@context":"https:\/\/schema.org","@graph":[{"@type":"WebPage","@id":"http:\/\/sklep.bramywjazdowe.com.pl\/?product=proxima-fotokomorki-psa-obrotowe","url":"http:\/\/sklep.bramywjazdowe.com.pl\/?product=proxima-fotokomorki-psa-obrotowe","name":"PROXIMA Fotokom\u00f3rki PSA obrotowe","isPartOf":{"@id":"http:\/\/sklep.bramywjazdowe.com.pl\/#website"},"primaryImageOfPage":{"@id":"http:\/\/sklep.bramywjazdowe.com.pl\/?product=proxima-fotokomorki-psa-obrotowe#primaryimage"},"image":{"@id":"http:\/\/sklep.bramywjazdowe.com.pl\/?product=proxima-fotokomorki-psa-obrotowe#primaryimage"},"thumbnailUrl":"https:\/\/sklep.bramywjazdowe.com.pl\/wp-content\/uploads\/2023\/03\/PROXIMA-fotokomorka-PSA.jpg","datePublished":"2023-03-05T17:03:15+00:00","dateModified":"2023-03-05T17:19:17+00:00","description":"PROXIMA Fotokom\u00f3rki PSA obrotowe. Antykolizyjna. Automatyka do bram sprzeda\u017c, monta\u017c, serwis.","breadcrumb":{"@id":"http:\/\/sklep.bramywjazdowe.com.pl\/?product=proxima-fotokomorki-psa-obrotowe#breadcrumb"},"inLanguage":"pl-PL","potentialAction":[{"@type":"ReadAction","target":["http:\/\/sklep.bramywjazdowe.com.pl\/?product=proxima-fotokomorki-psa-obrotowe"]}]},{"@type":"ImageObject","inLanguage":"pl-PL","@id":"http:\/\/sklep.bramywjazdowe.com.pl\/?product=proxima-fotokomorki-psa-obrotowe#primaryimage","url":"https:\/\/sklep.bramywjazdowe.com.pl\/wp-content\/uploads\/2023\/03\/PROXIMA-fotokomorka-PSA.jpg","contentUrl":"https:\/\/sklep.bramywjazdowe.com.pl\/wp-content\/uploads\/2023\/03\/PROXIMA-fotokomorka-PSA.jpg","width":768,"height":768,"caption":"PROXIMA fotokom\u00f3rka PSA"},{"@type":"BreadcrumbList","@id":"http:\/\/sklep.bramywjazdowe.com.pl\/?product=proxima-fotokomorki-psa-obrotowe#breadcrumb","itemListElement":[{"@type":"ListItem","position":1,"name":"Strona g\u0142\u00f3wna","item":"http:\/\/sklep.bramywjazdowe.com.pl\/"},{"@type":"ListItem","position":2,"name":"Produkty","item":"http:\/\/sklep.bramywjazdowe.com.pl\/"},{"@type":"ListItem","position":3,"name":"PROXIMA &#8211; Fotokom\u00f3rki PSA obrotowe"}]},{"@type":"WebSite","@id":"http:\/\/sklep.bramywjazdowe.com.pl\/#website","url":"http:\/\/sklep.bramywjazdowe.com.pl\/","name":"Sklep Trymer Tomasz Kucharski","description":"","publisher":{"@id":"http:\/\/sklep.bramywjazdowe.com.pl\/#organization"},"potentialAction":[{"@type":"SearchAction","target":{"@type":"EntryPoint","urlTemplate":"http:\/\/sklep.bramywjazdowe.com.pl\/?s={search_term_string}"},"query-input":{"@type":"PropertyValueSpecification","valueRequired":true,"valueName":"search_term_string"}}],"inLanguage":"pl-PL"},{"@type":"Organization","@id":"http:\/\/sklep.bramywjazdowe.com.pl\/#organization","name":"TRYMER Tomasz Kucharski","url":"http:\/\/sklep.bramywjazdowe.com.pl\/","logo":{"@type":"ImageObject","inLanguage":"pl-PL","@id":"http:\/\/sklep.bramywjazdowe.com.pl\/#\/schema\/logo\/image\/","url":"https:\/\/sklep.bramywjazdowe.com.pl\/wp-content\/uploads\/2022\/11\/logo-sklep-222.png","contentUrl":"https:\/\/sklep.bramywjazdowe.com.pl\/wp-content\/uploads\/2022\/11\/logo-sklep-222.png","width":1200,"height":180,"caption":"TRYMER Tomasz Kucharski"},"image":{"@id":"http:\/\/sklep.bramywjazdowe.com.pl\/#\/schema\/logo\/image\/"}}]}},"brands":[{"id":90,"name":"PROXIMA","slug":"proxima"}],"_links":{"self":[{"href":"https:\/\/sklep.bramywjazdowe.com.pl\/index.php?rest_route=\/wp\/v2\/product\/760","targetHints":{"allow":["GET"]}}],"collection":[{"href":"https:\/\/sklep.bramywjazdowe.com.pl\/index.php?rest_route=\/wp\/v2\/product"}],"about":[{"href":"https:\/\/sklep.bramywjazdowe.com.pl\/index.php?rest_route=\/wp\/v2\/types\/product"}],"replies":[{"embeddable":true,"href":"https:\/\/sklep.bramywjazdowe.com.pl\/index.php?rest_route=%2Fwp%2Fv2%2Fcomments&post=760"}],"wp:featuredmedia":[{"embeddable":true,"href":"https:\/\/sklep.bramywjazdowe.com.pl\/index.php?rest_route=\/wp\/v2\/media\/755"}],"wp:attachment":[{"href":"https:\/\/sklep.bramywjazdowe.com.pl\/index.php?rest_route=%2Fwp%2Fv2%2Fmedia&parent=760"}],"wp:term":[{"taxonomy":"pwb-brand","embeddable":true,"href":"https:\/\/sklep.bramywjazdowe.com.pl\/index.php?rest_route=%2Fwp%2Fv2%2Fpwb-brand&post=760"},{"taxonomy":"product_brand","embeddable":true,"href":"https:\/\/sklep.bramywjazdowe.com.pl\/index.php?rest_route=%2Fwp%2Fv2%2Fproduct_brand&post=760"},{"taxonomy":"product_cat","embeddable":true,"href":"https:\/\/sklep.bramywjazdowe.com.pl\/index.php?rest_route=%2Fwp%2Fv2%2Fproduct_cat&post=760"},{"taxonomy":"product_tag","embeddable":true,"href":"https:\/\/sklep.bramywjazdowe.com.pl\/index.php?rest_route=%2Fwp%2Fv2%2Fproduct_tag&post=760"}],"curies":[{"name":"wp","href":"https:\/\/api.w.org\/{rel}","templated":true}]}}