{"id":761,"date":"2023-03-05T18:21:32","date_gmt":"2023-03-05T17:21:32","guid":{"rendered":"http:\/\/sklep.bramywjazdowe.com.pl\/?post_type=product&#038;p=761"},"modified":"2023-03-05T18:25:12","modified_gmt":"2023-03-05T17:25:12","slug":"proxima-lampa-ostrzegawcza-kwadrat","status":"publish","type":"product","link":"https:\/\/sklep.bramywjazdowe.com.pl\/?product=proxima-lampa-ostrzegawcza-kwadrat","title":{"rendered":"PROXIMA &#8211; lampa ostrzegawcza Kwadrat"},"content":{"rendered":"<p>PROXIMA &#8211; lampa ostrzegawcza Kwadrat<\/p>\n<p>PARAMETRY PODSTAWOWE:<\/p>\n<ul>\n<li>Zasilanie: 12 &#8211; 24V AC\/DC lub 230V AC<\/li>\n<li>Kolor \u015bwiat\u0142a LED: pomara\u0144czowy<\/li>\n<li>Kolor klosza: bia\u0142a<\/li>\n<li>Cz\u0119stotliwo\u015b\u0107 migania: 1,5 Hz<\/li>\n<li>Klasa szczelno\u015bci: IP54<\/li>\n<li>Wymiary: 88 x 105 x 88 mm<\/li>\n<li>Waga:\u00a0253 g<\/li>\n<\/ul>\n<p>FUNKCJONALNO\u015a\u0106:<\/p>\n<ul>\n<li>Lampa w formie przed\u0142u\u017cenia s\u0142upka o wymiarach 80 x 80 mm.<\/li>\n<li>Wbudowana antena 433,92 MHz lub 868 MHz.<\/li>\n<li>Mo\u017cliwo\u015b\u0107 monta\u017cu w pionie lub poziomie.<\/li>\n<li>Wbudowany przerywacz, kt\u00f3ry mo\u017cna wy\u0142\u0105czy\u0107.<\/li>\n<\/ul>\n","protected":false},"excerpt":{"rendered":"<p>PROXIMA &#8211; lampa ostrzegawcza Kwadrat PARAMETRY PODSTAWOWE: Zasilanie: 12 &#8211; 24V AC\/DC lub 230V AC Kolor \u015bwiat\u0142a LED: pomara\u0144czowy Kolor klosza: bia\u0142a Cz\u0119stotliwo\u015b\u0107 migania: 1,5 Hz Klasa szczelno\u015bci: IP54 Wymiary: 88 x 105 x 88 mm Waga:\u00a0253 g FUNKCJONALNO\u015a\u0106: Lampa w formie przed\u0142u\u017cenia s\u0142upka o wymiarach 80 x 80 mm. Wbudowana antena 433,92 MHz lub [&hellip;]<\/p>\n","protected":false},"featured_media":745,"comment_status":"open","ping_status":"closed","template":"","meta":[],"pwb-brand":[90],"product_brand":[],"product_cat":[45,56],"product_tag":[92,91],"class_list":{"0":"post-761","1":"product","2":"type-product","3":"status-publish","4":"has-post-thumbnail","6":"pwb-brand-proxima","7":"product_cat-akcesoria-2","8":"product_cat-lampy-ostrzegawcze-2","9":"product_tag-lampa-ostrzegawcza","10":"product_tag-proxima-2","12":"first","13":"instock","14":"taxable","15":"shipping-taxable","16":"purchasable","17":"product-type-simple"},"yoast_head":"<!-- This site is optimized with the Yoast SEO plugin v24.7 - https:\/\/yoast.com\/wordpress\/plugins\/seo\/ -->\n<title>PROXIMA - lampa ostrzegawcza Kwadrat<\/title>\n<meta name=\"description\" content=\"PROXIMA - lampa ostrzegawcza Kwadrat. Automatyka do bram sprzeda\u017c, monta\u017c, serwis.\" \/>\n<meta name=\"robots\" content=\"index, follow, max-snippet:-1, max-image-preview:large, max-video-preview:-1\" \/>\n<link rel=\"canonical\" href=\"https:\/\/sklep.bramywjazdowe.com.pl\/?product=proxima-lampa-ostrzegawcza-kwadrat\" \/>\n<meta property=\"og:locale\" content=\"pl_PL\" \/>\n<meta property=\"og:type\" content=\"article\" \/>\n<meta property=\"og:title\" content=\"PROXIMA - lampa ostrzegawcza Kwadrat\" \/>\n<meta property=\"og:description\" content=\"PROXIMA - lampa ostrzegawcza Kwadrat. Automatyka do bram sprzeda\u017c, monta\u017c, serwis.\" \/>\n<meta property=\"og:url\" content=\"https:\/\/sklep.bramywjazdowe.com.pl\/?product=proxima-lampa-ostrzegawcza-kwadrat\" \/>\n<meta property=\"article:modified_time\" content=\"2023-03-05T17:25:12+00:00\" \/>\n<meta property=\"og:image\" content=\"https:\/\/sklep.bramywjazdowe.com.pl\/wp-content\/uploads\/2023\/03\/PROXIMA-kwadrat-lampa.jpg\" \/>\n\t<meta property=\"og:image:width\" content=\"2000\" \/>\n\t<meta property=\"og:image:height\" content=\"2000\" \/>\n\t<meta property=\"og:image:type\" content=\"image\/jpeg\" \/>\n<meta name=\"twitter:card\" content=\"summary_large_image\" \/>\n<meta name=\"twitter:label1\" content=\"Szacowany czas czytania\" \/>\n\t<meta name=\"twitter:data1\" content=\"1 minuta\" \/>\n<script type=\"application\/ld+json\" class=\"yoast-schema-graph\">{\"@context\":\"https:\/\/schema.org\",\"@graph\":[{\"@type\":\"WebPage\",\"@id\":\"https:\/\/sklep.bramywjazdowe.com.pl\/?product=proxima-lampa-ostrzegawcza-kwadrat\",\"url\":\"https:\/\/sklep.bramywjazdowe.com.pl\/?product=proxima-lampa-ostrzegawcza-kwadrat\",\"name\":\"PROXIMA - lampa ostrzegawcza Kwadrat\",\"isPartOf\":{\"@id\":\"http:\/\/sklep.bramywjazdowe.com.pl\/#website\"},\"primaryImageOfPage\":{\"@id\":\"https:\/\/sklep.bramywjazdowe.com.pl\/?product=proxima-lampa-ostrzegawcza-kwadrat#primaryimage\"},\"image\":{\"@id\":\"https:\/\/sklep.bramywjazdowe.com.pl\/?product=proxima-lampa-ostrzegawcza-kwadrat#primaryimage\"},\"thumbnailUrl\":\"https:\/\/sklep.bramywjazdowe.com.pl\/wp-content\/uploads\/2023\/03\/PROXIMA-kwadrat-lampa.jpg\",\"datePublished\":\"2023-03-05T17:21:32+00:00\",\"dateModified\":\"2023-03-05T17:25:12+00:00\",\"description\":\"PROXIMA - lampa ostrzegawcza Kwadrat. Automatyka do bram sprzeda\u017c, monta\u017c, serwis.\",\"breadcrumb\":{\"@id\":\"https:\/\/sklep.bramywjazdowe.com.pl\/?product=proxima-lampa-ostrzegawcza-kwadrat#breadcrumb\"},\"inLanguage\":\"pl-PL\",\"potentialAction\":[{\"@type\":\"ReadAction\",\"target\":[\"https:\/\/sklep.bramywjazdowe.com.pl\/?product=proxima-lampa-ostrzegawcza-kwadrat\"]}]},{\"@type\":\"ImageObject\",\"inLanguage\":\"pl-PL\",\"@id\":\"https:\/\/sklep.bramywjazdowe.com.pl\/?product=proxima-lampa-ostrzegawcza-kwadrat#primaryimage\",\"url\":\"https:\/\/sklep.bramywjazdowe.com.pl\/wp-content\/uploads\/2023\/03\/PROXIMA-kwadrat-lampa.jpg\",\"contentUrl\":\"https:\/\/sklep.bramywjazdowe.com.pl\/wp-content\/uploads\/2023\/03\/PROXIMA-kwadrat-lampa.jpg\",\"width\":2000,\"height\":2000,\"caption\":\"PROXIMA kwadrat-lampa\"},{\"@type\":\"BreadcrumbList\",\"@id\":\"https:\/\/sklep.bramywjazdowe.com.pl\/?product=proxima-lampa-ostrzegawcza-kwadrat#breadcrumb\",\"itemListElement\":[{\"@type\":\"ListItem\",\"position\":1,\"name\":\"Strona g\u0142\u00f3wna\",\"item\":\"http:\/\/sklep.bramywjazdowe.com.pl\/\"},{\"@type\":\"ListItem\",\"position\":2,\"name\":\"Produkty\",\"item\":\"http:\/\/sklep.bramywjazdowe.com.pl\/\"},{\"@type\":\"ListItem\",\"position\":3,\"name\":\"PROXIMA &#8211; lampa ostrzegawcza Kwadrat\"}]},{\"@type\":\"WebSite\",\"@id\":\"http:\/\/sklep.bramywjazdowe.com.pl\/#website\",\"url\":\"http:\/\/sklep.bramywjazdowe.com.pl\/\",\"name\":\"Sklep Trymer Tomasz Kucharski\",\"description\":\"\",\"publisher\":{\"@id\":\"http:\/\/sklep.bramywjazdowe.com.pl\/#organization\"},\"potentialAction\":[{\"@type\":\"SearchAction\",\"target\":{\"@type\":\"EntryPoint\",\"urlTemplate\":\"http:\/\/sklep.bramywjazdowe.com.pl\/?s={search_term_string}\"},\"query-input\":{\"@type\":\"PropertyValueSpecification\",\"valueRequired\":true,\"valueName\":\"search_term_string\"}}],\"inLanguage\":\"pl-PL\"},{\"@type\":\"Organization\",\"@id\":\"http:\/\/sklep.bramywjazdowe.com.pl\/#organization\",\"name\":\"TRYMER Tomasz Kucharski\",\"url\":\"http:\/\/sklep.bramywjazdowe.com.pl\/\",\"logo\":{\"@type\":\"ImageObject\",\"inLanguage\":\"pl-PL\",\"@id\":\"http:\/\/sklep.bramywjazdowe.com.pl\/#\/schema\/logo\/image\/\",\"url\":\"https:\/\/sklep.bramywjazdowe.com.pl\/wp-content\/uploads\/2022\/11\/logo-sklep-222.png\",\"contentUrl\":\"https:\/\/sklep.bramywjazdowe.com.pl\/wp-content\/uploads\/2022\/11\/logo-sklep-222.png\",\"width\":1200,\"height\":180,\"caption\":\"TRYMER Tomasz Kucharski\"},\"image\":{\"@id\":\"http:\/\/sklep.bramywjazdowe.com.pl\/#\/schema\/logo\/image\/\"}}]}<\/script>\n<!-- \/ Yoast SEO plugin. -->","yoast_head_json":{"title":"PROXIMA - lampa ostrzegawcza Kwadrat","description":"PROXIMA - lampa ostrzegawcza Kwadrat. Automatyka do bram sprzeda\u017c, monta\u017c, serwis.","robots":{"index":"index","follow":"follow","max-snippet":"max-snippet:-1","max-image-preview":"max-image-preview:large","max-video-preview":"max-video-preview:-1"},"canonical":"https:\/\/sklep.bramywjazdowe.com.pl\/?product=proxima-lampa-ostrzegawcza-kwadrat","og_locale":"pl_PL","og_type":"article","og_title":"PROXIMA - lampa ostrzegawcza Kwadrat","og_description":"PROXIMA - lampa ostrzegawcza Kwadrat. Automatyka do bram sprzeda\u017c, monta\u017c, serwis.","og_url":"https:\/\/sklep.bramywjazdowe.com.pl\/?product=proxima-lampa-ostrzegawcza-kwadrat","article_modified_time":"2023-03-05T17:25:12+00:00","og_image":[{"width":2000,"height":2000,"url":"https:\/\/sklep.bramywjazdowe.com.pl\/wp-content\/uploads\/2023\/03\/PROXIMA-kwadrat-lampa.jpg","type":"image\/jpeg"}],"twitter_card":"summary_large_image","twitter_misc":{"Szacowany czas czytania":"1 minuta"},"schema":{"@context":"https:\/\/schema.org","@graph":[{"@type":"WebPage","@id":"https:\/\/sklep.bramywjazdowe.com.pl\/?product=proxima-lampa-ostrzegawcza-kwadrat","url":"https:\/\/sklep.bramywjazdowe.com.pl\/?product=proxima-lampa-ostrzegawcza-kwadrat","name":"PROXIMA - lampa ostrzegawcza Kwadrat","isPartOf":{"@id":"http:\/\/sklep.bramywjazdowe.com.pl\/#website"},"primaryImageOfPage":{"@id":"https:\/\/sklep.bramywjazdowe.com.pl\/?product=proxima-lampa-ostrzegawcza-kwadrat#primaryimage"},"image":{"@id":"https:\/\/sklep.bramywjazdowe.com.pl\/?product=proxima-lampa-ostrzegawcza-kwadrat#primaryimage"},"thumbnailUrl":"https:\/\/sklep.bramywjazdowe.com.pl\/wp-content\/uploads\/2023\/03\/PROXIMA-kwadrat-lampa.jpg","datePublished":"2023-03-05T17:21:32+00:00","dateModified":"2023-03-05T17:25:12+00:00","description":"PROXIMA - lampa ostrzegawcza Kwadrat. Automatyka do bram sprzeda\u017c, monta\u017c, serwis.","breadcrumb":{"@id":"https:\/\/sklep.bramywjazdowe.com.pl\/?product=proxima-lampa-ostrzegawcza-kwadrat#breadcrumb"},"inLanguage":"pl-PL","potentialAction":[{"@type":"ReadAction","target":["https:\/\/sklep.bramywjazdowe.com.pl\/?product=proxima-lampa-ostrzegawcza-kwadrat"]}]},{"@type":"ImageObject","inLanguage":"pl-PL","@id":"https:\/\/sklep.bramywjazdowe.com.pl\/?product=proxima-lampa-ostrzegawcza-kwadrat#primaryimage","url":"https:\/\/sklep.bramywjazdowe.com.pl\/wp-content\/uploads\/2023\/03\/PROXIMA-kwadrat-lampa.jpg","contentUrl":"https:\/\/sklep.bramywjazdowe.com.pl\/wp-content\/uploads\/2023\/03\/PROXIMA-kwadrat-lampa.jpg","width":2000,"height":2000,"caption":"PROXIMA kwadrat-lampa"},{"@type":"BreadcrumbList","@id":"https:\/\/sklep.bramywjazdowe.com.pl\/?product=proxima-lampa-ostrzegawcza-kwadrat#breadcrumb","itemListElement":[{"@type":"ListItem","position":1,"name":"Strona g\u0142\u00f3wna","item":"http:\/\/sklep.bramywjazdowe.com.pl\/"},{"@type":"ListItem","position":2,"name":"Produkty","item":"http:\/\/sklep.bramywjazdowe.com.pl\/"},{"@type":"ListItem","position":3,"name":"PROXIMA &#8211; lampa ostrzegawcza Kwadrat"}]},{"@type":"WebSite","@id":"http:\/\/sklep.bramywjazdowe.com.pl\/#website","url":"http:\/\/sklep.bramywjazdowe.com.pl\/","name":"Sklep Trymer Tomasz Kucharski","description":"","publisher":{"@id":"http:\/\/sklep.bramywjazdowe.com.pl\/#organization"},"potentialAction":[{"@type":"SearchAction","target":{"@type":"EntryPoint","urlTemplate":"http:\/\/sklep.bramywjazdowe.com.pl\/?s={search_term_string}"},"query-input":{"@type":"PropertyValueSpecification","valueRequired":true,"valueName":"search_term_string"}}],"inLanguage":"pl-PL"},{"@type":"Organization","@id":"http:\/\/sklep.bramywjazdowe.com.pl\/#organization","name":"TRYMER Tomasz Kucharski","url":"http:\/\/sklep.bramywjazdowe.com.pl\/","logo":{"@type":"ImageObject","inLanguage":"pl-PL","@id":"http:\/\/sklep.bramywjazdowe.com.pl\/#\/schema\/logo\/image\/","url":"https:\/\/sklep.bramywjazdowe.com.pl\/wp-content\/uploads\/2022\/11\/logo-sklep-222.png","contentUrl":"https:\/\/sklep.bramywjazdowe.com.pl\/wp-content\/uploads\/2022\/11\/logo-sklep-222.png","width":1200,"height":180,"caption":"TRYMER Tomasz Kucharski"},"image":{"@id":"http:\/\/sklep.bramywjazdowe.com.pl\/#\/schema\/logo\/image\/"}}]}},"brands":[{"id":90,"name":"PROXIMA","slug":"proxima"}],"_links":{"self":[{"href":"https:\/\/sklep.bramywjazdowe.com.pl\/index.php?rest_route=\/wp\/v2\/product\/761","targetHints":{"allow":["GET"]}}],"collection":[{"href":"https:\/\/sklep.bramywjazdowe.com.pl\/index.php?rest_route=\/wp\/v2\/product"}],"about":[{"href":"https:\/\/sklep.bramywjazdowe.com.pl\/index.php?rest_route=\/wp\/v2\/types\/product"}],"replies":[{"embeddable":true,"href":"https:\/\/sklep.bramywjazdowe.com.pl\/index.php?rest_route=%2Fwp%2Fv2%2Fcomments&post=761"}],"wp:featuredmedia":[{"embeddable":true,"href":"https:\/\/sklep.bramywjazdowe.com.pl\/index.php?rest_route=\/wp\/v2\/media\/745"}],"wp:attachment":[{"href":"https:\/\/sklep.bramywjazdowe.com.pl\/index.php?rest_route=%2Fwp%2Fv2%2Fmedia&parent=761"}],"wp:term":[{"taxonomy":"pwb-brand","embeddable":true,"href":"https:\/\/sklep.bramywjazdowe.com.pl\/index.php?rest_route=%2Fwp%2Fv2%2Fpwb-brand&post=761"},{"taxonomy":"product_brand","embeddable":true,"href":"https:\/\/sklep.bramywjazdowe.com.pl\/index.php?rest_route=%2Fwp%2Fv2%2Fproduct_brand&post=761"},{"taxonomy":"product_cat","embeddable":true,"href":"https:\/\/sklep.bramywjazdowe.com.pl\/index.php?rest_route=%2Fwp%2Fv2%2Fproduct_cat&post=761"},{"taxonomy":"product_tag","embeddable":true,"href":"https:\/\/sklep.bramywjazdowe.com.pl\/index.php?rest_route=%2Fwp%2Fv2%2Fproduct_tag&post=761"}],"curies":[{"name":"wp","href":"https:\/\/api.w.org\/{rel}","templated":true}]}}