{"id":762,"date":"2023-03-05T18:25:21","date_gmt":"2023-03-05T17:25:21","guid":{"rendered":"http:\/\/sklep.bramywjazdowe.com.pl\/?post_type=product&#038;p=762"},"modified":"2023-03-05T18:29:45","modified_gmt":"2023-03-05T17:29:45","slug":"proxima-lampa-ostrzegawcza-slupkowa","status":"publish","type":"product","link":"https:\/\/sklep.bramywjazdowe.com.pl\/?product=proxima-lampa-ostrzegawcza-slupkowa","title":{"rendered":"PROXIMA &#8211; lampa ostrzegawcza S\u0142upkowa"},"content":{"rendered":"<p>PROXIMA &#8211; lampa ostrzegawcza S\u0142upkowa<\/p>\n<p>PARAMETRY PODSTAWOWE:<\/p>\n<ul>\n<li>Zasilanie: 12-24V AC\/DC lub 230V AC<\/li>\n<li>Pob\u00f3r mocy 230V AC: 2,5W<\/li>\n<li>Pob\u00f3r pr\u0105du 12-24V: 12V; 300mA, 24V; 150mA<\/li>\n<li>Cz\u0119stotliwo\u015b\u0107 migania: 1 Hz<\/li>\n<li>Temperatura pracy: od -20\u00ba do +60\u00ba C<\/li>\n<li>Klasa szczelno\u015bci: IP54<\/li>\n<li>\u0179r\u00f3d\u0142o \u015bwiat\u0142a: LED<\/li>\n<li>Wymiary: nad s\u0142upkiem; 103 x 103 x 26 mm, w s\u0142upku 72 x 72 x 20 mm<\/li>\n<li>Waga: 253 g<\/li>\n<\/ul>\n<p>FUNKCJONALNO\u015a\u0106:<\/p>\n<ul>\n<li>Lampa sygnalizacyjna S\u0141UPKOWA stanowi zako\u0144czenie prostok\u0105tnego s\u0142upka o wymiarach 80 x 80 mm lub 100 x 100 mm. Wymiary otworu s\u0142upka musz\u0105 wynosi\u0107 minimum 72 x 72 mm.<\/li>\n<li>Lampa zasilana jest napi\u0119ciem 12-24V AC\/DC lub 230V AC.<\/li>\n<li>Zastosowanie LEDowego \u017ar\u00f3d\u0142a \u015bwiat\u0142a i wbudowanego przerywacza pozwala uzyska\u0107 d\u0142ug\u0105 \u017cywotno\u015b\u0107 lampy.<\/li>\n<li>Zamontowanie lampy wymaga nawiercenia ma\u0142ego otworu w s\u0142upku w celu regulacji \u015bruby.\u00a0Zastosowany mechanizm poprzez obracanie \u015bruby zakleszcza obudow\u0119 wewn\u0105trz s\u0142upka.<\/li>\n<\/ul>\n","protected":false},"excerpt":{"rendered":"<p>PROXIMA &#8211; lampa ostrzegawcza S\u0142upkowa PARAMETRY PODSTAWOWE: Zasilanie: 12-24V AC\/DC lub 230V AC Pob\u00f3r mocy 230V AC: 2,5W Pob\u00f3r pr\u0105du 12-24V: 12V; 300mA, 24V; 150mA Cz\u0119stotliwo\u015b\u0107 migania: 1 Hz Temperatura pracy: od -20\u00ba do +60\u00ba C Klasa szczelno\u015bci: IP54 \u0179r\u00f3d\u0142o \u015bwiat\u0142a: LED Wymiary: nad s\u0142upkiem; 103 x 103 x 26 mm, w s\u0142upku 72 x [&hellip;]<\/p>\n","protected":false},"featured_media":750,"comment_status":"open","ping_status":"closed","template":"","meta":[],"pwb-brand":[90],"product_brand":[],"product_cat":[45,56],"product_tag":[92,91],"class_list":{"0":"post-762","1":"product","2":"type-product","3":"status-publish","4":"has-post-thumbnail","6":"pwb-brand-proxima","7":"product_cat-akcesoria-2","8":"product_cat-lampy-ostrzegawcze-2","9":"product_tag-lampa-ostrzegawcza","10":"product_tag-proxima-2","12":"first","13":"instock","14":"taxable","15":"shipping-taxable","16":"purchasable","17":"product-type-simple"},"yoast_head":"<!-- This site is optimized with the Yoast SEO plugin v24.7 - https:\/\/yoast.com\/wordpress\/plugins\/seo\/ -->\n<title>PROXIMA - lampa ostrzegawcza S\u0142upkowa<\/title>\n<meta name=\"description\" content=\"PROXIMA - lampa ostrzegawcza S\u0142upkowa. Automatyka do bram sprzeda\u017c, monta\u017c, serwis.\" \/>\n<meta name=\"robots\" content=\"index, follow, max-snippet:-1, max-image-preview:large, max-video-preview:-1\" \/>\n<link rel=\"canonical\" href=\"https:\/\/sklep.bramywjazdowe.com.pl\/?product=proxima-lampa-ostrzegawcza-slupkowa\" \/>\n<meta property=\"og:locale\" content=\"pl_PL\" \/>\n<meta property=\"og:type\" content=\"article\" \/>\n<meta property=\"og:title\" content=\"PROXIMA - lampa ostrzegawcza S\u0142upkowa\" \/>\n<meta property=\"og:description\" content=\"PROXIMA - lampa ostrzegawcza S\u0142upkowa. Automatyka do bram sprzeda\u017c, monta\u017c, serwis.\" \/>\n<meta property=\"og:url\" content=\"https:\/\/sklep.bramywjazdowe.com.pl\/?product=proxima-lampa-ostrzegawcza-slupkowa\" \/>\n<meta property=\"article:modified_time\" content=\"2023-03-05T17:29:45+00:00\" \/>\n<meta property=\"og:image\" content=\"https:\/\/sklep.bramywjazdowe.com.pl\/wp-content\/uploads\/2023\/03\/PROXIMA-lampa-sygnalizacyjna-slupkowa.jpeg-4.jpg\" \/>\n\t<meta property=\"og:image:width\" content=\"386\" \/>\n\t<meta property=\"og:image:height\" content=\"362\" \/>\n\t<meta property=\"og:image:type\" content=\"image\/jpeg\" \/>\n<meta name=\"twitter:card\" content=\"summary_large_image\" \/>\n<meta name=\"twitter:label1\" content=\"Szacowany czas czytania\" \/>\n\t<meta name=\"twitter:data1\" content=\"1 minuta\" \/>\n<script type=\"application\/ld+json\" class=\"yoast-schema-graph\">{\"@context\":\"https:\/\/schema.org\",\"@graph\":[{\"@type\":\"WebPage\",\"@id\":\"https:\/\/sklep.bramywjazdowe.com.pl\/?product=proxima-lampa-ostrzegawcza-slupkowa\",\"url\":\"https:\/\/sklep.bramywjazdowe.com.pl\/?product=proxima-lampa-ostrzegawcza-slupkowa\",\"name\":\"PROXIMA - lampa ostrzegawcza S\u0142upkowa\",\"isPartOf\":{\"@id\":\"http:\/\/sklep.bramywjazdowe.com.pl\/#website\"},\"primaryImageOfPage\":{\"@id\":\"https:\/\/sklep.bramywjazdowe.com.pl\/?product=proxima-lampa-ostrzegawcza-slupkowa#primaryimage\"},\"image\":{\"@id\":\"https:\/\/sklep.bramywjazdowe.com.pl\/?product=proxima-lampa-ostrzegawcza-slupkowa#primaryimage\"},\"thumbnailUrl\":\"https:\/\/sklep.bramywjazdowe.com.pl\/wp-content\/uploads\/2023\/03\/PROXIMA-lampa-sygnalizacyjna-slupkowa.jpeg-4.jpg\",\"datePublished\":\"2023-03-05T17:25:21+00:00\",\"dateModified\":\"2023-03-05T17:29:45+00:00\",\"description\":\"PROXIMA - lampa ostrzegawcza S\u0142upkowa. Automatyka do bram sprzeda\u017c, monta\u017c, serwis.\",\"breadcrumb\":{\"@id\":\"https:\/\/sklep.bramywjazdowe.com.pl\/?product=proxima-lampa-ostrzegawcza-slupkowa#breadcrumb\"},\"inLanguage\":\"pl-PL\",\"potentialAction\":[{\"@type\":\"ReadAction\",\"target\":[\"https:\/\/sklep.bramywjazdowe.com.pl\/?product=proxima-lampa-ostrzegawcza-slupkowa\"]}]},{\"@type\":\"ImageObject\",\"inLanguage\":\"pl-PL\",\"@id\":\"https:\/\/sklep.bramywjazdowe.com.pl\/?product=proxima-lampa-ostrzegawcza-slupkowa#primaryimage\",\"url\":\"https:\/\/sklep.bramywjazdowe.com.pl\/wp-content\/uploads\/2023\/03\/PROXIMA-lampa-sygnalizacyjna-slupkowa.jpeg-4.jpg\",\"contentUrl\":\"https:\/\/sklep.bramywjazdowe.com.pl\/wp-content\/uploads\/2023\/03\/PROXIMA-lampa-sygnalizacyjna-slupkowa.jpeg-4.jpg\",\"width\":386,\"height\":362,\"caption\":\"PROXIMA lampa-sygnalizacyjna-slupkowa.jpeg-4\"},{\"@type\":\"BreadcrumbList\",\"@id\":\"https:\/\/sklep.bramywjazdowe.com.pl\/?product=proxima-lampa-ostrzegawcza-slupkowa#breadcrumb\",\"itemListElement\":[{\"@type\":\"ListItem\",\"position\":1,\"name\":\"Strona g\u0142\u00f3wna\",\"item\":\"http:\/\/sklep.bramywjazdowe.com.pl\/\"},{\"@type\":\"ListItem\",\"position\":2,\"name\":\"Produkty\",\"item\":\"http:\/\/sklep.bramywjazdowe.com.pl\/\"},{\"@type\":\"ListItem\",\"position\":3,\"name\":\"PROXIMA &#8211; lampa ostrzegawcza S\u0142upkowa\"}]},{\"@type\":\"WebSite\",\"@id\":\"http:\/\/sklep.bramywjazdowe.com.pl\/#website\",\"url\":\"http:\/\/sklep.bramywjazdowe.com.pl\/\",\"name\":\"Sklep Trymer Tomasz Kucharski\",\"description\":\"\",\"publisher\":{\"@id\":\"http:\/\/sklep.bramywjazdowe.com.pl\/#organization\"},\"potentialAction\":[{\"@type\":\"SearchAction\",\"target\":{\"@type\":\"EntryPoint\",\"urlTemplate\":\"http:\/\/sklep.bramywjazdowe.com.pl\/?s={search_term_string}\"},\"query-input\":{\"@type\":\"PropertyValueSpecification\",\"valueRequired\":true,\"valueName\":\"search_term_string\"}}],\"inLanguage\":\"pl-PL\"},{\"@type\":\"Organization\",\"@id\":\"http:\/\/sklep.bramywjazdowe.com.pl\/#organization\",\"name\":\"TRYMER Tomasz Kucharski\",\"url\":\"http:\/\/sklep.bramywjazdowe.com.pl\/\",\"logo\":{\"@type\":\"ImageObject\",\"inLanguage\":\"pl-PL\",\"@id\":\"http:\/\/sklep.bramywjazdowe.com.pl\/#\/schema\/logo\/image\/\",\"url\":\"https:\/\/sklep.bramywjazdowe.com.pl\/wp-content\/uploads\/2022\/11\/logo-sklep-222.png\",\"contentUrl\":\"https:\/\/sklep.bramywjazdowe.com.pl\/wp-content\/uploads\/2022\/11\/logo-sklep-222.png\",\"width\":1200,\"height\":180,\"caption\":\"TRYMER Tomasz Kucharski\"},\"image\":{\"@id\":\"http:\/\/sklep.bramywjazdowe.com.pl\/#\/schema\/logo\/image\/\"}}]}<\/script>\n<!-- \/ Yoast SEO plugin. -->","yoast_head_json":{"title":"PROXIMA - lampa ostrzegawcza S\u0142upkowa","description":"PROXIMA - lampa ostrzegawcza S\u0142upkowa. Automatyka do bram sprzeda\u017c, monta\u017c, serwis.","robots":{"index":"index","follow":"follow","max-snippet":"max-snippet:-1","max-image-preview":"max-image-preview:large","max-video-preview":"max-video-preview:-1"},"canonical":"https:\/\/sklep.bramywjazdowe.com.pl\/?product=proxima-lampa-ostrzegawcza-slupkowa","og_locale":"pl_PL","og_type":"article","og_title":"PROXIMA - lampa ostrzegawcza S\u0142upkowa","og_description":"PROXIMA - lampa ostrzegawcza S\u0142upkowa. Automatyka do bram sprzeda\u017c, monta\u017c, serwis.","og_url":"https:\/\/sklep.bramywjazdowe.com.pl\/?product=proxima-lampa-ostrzegawcza-slupkowa","article_modified_time":"2023-03-05T17:29:45+00:00","og_image":[{"width":386,"height":362,"url":"https:\/\/sklep.bramywjazdowe.com.pl\/wp-content\/uploads\/2023\/03\/PROXIMA-lampa-sygnalizacyjna-slupkowa.jpeg-4.jpg","type":"image\/jpeg"}],"twitter_card":"summary_large_image","twitter_misc":{"Szacowany czas czytania":"1 minuta"},"schema":{"@context":"https:\/\/schema.org","@graph":[{"@type":"WebPage","@id":"https:\/\/sklep.bramywjazdowe.com.pl\/?product=proxima-lampa-ostrzegawcza-slupkowa","url":"https:\/\/sklep.bramywjazdowe.com.pl\/?product=proxima-lampa-ostrzegawcza-slupkowa","name":"PROXIMA - lampa ostrzegawcza S\u0142upkowa","isPartOf":{"@id":"http:\/\/sklep.bramywjazdowe.com.pl\/#website"},"primaryImageOfPage":{"@id":"https:\/\/sklep.bramywjazdowe.com.pl\/?product=proxima-lampa-ostrzegawcza-slupkowa#primaryimage"},"image":{"@id":"https:\/\/sklep.bramywjazdowe.com.pl\/?product=proxima-lampa-ostrzegawcza-slupkowa#primaryimage"},"thumbnailUrl":"https:\/\/sklep.bramywjazdowe.com.pl\/wp-content\/uploads\/2023\/03\/PROXIMA-lampa-sygnalizacyjna-slupkowa.jpeg-4.jpg","datePublished":"2023-03-05T17:25:21+00:00","dateModified":"2023-03-05T17:29:45+00:00","description":"PROXIMA - lampa ostrzegawcza S\u0142upkowa. Automatyka do bram sprzeda\u017c, monta\u017c, serwis.","breadcrumb":{"@id":"https:\/\/sklep.bramywjazdowe.com.pl\/?product=proxima-lampa-ostrzegawcza-slupkowa#breadcrumb"},"inLanguage":"pl-PL","potentialAction":[{"@type":"ReadAction","target":["https:\/\/sklep.bramywjazdowe.com.pl\/?product=proxima-lampa-ostrzegawcza-slupkowa"]}]},{"@type":"ImageObject","inLanguage":"pl-PL","@id":"https:\/\/sklep.bramywjazdowe.com.pl\/?product=proxima-lampa-ostrzegawcza-slupkowa#primaryimage","url":"https:\/\/sklep.bramywjazdowe.com.pl\/wp-content\/uploads\/2023\/03\/PROXIMA-lampa-sygnalizacyjna-slupkowa.jpeg-4.jpg","contentUrl":"https:\/\/sklep.bramywjazdowe.com.pl\/wp-content\/uploads\/2023\/03\/PROXIMA-lampa-sygnalizacyjna-slupkowa.jpeg-4.jpg","width":386,"height":362,"caption":"PROXIMA lampa-sygnalizacyjna-slupkowa.jpeg-4"},{"@type":"BreadcrumbList","@id":"https:\/\/sklep.bramywjazdowe.com.pl\/?product=proxima-lampa-ostrzegawcza-slupkowa#breadcrumb","itemListElement":[{"@type":"ListItem","position":1,"name":"Strona g\u0142\u00f3wna","item":"http:\/\/sklep.bramywjazdowe.com.pl\/"},{"@type":"ListItem","position":2,"name":"Produkty","item":"http:\/\/sklep.bramywjazdowe.com.pl\/"},{"@type":"ListItem","position":3,"name":"PROXIMA &#8211; lampa ostrzegawcza S\u0142upkowa"}]},{"@type":"WebSite","@id":"http:\/\/sklep.bramywjazdowe.com.pl\/#website","url":"http:\/\/sklep.bramywjazdowe.com.pl\/","name":"Sklep Trymer Tomasz Kucharski","description":"","publisher":{"@id":"http:\/\/sklep.bramywjazdowe.com.pl\/#organization"},"potentialAction":[{"@type":"SearchAction","target":{"@type":"EntryPoint","urlTemplate":"http:\/\/sklep.bramywjazdowe.com.pl\/?s={search_term_string}"},"query-input":{"@type":"PropertyValueSpecification","valueRequired":true,"valueName":"search_term_string"}}],"inLanguage":"pl-PL"},{"@type":"Organization","@id":"http:\/\/sklep.bramywjazdowe.com.pl\/#organization","name":"TRYMER Tomasz Kucharski","url":"http:\/\/sklep.bramywjazdowe.com.pl\/","logo":{"@type":"ImageObject","inLanguage":"pl-PL","@id":"http:\/\/sklep.bramywjazdowe.com.pl\/#\/schema\/logo\/image\/","url":"https:\/\/sklep.bramywjazdowe.com.pl\/wp-content\/uploads\/2022\/11\/logo-sklep-222.png","contentUrl":"https:\/\/sklep.bramywjazdowe.com.pl\/wp-content\/uploads\/2022\/11\/logo-sklep-222.png","width":1200,"height":180,"caption":"TRYMER Tomasz Kucharski"},"image":{"@id":"http:\/\/sklep.bramywjazdowe.com.pl\/#\/schema\/logo\/image\/"}}]}},"brands":[{"id":90,"name":"PROXIMA","slug":"proxima"}],"_links":{"self":[{"href":"https:\/\/sklep.bramywjazdowe.com.pl\/index.php?rest_route=\/wp\/v2\/product\/762","targetHints":{"allow":["GET"]}}],"collection":[{"href":"https:\/\/sklep.bramywjazdowe.com.pl\/index.php?rest_route=\/wp\/v2\/product"}],"about":[{"href":"https:\/\/sklep.bramywjazdowe.com.pl\/index.php?rest_route=\/wp\/v2\/types\/product"}],"replies":[{"embeddable":true,"href":"https:\/\/sklep.bramywjazdowe.com.pl\/index.php?rest_route=%2Fwp%2Fv2%2Fcomments&post=762"}],"wp:featuredmedia":[{"embeddable":true,"href":"https:\/\/sklep.bramywjazdowe.com.pl\/index.php?rest_route=\/wp\/v2\/media\/750"}],"wp:attachment":[{"href":"https:\/\/sklep.bramywjazdowe.com.pl\/index.php?rest_route=%2Fwp%2Fv2%2Fmedia&parent=762"}],"wp:term":[{"taxonomy":"pwb-brand","embeddable":true,"href":"https:\/\/sklep.bramywjazdowe.com.pl\/index.php?rest_route=%2Fwp%2Fv2%2Fpwb-brand&post=762"},{"taxonomy":"product_brand","embeddable":true,"href":"https:\/\/sklep.bramywjazdowe.com.pl\/index.php?rest_route=%2Fwp%2Fv2%2Fproduct_brand&post=762"},{"taxonomy":"product_cat","embeddable":true,"href":"https:\/\/sklep.bramywjazdowe.com.pl\/index.php?rest_route=%2Fwp%2Fv2%2Fproduct_cat&post=762"},{"taxonomy":"product_tag","embeddable":true,"href":"https:\/\/sklep.bramywjazdowe.com.pl\/index.php?rest_route=%2Fwp%2Fv2%2Fproduct_tag&post=762"}],"curies":[{"name":"wp","href":"https:\/\/api.w.org\/{rel}","templated":true}]}}