{"id":764,"date":"2023-03-05T18:38:31","date_gmt":"2023-03-05T17:38:31","guid":{"rendered":"http:\/\/sklep.bramywjazdowe.com.pl\/?post_type=product&#038;p=764"},"modified":"2023-03-05T18:41:55","modified_gmt":"2023-03-05T17:41:55","slug":"uchwyt-do-pilota-do-oslony-przeciwslonecznej-samochodu","status":"publish","type":"product","link":"https:\/\/sklep.bramywjazdowe.com.pl\/?product=uchwyt-do-pilota-do-oslony-przeciwslonecznej-samochodu","title":{"rendered":"Uchwyt do pilota do os\u0142ony przeciws\u0142onecznej samochodu"},"content":{"rendered":"<p>Uchwyt do pilota do os\u0142ony przeciws\u0142onecznej samochodu<\/p>\n<ul>\n<li>Zaprojektowany do monta\u017cu do os\u0142ony przeciws\u0142onecznej samochodu.<\/li>\n<li>Nie ogranicza pola widoczno\u015bci i jednocze\u015bnie znajduje si\u0119 blisko kierowcy, co pozwala na intuicyjne korzystanie z pilota.<\/li>\n<li>Mo\u017cliwo\u015b\u0107 regulacji wysoko\u015bci (od 50 mm do 65 mm).<\/li>\n<li>Uchwyt pasuje do wi\u0119kszo\u015bci standardowych pilot\u00f3w.<\/li>\n<\/ul>\n","protected":false},"excerpt":{"rendered":"<p>Uchwyt do pilota do os\u0142ony przeciws\u0142onecznej samochodu Zaprojektowany do monta\u017cu do os\u0142ony przeciws\u0142onecznej samochodu. Nie ogranicza pola widoczno\u015bci i jednocze\u015bnie znajduje si\u0119 blisko kierowcy, co pozwala na intuicyjne korzystanie z pilota. Mo\u017cliwo\u015b\u0107 regulacji wysoko\u015bci (od 50 mm do 65 mm). Uchwyt pasuje do wi\u0119kszo\u015bci standardowych pilot\u00f3w.<\/p>\n","protected":false},"featured_media":744,"comment_status":"open","ping_status":"closed","template":"","meta":[],"pwb-brand":[90],"product_brand":[],"product_cat":[72,45,59],"product_tag":[91,198],"class_list":{"0":"post-764","1":"product","2":"type-product","3":"status-publish","4":"has-post-thumbnail","6":"pwb-brand-proxima","7":"product_cat-pozostale","8":"product_cat-akcesoria-2","9":"product_cat-pozostale-2","10":"product_tag-proxima-2","11":"product_tag-zwalniacz-rygla-bramy","13":"first","14":"instock","15":"taxable","16":"shipping-taxable","17":"purchasable","18":"product-type-simple"},"yoast_head":"<!-- This site is optimized with the Yoast SEO plugin v24.7 - https:\/\/yoast.com\/wordpress\/plugins\/seo\/ -->\n<title>Uchwyt do pilota do os\u0142ony przeciws\u0142onecznej samochodu<\/title>\n<meta name=\"description\" content=\"Uchwyt do pilota do os\u0142ony przeciws\u0142onecznej samochodu. Automatyka do bram sprzeda\u017c, monta\u017c, serwis.\" \/>\n<meta name=\"robots\" content=\"index, follow, max-snippet:-1, max-image-preview:large, max-video-preview:-1\" \/>\n<link rel=\"canonical\" href=\"https:\/\/sklep.bramywjazdowe.com.pl\/?product=uchwyt-do-pilota-do-oslony-przeciwslonecznej-samochodu\" \/>\n<meta property=\"og:locale\" content=\"pl_PL\" \/>\n<meta property=\"og:type\" content=\"article\" \/>\n<meta property=\"og:title\" content=\"Uchwyt do pilota do os\u0142ony przeciws\u0142onecznej samochodu\" \/>\n<meta property=\"og:description\" content=\"Uchwyt do pilota do os\u0142ony przeciws\u0142onecznej samochodu. Automatyka do bram sprzeda\u017c, monta\u017c, serwis.\" \/>\n<meta property=\"og:url\" content=\"https:\/\/sklep.bramywjazdowe.com.pl\/?product=uchwyt-do-pilota-do-oslony-przeciwslonecznej-samochodu\" \/>\n<meta property=\"article:modified_time\" content=\"2023-03-05T17:41:55+00:00\" \/>\n<meta property=\"og:image\" content=\"https:\/\/sklep.bramywjazdowe.com.pl\/wp-content\/uploads\/2023\/03\/uchwyt-do-pilota-na-sloneczko.jpg\" \/>\n\t<meta property=\"og:image:width\" content=\"768\" \/>\n\t<meta property=\"og:image:height\" content=\"768\" \/>\n\t<meta property=\"og:image:type\" content=\"image\/jpeg\" \/>\n<meta name=\"twitter:card\" content=\"summary_large_image\" \/>\n<meta name=\"twitter:label1\" content=\"Szacowany czas czytania\" \/>\n\t<meta name=\"twitter:data1\" content=\"1 minuta\" \/>\n<script type=\"application\/ld+json\" class=\"yoast-schema-graph\">{\"@context\":\"https:\/\/schema.org\",\"@graph\":[{\"@type\":\"WebPage\",\"@id\":\"https:\/\/sklep.bramywjazdowe.com.pl\/?product=uchwyt-do-pilota-do-oslony-przeciwslonecznej-samochodu\",\"url\":\"https:\/\/sklep.bramywjazdowe.com.pl\/?product=uchwyt-do-pilota-do-oslony-przeciwslonecznej-samochodu\",\"name\":\"Uchwyt do pilota do os\u0142ony przeciws\u0142onecznej samochodu\",\"isPartOf\":{\"@id\":\"http:\/\/sklep.bramywjazdowe.com.pl\/#website\"},\"primaryImageOfPage\":{\"@id\":\"https:\/\/sklep.bramywjazdowe.com.pl\/?product=uchwyt-do-pilota-do-oslony-przeciwslonecznej-samochodu#primaryimage\"},\"image\":{\"@id\":\"https:\/\/sklep.bramywjazdowe.com.pl\/?product=uchwyt-do-pilota-do-oslony-przeciwslonecznej-samochodu#primaryimage\"},\"thumbnailUrl\":\"https:\/\/sklep.bramywjazdowe.com.pl\/wp-content\/uploads\/2023\/03\/uchwyt-do-pilota-na-sloneczko.jpg\",\"datePublished\":\"2023-03-05T17:38:31+00:00\",\"dateModified\":\"2023-03-05T17:41:55+00:00\",\"description\":\"Uchwyt do pilota do os\u0142ony przeciws\u0142onecznej samochodu. Automatyka do bram sprzeda\u017c, monta\u017c, serwis.\",\"breadcrumb\":{\"@id\":\"https:\/\/sklep.bramywjazdowe.com.pl\/?product=uchwyt-do-pilota-do-oslony-przeciwslonecznej-samochodu#breadcrumb\"},\"inLanguage\":\"pl-PL\",\"potentialAction\":[{\"@type\":\"ReadAction\",\"target\":[\"https:\/\/sklep.bramywjazdowe.com.pl\/?product=uchwyt-do-pilota-do-oslony-przeciwslonecznej-samochodu\"]}]},{\"@type\":\"ImageObject\",\"inLanguage\":\"pl-PL\",\"@id\":\"https:\/\/sklep.bramywjazdowe.com.pl\/?product=uchwyt-do-pilota-do-oslony-przeciwslonecznej-samochodu#primaryimage\",\"url\":\"https:\/\/sklep.bramywjazdowe.com.pl\/wp-content\/uploads\/2023\/03\/uchwyt-do-pilota-na-sloneczko.jpg\",\"contentUrl\":\"https:\/\/sklep.bramywjazdowe.com.pl\/wp-content\/uploads\/2023\/03\/uchwyt-do-pilota-na-sloneczko.jpg\",\"width\":768,\"height\":768,\"caption\":\"uchwyt do pilota na s\u0142oneczko\"},{\"@type\":\"BreadcrumbList\",\"@id\":\"https:\/\/sklep.bramywjazdowe.com.pl\/?product=uchwyt-do-pilota-do-oslony-przeciwslonecznej-samochodu#breadcrumb\",\"itemListElement\":[{\"@type\":\"ListItem\",\"position\":1,\"name\":\"Strona g\u0142\u00f3wna\",\"item\":\"http:\/\/sklep.bramywjazdowe.com.pl\/\"},{\"@type\":\"ListItem\",\"position\":2,\"name\":\"Produkty\",\"item\":\"http:\/\/sklep.bramywjazdowe.com.pl\/\"},{\"@type\":\"ListItem\",\"position\":3,\"name\":\"Uchwyt do pilota do os\u0142ony przeciws\u0142onecznej samochodu\"}]},{\"@type\":\"WebSite\",\"@id\":\"http:\/\/sklep.bramywjazdowe.com.pl\/#website\",\"url\":\"http:\/\/sklep.bramywjazdowe.com.pl\/\",\"name\":\"Sklep Trymer Tomasz Kucharski\",\"description\":\"\",\"publisher\":{\"@id\":\"http:\/\/sklep.bramywjazdowe.com.pl\/#organization\"},\"potentialAction\":[{\"@type\":\"SearchAction\",\"target\":{\"@type\":\"EntryPoint\",\"urlTemplate\":\"http:\/\/sklep.bramywjazdowe.com.pl\/?s={search_term_string}\"},\"query-input\":{\"@type\":\"PropertyValueSpecification\",\"valueRequired\":true,\"valueName\":\"search_term_string\"}}],\"inLanguage\":\"pl-PL\"},{\"@type\":\"Organization\",\"@id\":\"http:\/\/sklep.bramywjazdowe.com.pl\/#organization\",\"name\":\"TRYMER Tomasz Kucharski\",\"url\":\"http:\/\/sklep.bramywjazdowe.com.pl\/\",\"logo\":{\"@type\":\"ImageObject\",\"inLanguage\":\"pl-PL\",\"@id\":\"http:\/\/sklep.bramywjazdowe.com.pl\/#\/schema\/logo\/image\/\",\"url\":\"https:\/\/sklep.bramywjazdowe.com.pl\/wp-content\/uploads\/2022\/11\/logo-sklep-222.png\",\"contentUrl\":\"https:\/\/sklep.bramywjazdowe.com.pl\/wp-content\/uploads\/2022\/11\/logo-sklep-222.png\",\"width\":1200,\"height\":180,\"caption\":\"TRYMER Tomasz Kucharski\"},\"image\":{\"@id\":\"http:\/\/sklep.bramywjazdowe.com.pl\/#\/schema\/logo\/image\/\"}}]}<\/script>\n<!-- \/ Yoast SEO plugin. -->","yoast_head_json":{"title":"Uchwyt do pilota do os\u0142ony przeciws\u0142onecznej samochodu","description":"Uchwyt do pilota do os\u0142ony przeciws\u0142onecznej samochodu. Automatyka do bram sprzeda\u017c, monta\u017c, serwis.","robots":{"index":"index","follow":"follow","max-snippet":"max-snippet:-1","max-image-preview":"max-image-preview:large","max-video-preview":"max-video-preview:-1"},"canonical":"https:\/\/sklep.bramywjazdowe.com.pl\/?product=uchwyt-do-pilota-do-oslony-przeciwslonecznej-samochodu","og_locale":"pl_PL","og_type":"article","og_title":"Uchwyt do pilota do os\u0142ony przeciws\u0142onecznej samochodu","og_description":"Uchwyt do pilota do os\u0142ony przeciws\u0142onecznej samochodu. Automatyka do bram sprzeda\u017c, monta\u017c, serwis.","og_url":"https:\/\/sklep.bramywjazdowe.com.pl\/?product=uchwyt-do-pilota-do-oslony-przeciwslonecznej-samochodu","article_modified_time":"2023-03-05T17:41:55+00:00","og_image":[{"width":768,"height":768,"url":"https:\/\/sklep.bramywjazdowe.com.pl\/wp-content\/uploads\/2023\/03\/uchwyt-do-pilota-na-sloneczko.jpg","type":"image\/jpeg"}],"twitter_card":"summary_large_image","twitter_misc":{"Szacowany czas czytania":"1 minuta"},"schema":{"@context":"https:\/\/schema.org","@graph":[{"@type":"WebPage","@id":"https:\/\/sklep.bramywjazdowe.com.pl\/?product=uchwyt-do-pilota-do-oslony-przeciwslonecznej-samochodu","url":"https:\/\/sklep.bramywjazdowe.com.pl\/?product=uchwyt-do-pilota-do-oslony-przeciwslonecznej-samochodu","name":"Uchwyt do pilota do os\u0142ony przeciws\u0142onecznej samochodu","isPartOf":{"@id":"http:\/\/sklep.bramywjazdowe.com.pl\/#website"},"primaryImageOfPage":{"@id":"https:\/\/sklep.bramywjazdowe.com.pl\/?product=uchwyt-do-pilota-do-oslony-przeciwslonecznej-samochodu#primaryimage"},"image":{"@id":"https:\/\/sklep.bramywjazdowe.com.pl\/?product=uchwyt-do-pilota-do-oslony-przeciwslonecznej-samochodu#primaryimage"},"thumbnailUrl":"https:\/\/sklep.bramywjazdowe.com.pl\/wp-content\/uploads\/2023\/03\/uchwyt-do-pilota-na-sloneczko.jpg","datePublished":"2023-03-05T17:38:31+00:00","dateModified":"2023-03-05T17:41:55+00:00","description":"Uchwyt do pilota do os\u0142ony przeciws\u0142onecznej samochodu. Automatyka do bram sprzeda\u017c, monta\u017c, serwis.","breadcrumb":{"@id":"https:\/\/sklep.bramywjazdowe.com.pl\/?product=uchwyt-do-pilota-do-oslony-przeciwslonecznej-samochodu#breadcrumb"},"inLanguage":"pl-PL","potentialAction":[{"@type":"ReadAction","target":["https:\/\/sklep.bramywjazdowe.com.pl\/?product=uchwyt-do-pilota-do-oslony-przeciwslonecznej-samochodu"]}]},{"@type":"ImageObject","inLanguage":"pl-PL","@id":"https:\/\/sklep.bramywjazdowe.com.pl\/?product=uchwyt-do-pilota-do-oslony-przeciwslonecznej-samochodu#primaryimage","url":"https:\/\/sklep.bramywjazdowe.com.pl\/wp-content\/uploads\/2023\/03\/uchwyt-do-pilota-na-sloneczko.jpg","contentUrl":"https:\/\/sklep.bramywjazdowe.com.pl\/wp-content\/uploads\/2023\/03\/uchwyt-do-pilota-na-sloneczko.jpg","width":768,"height":768,"caption":"uchwyt do pilota na s\u0142oneczko"},{"@type":"BreadcrumbList","@id":"https:\/\/sklep.bramywjazdowe.com.pl\/?product=uchwyt-do-pilota-do-oslony-przeciwslonecznej-samochodu#breadcrumb","itemListElement":[{"@type":"ListItem","position":1,"name":"Strona g\u0142\u00f3wna","item":"http:\/\/sklep.bramywjazdowe.com.pl\/"},{"@type":"ListItem","position":2,"name":"Produkty","item":"http:\/\/sklep.bramywjazdowe.com.pl\/"},{"@type":"ListItem","position":3,"name":"Uchwyt do pilota do os\u0142ony przeciws\u0142onecznej samochodu"}]},{"@type":"WebSite","@id":"http:\/\/sklep.bramywjazdowe.com.pl\/#website","url":"http:\/\/sklep.bramywjazdowe.com.pl\/","name":"Sklep Trymer Tomasz Kucharski","description":"","publisher":{"@id":"http:\/\/sklep.bramywjazdowe.com.pl\/#organization"},"potentialAction":[{"@type":"SearchAction","target":{"@type":"EntryPoint","urlTemplate":"http:\/\/sklep.bramywjazdowe.com.pl\/?s={search_term_string}"},"query-input":{"@type":"PropertyValueSpecification","valueRequired":true,"valueName":"search_term_string"}}],"inLanguage":"pl-PL"},{"@type":"Organization","@id":"http:\/\/sklep.bramywjazdowe.com.pl\/#organization","name":"TRYMER Tomasz Kucharski","url":"http:\/\/sklep.bramywjazdowe.com.pl\/","logo":{"@type":"ImageObject","inLanguage":"pl-PL","@id":"http:\/\/sklep.bramywjazdowe.com.pl\/#\/schema\/logo\/image\/","url":"https:\/\/sklep.bramywjazdowe.com.pl\/wp-content\/uploads\/2022\/11\/logo-sklep-222.png","contentUrl":"https:\/\/sklep.bramywjazdowe.com.pl\/wp-content\/uploads\/2022\/11\/logo-sklep-222.png","width":1200,"height":180,"caption":"TRYMER Tomasz Kucharski"},"image":{"@id":"http:\/\/sklep.bramywjazdowe.com.pl\/#\/schema\/logo\/image\/"}}]}},"brands":[{"id":90,"name":"PROXIMA","slug":"proxima"}],"_links":{"self":[{"href":"https:\/\/sklep.bramywjazdowe.com.pl\/index.php?rest_route=\/wp\/v2\/product\/764","targetHints":{"allow":["GET"]}}],"collection":[{"href":"https:\/\/sklep.bramywjazdowe.com.pl\/index.php?rest_route=\/wp\/v2\/product"}],"about":[{"href":"https:\/\/sklep.bramywjazdowe.com.pl\/index.php?rest_route=\/wp\/v2\/types\/product"}],"replies":[{"embeddable":true,"href":"https:\/\/sklep.bramywjazdowe.com.pl\/index.php?rest_route=%2Fwp%2Fv2%2Fcomments&post=764"}],"wp:featuredmedia":[{"embeddable":true,"href":"https:\/\/sklep.bramywjazdowe.com.pl\/index.php?rest_route=\/wp\/v2\/media\/744"}],"wp:attachment":[{"href":"https:\/\/sklep.bramywjazdowe.com.pl\/index.php?rest_route=%2Fwp%2Fv2%2Fmedia&parent=764"}],"wp:term":[{"taxonomy":"pwb-brand","embeddable":true,"href":"https:\/\/sklep.bramywjazdowe.com.pl\/index.php?rest_route=%2Fwp%2Fv2%2Fpwb-brand&post=764"},{"taxonomy":"product_brand","embeddable":true,"href":"https:\/\/sklep.bramywjazdowe.com.pl\/index.php?rest_route=%2Fwp%2Fv2%2Fproduct_brand&post=764"},{"taxonomy":"product_cat","embeddable":true,"href":"https:\/\/sklep.bramywjazdowe.com.pl\/index.php?rest_route=%2Fwp%2Fv2%2Fproduct_cat&post=764"},{"taxonomy":"product_tag","embeddable":true,"href":"https:\/\/sklep.bramywjazdowe.com.pl\/index.php?rest_route=%2Fwp%2Fv2%2Fproduct_tag&post=764"}],"curies":[{"name":"wp","href":"https:\/\/api.w.org\/{rel}","templated":true}]}}