{"id":769,"date":"2023-03-05T19:13:05","date_gmt":"2023-03-05T18:13:05","guid":{"rendered":"http:\/\/sklep.bramywjazdowe.com.pl\/?post_type=product&#038;p=769"},"modified":"2023-03-05T19:15:51","modified_gmt":"2023-03-05T18:15:51","slug":"dtm-fotokomorka-obrotowa-bezprzewodowa-slimflash-z-lampa-oswietleniowa","status":"publish","type":"product","link":"https:\/\/sklep.bramywjazdowe.com.pl\/?product=dtm-fotokomorka-obrotowa-bezprzewodowa-slimflash-z-lampa-oswietleniowa","title":{"rendered":"DTM &#8211; Fotokom\u00f3rka obrotowa bezprzewodowa SLIMFLASH z lamp\u0105 o\u015bwietleniow\u0105"},"content":{"rendered":"<p>DTM &#8211; Fotokom\u00f3rka obrotowa bezprzewodowa SLIMFLASH z lamp\u0105 o\u015bwietleniow\u0105<\/p>\n<p>PARAMETRY PODSTAWOWE:<\/p>\n<ul>\n<li>zasi\u0119g dzia\u0142ania: 15m<\/li>\n<li>regulacja k\u0105ta patrzenia: 200\u00b0 w poziomie<\/li>\n<li>wbudowana lampa o\u015bwietleniowa: LED 2x3w<\/li>\n<li>zasilanie nadajnika i odbiornika: 12-24V AC lub DC<\/li>\n<li>pob\u00f3r pr\u0105du odbiornika: 25mA<\/li>\n<li>pob\u00f3r pr\u0105du nadajnika: 25mA<\/li>\n<li>temperatura pracy (min.\/max.): -20\u00b0C \/ +55\u00b0C<\/li>\n<li>gabaryty zew. obudowy (szer. x g\u0142\u0119b. x wys.): 38x36x145mm<\/li>\n<li>stopie\u0144 ochrony: IP 54<\/li>\n<li>materia\u0142 obudowy: obudowa z ABS z poliw\u0119glanowym kloszem<\/li>\n<\/ul>\n<p>ELEMENTY WYKONAWCZE:<\/p>\n<ul>\n<li>wyj\u015bcia stykowe (typ \/ maksymalne obci\u0105\u017cenie): NO lub NC \/ 1A 24V AC lub DC<\/li>\n<\/ul>\n<p>FUNKCJONALNO\u015a\u0106:<\/p>\n<ul>\n<li>regulowany k\u0105t patrzenia: 200\u00b0 w poziomie w nadajniku i odbiorniku, umo\u017cliwia zamontowanie fotokom\u00f3rki na p\u0142aszczy\u017anie r\u00f3wnoleg\u0142ej do p\u0142aszczyzny bramy<\/li>\n<li>interfejs u\u017cytkownika: diody \u015bwiec\u0105ce, sygnalizuj\u0105ce pod\u0142\u0105czenie zasilania oraz u\u0142atwiaj\u0105ce synchronizacj\u0119 promienia nadajnika z odbiornikiem<\/li>\n<li>dodatkowe zabezpieczenie: uk\u0142ad wyj\u015bciowy o zwi\u0119kszonym stopniu bezpiecze\u0144stwa (w przypadku uszkodzenia, wyj\u015bcie fotokom\u00f3rki przechodzi zawsze w stan naruszenia)<\/li>\n<li>zabezpieczenie przed zak\u0142\u00f3caniem si\u0119 2 par fotokom\u00f3rek: funkcja synchronizacji (wymaga zasilania AC)<\/li>\n<\/ul>\n","protected":false},"excerpt":{"rendered":"<p>DTM &#8211; Fotokom\u00f3rka obrotowa bezprzewodowa SLIMFLASH z lamp\u0105 o\u015bwietleniow\u0105 PARAMETRY PODSTAWOWE: zasi\u0119g dzia\u0142ania: 15m regulacja k\u0105ta patrzenia: 200\u00b0 w poziomie wbudowana lampa o\u015bwietleniowa: LED 2x3w zasilanie nadajnika i odbiornika: 12-24V AC lub DC pob\u00f3r pr\u0105du odbiornika: 25mA pob\u00f3r pr\u0105du nadajnika: 25mA temperatura pracy (min.\/max.): -20\u00b0C \/ +55\u00b0C gabaryty zew. obudowy (szer. x g\u0142\u0119b. x wys.): [&hellip;]<\/p>\n","protected":false},"featured_media":771,"comment_status":"open","ping_status":"closed","template":"","meta":[],"pwb-brand":[42],"product_brand":[],"product_cat":[45,46],"product_tag":[88,86,92,199],"class_list":{"0":"post-769","1":"product","2":"type-product","3":"status-publish","4":"has-post-thumbnail","6":"pwb-brand-dtm-system","7":"product_cat-akcesoria-2","8":"product_cat-fotokomorki-2","9":"product_tag-dtm","10":"product_tag-fotokomorki","11":"product_tag-lampa-ostrzegawcza","12":"product_tag-slimflash","14":"first","15":"instock","16":"taxable","17":"shipping-taxable","18":"purchasable","19":"product-type-simple"},"yoast_head":"<!-- This site is optimized with the Yoast SEO plugin v24.7 - https:\/\/yoast.com\/wordpress\/plugins\/seo\/ -->\n<title>DTM Fotokom\u00f3rka obrotowa bezprzewodowa SLIMFLASH z lamp\u0105<\/title>\n<meta name=\"description\" content=\"DTM - Fotokom\u00f3rka obrotowa bezprzewodowa SLIMFLASH z lamp\u0105 o\u015bwietleniow\u0105 (nadajnik i odbiornik) TRYMER. Atrakcyjne ceny, szybki czas realizacji.\" \/>\n<meta name=\"robots\" content=\"index, follow, max-snippet:-1, max-image-preview:large, max-video-preview:-1\" \/>\n<link rel=\"canonical\" href=\"https:\/\/sklep.bramywjazdowe.com.pl\/?product=dtm-fotokomorka-obrotowa-bezprzewodowa-slimflash-z-lampa-oswietleniowa\" \/>\n<meta property=\"og:locale\" content=\"pl_PL\" \/>\n<meta property=\"og:type\" content=\"article\" \/>\n<meta property=\"og:title\" content=\"DTM Fotokom\u00f3rka obrotowa bezprzewodowa SLIMFLASH z lamp\u0105\" \/>\n<meta property=\"og:description\" content=\"DTM - Fotokom\u00f3rka obrotowa bezprzewodowa SLIMFLASH z lamp\u0105 o\u015bwietleniow\u0105 (nadajnik i odbiornik) TRYMER. Atrakcyjne ceny, szybki czas realizacji.\" \/>\n<meta property=\"og:url\" content=\"https:\/\/sklep.bramywjazdowe.com.pl\/?product=dtm-fotokomorka-obrotowa-bezprzewodowa-slimflash-z-lampa-oswietleniowa\" \/>\n<meta property=\"article:modified_time\" content=\"2023-03-05T18:15:51+00:00\" \/>\n<meta property=\"og:image\" content=\"https:\/\/sklep.bramywjazdowe.com.pl\/wp-content\/uploads\/2023\/03\/DTM-slimflash-pomarancz.webp\" \/>\n\t<meta property=\"og:image:width\" content=\"1024\" \/>\n\t<meta property=\"og:image:height\" content=\"768\" \/>\n\t<meta property=\"og:image:type\" content=\"image\/webp\" \/>\n<meta name=\"twitter:card\" content=\"summary_large_image\" \/>\n<meta name=\"twitter:label1\" content=\"Szacowany czas czytania\" \/>\n\t<meta name=\"twitter:data1\" content=\"1 minuta\" \/>\n<script type=\"application\/ld+json\" class=\"yoast-schema-graph\">{\"@context\":\"https:\/\/schema.org\",\"@graph\":[{\"@type\":\"WebPage\",\"@id\":\"https:\/\/sklep.bramywjazdowe.com.pl\/?product=dtm-fotokomorka-obrotowa-bezprzewodowa-slimflash-z-lampa-oswietleniowa\",\"url\":\"https:\/\/sklep.bramywjazdowe.com.pl\/?product=dtm-fotokomorka-obrotowa-bezprzewodowa-slimflash-z-lampa-oswietleniowa\",\"name\":\"DTM Fotokom\u00f3rka obrotowa bezprzewodowa SLIMFLASH z lamp\u0105\",\"isPartOf\":{\"@id\":\"http:\/\/sklep.bramywjazdowe.com.pl\/#website\"},\"primaryImageOfPage\":{\"@id\":\"https:\/\/sklep.bramywjazdowe.com.pl\/?product=dtm-fotokomorka-obrotowa-bezprzewodowa-slimflash-z-lampa-oswietleniowa#primaryimage\"},\"image\":{\"@id\":\"https:\/\/sklep.bramywjazdowe.com.pl\/?product=dtm-fotokomorka-obrotowa-bezprzewodowa-slimflash-z-lampa-oswietleniowa#primaryimage\"},\"thumbnailUrl\":\"https:\/\/sklep.bramywjazdowe.com.pl\/wp-content\/uploads\/2023\/03\/DTM-slimflash-pomarancz.webp\",\"datePublished\":\"2023-03-05T18:13:05+00:00\",\"dateModified\":\"2023-03-05T18:15:51+00:00\",\"description\":\"DTM - Fotokom\u00f3rka obrotowa bezprzewodowa SLIMFLASH z lamp\u0105 o\u015bwietleniow\u0105 (nadajnik i odbiornik) TRYMER. Atrakcyjne ceny, szybki czas realizacji.\",\"breadcrumb\":{\"@id\":\"https:\/\/sklep.bramywjazdowe.com.pl\/?product=dtm-fotokomorka-obrotowa-bezprzewodowa-slimflash-z-lampa-oswietleniowa#breadcrumb\"},\"inLanguage\":\"pl-PL\",\"potentialAction\":[{\"@type\":\"ReadAction\",\"target\":[\"https:\/\/sklep.bramywjazdowe.com.pl\/?product=dtm-fotokomorka-obrotowa-bezprzewodowa-slimflash-z-lampa-oswietleniowa\"]}]},{\"@type\":\"ImageObject\",\"inLanguage\":\"pl-PL\",\"@id\":\"https:\/\/sklep.bramywjazdowe.com.pl\/?product=dtm-fotokomorka-obrotowa-bezprzewodowa-slimflash-z-lampa-oswietleniowa#primaryimage\",\"url\":\"https:\/\/sklep.bramywjazdowe.com.pl\/wp-content\/uploads\/2023\/03\/DTM-slimflash-pomarancz.webp\",\"contentUrl\":\"https:\/\/sklep.bramywjazdowe.com.pl\/wp-content\/uploads\/2023\/03\/DTM-slimflash-pomarancz.webp\",\"width\":1024,\"height\":768,\"caption\":\"DTM slimflash pomara\u0144cz\"},{\"@type\":\"BreadcrumbList\",\"@id\":\"https:\/\/sklep.bramywjazdowe.com.pl\/?product=dtm-fotokomorka-obrotowa-bezprzewodowa-slimflash-z-lampa-oswietleniowa#breadcrumb\",\"itemListElement\":[{\"@type\":\"ListItem\",\"position\":1,\"name\":\"Strona g\u0142\u00f3wna\",\"item\":\"http:\/\/sklep.bramywjazdowe.com.pl\/\"},{\"@type\":\"ListItem\",\"position\":2,\"name\":\"Produkty\",\"item\":\"http:\/\/sklep.bramywjazdowe.com.pl\/\"},{\"@type\":\"ListItem\",\"position\":3,\"name\":\"DTM &#8211; Fotokom\u00f3rka obrotowa bezprzewodowa SLIMFLASH z lamp\u0105 o\u015bwietleniow\u0105\"}]},{\"@type\":\"WebSite\",\"@id\":\"http:\/\/sklep.bramywjazdowe.com.pl\/#website\",\"url\":\"http:\/\/sklep.bramywjazdowe.com.pl\/\",\"name\":\"Sklep Trymer Tomasz Kucharski\",\"description\":\"\",\"publisher\":{\"@id\":\"http:\/\/sklep.bramywjazdowe.com.pl\/#organization\"},\"potentialAction\":[{\"@type\":\"SearchAction\",\"target\":{\"@type\":\"EntryPoint\",\"urlTemplate\":\"http:\/\/sklep.bramywjazdowe.com.pl\/?s={search_term_string}\"},\"query-input\":{\"@type\":\"PropertyValueSpecification\",\"valueRequired\":true,\"valueName\":\"search_term_string\"}}],\"inLanguage\":\"pl-PL\"},{\"@type\":\"Organization\",\"@id\":\"http:\/\/sklep.bramywjazdowe.com.pl\/#organization\",\"name\":\"TRYMER Tomasz Kucharski\",\"url\":\"http:\/\/sklep.bramywjazdowe.com.pl\/\",\"logo\":{\"@type\":\"ImageObject\",\"inLanguage\":\"pl-PL\",\"@id\":\"http:\/\/sklep.bramywjazdowe.com.pl\/#\/schema\/logo\/image\/\",\"url\":\"https:\/\/sklep.bramywjazdowe.com.pl\/wp-content\/uploads\/2022\/11\/logo-sklep-222.png\",\"contentUrl\":\"https:\/\/sklep.bramywjazdowe.com.pl\/wp-content\/uploads\/2022\/11\/logo-sklep-222.png\",\"width\":1200,\"height\":180,\"caption\":\"TRYMER Tomasz Kucharski\"},\"image\":{\"@id\":\"http:\/\/sklep.bramywjazdowe.com.pl\/#\/schema\/logo\/image\/\"}}]}<\/script>\n<!-- \/ Yoast SEO plugin. -->","yoast_head_json":{"title":"DTM Fotokom\u00f3rka obrotowa bezprzewodowa SLIMFLASH z lamp\u0105","description":"DTM - Fotokom\u00f3rka obrotowa bezprzewodowa SLIMFLASH z lamp\u0105 o\u015bwietleniow\u0105 (nadajnik i odbiornik) TRYMER. Atrakcyjne ceny, szybki czas realizacji.","robots":{"index":"index","follow":"follow","max-snippet":"max-snippet:-1","max-image-preview":"max-image-preview:large","max-video-preview":"max-video-preview:-1"},"canonical":"https:\/\/sklep.bramywjazdowe.com.pl\/?product=dtm-fotokomorka-obrotowa-bezprzewodowa-slimflash-z-lampa-oswietleniowa","og_locale":"pl_PL","og_type":"article","og_title":"DTM Fotokom\u00f3rka obrotowa bezprzewodowa SLIMFLASH z lamp\u0105","og_description":"DTM - Fotokom\u00f3rka obrotowa bezprzewodowa SLIMFLASH z lamp\u0105 o\u015bwietleniow\u0105 (nadajnik i odbiornik) TRYMER. Atrakcyjne ceny, szybki czas realizacji.","og_url":"https:\/\/sklep.bramywjazdowe.com.pl\/?product=dtm-fotokomorka-obrotowa-bezprzewodowa-slimflash-z-lampa-oswietleniowa","article_modified_time":"2023-03-05T18:15:51+00:00","og_image":[{"width":1024,"height":768,"url":"https:\/\/sklep.bramywjazdowe.com.pl\/wp-content\/uploads\/2023\/03\/DTM-slimflash-pomarancz.webp","type":"image\/webp"}],"twitter_card":"summary_large_image","twitter_misc":{"Szacowany czas czytania":"1 minuta"},"schema":{"@context":"https:\/\/schema.org","@graph":[{"@type":"WebPage","@id":"https:\/\/sklep.bramywjazdowe.com.pl\/?product=dtm-fotokomorka-obrotowa-bezprzewodowa-slimflash-z-lampa-oswietleniowa","url":"https:\/\/sklep.bramywjazdowe.com.pl\/?product=dtm-fotokomorka-obrotowa-bezprzewodowa-slimflash-z-lampa-oswietleniowa","name":"DTM Fotokom\u00f3rka obrotowa bezprzewodowa SLIMFLASH z lamp\u0105","isPartOf":{"@id":"http:\/\/sklep.bramywjazdowe.com.pl\/#website"},"primaryImageOfPage":{"@id":"https:\/\/sklep.bramywjazdowe.com.pl\/?product=dtm-fotokomorka-obrotowa-bezprzewodowa-slimflash-z-lampa-oswietleniowa#primaryimage"},"image":{"@id":"https:\/\/sklep.bramywjazdowe.com.pl\/?product=dtm-fotokomorka-obrotowa-bezprzewodowa-slimflash-z-lampa-oswietleniowa#primaryimage"},"thumbnailUrl":"https:\/\/sklep.bramywjazdowe.com.pl\/wp-content\/uploads\/2023\/03\/DTM-slimflash-pomarancz.webp","datePublished":"2023-03-05T18:13:05+00:00","dateModified":"2023-03-05T18:15:51+00:00","description":"DTM - Fotokom\u00f3rka obrotowa bezprzewodowa SLIMFLASH z lamp\u0105 o\u015bwietleniow\u0105 (nadajnik i odbiornik) TRYMER. Atrakcyjne ceny, szybki czas realizacji.","breadcrumb":{"@id":"https:\/\/sklep.bramywjazdowe.com.pl\/?product=dtm-fotokomorka-obrotowa-bezprzewodowa-slimflash-z-lampa-oswietleniowa#breadcrumb"},"inLanguage":"pl-PL","potentialAction":[{"@type":"ReadAction","target":["https:\/\/sklep.bramywjazdowe.com.pl\/?product=dtm-fotokomorka-obrotowa-bezprzewodowa-slimflash-z-lampa-oswietleniowa"]}]},{"@type":"ImageObject","inLanguage":"pl-PL","@id":"https:\/\/sklep.bramywjazdowe.com.pl\/?product=dtm-fotokomorka-obrotowa-bezprzewodowa-slimflash-z-lampa-oswietleniowa#primaryimage","url":"https:\/\/sklep.bramywjazdowe.com.pl\/wp-content\/uploads\/2023\/03\/DTM-slimflash-pomarancz.webp","contentUrl":"https:\/\/sklep.bramywjazdowe.com.pl\/wp-content\/uploads\/2023\/03\/DTM-slimflash-pomarancz.webp","width":1024,"height":768,"caption":"DTM slimflash pomara\u0144cz"},{"@type":"BreadcrumbList","@id":"https:\/\/sklep.bramywjazdowe.com.pl\/?product=dtm-fotokomorka-obrotowa-bezprzewodowa-slimflash-z-lampa-oswietleniowa#breadcrumb","itemListElement":[{"@type":"ListItem","position":1,"name":"Strona g\u0142\u00f3wna","item":"http:\/\/sklep.bramywjazdowe.com.pl\/"},{"@type":"ListItem","position":2,"name":"Produkty","item":"http:\/\/sklep.bramywjazdowe.com.pl\/"},{"@type":"ListItem","position":3,"name":"DTM &#8211; Fotokom\u00f3rka obrotowa bezprzewodowa SLIMFLASH z lamp\u0105 o\u015bwietleniow\u0105"}]},{"@type":"WebSite","@id":"http:\/\/sklep.bramywjazdowe.com.pl\/#website","url":"http:\/\/sklep.bramywjazdowe.com.pl\/","name":"Sklep Trymer Tomasz Kucharski","description":"","publisher":{"@id":"http:\/\/sklep.bramywjazdowe.com.pl\/#organization"},"potentialAction":[{"@type":"SearchAction","target":{"@type":"EntryPoint","urlTemplate":"http:\/\/sklep.bramywjazdowe.com.pl\/?s={search_term_string}"},"query-input":{"@type":"PropertyValueSpecification","valueRequired":true,"valueName":"search_term_string"}}],"inLanguage":"pl-PL"},{"@type":"Organization","@id":"http:\/\/sklep.bramywjazdowe.com.pl\/#organization","name":"TRYMER Tomasz Kucharski","url":"http:\/\/sklep.bramywjazdowe.com.pl\/","logo":{"@type":"ImageObject","inLanguage":"pl-PL","@id":"http:\/\/sklep.bramywjazdowe.com.pl\/#\/schema\/logo\/image\/","url":"https:\/\/sklep.bramywjazdowe.com.pl\/wp-content\/uploads\/2022\/11\/logo-sklep-222.png","contentUrl":"https:\/\/sklep.bramywjazdowe.com.pl\/wp-content\/uploads\/2022\/11\/logo-sklep-222.png","width":1200,"height":180,"caption":"TRYMER Tomasz Kucharski"},"image":{"@id":"http:\/\/sklep.bramywjazdowe.com.pl\/#\/schema\/logo\/image\/"}}]}},"brands":[{"id":42,"name":"DTM System","slug":"dtm-system"}],"_links":{"self":[{"href":"https:\/\/sklep.bramywjazdowe.com.pl\/index.php?rest_route=\/wp\/v2\/product\/769","targetHints":{"allow":["GET"]}}],"collection":[{"href":"https:\/\/sklep.bramywjazdowe.com.pl\/index.php?rest_route=\/wp\/v2\/product"}],"about":[{"href":"https:\/\/sklep.bramywjazdowe.com.pl\/index.php?rest_route=\/wp\/v2\/types\/product"}],"replies":[{"embeddable":true,"href":"https:\/\/sklep.bramywjazdowe.com.pl\/index.php?rest_route=%2Fwp%2Fv2%2Fcomments&post=769"}],"wp:featuredmedia":[{"embeddable":true,"href":"https:\/\/sklep.bramywjazdowe.com.pl\/index.php?rest_route=\/wp\/v2\/media\/771"}],"wp:attachment":[{"href":"https:\/\/sklep.bramywjazdowe.com.pl\/index.php?rest_route=%2Fwp%2Fv2%2Fmedia&parent=769"}],"wp:term":[{"taxonomy":"pwb-brand","embeddable":true,"href":"https:\/\/sklep.bramywjazdowe.com.pl\/index.php?rest_route=%2Fwp%2Fv2%2Fpwb-brand&post=769"},{"taxonomy":"product_brand","embeddable":true,"href":"https:\/\/sklep.bramywjazdowe.com.pl\/index.php?rest_route=%2Fwp%2Fv2%2Fproduct_brand&post=769"},{"taxonomy":"product_cat","embeddable":true,"href":"https:\/\/sklep.bramywjazdowe.com.pl\/index.php?rest_route=%2Fwp%2Fv2%2Fproduct_cat&post=769"},{"taxonomy":"product_tag","embeddable":true,"href":"https:\/\/sklep.bramywjazdowe.com.pl\/index.php?rest_route=%2Fwp%2Fv2%2Fproduct_tag&post=769"}],"curies":[{"name":"wp","href":"https:\/\/api.w.org\/{rel}","templated":true}]}}