{"id":774,"date":"2023-03-05T19:23:47","date_gmt":"2023-03-05T18:23:47","guid":{"rendered":"http:\/\/sklep.bramywjazdowe.com.pl\/?post_type=product&#038;p=774"},"modified":"2023-03-05T19:29:39","modified_gmt":"2023-03-05T18:29:39","slug":"faac-lampa-ostrzegawcza-xled","status":"publish","type":"product","link":"https:\/\/sklep.bramywjazdowe.com.pl\/?product=faac-lampa-ostrzegawcza-xled","title":{"rendered":"FAAC &#8211; lampa ostrzegawcza XLED"},"content":{"rendered":"<p>FAAC &#8211; lampa ostrzegawcza XLED<\/p>\n<p>PARAMETRY PODSTAWOWE:<\/p>\n<ul>\n<li>Napi\u0119cie zasilania 230 &#8211; 115 &#8211; 24 V<\/li>\n<li>Zintegrowana antena zapewnia kompatybilno\u015b\u0107 z odbiornikami 433 MHz i 868 MHz<\/li>\n<li>Uniwersalny uchwyt monta\u017cowy umo\u017cliwiaj\u0105cy zar\u00f3wno instalacj\u0119 na\u015bcienn\u0105 jak i na szczycie s\u0142upka<\/li>\n<li>Stopie\u0144 ochrony IP 54<\/li>\n<li>Temperatura otoczenia podczas pracy -20\u00b0C \u00f7 +55\u00b0C<\/li>\n<li>Wymiary urz\u0105dzenia (WxSxG) 135 x 55 x 165 mm<\/li>\n<li>Liczba diod LED 40<\/li>\n<\/ul>\n","protected":false},"excerpt":{"rendered":"<p>FAAC &#8211; lampa ostrzegawcza XLED PARAMETRY PODSTAWOWE: Napi\u0119cie zasilania 230 &#8211; 115 &#8211; 24 V Zintegrowana antena zapewnia kompatybilno\u015b\u0107 z odbiornikami 433 MHz i 868 MHz Uniwersalny uchwyt monta\u017cowy umo\u017cliwiaj\u0105cy zar\u00f3wno instalacj\u0119 na\u015bcienn\u0105 jak i na szczycie s\u0142upka Stopie\u0144 ochrony IP 54 Temperatura otoczenia podczas pracy -20\u00b0C \u00f7 +55\u00b0C Wymiary urz\u0105dzenia (WxSxG) 135 x 55 [&hellip;]<\/p>\n","protected":false},"featured_media":775,"comment_status":"open","ping_status":"closed","template":"","meta":[],"pwb-brand":[200],"product_brand":[],"product_cat":[45,56],"product_tag":[79,92],"class_list":{"0":"post-774","1":"product","2":"type-product","3":"status-publish","4":"has-post-thumbnail","6":"pwb-brand-faac","7":"product_cat-akcesoria-2","8":"product_cat-lampy-ostrzegawcze-2","9":"product_tag-faac","10":"product_tag-lampa-ostrzegawcza","12":"first","13":"instock","14":"taxable","15":"shipping-taxable","16":"purchasable","17":"product-type-simple"},"yoast_head":"<!-- This site is optimized with the Yoast SEO plugin v24.7 - https:\/\/yoast.com\/wordpress\/plugins\/seo\/ -->\n<title>FAAC - lampa ostrzegawcza XLED<\/title>\n<meta name=\"description\" content=\"FAAC - lampa ostrzegawcza XLED. Automatyka do bram sprzeda\u017c, monta\u017c, serwis.\" \/>\n<meta name=\"robots\" content=\"index, follow, max-snippet:-1, max-image-preview:large, max-video-preview:-1\" \/>\n<link rel=\"canonical\" href=\"https:\/\/sklep.bramywjazdowe.com.pl\/?product=faac-lampa-ostrzegawcza-xled\" \/>\n<meta property=\"og:locale\" content=\"pl_PL\" \/>\n<meta property=\"og:type\" content=\"article\" \/>\n<meta property=\"og:title\" content=\"FAAC - lampa ostrzegawcza XLED\" \/>\n<meta property=\"og:description\" content=\"FAAC - lampa ostrzegawcza XLED. Automatyka do bram sprzeda\u017c, monta\u017c, serwis.\" \/>\n<meta property=\"og:url\" content=\"https:\/\/sklep.bramywjazdowe.com.pl\/?product=faac-lampa-ostrzegawcza-xled\" \/>\n<meta property=\"article:modified_time\" content=\"2023-03-05T18:29:39+00:00\" \/>\n<meta property=\"og:image\" content=\"https:\/\/sklep.bramywjazdowe.com.pl\/wp-content\/uploads\/2023\/03\/FAAC-lampa-ostrzegawcza-XLED.png\" \/>\n\t<meta property=\"og:image:width\" content=\"478\" \/>\n\t<meta property=\"og:image:height\" content=\"600\" \/>\n\t<meta property=\"og:image:type\" content=\"image\/png\" \/>\n<meta name=\"twitter:card\" content=\"summary_large_image\" \/>\n<meta name=\"twitter:label1\" content=\"Szacowany czas czytania\" \/>\n\t<meta name=\"twitter:data1\" content=\"1 minuta\" \/>\n<script type=\"application\/ld+json\" class=\"yoast-schema-graph\">{\"@context\":\"https:\/\/schema.org\",\"@graph\":[{\"@type\":\"WebPage\",\"@id\":\"https:\/\/sklep.bramywjazdowe.com.pl\/?product=faac-lampa-ostrzegawcza-xled\",\"url\":\"https:\/\/sklep.bramywjazdowe.com.pl\/?product=faac-lampa-ostrzegawcza-xled\",\"name\":\"FAAC - lampa ostrzegawcza XLED\",\"isPartOf\":{\"@id\":\"http:\/\/sklep.bramywjazdowe.com.pl\/#website\"},\"primaryImageOfPage\":{\"@id\":\"https:\/\/sklep.bramywjazdowe.com.pl\/?product=faac-lampa-ostrzegawcza-xled#primaryimage\"},\"image\":{\"@id\":\"https:\/\/sklep.bramywjazdowe.com.pl\/?product=faac-lampa-ostrzegawcza-xled#primaryimage\"},\"thumbnailUrl\":\"https:\/\/sklep.bramywjazdowe.com.pl\/wp-content\/uploads\/2023\/03\/FAAC-lampa-ostrzegawcza-XLED.png\",\"datePublished\":\"2023-03-05T18:23:47+00:00\",\"dateModified\":\"2023-03-05T18:29:39+00:00\",\"description\":\"FAAC - lampa ostrzegawcza XLED. Automatyka do bram sprzeda\u017c, monta\u017c, serwis.\",\"breadcrumb\":{\"@id\":\"https:\/\/sklep.bramywjazdowe.com.pl\/?product=faac-lampa-ostrzegawcza-xled#breadcrumb\"},\"inLanguage\":\"pl-PL\",\"potentialAction\":[{\"@type\":\"ReadAction\",\"target\":[\"https:\/\/sklep.bramywjazdowe.com.pl\/?product=faac-lampa-ostrzegawcza-xled\"]}]},{\"@type\":\"ImageObject\",\"inLanguage\":\"pl-PL\",\"@id\":\"https:\/\/sklep.bramywjazdowe.com.pl\/?product=faac-lampa-ostrzegawcza-xled#primaryimage\",\"url\":\"https:\/\/sklep.bramywjazdowe.com.pl\/wp-content\/uploads\/2023\/03\/FAAC-lampa-ostrzegawcza-XLED.png\",\"contentUrl\":\"https:\/\/sklep.bramywjazdowe.com.pl\/wp-content\/uploads\/2023\/03\/FAAC-lampa-ostrzegawcza-XLED.png\",\"width\":478,\"height\":600,\"caption\":\"FAAC - lampa ostrzegawcza XLED\"},{\"@type\":\"BreadcrumbList\",\"@id\":\"https:\/\/sklep.bramywjazdowe.com.pl\/?product=faac-lampa-ostrzegawcza-xled#breadcrumb\",\"itemListElement\":[{\"@type\":\"ListItem\",\"position\":1,\"name\":\"Strona g\u0142\u00f3wna\",\"item\":\"http:\/\/sklep.bramywjazdowe.com.pl\/\"},{\"@type\":\"ListItem\",\"position\":2,\"name\":\"Produkty\",\"item\":\"http:\/\/sklep.bramywjazdowe.com.pl\/\"},{\"@type\":\"ListItem\",\"position\":3,\"name\":\"FAAC &#8211; lampa ostrzegawcza XLED\"}]},{\"@type\":\"WebSite\",\"@id\":\"http:\/\/sklep.bramywjazdowe.com.pl\/#website\",\"url\":\"http:\/\/sklep.bramywjazdowe.com.pl\/\",\"name\":\"Sklep Trymer Tomasz Kucharski\",\"description\":\"\",\"publisher\":{\"@id\":\"http:\/\/sklep.bramywjazdowe.com.pl\/#organization\"},\"potentialAction\":[{\"@type\":\"SearchAction\",\"target\":{\"@type\":\"EntryPoint\",\"urlTemplate\":\"http:\/\/sklep.bramywjazdowe.com.pl\/?s={search_term_string}\"},\"query-input\":{\"@type\":\"PropertyValueSpecification\",\"valueRequired\":true,\"valueName\":\"search_term_string\"}}],\"inLanguage\":\"pl-PL\"},{\"@type\":\"Organization\",\"@id\":\"http:\/\/sklep.bramywjazdowe.com.pl\/#organization\",\"name\":\"TRYMER Tomasz Kucharski\",\"url\":\"http:\/\/sklep.bramywjazdowe.com.pl\/\",\"logo\":{\"@type\":\"ImageObject\",\"inLanguage\":\"pl-PL\",\"@id\":\"http:\/\/sklep.bramywjazdowe.com.pl\/#\/schema\/logo\/image\/\",\"url\":\"https:\/\/sklep.bramywjazdowe.com.pl\/wp-content\/uploads\/2022\/11\/logo-sklep-222.png\",\"contentUrl\":\"https:\/\/sklep.bramywjazdowe.com.pl\/wp-content\/uploads\/2022\/11\/logo-sklep-222.png\",\"width\":1200,\"height\":180,\"caption\":\"TRYMER Tomasz Kucharski\"},\"image\":{\"@id\":\"http:\/\/sklep.bramywjazdowe.com.pl\/#\/schema\/logo\/image\/\"}}]}<\/script>\n<!-- \/ Yoast SEO plugin. -->","yoast_head_json":{"title":"FAAC - lampa ostrzegawcza XLED","description":"FAAC - lampa ostrzegawcza XLED. Automatyka do bram sprzeda\u017c, monta\u017c, serwis.","robots":{"index":"index","follow":"follow","max-snippet":"max-snippet:-1","max-image-preview":"max-image-preview:large","max-video-preview":"max-video-preview:-1"},"canonical":"https:\/\/sklep.bramywjazdowe.com.pl\/?product=faac-lampa-ostrzegawcza-xled","og_locale":"pl_PL","og_type":"article","og_title":"FAAC - lampa ostrzegawcza XLED","og_description":"FAAC - lampa ostrzegawcza XLED. Automatyka do bram sprzeda\u017c, monta\u017c, serwis.","og_url":"https:\/\/sklep.bramywjazdowe.com.pl\/?product=faac-lampa-ostrzegawcza-xled","article_modified_time":"2023-03-05T18:29:39+00:00","og_image":[{"width":478,"height":600,"url":"https:\/\/sklep.bramywjazdowe.com.pl\/wp-content\/uploads\/2023\/03\/FAAC-lampa-ostrzegawcza-XLED.png","type":"image\/png"}],"twitter_card":"summary_large_image","twitter_misc":{"Szacowany czas czytania":"1 minuta"},"schema":{"@context":"https:\/\/schema.org","@graph":[{"@type":"WebPage","@id":"https:\/\/sklep.bramywjazdowe.com.pl\/?product=faac-lampa-ostrzegawcza-xled","url":"https:\/\/sklep.bramywjazdowe.com.pl\/?product=faac-lampa-ostrzegawcza-xled","name":"FAAC - lampa ostrzegawcza XLED","isPartOf":{"@id":"http:\/\/sklep.bramywjazdowe.com.pl\/#website"},"primaryImageOfPage":{"@id":"https:\/\/sklep.bramywjazdowe.com.pl\/?product=faac-lampa-ostrzegawcza-xled#primaryimage"},"image":{"@id":"https:\/\/sklep.bramywjazdowe.com.pl\/?product=faac-lampa-ostrzegawcza-xled#primaryimage"},"thumbnailUrl":"https:\/\/sklep.bramywjazdowe.com.pl\/wp-content\/uploads\/2023\/03\/FAAC-lampa-ostrzegawcza-XLED.png","datePublished":"2023-03-05T18:23:47+00:00","dateModified":"2023-03-05T18:29:39+00:00","description":"FAAC - lampa ostrzegawcza XLED. Automatyka do bram sprzeda\u017c, monta\u017c, serwis.","breadcrumb":{"@id":"https:\/\/sklep.bramywjazdowe.com.pl\/?product=faac-lampa-ostrzegawcza-xled#breadcrumb"},"inLanguage":"pl-PL","potentialAction":[{"@type":"ReadAction","target":["https:\/\/sklep.bramywjazdowe.com.pl\/?product=faac-lampa-ostrzegawcza-xled"]}]},{"@type":"ImageObject","inLanguage":"pl-PL","@id":"https:\/\/sklep.bramywjazdowe.com.pl\/?product=faac-lampa-ostrzegawcza-xled#primaryimage","url":"https:\/\/sklep.bramywjazdowe.com.pl\/wp-content\/uploads\/2023\/03\/FAAC-lampa-ostrzegawcza-XLED.png","contentUrl":"https:\/\/sklep.bramywjazdowe.com.pl\/wp-content\/uploads\/2023\/03\/FAAC-lampa-ostrzegawcza-XLED.png","width":478,"height":600,"caption":"FAAC - lampa ostrzegawcza XLED"},{"@type":"BreadcrumbList","@id":"https:\/\/sklep.bramywjazdowe.com.pl\/?product=faac-lampa-ostrzegawcza-xled#breadcrumb","itemListElement":[{"@type":"ListItem","position":1,"name":"Strona g\u0142\u00f3wna","item":"http:\/\/sklep.bramywjazdowe.com.pl\/"},{"@type":"ListItem","position":2,"name":"Produkty","item":"http:\/\/sklep.bramywjazdowe.com.pl\/"},{"@type":"ListItem","position":3,"name":"FAAC &#8211; lampa ostrzegawcza XLED"}]},{"@type":"WebSite","@id":"http:\/\/sklep.bramywjazdowe.com.pl\/#website","url":"http:\/\/sklep.bramywjazdowe.com.pl\/","name":"Sklep Trymer Tomasz Kucharski","description":"","publisher":{"@id":"http:\/\/sklep.bramywjazdowe.com.pl\/#organization"},"potentialAction":[{"@type":"SearchAction","target":{"@type":"EntryPoint","urlTemplate":"http:\/\/sklep.bramywjazdowe.com.pl\/?s={search_term_string}"},"query-input":{"@type":"PropertyValueSpecification","valueRequired":true,"valueName":"search_term_string"}}],"inLanguage":"pl-PL"},{"@type":"Organization","@id":"http:\/\/sklep.bramywjazdowe.com.pl\/#organization","name":"TRYMER Tomasz Kucharski","url":"http:\/\/sklep.bramywjazdowe.com.pl\/","logo":{"@type":"ImageObject","inLanguage":"pl-PL","@id":"http:\/\/sklep.bramywjazdowe.com.pl\/#\/schema\/logo\/image\/","url":"https:\/\/sklep.bramywjazdowe.com.pl\/wp-content\/uploads\/2022\/11\/logo-sklep-222.png","contentUrl":"https:\/\/sklep.bramywjazdowe.com.pl\/wp-content\/uploads\/2022\/11\/logo-sklep-222.png","width":1200,"height":180,"caption":"TRYMER Tomasz Kucharski"},"image":{"@id":"http:\/\/sklep.bramywjazdowe.com.pl\/#\/schema\/logo\/image\/"}}]}},"brands":[{"id":200,"name":"FAAC","slug":"faac"}],"_links":{"self":[{"href":"https:\/\/sklep.bramywjazdowe.com.pl\/index.php?rest_route=\/wp\/v2\/product\/774","targetHints":{"allow":["GET"]}}],"collection":[{"href":"https:\/\/sklep.bramywjazdowe.com.pl\/index.php?rest_route=\/wp\/v2\/product"}],"about":[{"href":"https:\/\/sklep.bramywjazdowe.com.pl\/index.php?rest_route=\/wp\/v2\/types\/product"}],"replies":[{"embeddable":true,"href":"https:\/\/sklep.bramywjazdowe.com.pl\/index.php?rest_route=%2Fwp%2Fv2%2Fcomments&post=774"}],"wp:featuredmedia":[{"embeddable":true,"href":"https:\/\/sklep.bramywjazdowe.com.pl\/index.php?rest_route=\/wp\/v2\/media\/775"}],"wp:attachment":[{"href":"https:\/\/sklep.bramywjazdowe.com.pl\/index.php?rest_route=%2Fwp%2Fv2%2Fmedia&parent=774"}],"wp:term":[{"taxonomy":"pwb-brand","embeddable":true,"href":"https:\/\/sklep.bramywjazdowe.com.pl\/index.php?rest_route=%2Fwp%2Fv2%2Fpwb-brand&post=774"},{"taxonomy":"product_brand","embeddable":true,"href":"https:\/\/sklep.bramywjazdowe.com.pl\/index.php?rest_route=%2Fwp%2Fv2%2Fproduct_brand&post=774"},{"taxonomy":"product_cat","embeddable":true,"href":"https:\/\/sklep.bramywjazdowe.com.pl\/index.php?rest_route=%2Fwp%2Fv2%2Fproduct_cat&post=774"},{"taxonomy":"product_tag","embeddable":true,"href":"https:\/\/sklep.bramywjazdowe.com.pl\/index.php?rest_route=%2Fwp%2Fv2%2Fproduct_tag&post=774"}],"curies":[{"name":"wp","href":"https:\/\/api.w.org\/{rel}","templated":true}]}}